{"id":44224,"date":"2015-08-20T13:11:57","date_gmt":"2015-08-20T11:11:57","guid":{"rendered":"http:\/\/museumek.eu\/?page_id=44224"},"modified":"2015-08-20T13:43:17","modified_gmt":"2015-08-20T11:43:17","slug":"al1","status":"publish","type":"page","link":"http:\/\/museumek.eu\/?page_id=44224","title":{"rendered":"A\/L\/1"},"content":{"rendered":"<p><strong>Abteilung Austria\/Ungarn\/B\u00f6hmen, Keramik 1860 \u2013 1960, Inventarnummer A\/L\/1<\/strong><\/p>\n<p>Ker\u00e1mia Koml\u00f3s testv\u00e9rek, Ungarn\/Austria, Ny\u00edregyh\u00e1za und Budapest, um 1935, Wandmaske, K\u00fcnstler unbekannt, Werks.-Nr. ohne, Exemplar Nr. ohne, gemarkt Firmenmarke in einem Rahmen KOML\u00d3S, darunter KER\u00c1MIA, darunter BUDAPEST, darunter in einem Rahmen KT (f\u00fcr koml\u00f3s testv\u00e9rek, \u00fcbersetzt Komlos Br\u00fcder) gepresst, nicht signiert, 1931 gr\u00fcndeten die Br\u00fcder Mikl\u00f3s und Istv\u00e1n Koml\u00f3s in Ny\u00edregyh\u00e1za eine keramische Kunstwerkstatt, 1934 er\u00f6ffneten sie in Budapest eine Filiale, zu der bisherigen Marke, gepresster Schriftzug Koml\u00f3s (manchmal mit MADE IN HUNGARY darunter) kam die Marke dieses MEK Exemplares dazu, siehe auch Auktionshaus von Zezschwitz, 55. Auktion, Los Nr. 61, vom 22.10.2009, die Koml\u00f3s Werkst\u00e4tten wurden wohl um 1949 verstaatlicht oder mit weiteren Werkst\u00e4tten zu einer staatlichen Werkstatt zusammengefasst, H\u00f6he 22,7 cm, Breite 20,8 cm<\/p>\n<p><a href=\"http:\/\/museumek.eu\/?attachment_id=44225\" rel=\"attachment wp-att-44225\"><img loading=\"lazy\" src=\"http:\/\/museumek.eu\/wp-content\/uploads\/2015\/08\/3178-276x300.jpg\" alt=\"\" title=\"3178\" width=\"276\" height=\"300\" class=\"alignnone size-medium wp-image-44225\" srcset=\"http:\/\/museumek.eu\/wp-content\/uploads\/2015\/08\/3178-276x300.jpg 276w, http:\/\/museumek.eu\/wp-content\/uploads\/2015\/08\/3178-138x150.jpg 138w, http:\/\/museumek.eu\/wp-content\/uploads\/2015\/08\/3178.jpg 600w\" sizes=\"(max-width: 276px) 100vw, 276px\" \/><\/a><\/p>\n<p><a href=\"http:\/\/museumek.eu\/?attachment_id=44226\" rel=\"attachment wp-att-44226\"><img loading=\"lazy\" src=\"http:\/\/museumek.eu\/wp-content\/uploads\/2015\/08\/3179-289x300.jpg\" alt=\"\" title=\"3179\" width=\"289\" height=\"300\" class=\"alignnone size-medium wp-image-44226\" srcset=\"http:\/\/museumek.eu\/wp-content\/uploads\/2015\/08\/3179-289x300.jpg 289w, http:\/\/museumek.eu\/wp-content\/uploads\/2015\/08\/3179-144x150.jpg 144w, http:\/\/museumek.eu\/wp-content\/uploads\/2015\/08\/3179.jpg 600w\" sizes=\"(max-width: 289px) 100vw, 289px\" \/><\/a><\/p>\n<p><a href=\"http:\/\/museumek.eu\/?attachment_id=44227\" rel=\"attachment wp-att-44227\"><img loading=\"lazy\" src=\"http:\/\/museumek.eu\/wp-content\/uploads\/2015\/08\/3180-300x280.jpg\" alt=\"\" title=\"3180\" width=\"300\" height=\"280\" class=\"alignnone size-medium wp-image-44227\" srcset=\"http:\/\/museumek.eu\/wp-content\/uploads\/2015\/08\/3180-300x280.jpg 300w, http:\/\/museumek.eu\/wp-content\/uploads\/2015\/08\/3180-150x140.jpg 150w, http:\/\/museumek.eu\/wp-content\/uploads\/2015\/08\/3180-320x300.jpg 320w, http:\/\/museumek.eu\/wp-content\/uploads\/2015\/08\/3180.jpg 641w\" sizes=\"(max-width: 300px) 100vw, 300px\" \/><\/a><\/p>\n<p><a href=\"http:\/\/museumek.eu\/?attachment_id=44257\" rel=\"attachment wp-att-44257\"><img loading=\"lazy\" src=\"http:\/\/museumek.eu\/wp-content\/uploads\/2015\/08\/a-Komlos-Keramik-Auktionshaus-von-z.-300x97.jpg\" alt=\"\" title=\"a Komlos Keramik Auktionshaus von z.\" width=\"300\" height=\"97\" class=\"alignnone size-medium wp-image-44257\" srcset=\"http:\/\/museumek.eu\/wp-content\/uploads\/2015\/08\/a-Komlos-Keramik-Auktionshaus-von-z.-300x97.jpg 300w, http:\/\/museumek.eu\/wp-content\/uploads\/2015\/08\/a-Komlos-Keramik-Auktionshaus-von-z.-150x48.jpg 150w, http:\/\/museumek.eu\/wp-content\/uploads\/2015\/08\/a-Komlos-Keramik-Auktionshaus-von-z.-500x162.jpg 500w, http:\/\/museumek.eu\/wp-content\/uploads\/2015\/08\/a-Komlos-Keramik-Auktionshaus-von-z..jpg 1019w\" sizes=\"(max-width: 300px) 100vw, 300px\" \/><\/a><\/p>\n","protected":false},"excerpt":{"rendered":"<p>Abteilung Austria\/Ungarn\/B\u00f6hmen, Keramik 1860 \u2013 1960, Inventarnummer A\/L\/1 Ker\u00e1mia Koml\u00f3s testv\u00e9rek, Ungarn\/Austria, Ny\u00edregyh\u00e1za und Budapest, um 1935, Wandmaske, K\u00fcnstler unbekannt, Werks.-Nr. ohne, Exemplar Nr. ohne, gemarkt Firmenmarke in einem Rahmen KOML\u00d3S, darunter KER\u00c1MIA, darunter BUDAPEST, darunter in einem Rahmen KT &hellip; <a href=\"http:\/\/museumek.eu\/?page_id=44224\">Weiterlesen <span class=\"meta-nav\">&rarr;<\/span><\/a><\/p>\n","protected":false},"author":1,"featured_media":0,"parent":44193,"menu_order":1,"comment_status":"closed","ping_status":"open","template":"","meta":[],"_links":{"self":[{"href":"http:\/\/museumek.eu\/index.php?rest_route=\/wp\/v2\/pages\/44224"}],"collection":[{"href":"http:\/\/museumek.eu\/index.php?rest_route=\/wp\/v2\/pages"}],"about":[{"href":"http:\/\/museumek.eu\/index.php?rest_route=\/wp\/v2\/types\/page"}],"author":[{"embeddable":true,"href":"http:\/\/museumek.eu\/index.php?rest_route=\/wp\/v2\/users\/1"}],"replies":[{"embeddable":true,"href":"http:\/\/museumek.eu\/index.php?rest_route=%2Fwp%2Fv2%2Fcomments&post=44224"}],"version-history":[{"count":6,"href":"http:\/\/museumek.eu\/index.php?rest_route=\/wp\/v2\/pages\/44224\/revisions"}],"predecessor-version":[{"id":44261,"href":"http:\/\/museumek.eu\/index.php?rest_route=\/wp\/v2\/pages\/44224\/revisions\/44261"}],"up":[{"embeddable":true,"href":"http:\/\/museumek.eu\/index.php?rest_route=\/wp\/v2\/pages\/44193"}],"wp:attachment":[{"href":"http:\/\/museumek.eu\/index.php?rest_route=%2Fwp%2Fv2%2Fmedia&parent=44224"}],"curies":[{"name":"wp","href":"https:\/\/api.w.org\/{rel}","templated":true}]}}