{"id":44262,"date":"2015-08-20T13:49:12","date_gmt":"2015-08-20T11:49:12","guid":{"rendered":"http:\/\/museumek.eu\/?page_id=44262"},"modified":"2015-08-20T13:49:49","modified_gmt":"2015-08-20T11:49:49","slug":"ali1","status":"publish","type":"page","link":"http:\/\/museumek.eu\/?page_id=44262","title":{"rendered":"A\/LI\/1"},"content":{"rendered":"<p><strong>Abteilung Austria\/Ungarn\/B\u00f6hmen, Keramik 1860 \u2013 1960, Inventarnummer A\/LI\/1<\/strong><\/p>\n<p>K\u00fcnstlerkolonie Hodmez\u00f6v\u00e1s\u00e1rhely, Ungarn\/Austria, Hodmez\u00f6v\u00e1s\u00e1rhely, um 1950, Vase, K\u00fcnstler unbekannt, Werks.-Nr. 141 (?), Exemplar Nr. ohne, gemarkt Firmenmarke in einem Rahmen MW, darunter MIM (?) gepresst, 141 (?) gr\u00fcn auf Glasur gemalt, nicht signiert, nach Angaben des Verk\u00e4ufers, von dem das MEK die Vase erworben hat, stammt diese Vase aus der Zeit um 1950, Hersteller K\u00fcnstlerkolonie Hodmez\u00f6v\u00e1s\u00e1rhely, da das MEK den Stempel nicht identifizieren kann, wird die Vase vorl\u00e4ufig nach den Angaben des Verk\u00e4ufers inventarisiert,<br \/>\nH\u00f6he 15 cm, Breite 15 cm<\/p>\n<p><a href=\"http:\/\/museumek.eu\/?attachment_id=44263\" rel=\"attachment wp-att-44263\"><img loading=\"lazy\" src=\"http:\/\/museumek.eu\/wp-content\/uploads\/2015\/08\/3146-273x300.jpg\" alt=\"\" title=\"3146\" width=\"273\" height=\"300\" class=\"alignnone size-medium wp-image-44263\" srcset=\"http:\/\/museumek.eu\/wp-content\/uploads\/2015\/08\/3146-273x300.jpg 273w, http:\/\/museumek.eu\/wp-content\/uploads\/2015\/08\/3146-136x150.jpg 136w, http:\/\/museumek.eu\/wp-content\/uploads\/2015\/08\/3146.jpg 600w\" sizes=\"(max-width: 273px) 100vw, 273px\" \/><\/a><\/p>\n<p><a href=\"http:\/\/museumek.eu\/?attachment_id=44264\" rel=\"attachment wp-att-44264\"><img loading=\"lazy\" src=\"http:\/\/museumek.eu\/wp-content\/uploads\/2015\/08\/3147-269x300.jpg\" alt=\"\" title=\"3147\" width=\"269\" height=\"300\" class=\"alignnone size-medium wp-image-44264\" srcset=\"http:\/\/museumek.eu\/wp-content\/uploads\/2015\/08\/3147-269x300.jpg 269w, http:\/\/museumek.eu\/wp-content\/uploads\/2015\/08\/3147-134x150.jpg 134w, http:\/\/museumek.eu\/wp-content\/uploads\/2015\/08\/3147.jpg 600w\" sizes=\"(max-width: 269px) 100vw, 269px\" \/><\/a><\/p>\n<p><a href=\"http:\/\/museumek.eu\/?attachment_id=44265\" rel=\"attachment wp-att-44265\"><img loading=\"lazy\" src=\"http:\/\/museumek.eu\/wp-content\/uploads\/2015\/08\/3148-254x300.jpg\" alt=\"\" title=\"3148\" width=\"254\" height=\"300\" class=\"alignnone size-medium wp-image-44265\" srcset=\"http:\/\/museumek.eu\/wp-content\/uploads\/2015\/08\/3148-254x300.jpg 254w, http:\/\/museumek.eu\/wp-content\/uploads\/2015\/08\/3148-127x150.jpg 127w, http:\/\/museumek.eu\/wp-content\/uploads\/2015\/08\/3148.jpg 600w\" sizes=\"(max-width: 254px) 100vw, 254px\" \/><\/a><\/p>\n<p><a href=\"http:\/\/museumek.eu\/?attachment_id=44266\" rel=\"attachment wp-att-44266\"><img loading=\"lazy\" src=\"http:\/\/museumek.eu\/wp-content\/uploads\/2015\/08\/3149-273x300.jpg\" alt=\"\" title=\"3149\" width=\"273\" height=\"300\" class=\"alignnone size-medium wp-image-44266\" srcset=\"http:\/\/museumek.eu\/wp-content\/uploads\/2015\/08\/3149-273x300.jpg 273w, http:\/\/museumek.eu\/wp-content\/uploads\/2015\/08\/3149-136x150.jpg 136w, http:\/\/museumek.eu\/wp-content\/uploads\/2015\/08\/3149.jpg 600w\" sizes=\"(max-width: 273px) 100vw, 273px\" \/><\/a><\/p>\n<p><a href=\"http:\/\/museumek.eu\/?attachment_id=44267\" rel=\"attachment wp-att-44267\"><img loading=\"lazy\" src=\"http:\/\/museumek.eu\/wp-content\/uploads\/2015\/08\/3150-294x300.jpg\" alt=\"\" title=\"3150\" width=\"294\" height=\"300\" class=\"alignnone size-medium wp-image-44267\" srcset=\"http:\/\/museumek.eu\/wp-content\/uploads\/2015\/08\/3150-294x300.jpg 294w, http:\/\/museumek.eu\/wp-content\/uploads\/2015\/08\/3150-147x150.jpg 147w, http:\/\/museumek.eu\/wp-content\/uploads\/2015\/08\/3150.jpg 600w\" sizes=\"(max-width: 294px) 100vw, 294px\" \/><\/a><\/p>\n<p><a href=\"http:\/\/museumek.eu\/?attachment_id=44268\" rel=\"attachment wp-att-44268\"><img loading=\"lazy\" src=\"http:\/\/museumek.eu\/wp-content\/uploads\/2015\/08\/3151-300x274.jpg\" alt=\"\" title=\"3151\" width=\"300\" height=\"274\" class=\"alignnone size-medium wp-image-44268\" srcset=\"http:\/\/museumek.eu\/wp-content\/uploads\/2015\/08\/3151-300x274.jpg 300w, http:\/\/museumek.eu\/wp-content\/uploads\/2015\/08\/3151-150x137.jpg 150w, http:\/\/museumek.eu\/wp-content\/uploads\/2015\/08\/3151-327x300.jpg 327w, http:\/\/museumek.eu\/wp-content\/uploads\/2015\/08\/3151.jpg 655w\" sizes=\"(max-width: 300px) 100vw, 300px\" \/><\/a><\/p>\n","protected":false},"excerpt":{"rendered":"<p>Abteilung Austria\/Ungarn\/B\u00f6hmen, Keramik 1860 \u2013 1960, Inventarnummer A\/LI\/1 K\u00fcnstlerkolonie Hodmez\u00f6v\u00e1s\u00e1rhely, Ungarn\/Austria, Hodmez\u00f6v\u00e1s\u00e1rhely, um 1950, Vase, K\u00fcnstler unbekannt, Werks.-Nr. 141 (?), Exemplar Nr. ohne, gemarkt Firmenmarke in einem Rahmen MW, darunter MIM (?) gepresst, 141 (?) gr\u00fcn auf Glasur gemalt, nicht &hellip; <a href=\"http:\/\/museumek.eu\/?page_id=44262\">Weiterlesen <span class=\"meta-nav\">&rarr;<\/span><\/a><\/p>\n","protected":false},"author":1,"featured_media":0,"parent":44242,"menu_order":1,"comment_status":"closed","ping_status":"open","template":"","meta":[],"_links":{"self":[{"href":"http:\/\/museumek.eu\/index.php?rest_route=\/wp\/v2\/pages\/44262"}],"collection":[{"href":"http:\/\/museumek.eu\/index.php?rest_route=\/wp\/v2\/pages"}],"about":[{"href":"http:\/\/museumek.eu\/index.php?rest_route=\/wp\/v2\/types\/page"}],"author":[{"embeddable":true,"href":"http:\/\/museumek.eu\/index.php?rest_route=\/wp\/v2\/users\/1"}],"replies":[{"embeddable":true,"href":"http:\/\/museumek.eu\/index.php?rest_route=%2Fwp%2Fv2%2Fcomments&post=44262"}],"version-history":[{"count":6,"href":"http:\/\/museumek.eu\/index.php?rest_route=\/wp\/v2\/pages\/44262\/revisions"}],"predecessor-version":[{"id":44274,"href":"http:\/\/museumek.eu\/index.php?rest_route=\/wp\/v2\/pages\/44262\/revisions\/44274"}],"up":[{"embeddable":true,"href":"http:\/\/museumek.eu\/index.php?rest_route=\/wp\/v2\/pages\/44242"}],"wp:attachment":[{"href":"http:\/\/museumek.eu\/index.php?rest_route=%2Fwp%2Fv2%2Fmedia&parent=44262"}],"curies":[{"name":"wp","href":"https:\/\/api.w.org\/{rel}","templated":true}]}}