{"id":44320,"date":"2015-08-22T15:27:48","date_gmt":"2015-08-22T13:27:48","guid":{"rendered":"http:\/\/museumek.eu\/?page_id=44320"},"modified":"2015-08-22T15:27:48","modified_gmt":"2015-08-22T13:27:48","slug":"dxlix23","status":"publish","type":"page","link":"http:\/\/museumek.eu\/?page_id=44320","title":{"rendered":"D\/XLIX\/23"},"content":{"rendered":"<p><strong>Abteilung Deutschland, Keramik 1860 \u2013 1960, Inventarnummer D\/XLIX\/23<\/strong><\/p>\n<p>Simon Peter Gerz I. GmbH Fabrik fein verzierter Gebrauchs- und Luxusgegenst\u00e4nde und Vorg\u00e4nger Simon Peter Gerz I. Fabrik antiker reichverzierter Steinzeugwaaren, Deutschland, H\u00f6hr, 1904, Seidel, K\u00fcnstler unbekannt, Werks.-Nr. 072, Exemplar Nr. ohne, gemarkt keine Firmenmarke aber 072, B sowie 0,5 L. \u00fcber Eichstrich gepresst, au\u00dferdem rot ausgemalter, runder Presstempel, dieser in Felder aufgeteilt, in diesen Feldern die Buchstaben J, G sowie N (f\u00fcr Jacob Goldschmidt N\u00fcrnberg), nicht aufgel\u00f6ste Signierung av (?) rot unter Glasur gemalt, signiert av (?), Literatur: J\u00fcrgen Schimanski und J\u00fcrgen Erlebach, Westerw\u00e4lder Steinzeug, Die Neue \u00c4ra, Seite 44 ff., Fabrikbeschreibung, weitere Literatur: J\u00fcrgen Schimanski, Braun geflammt und grau gesalzen, Seite 197, Beschreibung der Fabrik, die Fabrik wurde 1857 von Simon Peter Gerz I (geb. 13.09.1830, gest. 12.09.1893) gegr\u00fcndet, die Registereintragung erfolgte aber erst 1862, insofern ist das Jahr 1862 das amtliche Gr\u00fcndungsdatum, bisher konnte in keiner Literatur eine Erkl\u00e4rung gefunden werden, warum Gerz seinem Namen eine r\u00f6mische I anf\u00fcgte, recherchiert werden konnte, dass es noch einen Steinzeugfabrikanten namens Simon Peter Gerz II (geb. 1833, gest. 1908) gab und dass dieser der Vater von Alois Jacob Gerz, dem Mitbegr\u00fcnder der Steinzeugfabrik Rosskopf &#038; Gerz war, 1867 erhielt die Fabrik das Pr\u00e4dikat eines Hoflieferanten des Herzog von Nassau, 1893 (Gerz Tod) wurde der Schwiegersohn Alphons William Loetschert Inhaber, sehr wahrscheinlich wurde um diese Zeit auch die Fabrikmarke SPG I in einem Kreis in die Dreieckmarke mit einem Krug ge\u00e4ndert, sp\u00e4testens aber sicher 1897, 1897 wurde die Pfeiffenfabrik M\u00fcllenbach &#038; Thewalt Mitinhaber und eine GmbH wurde gegr\u00fcndet (Gr\u00fcndungsdatum: 05.08.1897), die Fabrik bestand bis 1997, die Firma Jakob Goldschmidt Zinngie\u00dferei und Luxuswaren (evtl. auch Jakob Goldschmidt Metallwarenfabrik) wurde 1890 von Jakob Goldschmidt in N\u00fcrnberg gegr\u00fcndet, ab 1906 trat Moritz Goldschmidt, der Bruder von Jakob Goldschmidt in die Firma ein, die Firmierung \u00e4nderte sich sp\u00e4testens 1913 in Gebr. Goldschmidt Zinn- u. Metallwarenfabrik (die Firmierung wurde von einer 1913 gelaufenen und datierten Postkarte der Fabrik \u00fcbernommen), die Firma dekorierte Halbfertigfabrikate verschiedener Fabriken der Westerw\u00e4lder Steinzeugindustrie w. z. B. Marzi &#038; Remy, Matthias Girmscheid, Simon Peter Gerz I., Albert Jakob Thewalt, J. W. Remy sowie f\u00fcr die Fabrik von Utzschneider &#038; Cie., die Firma fertigte auch die Zinnmonturen und Zinndeckel f\u00fcr das Steinzeug, mit Eintritt des Bruder \u00e4nderte sich die Firmenmarke in Gebr\u00fcder Goldschmidt, die Firma bestand bis ca. 1930, Zuschreibung zu Gerz: der 0,5 Liter \u00fcber Eichstrich Stempel dieses MEK Exemplares, ist sowohl in der H\u00f6he 0,7 cm, in der Breite 1,2 cm und in der Ausf\u00fchrung am ehesten identisch mit dem 0,5 Liter \u00fcber Eichstrich Stempel des MEK Exemplares D\/XLIX\/14, den das MEK als Identifizierungsstempel f\u00fcr nicht mit einer Firmenmarke versehene Exemplare von Gerz bestimmt hat, er ist au\u00dferdem am ehesten identisch mit dem Gerz MEK Exemplar D\/XLIX\/17, unter <strong> http:\/\/www.steinmarks.co.uk\/pages\/pv.asp?p=stein86<\/strong> findet sich eine Abbildung, bei der die Gerz Firmenmarke von der Goldschmidt Firmenmarke \u00fcberstempelt worden ist, die Werks.-Nr. dort lautet 079, das MEK Exmplar hat die Werks.-Nr. 072, die Zahlen haben die gleiche Stempelform, anscheinend hat Gerz f\u00fcr Fabrikate, die f\u00fcr die Firma Goldschmidt hergestellt worden sind, eine eigene Werks.-Nr. Vergabe eingef\u00fchrt, zeitliche Einordnung: diese ergibt sich aus der Widmungsdatierung, au\u00dferdem gibt die Firmenmarke den Hinweis, dass vor 1906 gestempelt worden ist, da ab 1906 mit Gebr\u00fcder Goldschmidt gestempelt wurde und nicht mehr mit Jakob Goldschmidt, Ausf\u00fchrung als Elfenbeinsteinzeug, Seidel mit Hohlboden, Gold geh\u00f6ht, Bemalung des Seidels mit einem Zunftzeichen \u00e4hnlich dem Zunftzeichen der Wiener Gerber, H\u00f6he 18,3 cm, Breite 14 cm<\/p>\n<p><a href=\"http:\/\/museumek.eu\/?attachment_id=44321\" rel=\"attachment wp-att-44321\"><img loading=\"lazy\" src=\"http:\/\/museumek.eu\/wp-content\/uploads\/2015\/08\/2543-152x300.jpg\" alt=\"\" title=\"2543\" width=\"152\" height=\"300\" class=\"alignnone size-medium wp-image-44321\" srcset=\"http:\/\/museumek.eu\/wp-content\/uploads\/2015\/08\/2543-152x300.jpg 152w, http:\/\/museumek.eu\/wp-content\/uploads\/2015\/08\/2543-76x150.jpg 76w, http:\/\/museumek.eu\/wp-content\/uploads\/2015\/08\/2543.jpg 407w\" sizes=\"(max-width: 152px) 100vw, 152px\" \/><\/a><\/p>\n<p><a href=\"http:\/\/museumek.eu\/?attachment_id=44322\" rel=\"attachment wp-att-44322\"><img loading=\"lazy\" src=\"http:\/\/museumek.eu\/wp-content\/uploads\/2015\/08\/2545-214x300.jpg\" alt=\"\" title=\"2545\" width=\"214\" height=\"300\" class=\"alignnone size-medium wp-image-44322\" srcset=\"http:\/\/museumek.eu\/wp-content\/uploads\/2015\/08\/2545-214x300.jpg 214w, http:\/\/museumek.eu\/wp-content\/uploads\/2015\/08\/2545-107x150.jpg 107w, http:\/\/museumek.eu\/wp-content\/uploads\/2015\/08\/2545.jpg 571w\" sizes=\"(max-width: 214px) 100vw, 214px\" \/><\/a><\/p>\n<p><a href=\"http:\/\/museumek.eu\/?attachment_id=44323\" rel=\"attachment wp-att-44323\"><img loading=\"lazy\" src=\"http:\/\/museumek.eu\/wp-content\/uploads\/2015\/08\/2547-211x300.jpg\" alt=\"\" title=\"2547\" width=\"211\" height=\"300\" class=\"alignnone size-medium wp-image-44323\" srcset=\"http:\/\/museumek.eu\/wp-content\/uploads\/2015\/08\/2547-211x300.jpg 211w, http:\/\/museumek.eu\/wp-content\/uploads\/2015\/08\/2547-105x150.jpg 105w, http:\/\/museumek.eu\/wp-content\/uploads\/2015\/08\/2547.jpg 563w\" sizes=\"(max-width: 211px) 100vw, 211px\" \/><\/a><\/p>\n<p><a href=\"http:\/\/museumek.eu\/?attachment_id=44324\" rel=\"attachment wp-att-44324\"><img loading=\"lazy\" src=\"http:\/\/museumek.eu\/wp-content\/uploads\/2015\/08\/2549-150x300.jpg\" alt=\"\" title=\"2549\" width=\"150\" height=\"300\" class=\"alignnone size-medium wp-image-44324\" srcset=\"http:\/\/museumek.eu\/wp-content\/uploads\/2015\/08\/2549-150x300.jpg 150w, http:\/\/museumek.eu\/wp-content\/uploads\/2015\/08\/2549-75x150.jpg 75w, http:\/\/museumek.eu\/wp-content\/uploads\/2015\/08\/2549.jpg 402w\" sizes=\"(max-width: 150px) 100vw, 150px\" \/><\/a><\/p>\n<p><a href=\"http:\/\/museumek.eu\/?attachment_id=44325\" rel=\"attachment wp-att-44325\"><img loading=\"lazy\" src=\"http:\/\/museumek.eu\/wp-content\/uploads\/2015\/08\/2544-157x300.jpg\" alt=\"\" title=\"2544\" width=\"157\" height=\"300\" class=\"alignnone size-medium wp-image-44325\" srcset=\"http:\/\/museumek.eu\/wp-content\/uploads\/2015\/08\/2544-157x300.jpg 157w, http:\/\/museumek.eu\/wp-content\/uploads\/2015\/08\/2544-78x150.jpg 78w, http:\/\/museumek.eu\/wp-content\/uploads\/2015\/08\/2544.jpg 419w\" sizes=\"(max-width: 157px) 100vw, 157px\" \/><\/a><\/p>\n<p><a href=\"http:\/\/museumek.eu\/?attachment_id=44326\" rel=\"attachment wp-att-44326\"><img loading=\"lazy\" src=\"http:\/\/museumek.eu\/wp-content\/uploads\/2015\/08\/2546-152x300.jpg\" alt=\"\" title=\"2546\" width=\"152\" height=\"300\" class=\"alignnone size-medium wp-image-44326\" srcset=\"http:\/\/museumek.eu\/wp-content\/uploads\/2015\/08\/2546-152x300.jpg 152w, http:\/\/museumek.eu\/wp-content\/uploads\/2015\/08\/2546-76x150.jpg 76w, http:\/\/museumek.eu\/wp-content\/uploads\/2015\/08\/2546.jpg 407w\" sizes=\"(max-width: 152px) 100vw, 152px\" \/><\/a><\/p>\n<p><a href=\"http:\/\/museumek.eu\/?attachment_id=44327\" rel=\"attachment wp-att-44327\"><img loading=\"lazy\" src=\"http:\/\/museumek.eu\/wp-content\/uploads\/2015\/08\/2548-160x300.jpg\" alt=\"\" title=\"2548\" width=\"160\" height=\"300\" class=\"alignnone size-medium wp-image-44327\" srcset=\"http:\/\/museumek.eu\/wp-content\/uploads\/2015\/08\/2548-160x300.jpg 160w, http:\/\/museumek.eu\/wp-content\/uploads\/2015\/08\/2548-80x150.jpg 80w, http:\/\/museumek.eu\/wp-content\/uploads\/2015\/08\/2548.jpg 427w\" sizes=\"(max-width: 160px) 100vw, 160px\" \/><\/a><\/p>\n<p><a href=\"http:\/\/museumek.eu\/?attachment_id=44329\" rel=\"attachment wp-att-44329\"><img loading=\"lazy\" src=\"http:\/\/museumek.eu\/wp-content\/uploads\/2015\/08\/2551-232x300.jpg\" alt=\"\" title=\"2551\" width=\"232\" height=\"300\" class=\"alignnone size-medium wp-image-44329\" srcset=\"http:\/\/museumek.eu\/wp-content\/uploads\/2015\/08\/2551-232x300.jpg 232w, http:\/\/museumek.eu\/wp-content\/uploads\/2015\/08\/2551-116x150.jpg 116w, http:\/\/museumek.eu\/wp-content\/uploads\/2015\/08\/2551.jpg 600w\" sizes=\"(max-width: 232px) 100vw, 232px\" \/><\/a><\/p>\n<p><a href=\"http:\/\/museumek.eu\/?attachment_id=44328\" rel=\"attachment wp-att-44328\"><img loading=\"lazy\" src=\"http:\/\/museumek.eu\/wp-content\/uploads\/2015\/08\/2550-238x300.jpg\" alt=\"\" title=\"2550\" width=\"238\" height=\"300\" class=\"alignnone size-medium wp-image-44328\" srcset=\"http:\/\/museumek.eu\/wp-content\/uploads\/2015\/08\/2550-238x300.jpg 238w, http:\/\/museumek.eu\/wp-content\/uploads\/2015\/08\/2550-119x150.jpg 119w, http:\/\/museumek.eu\/wp-content\/uploads\/2015\/08\/2550.jpg 426w\" sizes=\"(max-width: 238px) 100vw, 238px\" \/><\/a><\/p>\n<p><a href=\"http:\/\/museumek.eu\/?attachment_id=44330\" rel=\"attachment wp-att-44330\"><img loading=\"lazy\" src=\"http:\/\/museumek.eu\/wp-content\/uploads\/2015\/08\/2552-213x300.jpg\" alt=\"\" title=\"2552\" width=\"213\" height=\"300\" class=\"alignnone size-medium wp-image-44330\" srcset=\"http:\/\/museumek.eu\/wp-content\/uploads\/2015\/08\/2552-213x300.jpg 213w, http:\/\/museumek.eu\/wp-content\/uploads\/2015\/08\/2552-106x150.jpg 106w, http:\/\/museumek.eu\/wp-content\/uploads\/2015\/08\/2552.jpg 570w\" sizes=\"(max-width: 213px) 100vw, 213px\" \/><\/a><\/p>\n<p><a href=\"http:\/\/museumek.eu\/?attachment_id=44331\" rel=\"attachment wp-att-44331\"><img loading=\"lazy\" src=\"http:\/\/museumek.eu\/wp-content\/uploads\/2015\/08\/2553-300x242.jpg\" alt=\"\" title=\"2553\" width=\"300\" height=\"242\" class=\"alignnone size-medium wp-image-44331\" srcset=\"http:\/\/museumek.eu\/wp-content\/uploads\/2015\/08\/2553-300x242.jpg 300w, http:\/\/museumek.eu\/wp-content\/uploads\/2015\/08\/2553-150x121.jpg 150w, http:\/\/museumek.eu\/wp-content\/uploads\/2015\/08\/2553-371x300.jpg 371w, http:\/\/museumek.eu\/wp-content\/uploads\/2015\/08\/2553.jpg 691w\" sizes=\"(max-width: 300px) 100vw, 300px\" \/><\/a><\/p>\n<p><a href=\"http:\/\/museumek.eu\/?attachment_id=44332\" rel=\"attachment wp-att-44332\"><img loading=\"lazy\" src=\"http:\/\/museumek.eu\/wp-content\/uploads\/2015\/08\/2554-300x283.jpg\" alt=\"\" title=\"2554\" width=\"300\" height=\"283\" class=\"alignnone size-medium wp-image-44332\" srcset=\"http:\/\/museumek.eu\/wp-content\/uploads\/2015\/08\/2554-300x283.jpg 300w, http:\/\/museumek.eu\/wp-content\/uploads\/2015\/08\/2554-150x141.jpg 150w, http:\/\/museumek.eu\/wp-content\/uploads\/2015\/08\/2554.jpg 316w\" sizes=\"(max-width: 300px) 100vw, 300px\" \/><\/a><\/p>\n","protected":false},"excerpt":{"rendered":"<p>Abteilung Deutschland, Keramik 1860 \u2013 1960, Inventarnummer D\/XLIX\/23 Simon Peter Gerz I. GmbH Fabrik fein verzierter Gebrauchs- und Luxusgegenst\u00e4nde und Vorg\u00e4nger Simon Peter Gerz I. Fabrik antiker reichverzierter Steinzeugwaaren, Deutschland, H\u00f6hr, 1904, Seidel, K\u00fcnstler unbekannt, Werks.-Nr. 072, Exemplar Nr. ohne, &hellip; <a href=\"http:\/\/museumek.eu\/?page_id=44320\">Weiterlesen <span class=\"meta-nav\">&rarr;<\/span><\/a><\/p>\n","protected":false},"author":1,"featured_media":0,"parent":40447,"menu_order":23,"comment_status":"closed","ping_status":"open","template":"","meta":[],"_links":{"self":[{"href":"http:\/\/museumek.eu\/index.php?rest_route=\/wp\/v2\/pages\/44320"}],"collection":[{"href":"http:\/\/museumek.eu\/index.php?rest_route=\/wp\/v2\/pages"}],"about":[{"href":"http:\/\/museumek.eu\/index.php?rest_route=\/wp\/v2\/types\/page"}],"author":[{"embeddable":true,"href":"http:\/\/museumek.eu\/index.php?rest_route=\/wp\/v2\/users\/1"}],"replies":[{"embeddable":true,"href":"http:\/\/museumek.eu\/index.php?rest_route=%2Fwp%2Fv2%2Fcomments&post=44320"}],"version-history":[{"count":4,"href":"http:\/\/museumek.eu\/index.php?rest_route=\/wp\/v2\/pages\/44320\/revisions"}],"predecessor-version":[{"id":44336,"href":"http:\/\/museumek.eu\/index.php?rest_route=\/wp\/v2\/pages\/44320\/revisions\/44336"}],"up":[{"embeddable":true,"href":"http:\/\/museumek.eu\/index.php?rest_route=\/wp\/v2\/pages\/40447"}],"wp:attachment":[{"href":"http:\/\/museumek.eu\/index.php?rest_route=%2Fwp%2Fv2%2Fmedia&parent=44320"}],"curies":[{"name":"wp","href":"https:\/\/api.w.org\/{rel}","templated":true}]}}