{"id":44631,"date":"2015-09-05T21:47:21","date_gmt":"2015-09-05T19:47:21","guid":{"rendered":"http:\/\/museumek.eu\/?page_id=44631"},"modified":"2015-09-05T21:47:22","modified_gmt":"2015-09-05T19:47:22","slug":"dxxx9","status":"publish","type":"page","link":"http:\/\/museumek.eu\/?page_id=44631","title":{"rendered":"D\/XXX\/9"},"content":{"rendered":"<p><strong>Abteilung Deutschland, Keramik 1860 \u2013 1960, Inventarnummer D\/XXX\/9<\/strong><\/p>\n<p>Rosenthal Porzellan AG, vormals Philipp Rosenthal &#038; Co. AG, vormals Philipp Rosenthal &#038; Co., vormals Porzellanmalerei Philipp Rosenthal, Deutschland, Erkersreuth, Kronach, Marktredewitz, Selb, Selb-Pl\u00f6ssberg, Sophienthal, Waldenburg, Waldershof, um 1900, Schale mit Werbung, K\u00fcnstler unbekannt, Werks.-Nr. ohne, Exemplar-Nr. ohne, gemarkt Firmenmarke zwei gekreuzte St\u00e4be, in der oberen H\u00e4lfte des Kreuzes eine Krone, links R., rechts C., in der unteren H\u00e4lfte des Kreuzes ein Punkt (Anm. MEK: an die Stelle des Punktes geh\u00f6rt eigentlich das Zeichen &#038;, warum statt &#038; ein Punkt im Stempel ist, konnte das MEK nicht aufl\u00f6sen) gr\u00fcner Stempel unter Glasur (Marke g\u00fcltig f\u00fcr die Zeit von 1891 \u2013 1907), darunter MOLi\u00c9RE, darunter ein Punkt (wohl f\u00fcr die Jahresdatierung), neben dem Punkt BAVARIA gr\u00fcne Stempel unter Glasur, darunter M in Gold auf Glasur gestempelt, nicht signiert, Literatur: J. G. Th. Graesse und E. Jaenicke, F\u00fchrer f\u00fcr Sammler von Porzellan und Fayence, Steinzeug, Steingut usw., Seite 512, Marke Nr. 2 identisch, weitere Literatur: Emanuel Poche, Porzellanmarken, Marke Nr. 1419 identisch, weitere Literatur: Gustav Wei\u00df, Ullstein Porzellanbuch, Seite 302, Marke Nr. 8 identisch, weitere Literatur: Otto Pelka, Keramik der Neuzeit, Markentafel IX, Markenkasten 141 identische Marke abgebildet, Seite 212, Herstellerverzeichnis, Porzellanfabrik Ph. Rosenthal &#038; Co. AG, 141 sowie Seite 221, Namenverzeichnis, Rosenthal Philipp, &#038; Co., Selb, M 141, weitere Literatur: Robert E. R\u00f6ntgen, Deutsche Porzellanmarken von 1710 bis heute (Ausgabe Jahr 2000), Seite 315, Marke Nr. 2468 identisch (dort g\u00fcltig f\u00fcr die Zeit 1891 &#8211; 1904), zur Firmenhistorie, siehe die \u00dcbersichten nach den Inventarfotos, die bis auf einige Details in soweit richtig sind, 1879\/1880 pachtete der aus Werl nach Selb zugezogene Porzellanmaler Philipp Rosenthal das Schlo\u00df Erkersreuth bei Selb und gr\u00fcndete eine Porzellanmalerei, anf\u00e4nglich arbeitete er nur mit einem b\u00f6hmischen Mitarbeiter, die Weissware bezog er von den benachbarten Porzellanfabriken Hutschenreuther und Zeidler, die Firmierung lautete Porzellanmalerei Philipp Rosenthal, 1889\/1891 begann Rosenthal selbst Porzellan in Selb zu produzieren und firmierte als Philipp Rosenthal &#038; Co., am 28.08. 1897 wurde die Fabrik in eine AG umgewandelt, diese firmierte als Philipp Rosenthal &#038; Co. AG (1920 Verlegung des AG Sitzes nach Berlin, 1934 R\u00fcckverlegung des Sitzes nach Selb), zur gleichen Zeit gr\u00fcndete Rosenthal zusammen mit einem Herrn Bauer und weiteren Investoren eine Porzellanfabrik in Kronach, die als Bauer, Rosenthal &#038; Co. firmierte, diese Fabrik wurde gleich 1897 wieder in die AG integriert, evtl. auch erst 1901, dies ist in der Literatur mal so oder so beschrieben, 1934 scheidet Geheimrat Philipp Rosenthal aus der Fabrikleitung aus, ab 1939 lautete die Firmierung der Aktiengesellschaft Rosenthal Porzellan AG, ab 1965 Rosenthal Glas &#038; Porzellan AG und ab 1969 Rosenthal AG, Rosenthal kaufte diverse Porzellanfabriken zu, die in die AG integriert worden sind, z. B. firmierte die ehemalige Zeidler\u2019sche Fabrik dann als Rosenthal Porzellanfabrik Bahnhof Selb GmbH, Durchmesser 10,5 cm<\/p>\n<p><a href=\"http:\/\/museumek.eu\/?attachment_id=44632\" rel=\"attachment wp-att-44632\"><img loading=\"lazy\" src=\"http:\/\/museumek.eu\/wp-content\/uploads\/2015\/09\/4396-298x300.jpg\" alt=\"\" title=\"4396\" width=\"298\" height=\"300\" class=\"alignnone size-medium wp-image-44632\" srcset=\"http:\/\/museumek.eu\/wp-content\/uploads\/2015\/09\/4396-298x300.jpg 298w, http:\/\/museumek.eu\/wp-content\/uploads\/2015\/09\/4396-150x150.jpg 150w, http:\/\/museumek.eu\/wp-content\/uploads\/2015\/09\/4396.jpg 600w\" sizes=\"(max-width: 298px) 100vw, 298px\" \/><\/a><\/p>\n<p><a href=\"http:\/\/museumek.eu\/?attachment_id=44633\" rel=\"attachment wp-att-44633\"><img loading=\"lazy\" src=\"http:\/\/museumek.eu\/wp-content\/uploads\/2015\/09\/4397-296x300.jpg\" alt=\"\" title=\"4397\" width=\"296\" height=\"300\" class=\"alignnone size-medium wp-image-44633\" srcset=\"http:\/\/museumek.eu\/wp-content\/uploads\/2015\/09\/4397-296x300.jpg 296w, http:\/\/museumek.eu\/wp-content\/uploads\/2015\/09\/4397-148x150.jpg 148w, http:\/\/museumek.eu\/wp-content\/uploads\/2015\/09\/4397.jpg 600w\" sizes=\"(max-width: 296px) 100vw, 296px\" \/><\/a><\/p>\n<p><a href=\"http:\/\/museumek.eu\/?attachment_id=44634\" rel=\"attachment wp-att-44634\"><img loading=\"lazy\" src=\"http:\/\/museumek.eu\/wp-content\/uploads\/2015\/09\/4398-244x300.jpg\" alt=\"\" title=\"4398\" width=\"244\" height=\"300\" class=\"alignnone size-medium wp-image-44634\" srcset=\"http:\/\/museumek.eu\/wp-content\/uploads\/2015\/09\/4398-244x300.jpg 244w, http:\/\/museumek.eu\/wp-content\/uploads\/2015\/09\/4398-122x150.jpg 122w, http:\/\/museumek.eu\/wp-content\/uploads\/2015\/09\/4398.jpg 525w\" sizes=\"(max-width: 244px) 100vw, 244px\" \/><\/a><\/p>\n<p><a href=\"http:\/\/museumek.eu\/?attachment_id=24754\" rel=\"attachment wp-att-24754\"><img loading=\"lazy\" src=\"http:\/\/museumek.eu\/wp-content\/uploads\/2011\/12\/002-Geschichte-Rosenthal-Porzellan-300x216.jpg\" alt=\"\" title=\"002 Geschichte Rosenthal Porzellan\" width=\"300\" height=\"216\" class=\"alignnone size-medium wp-image-24754\" srcset=\"http:\/\/museumek.eu\/wp-content\/uploads\/2011\/12\/002-Geschichte-Rosenthal-Porzellan-300x216.jpg 300w, http:\/\/museumek.eu\/wp-content\/uploads\/2011\/12\/002-Geschichte-Rosenthal-Porzellan-150x108.jpg 150w, http:\/\/museumek.eu\/wp-content\/uploads\/2011\/12\/002-Geschichte-Rosenthal-Porzellan-415x300.jpg 415w, http:\/\/museumek.eu\/wp-content\/uploads\/2011\/12\/002-Geschichte-Rosenthal-Porzellan.jpg 917w\" sizes=\"(max-width: 300px) 100vw, 300px\" \/><\/a><\/p>\n<p><a href=\"http:\/\/museumek.eu\/?attachment_id=24755\" rel=\"attachment wp-att-24755\"><img loading=\"lazy\" src=\"http:\/\/museumek.eu\/wp-content\/uploads\/2011\/12\/004-Geschichte-Rosenthal-Porzellan-300x220.jpg\" alt=\"\" title=\"004 Geschichte Rosenthal Porzellan\" width=\"300\" height=\"220\" class=\"alignnone size-medium wp-image-24755\" srcset=\"http:\/\/museumek.eu\/wp-content\/uploads\/2011\/12\/004-Geschichte-Rosenthal-Porzellan-300x220.jpg 300w, http:\/\/museumek.eu\/wp-content\/uploads\/2011\/12\/004-Geschichte-Rosenthal-Porzellan-150x110.jpg 150w, http:\/\/museumek.eu\/wp-content\/uploads\/2011\/12\/004-Geschichte-Rosenthal-Porzellan-407x300.jpg 407w, http:\/\/museumek.eu\/wp-content\/uploads\/2011\/12\/004-Geschichte-Rosenthal-Porzellan.jpg 943w\" sizes=\"(max-width: 300px) 100vw, 300px\" \/><\/a><\/p>\n","protected":false},"excerpt":{"rendered":"<p>Abteilung Deutschland, Keramik 1860 \u2013 1960, Inventarnummer D\/XXX\/9 Rosenthal Porzellan AG, vormals Philipp Rosenthal &#038; Co. AG, vormals Philipp Rosenthal &#038; Co., vormals Porzellanmalerei Philipp Rosenthal, Deutschland, Erkersreuth, Kronach, Marktredewitz, Selb, Selb-Pl\u00f6ssberg, Sophienthal, Waldenburg, Waldershof, um 1900, Schale mit Werbung, &hellip; <a href=\"http:\/\/museumek.eu\/?page_id=44631\">Weiterlesen <span class=\"meta-nav\">&rarr;<\/span><\/a><\/p>\n","protected":false},"author":1,"featured_media":0,"parent":7280,"menu_order":9,"comment_status":"closed","ping_status":"open","template":"","meta":[],"_links":{"self":[{"href":"http:\/\/museumek.eu\/index.php?rest_route=\/wp\/v2\/pages\/44631"}],"collection":[{"href":"http:\/\/museumek.eu\/index.php?rest_route=\/wp\/v2\/pages"}],"about":[{"href":"http:\/\/museumek.eu\/index.php?rest_route=\/wp\/v2\/types\/page"}],"author":[{"embeddable":true,"href":"http:\/\/museumek.eu\/index.php?rest_route=\/wp\/v2\/users\/1"}],"replies":[{"embeddable":true,"href":"http:\/\/museumek.eu\/index.php?rest_route=%2Fwp%2Fv2%2Fcomments&post=44631"}],"version-history":[{"count":4,"href":"http:\/\/museumek.eu\/index.php?rest_route=\/wp\/v2\/pages\/44631\/revisions"}],"predecessor-version":[{"id":44638,"href":"http:\/\/museumek.eu\/index.php?rest_route=\/wp\/v2\/pages\/44631\/revisions\/44638"}],"up":[{"embeddable":true,"href":"http:\/\/museumek.eu\/index.php?rest_route=\/wp\/v2\/pages\/7280"}],"wp:attachment":[{"href":"http:\/\/museumek.eu\/index.php?rest_route=%2Fwp%2Fv2%2Fmedia&parent=44631"}],"curies":[{"name":"wp","href":"https:\/\/api.w.org\/{rel}","templated":true}]}}