{"id":44838,"date":"2015-09-06T21:04:55","date_gmt":"2015-09-06T19:04:55","guid":{"rendered":"http:\/\/museumek.eu\/?page_id=44838"},"modified":"2021-06-06T20:01:04","modified_gmt":"2021-06-06T18:01:04","slug":"dxc4","status":"publish","type":"page","link":"http:\/\/museumek.eu\/?page_id=44838","title":{"rendered":"D\/XC\/4"},"content":{"rendered":"<p><strong>Abteilung Deutschland, Keramik 1860 \u2013 1960, Inventarnummer D\/XC\/4<\/strong><\/p>\n<p>Porzellanfabrik Marktredewitz J\u00e4ger &#038; Co., vormals Porzellanfabrik Marktredewitz J\u00e4ger, Thomas &#038; Co., Deutschland, Marktredewitz, 1925 -1939, Schale, K\u00fcnstler unbekannt, Werks.-Nr. ohne, Exemplar Nr. ohne, gemarkt Firmenmarke PMR, darunter ein Pfau, darunter BAVARIA, darunter J\u00e4ger &#038; Co gr\u00fcne Stempel unter Glasur (Marke verwendet zwischen 1950 \u2013 1960), 50 in Gold auf Glasur gemalt, nicht signiert, Literatur: Otto Pelka, Keramik der Neuzeit, Markentafel XII, Marke Nr. 204 identische Marke (ohen J\u00e4ger &#038; Co), Seite 211, Herstellerverzeichnis, Marktredewitz, Porzellanfabrik Marktredewitz J\u00e4ger &#038; Co. Nr. 88 sowie Seite 219, Namenverzeichnis, J\u00e4ger &#038; Co., Marktredewitz M 88, weitere Literatur: Emanuel Poche, Porzellanmarken aus aller Welt, Marke Nr. 497, weitere Literatur: Gustav Wei\u00df, Ullstein Porzellanbuch, Seite 278, Marke Nr. 12 identisch, weitere Literatur: Robert E. R\u00f6ntgen, Deutsche Porzellanmarken von 1710 bis heute (Ausgabe Jahr 2000), Seite 199, kurze unvollst\u00e4ndige Beschreibung der Fabrik sowie Seite 200, Marke Nr. 1526 identisch, weitere Literatur: Ludwig Danckert, Handbuch des Europ\u00e4ischen Porzellans, 7. Auflage, Seite 420\/421, kurze unvollst\u00e4ndige Beschreibung der Fabrik sowie Seite 421, Marke 290 identisch (die Firmenmarke wurde am 03.03.1925 ins RWZR eingetragen), weitere Literatur: Dieter Z\u00fchlsdorff, Markenlexikon, Porzellan und Keramik Report 1885 &#8211; 1935, Band 1, Seite 325, Werk-Teil 1., Gruppennummer des Werkteils 11., laufende Nummer innerhalb der Gruppe 46 identische Marke (dort f\u00fcr die Zeit ab 1902, Anm. MEK: diese Angabe ist sicher falsch, da die Marke erst 1925 ins RWZR eingetragen wurde) sowie Seite 558, Werk-Teil 3., laufende Nummer des Werkteils 807, dort kurze unvollst\u00e4ndige Beschreibung der Fabrik, 1898 gr\u00fcndeten die Br\u00fcder Christoph und Wilhelm J\u00e4ger sowie Friedrich (Fritz) Thomas die Porzellanfabrik J\u00e4ger, Thomas &#038; Co., Baubeginn ab 1897 unter Leitung von Fritz Thomas (geb. 28.05.1965, gest. 12.10.1940), Anm. MEK: es gibt Darstellungen, dass die Fabrik bereits 1872 gegr\u00fcndet worden sein soll und Thomas bereits vor 1998 ausgeschieden ist, da Thomas im Jahre 1872 erst sieben Jahre alt war, ist diese Fabrikdarstellung falsch, m\u00f6glich ist, dass die Fabrik auf einem Gel\u00e4nde und unter evtl. Mitnutzung bereits vorhandener Geb\u00e4ude einer kleineren Porzellandekorations Firma gegr\u00fcndet worden ist, unter Leitung des fachkundigen Thomas, wurden nachweislich neue Fabrikgeb\u00e4ude und Brenn\u00f6fen gebaut und Maschinen angeschafft, die Fabrik war ebenso nachweislich die erste Porzellanfabrik in Marktredewitz, 1902 schied Fritz Thomas aus und gr\u00fcndete mit Karl Ens in Martkredewitz eine Porzellanfabrik (siehe dort), die Br\u00fcder J\u00e4ger f\u00fchrten die Fabrik weiter, sie \u00e4nderten die Firmierung in Porzellanfabrik Marktredewitz J\u00e4ger &#038; Co., in der Zeit von 1905 bis 1936 leitete Friedrich (Fritz) J\u00e4ger, Sohn von Wilhelm J\u00e4ger die Fabrik, ab 1936 leitete der Sohn von Fritz J\u00e4ger, Heinz J\u00e4ger die Fabrik, dieser fiel 1944 an der Ostfront und seine Witwe Gerda J\u00e4ger \u00fcbernahm die Leitung der Fabrik, Anfang der 1920\u2018 Jahre er\u00f6ffnete die Fabrik in M\u00fcnchen-Nymphenburg ein k\u00fcnstlerisch betriebenes Atelier, in M\u00fcnchen lebten viele hervorragende Porzellanmaler und viele namhafte K\u00fcnstler, die M\u00fcnchner Dependance bestand bis ca. 1930, dort wurden auch die ber\u00fchmten Moccatassen dekoriert, einerseits mit herausragender Malerei andererseits nach Entw\u00fcrfen ber\u00fchmter K\u00fcnstler der Zeit, die Weissware kam stets vom Stammwerk in Marktredewitz, evtl. wurde ein Teil der Weissware auch in der Nymphenburger Porzellanmanufaktur dekoriert, die Fabrik wurde 1986 geschlossen, die Firmenmarke ist zwar g\u00fcltig bis ca. 1945, da es aber deutschen Porzellanfabriken ab Beginn WK II verboten war, Gold f\u00fcr das Dekor zu verwenden, begrenzt das MEK den Herstellungszeitraum auf bis 1939, H\u00f6he 3,7 cm, Breite 20,6 cm<\/p>\n<p><a href=\"http:\/\/museumek.eu\/?attachment_id=44839\" rel=\"attachment wp-att-44839\"><img loading=\"lazy\" src=\"http:\/\/museumek.eu\/wp-content\/uploads\/2015\/09\/3815-300x180.jpg\" alt=\"\" title=\"3815\" width=\"300\" height=\"180\" class=\"alignnone size-medium wp-image-44839\" srcset=\"http:\/\/museumek.eu\/wp-content\/uploads\/2015\/09\/3815-300x180.jpg 300w, http:\/\/museumek.eu\/wp-content\/uploads\/2015\/09\/3815-150x90.jpg 150w, http:\/\/museumek.eu\/wp-content\/uploads\/2015\/09\/3815-500x300.jpg 500w, http:\/\/museumek.eu\/wp-content\/uploads\/2015\/09\/3815.jpg 800w\" sizes=\"(max-width: 300px) 100vw, 300px\" \/><\/a><\/p>\n<p><a href=\"http:\/\/museumek.eu\/?attachment_id=44840\" rel=\"attachment wp-att-44840\"><img loading=\"lazy\" src=\"http:\/\/museumek.eu\/wp-content\/uploads\/2015\/09\/3817-297x300.jpg\" alt=\"\" title=\"3817\" width=\"297\" height=\"300\" class=\"alignnone size-medium wp-image-44840\" srcset=\"http:\/\/museumek.eu\/wp-content\/uploads\/2015\/09\/3817-297x300.jpg 297w, http:\/\/museumek.eu\/wp-content\/uploads\/2015\/09\/3817-148x150.jpg 148w, http:\/\/museumek.eu\/wp-content\/uploads\/2015\/09\/3817.jpg 600w\" sizes=\"(max-width: 297px) 100vw, 297px\" \/><\/a><\/p>\n<p><a href=\"http:\/\/museumek.eu\/?attachment_id=44841\" rel=\"attachment wp-att-44841\"><img loading=\"lazy\" src=\"http:\/\/museumek.eu\/wp-content\/uploads\/2015\/09\/3818-300x189.jpg\" alt=\"\" title=\"3818\" width=\"300\" height=\"189\" class=\"alignnone size-medium wp-image-44841\" srcset=\"http:\/\/museumek.eu\/wp-content\/uploads\/2015\/09\/3818-300x189.jpg 300w, http:\/\/museumek.eu\/wp-content\/uploads\/2015\/09\/3818-150x94.jpg 150w, http:\/\/museumek.eu\/wp-content\/uploads\/2015\/09\/3818-474x300.jpg 474w, http:\/\/museumek.eu\/wp-content\/uploads\/2015\/09\/3818.jpg 800w\" sizes=\"(max-width: 300px) 100vw, 300px\" \/><\/a><\/p>\n<p><a href=\"http:\/\/museumek.eu\/?attachment_id=44842\" rel=\"attachment wp-att-44842\"><img loading=\"lazy\" src=\"http:\/\/museumek.eu\/wp-content\/uploads\/2015\/09\/3819-216x300.jpg\" alt=\"\" title=\"3819\" width=\"216\" height=\"300\" class=\"alignnone size-medium wp-image-44842\" srcset=\"http:\/\/museumek.eu\/wp-content\/uploads\/2015\/09\/3819-216x300.jpg 216w, http:\/\/museumek.eu\/wp-content\/uploads\/2015\/09\/3819-108x150.jpg 108w, http:\/\/museumek.eu\/wp-content\/uploads\/2015\/09\/3819.jpg 463w\" sizes=\"(max-width: 216px) 100vw, 216px\" \/><\/a><\/p>\n","protected":false},"excerpt":{"rendered":"<p>Abteilung Deutschland, Keramik 1860 \u2013 1960, Inventarnummer D\/XC\/4 Porzellanfabrik Marktredewitz J\u00e4ger &#038; Co., vormals Porzellanfabrik Marktredewitz J\u00e4ger, Thomas &#038; Co., Deutschland, Marktredewitz, 1925 -1939, Schale, K\u00fcnstler unbekannt, Werks.-Nr. ohne, Exemplar Nr. ohne, gemarkt Firmenmarke PMR, darunter ein Pfau, darunter BAVARIA, &hellip; <a href=\"http:\/\/museumek.eu\/?page_id=44838\">Weiterlesen <span class=\"meta-nav\">&rarr;<\/span><\/a><\/p>\n","protected":false},"author":1,"featured_media":0,"parent":23864,"menu_order":4,"comment_status":"closed","ping_status":"open","template":"","meta":[],"_links":{"self":[{"href":"http:\/\/museumek.eu\/index.php?rest_route=\/wp\/v2\/pages\/44838"}],"collection":[{"href":"http:\/\/museumek.eu\/index.php?rest_route=\/wp\/v2\/pages"}],"about":[{"href":"http:\/\/museumek.eu\/index.php?rest_route=\/wp\/v2\/types\/page"}],"author":[{"embeddable":true,"href":"http:\/\/museumek.eu\/index.php?rest_route=\/wp\/v2\/users\/1"}],"replies":[{"embeddable":true,"href":"http:\/\/museumek.eu\/index.php?rest_route=%2Fwp%2Fv2%2Fcomments&post=44838"}],"version-history":[{"count":11,"href":"http:\/\/museumek.eu\/index.php?rest_route=\/wp\/v2\/pages\/44838\/revisions"}],"predecessor-version":[{"id":57799,"href":"http:\/\/museumek.eu\/index.php?rest_route=\/wp\/v2\/pages\/44838\/revisions\/57799"}],"up":[{"embeddable":true,"href":"http:\/\/museumek.eu\/index.php?rest_route=\/wp\/v2\/pages\/23864"}],"wp:attachment":[{"href":"http:\/\/museumek.eu\/index.php?rest_route=%2Fwp%2Fv2%2Fmedia&parent=44838"}],"curies":[{"name":"wp","href":"https:\/\/api.w.org\/{rel}","templated":true}]}}