{"id":44957,"date":"2015-09-08T23:14:19","date_gmt":"2015-09-08T21:14:19","guid":{"rendered":"http:\/\/museumek.eu\/?page_id=44957"},"modified":"2015-09-08T23:16:18","modified_gmt":"2015-09-08T21:16:18","slug":"dcxv10","status":"publish","type":"page","link":"http:\/\/museumek.eu\/?page_id=44957","title":{"rendered":"D\/CXV\/10"},"content":{"rendered":"<p><strong>Abteilung Deutschland, Keramik 1860 \u2013 1960, Inventarnummer D\/CXV\/10<\/strong><\/p>\n<p>Steinzeugfabrik Hauber &#038; Reuther, vormals Steinzeugfabrik Albert Hauber &#038; Co., vormals Steinzeugfabrik Sch\u00f6n &#038; Hauber, vormals Steinzeugfabrik Sch\u00f6n &#038; Borho, Deutschland, Freising, 1882 -1886, Seidel, K\u00fcnstler unbekannt, Werks.-Nr. 155, Exemplar Nr. ohne, gemarkt Firmenmarke mit HR (f\u00fcr Hauber &#038; Reuther), 155 sowie Gesetzlich gesch\u00fctzt gepresst, \u00bd L \u00fcber Eichstrich in die farbige Glasur geritzt resp. gekratzt, im Zinndeckel HR. RZ. (f\u00fcr Hauber &#038; Reuther Reichs Zinn) gepresst, nicht signiert, Literatur: Irmgard und Werner Endres, Regensburger Steinzeug, S 13, Beschreibung zu Max Borho und zu Hauber &#038; Reuther sowie Seite 48, HR Marke als Hauber &#038; Reuther vermutet (erst 1988\/90 wurde durch Grabungen auf dem ehemaligen Fabrikgel\u00e4nde diverse keramische Abf\u00e4lle gefunden, die mit HR gemarkt waren und somit den Beweis f\u00fcr die Zuordnung der Marke HR zu Hauber &#038; Reuther lieferten), der um 1870 in der Westerw\u00e4lder keramischen Industrie arbeitende Max (Maximilian) Borho gr\u00fcndete 1874 zusammen mit August Zinkl und dessen Schwager Rudolf Thaller in Regensburg die keramische Fabrik Borho Zinkl &#038; Comp. Steinzeug-Manufactur &#038; Fabrikation imitirter alterth\u00fcmlicher Schau- &#038; Trinkgef\u00e4\u00dfe, die sp\u00e4tere Steinzeugfabrik von Gustav Friedrich Thenn, da es in der Regensburger Gegend keine hochwertigen Tone gab, war es sicher Borho, der Tonlieferung aus dem Westerwald organisierte, mit hoher Wahrscheinlichkeit ausschlie\u00dflich von der Firma Reinhold Hanke Fabrik altdeutscher Steinzeug-Kr\u00fcge, diese Vorgeschichte zu Max Borho ist insofern wichtig, weil Borho bereits im September 1875 seine Anteile an der Regensburger Firma verkauft und ab 1876 in Freising Mitbegr\u00fcnder der Steinzeugfabrik Adam Sch\u00f6n &#038; Max Borho wird, auch diese Fabrik bezieht das Tonmaterial aus dem Westerwald, sicher auch nur von der Firma Reinhold Hanke Fabrik altdeutscher Steinzeug-Kr\u00fcge, Borho verl\u00e4\u00dft diese Fabrik noch im Gr\u00fcndungsjahr und Albert Hauber aus Ludwigsburg wird Miteigent\u00fcmer, die Fabrik firmiert als Steinzeugfabrik Sch\u00f6n &#038; Hauber, 1878 verkauft Adam Sch\u00f6n seine Anteile an Albert Hauber, die Firmierung lautet nun Steinzeugfabrik Albert Hauber &#038; Co., ab 1882 wird Hans Reuther Miteigent\u00fcmer, die Fabrik firmiert als Steinzeugfabrik Hauber &#038; Reuther, im Jahre 1886 verloren auf Grund auslaufender Vertr\u00e4ge und mit dem Tode von Reinhold Hanke (22.06.1886) sowohl die o. g. Regensburger Fabrik als auch die Steinzeugfabrik Hauber &#038; Reuther die Gesch\u00e4ftsgrundlage, da kein Ton aus dem Westerwald mehr bezogen werden konnte, die Thenn\u2019sche Fabrik in Regensburg stellte die Produktion ein und die Steinzeugfabrik Hauber &#038; Reuther stellte die Produktion auf Porzellan um, gleichzeitig verschaffte sich die Fabrik Liefervertr\u00e4ge f\u00fcr Halbfertigprodukte mit folgenden Westerw\u00e4lder Fabriken, erstens, der Steingut- und Steinzeugfabrik, Kunstt\u00f6pferei, Zinngie\u00dferei Merkelbach und Wick (Lieferung von 1886 bis 1897), zweitens, Simon Peter Gerz I. Fabrik antiker reichverzierter Steinzeugwaaren und drittens, Albert Jacob Thewalt, Fabrik fein verzierter Steinzeugwaren, die Steinzeugfabrik Hauber &#038; Reuther dekorierte und veredelte die Halbfertigprodukte, nicht recherchiert werden konnte, ob die Fabrik ab Zulieferung der Halbfertigprodukte aus dem Westerwald nur noch als Veredler t\u00e4tig war oder ob auch weiterhin Porzellan produziert wurde, sicher ist, dass ab 1886 keine eigenen Steinzeugartikel mehr hergestellt worden sind, bis 1882 war keine Fabrikmarke im Gebrauch, die Produkte vor 1882 sind nur durch die Art und Weise der Literung erkennbar, soweit \u00fcberhaupt eine solche angebracht worden ist, ab 1882 erfolgte die Markung mit sich \u00e4ndernden HR Stempeln und HR Aufmalungen, manchmal in Kombination mit Marken der o. g. Westerw\u00e4lder Halbfertigfabrikatproduzenten, die Fabrik stellte 1907 die Produktion ein, auf der homepage <strong>http:\/\/home.kendra.com\/altekruge\/pss\/marksetc.htm <\/strong>findet sich eine von John McGregor zusammengestellte \u00dcbersicht \u00fcber die verschiedenen Literstempel und Fabrikmarken, die HR Marke wurde von Hauber &#038; Reuther in der Zeit um 1882 bis 1886 verwendet, wobei dieser Seidel einige Fragen aufwirft, die Werks.-Nr. spricht f\u00fcr eine Datierung um 1882, das Material ist entweder Porzellan, dann m\u00fc\u00dfte der Seidel ab 1886 produziert worden sein, weil Hauber &#038; Reuther angeblich erst ab dieser Zeit die Produktion auf Porzellan umgestellt hat oder Hauber &#038; Reuther hat schon vor 1886 Porzellan produziert oder der Seidel ist vom Material kein Porzellan, sondern irgendeine Steingzeugmischung, die durch die Glasur wie Porzellan wirkt, f\u00fcr eine Produktionszeit um 1882 spricht auf jeden Fall die fr\u00fche Werks.-Nr.,<br \/>\nH\u00f6he 14,2 cm, Breite 12,3 cm (nur die Keramik)<\/p>\n<p><a href=\"http:\/\/museumek.eu\/?attachment_id=44958\" rel=\"attachment wp-att-44958\"><img loading=\"lazy\" src=\"http:\/\/museumek.eu\/wp-content\/uploads\/2015\/09\/4418-126x300.jpg\" alt=\"\" title=\"4418\" width=\"126\" height=\"300\" class=\"alignnone size-medium wp-image-44958\" srcset=\"http:\/\/museumek.eu\/wp-content\/uploads\/2015\/09\/4418-126x300.jpg 126w, http:\/\/museumek.eu\/wp-content\/uploads\/2015\/09\/4418-63x150.jpg 63w\" sizes=\"(max-width: 126px) 100vw, 126px\" \/><\/a><\/p>\n<p><a href=\"http:\/\/museumek.eu\/?attachment_id=44959\" rel=\"attachment wp-att-44959\"><img loading=\"lazy\" src=\"http:\/\/museumek.eu\/wp-content\/uploads\/2015\/09\/4419-173x300.jpg\" alt=\"\" title=\"4419\" width=\"173\" height=\"300\" class=\"alignnone size-medium wp-image-44959\" srcset=\"http:\/\/museumek.eu\/wp-content\/uploads\/2015\/09\/4419-173x300.jpg 173w, http:\/\/museumek.eu\/wp-content\/uploads\/2015\/09\/4419-86x150.jpg 86w, http:\/\/museumek.eu\/wp-content\/uploads\/2015\/09\/4419.jpg 463w\" sizes=\"(max-width: 173px) 100vw, 173px\" \/><\/a><\/p>\n<p><a href=\"http:\/\/museumek.eu\/?attachment_id=44960\" rel=\"attachment wp-att-44960\"><img loading=\"lazy\" src=\"http:\/\/museumek.eu\/wp-content\/uploads\/2015\/09\/4420-170x300.jpg\" alt=\"\" title=\"4420\" width=\"170\" height=\"300\" class=\"alignnone size-medium wp-image-44960\" srcset=\"http:\/\/museumek.eu\/wp-content\/uploads\/2015\/09\/4420-170x300.jpg 170w, http:\/\/museumek.eu\/wp-content\/uploads\/2015\/09\/4420-85x150.jpg 85w, http:\/\/museumek.eu\/wp-content\/uploads\/2015\/09\/4420.jpg 454w\" sizes=\"(max-width: 170px) 100vw, 170px\" \/><\/a><\/p>\n<p><a href=\"http:\/\/museumek.eu\/?attachment_id=44961\" rel=\"attachment wp-att-44961\"><img loading=\"lazy\" src=\"http:\/\/museumek.eu\/wp-content\/uploads\/2015\/09\/4421-117x300.jpg\" alt=\"\" title=\"4421\" width=\"117\" height=\"300\" class=\"alignnone size-medium wp-image-44961\" srcset=\"http:\/\/museumek.eu\/wp-content\/uploads\/2015\/09\/4421-117x300.jpg 117w, http:\/\/museumek.eu\/wp-content\/uploads\/2015\/09\/4421-58x150.jpg 58w, http:\/\/museumek.eu\/wp-content\/uploads\/2015\/09\/4421.jpg 312w\" sizes=\"(max-width: 117px) 100vw, 117px\" \/><\/a><\/p>\n<p><a href=\"http:\/\/museumek.eu\/?attachment_id=44962\" rel=\"attachment wp-att-44962\"><img loading=\"lazy\" src=\"http:\/\/museumek.eu\/wp-content\/uploads\/2015\/09\/4424-131x300.jpg\" alt=\"\" title=\"4424\" width=\"131\" height=\"300\" class=\"alignnone size-medium wp-image-44962\" srcset=\"http:\/\/museumek.eu\/wp-content\/uploads\/2015\/09\/4424-131x300.jpg 131w, http:\/\/museumek.eu\/wp-content\/uploads\/2015\/09\/4424-65x150.jpg 65w, http:\/\/museumek.eu\/wp-content\/uploads\/2015\/09\/4424.jpg 350w\" sizes=\"(max-width: 131px) 100vw, 131px\" \/><\/a><\/p>\n<p><a href=\"http:\/\/museumek.eu\/?attachment_id=44963\" rel=\"attachment wp-att-44963\"><img loading=\"lazy\" src=\"http:\/\/museumek.eu\/wp-content\/uploads\/2015\/09\/4422-300x239.jpg\" alt=\"\" title=\"4422\" width=\"300\" height=\"239\" class=\"alignnone size-medium wp-image-44963\" srcset=\"http:\/\/museumek.eu\/wp-content\/uploads\/2015\/09\/4422-300x239.jpg 300w, http:\/\/museumek.eu\/wp-content\/uploads\/2015\/09\/4422-150x119.jpg 150w, http:\/\/museumek.eu\/wp-content\/uploads\/2015\/09\/4422-376x300.jpg 376w, http:\/\/museumek.eu\/wp-content\/uploads\/2015\/09\/4422.jpg 752w\" sizes=\"(max-width: 300px) 100vw, 300px\" \/><\/a><\/p>\n<p><a href=\"http:\/\/museumek.eu\/?attachment_id=44964\" rel=\"attachment wp-att-44964\"><img loading=\"lazy\" src=\"http:\/\/museumek.eu\/wp-content\/uploads\/2015\/09\/4423-300x267.jpg\" alt=\"\" title=\"4423\" width=\"300\" height=\"267\" class=\"alignnone size-medium wp-image-44964\" srcset=\"http:\/\/museumek.eu\/wp-content\/uploads\/2015\/09\/4423-300x267.jpg 300w, http:\/\/museumek.eu\/wp-content\/uploads\/2015\/09\/4423-150x133.jpg 150w, http:\/\/museumek.eu\/wp-content\/uploads\/2015\/09\/4423-336x300.jpg 336w, http:\/\/museumek.eu\/wp-content\/uploads\/2015\/09\/4423.jpg 492w\" sizes=\"(max-width: 300px) 100vw, 300px\" \/><\/a><\/p>\n<p><a href=\"http:\/\/museumek.eu\/?attachment_id=44965\" rel=\"attachment wp-att-44965\"><img loading=\"lazy\" src=\"http:\/\/museumek.eu\/wp-content\/uploads\/2015\/09\/4425-286x300.jpg\" alt=\"\" title=\"4425\" width=\"286\" height=\"300\" class=\"alignnone size-medium wp-image-44965\" srcset=\"http:\/\/museumek.eu\/wp-content\/uploads\/2015\/09\/4425-286x300.jpg 286w, http:\/\/museumek.eu\/wp-content\/uploads\/2015\/09\/4425-143x150.jpg 143w, http:\/\/museumek.eu\/wp-content\/uploads\/2015\/09\/4425.jpg 600w\" sizes=\"(max-width: 286px) 100vw, 286px\" \/><\/a><\/p>\n<p><a href=\"http:\/\/museumek.eu\/?attachment_id=44966\" rel=\"attachment wp-att-44966\"><img loading=\"lazy\" src=\"http:\/\/museumek.eu\/wp-content\/uploads\/2015\/09\/4426-300x277.jpg\" alt=\"\" title=\"4426\" width=\"300\" height=\"277\" class=\"alignnone size-medium wp-image-44966\" srcset=\"http:\/\/museumek.eu\/wp-content\/uploads\/2015\/09\/4426-300x277.jpg 300w, http:\/\/museumek.eu\/wp-content\/uploads\/2015\/09\/4426-150x138.jpg 150w, http:\/\/museumek.eu\/wp-content\/uploads\/2015\/09\/4426.jpg 352w\" sizes=\"(max-width: 300px) 100vw, 300px\" \/><\/a><\/p>\n<p><a href=\"http:\/\/museumek.eu\/?attachment_id=44967\" rel=\"attachment wp-att-44967\"><img loading=\"lazy\" src=\"http:\/\/museumek.eu\/wp-content\/uploads\/2015\/09\/4565-300x116.jpg\" alt=\"\" title=\"4565\" width=\"300\" height=\"116\" class=\"alignnone size-medium wp-image-44967\" srcset=\"http:\/\/museumek.eu\/wp-content\/uploads\/2015\/09\/4565-300x116.jpg 300w, http:\/\/museumek.eu\/wp-content\/uploads\/2015\/09\/4565-150x58.jpg 150w, http:\/\/museumek.eu\/wp-content\/uploads\/2015\/09\/4565-500x193.jpg 500w, http:\/\/museumek.eu\/wp-content\/uploads\/2015\/09\/4565.jpg 756w\" sizes=\"(max-width: 300px) 100vw, 300px\" \/><\/a><\/p>\n","protected":false},"excerpt":{"rendered":"<p>Abteilung Deutschland, Keramik 1860 \u2013 1960, Inventarnummer D\/CXV\/10 Steinzeugfabrik Hauber &#038; Reuther, vormals Steinzeugfabrik Albert Hauber &#038; Co., vormals Steinzeugfabrik Sch\u00f6n &#038; Hauber, vormals Steinzeugfabrik Sch\u00f6n &#038; Borho, Deutschland, Freising, 1882 -1886, Seidel, K\u00fcnstler unbekannt, Werks.-Nr. 155, Exemplar Nr. ohne, &hellip; <a href=\"http:\/\/museumek.eu\/?page_id=44957\">Weiterlesen <span class=\"meta-nav\">&rarr;<\/span><\/a><\/p>\n","protected":false},"author":1,"featured_media":0,"parent":31500,"menu_order":10,"comment_status":"closed","ping_status":"open","template":"","meta":[],"_links":{"self":[{"href":"http:\/\/museumek.eu\/index.php?rest_route=\/wp\/v2\/pages\/44957"}],"collection":[{"href":"http:\/\/museumek.eu\/index.php?rest_route=\/wp\/v2\/pages"}],"about":[{"href":"http:\/\/museumek.eu\/index.php?rest_route=\/wp\/v2\/types\/page"}],"author":[{"embeddable":true,"href":"http:\/\/museumek.eu\/index.php?rest_route=\/wp\/v2\/users\/1"}],"replies":[{"embeddable":true,"href":"http:\/\/museumek.eu\/index.php?rest_route=%2Fwp%2Fv2%2Fcomments&post=44957"}],"version-history":[{"count":8,"href":"http:\/\/museumek.eu\/index.php?rest_route=\/wp\/v2\/pages\/44957\/revisions"}],"predecessor-version":[{"id":44975,"href":"http:\/\/museumek.eu\/index.php?rest_route=\/wp\/v2\/pages\/44957\/revisions\/44975"}],"up":[{"embeddable":true,"href":"http:\/\/museumek.eu\/index.php?rest_route=\/wp\/v2\/pages\/31500"}],"wp:attachment":[{"href":"http:\/\/museumek.eu\/index.php?rest_route=%2Fwp%2Fv2%2Fmedia&parent=44957"}],"curies":[{"name":"wp","href":"https:\/\/api.w.org\/{rel}","templated":true}]}}