{"id":44988,"date":"2015-09-11T23:38:48","date_gmt":"2015-09-11T21:38:48","guid":{"rendered":"http:\/\/museumek.eu\/?page_id=44988"},"modified":"2015-09-11T23:48:44","modified_gmt":"2015-09-11T21:48:44","slug":"dxlix24","status":"publish","type":"page","link":"http:\/\/museumek.eu\/?page_id=44988","title":{"rendered":"D\/XLIX\/24"},"content":{"rendered":"<p><strong>Abteilung Deutschland, Keramik 1860 \u2013 1960, Inventarnummer D\/XLIX\/24<\/strong><\/p>\n<p>Simon Peter Gerz I. GmbH Fabrik fein verzierter Gebrauchs- und Luxusgegenst\u00e4nde und Vorg\u00e4nger Simon Peter Gerz I. Fabrik antiker reichverzierter Steinzeugwaaren, Deutschland, H\u00f6hr, um 1925, Bowle, K\u00fcnstler unbekannt, Werks.-Nr. 3030, Exemplar Nr. ohne, gemarkt Firmenmarke mit einem Krug in einem Dreieck, darunter FABRIKMARKE, 3030, Dreieck, darin ein Dreieck, 4 L sowie 4 (im Deckel f\u00fcr 4 Liter) gepresst, nicht signiert, Literatur: Gisela Reineking von Bock, Meister der deutschen Keramik, Seite 329, Marke Nr. 212 identisch, weitere Literatur: J\u00fcrgen Schimanski und J\u00fcrgen Erlebach, Westerw\u00e4lder Steinzeug, Die Neue \u00c4ra, Seite 44 ff., Beschreibung der Fabrik sowie Seite 44, Marke Nr. 6 identisch, weitere Literatur: J\u00fcrgen Schimanski, Braun geflammt und grau gesalzen, Seite 197, Beschreibung der Fabrik, Beschreibung, dass die Modellnummern ab 3.200 ab den sp\u00e4ten 1920\u2019 Jahren verwendet worden sind sowie Marke Nr. 6 identisch, die Fabrik wurde 1857 von Simon Peter Gerz I (geb. 13.09.1830, gest. 12.09.1893) gegr\u00fcndet, die Registereintragung erfolgte aber erst 1862, insofern ist das Jahr 1862 das amtliche Gr\u00fcndungsdatum, bisher konnte in keiner Literatur eine Erkl\u00e4rung gefunden werden, warum Gerz seinem Namen eine r\u00f6mische I anf\u00fcgte, recherchiert werden konnte, dass es noch einen Steinzeugfabrikanten namens Simon Peter Gerz II (geb. 1833, gest. 1908) gab und dass dieser der Vater von Alois Jacob Gerz, dem Mitbegr\u00fcnder der Steinzeugfabrik Rosskopf &#038; Gerz war, 1867 erhielt die Fabrik das Pr\u00e4dikat eines Hoflieferanten des Herzog von Nassau, 1893 (Gerz Tod) wurde der Schwiegersohn Alphons William Loetschert Inhaber, sehr wahrscheinlich wurde um diese Zeit auch die Fabrikmarke SPG I in einem Kreis in die Dreieckmarke mit einem Krug ge\u00e4ndert, sp\u00e4testens aber sicher 1897, 1897 wurde die Pfeiffenfabrik M\u00fcllenbach &#038; Thewalt Mitinhaber und eine GmbH wurde gegr\u00fcndet (Gr\u00fcndungsdatum: 05.08.1897), die Fabrik bestand bis 1997, Ausf\u00fchrung als 4 Liter Bowle, zur Bowle geh\u00f6ren 4 Seidel MEK D\/XLIX\/25 bis MEK D\/XLIX\/28, H\u00f6he 30 cm, Breite 22 cm<\/p>\n<p><a href=\"http:\/\/museumek.eu\/?attachment_id=44992\" rel=\"attachment wp-att-44992\"><img loading=\"lazy\" src=\"http:\/\/museumek.eu\/wp-content\/uploads\/2015\/09\/43081-194x300.jpg\" alt=\"\" title=\"4308\" width=\"194\" height=\"300\" class=\"alignnone size-medium wp-image-44992\" srcset=\"http:\/\/museumek.eu\/wp-content\/uploads\/2015\/09\/43081-194x300.jpg 194w, http:\/\/museumek.eu\/wp-content\/uploads\/2015\/09\/43081-97x150.jpg 97w, http:\/\/museumek.eu\/wp-content\/uploads\/2015\/09\/43081.jpg 519w\" sizes=\"(max-width: 194px) 100vw, 194px\" \/><\/a><\/p>\n<p><a href=\"http:\/\/museumek.eu\/?attachment_id=44993\" rel=\"attachment wp-att-44993\"><img loading=\"lazy\" src=\"http:\/\/museumek.eu\/wp-content\/uploads\/2015\/09\/4309-193x300.jpg\" alt=\"\" title=\"4309\" width=\"193\" height=\"300\" class=\"alignnone size-medium wp-image-44993\" srcset=\"http:\/\/museumek.eu\/wp-content\/uploads\/2015\/09\/4309-193x300.jpg 193w, http:\/\/museumek.eu\/wp-content\/uploads\/2015\/09\/4309-96x150.jpg 96w, http:\/\/museumek.eu\/wp-content\/uploads\/2015\/09\/4309.jpg 515w\" sizes=\"(max-width: 193px) 100vw, 193px\" \/><\/a><\/p>\n<p><a href=\"http:\/\/museumek.eu\/?attachment_id=44994\" rel=\"attachment wp-att-44994\"><img loading=\"lazy\" src=\"http:\/\/museumek.eu\/wp-content\/uploads\/2015\/09\/4310-193x300.jpg\" alt=\"\" title=\"4310\" width=\"193\" height=\"300\" class=\"alignnone size-medium wp-image-44994\" srcset=\"http:\/\/museumek.eu\/wp-content\/uploads\/2015\/09\/4310-193x300.jpg 193w, http:\/\/museumek.eu\/wp-content\/uploads\/2015\/09\/4310-96x150.jpg 96w, http:\/\/museumek.eu\/wp-content\/uploads\/2015\/09\/4310.jpg 515w\" sizes=\"(max-width: 193px) 100vw, 193px\" \/><\/a><\/p>\n<p><a href=\"http:\/\/museumek.eu\/?attachment_id=44995\" rel=\"attachment wp-att-44995\"><img loading=\"lazy\" src=\"http:\/\/museumek.eu\/wp-content\/uploads\/2015\/09\/4311-192x300.jpg\" alt=\"\" title=\"4311\" width=\"192\" height=\"300\" class=\"alignnone size-medium wp-image-44995\" srcset=\"http:\/\/museumek.eu\/wp-content\/uploads\/2015\/09\/4311-192x300.jpg 192w, http:\/\/museumek.eu\/wp-content\/uploads\/2015\/09\/4311-96x150.jpg 96w, http:\/\/museumek.eu\/wp-content\/uploads\/2015\/09\/4311.jpg 512w\" sizes=\"(max-width: 192px) 100vw, 192px\" \/><\/a><\/p>\n<p><a href=\"http:\/\/museumek.eu\/?attachment_id=44996\" rel=\"attachment wp-att-44996\"><img loading=\"lazy\" src=\"http:\/\/museumek.eu\/wp-content\/uploads\/2015\/09\/4312-198x300.jpg\" alt=\"\" title=\"4312\" width=\"198\" height=\"300\" class=\"alignnone size-medium wp-image-44996\" srcset=\"http:\/\/museumek.eu\/wp-content\/uploads\/2015\/09\/4312-198x300.jpg 198w, http:\/\/museumek.eu\/wp-content\/uploads\/2015\/09\/4312-99x150.jpg 99w, http:\/\/museumek.eu\/wp-content\/uploads\/2015\/09\/4312.jpg 529w\" sizes=\"(max-width: 198px) 100vw, 198px\" \/><\/a><\/p>\n<p><a href=\"http:\/\/museumek.eu\/?attachment_id=44997\" rel=\"attachment wp-att-44997\"><img loading=\"lazy\" src=\"http:\/\/museumek.eu\/wp-content\/uploads\/2015\/09\/4313-207x300.jpg\" alt=\"\" title=\"4313\" width=\"207\" height=\"300\" class=\"alignnone size-medium wp-image-44997\" srcset=\"http:\/\/museumek.eu\/wp-content\/uploads\/2015\/09\/4313-207x300.jpg 207w, http:\/\/museumek.eu\/wp-content\/uploads\/2015\/09\/4313-103x150.jpg 103w, http:\/\/museumek.eu\/wp-content\/uploads\/2015\/09\/4313.jpg 552w\" sizes=\"(max-width: 207px) 100vw, 207px\" \/><\/a><\/p>\n<p><a href=\"http:\/\/museumek.eu\/?attachment_id=44998\" rel=\"attachment wp-att-44998\"><img loading=\"lazy\" src=\"http:\/\/museumek.eu\/wp-content\/uploads\/2015\/09\/4314-205x300.jpg\" alt=\"\" title=\"4314\" width=\"205\" height=\"300\" class=\"alignnone size-medium wp-image-44998\" srcset=\"http:\/\/museumek.eu\/wp-content\/uploads\/2015\/09\/4314-205x300.jpg 205w, http:\/\/museumek.eu\/wp-content\/uploads\/2015\/09\/4314-102x150.jpg 102w, http:\/\/museumek.eu\/wp-content\/uploads\/2015\/09\/4314.jpg 548w\" sizes=\"(max-width: 205px) 100vw, 205px\" \/><\/a><\/p>\n<p><a href=\"http:\/\/museumek.eu\/?attachment_id=44999\" rel=\"attachment wp-att-44999\"><img loading=\"lazy\" src=\"http:\/\/museumek.eu\/wp-content\/uploads\/2015\/09\/4315-202x300.jpg\" alt=\"\" title=\"4315\" width=\"202\" height=\"300\" class=\"alignnone size-medium wp-image-44999\" srcset=\"http:\/\/museumek.eu\/wp-content\/uploads\/2015\/09\/4315-202x300.jpg 202w, http:\/\/museumek.eu\/wp-content\/uploads\/2015\/09\/4315-101x150.jpg 101w, http:\/\/museumek.eu\/wp-content\/uploads\/2015\/09\/4315.jpg 541w\" sizes=\"(max-width: 202px) 100vw, 202px\" \/><\/a><\/p>\n<p><a href=\"http:\/\/museumek.eu\/?attachment_id=45000\" rel=\"attachment wp-att-45000\"><img loading=\"lazy\" src=\"http:\/\/museumek.eu\/wp-content\/uploads\/2015\/09\/4317-300x140.jpg\" alt=\"\" title=\"4317\" width=\"300\" height=\"140\" class=\"alignnone size-medium wp-image-45000\" srcset=\"http:\/\/museumek.eu\/wp-content\/uploads\/2015\/09\/4317-300x140.jpg 300w, http:\/\/museumek.eu\/wp-content\/uploads\/2015\/09\/4317-150x70.jpg 150w, http:\/\/museumek.eu\/wp-content\/uploads\/2015\/09\/4317-500x234.jpg 500w, http:\/\/museumek.eu\/wp-content\/uploads\/2015\/09\/4317.jpg 800w\" sizes=\"(max-width: 300px) 100vw, 300px\" \/><\/a><\/p>\n<p><a href=\"http:\/\/museumek.eu\/?attachment_id=45001\" rel=\"attachment wp-att-45001\"><img loading=\"lazy\" src=\"http:\/\/museumek.eu\/wp-content\/uploads\/2015\/09\/4318-300x142.jpg\" alt=\"\" title=\"4318\" width=\"300\" height=\"142\" class=\"alignnone size-medium wp-image-45001\" srcset=\"http:\/\/museumek.eu\/wp-content\/uploads\/2015\/09\/4318-300x142.jpg 300w, http:\/\/museumek.eu\/wp-content\/uploads\/2015\/09\/4318-150x71.jpg 150w, http:\/\/museumek.eu\/wp-content\/uploads\/2015\/09\/4318-500x236.jpg 500w, http:\/\/museumek.eu\/wp-content\/uploads\/2015\/09\/4318.jpg 800w\" sizes=\"(max-width: 300px) 100vw, 300px\" \/><\/a><\/p>\n<p><a href=\"http:\/\/museumek.eu\/?attachment_id=45002\" rel=\"attachment wp-att-45002\"><img loading=\"lazy\" src=\"http:\/\/museumek.eu\/wp-content\/uploads\/2015\/09\/4319-300x124.jpg\" alt=\"\" title=\"4319\" width=\"300\" height=\"124\" class=\"alignnone size-medium wp-image-45002\" srcset=\"http:\/\/museumek.eu\/wp-content\/uploads\/2015\/09\/4319-300x124.jpg 300w, http:\/\/museumek.eu\/wp-content\/uploads\/2015\/09\/4319-150x62.jpg 150w, http:\/\/museumek.eu\/wp-content\/uploads\/2015\/09\/4319-500x206.jpg 500w, http:\/\/museumek.eu\/wp-content\/uploads\/2015\/09\/4319.jpg 800w\" sizes=\"(max-width: 300px) 100vw, 300px\" \/><\/a><\/p>\n<p><a href=\"http:\/\/museumek.eu\/?attachment_id=45003\" rel=\"attachment wp-att-45003\"><img loading=\"lazy\" src=\"http:\/\/museumek.eu\/wp-content\/uploads\/2015\/09\/4320-300x132.jpg\" alt=\"\" title=\"4320\" width=\"300\" height=\"132\" class=\"alignnone size-medium wp-image-45003\" srcset=\"http:\/\/museumek.eu\/wp-content\/uploads\/2015\/09\/4320-300x132.jpg 300w, http:\/\/museumek.eu\/wp-content\/uploads\/2015\/09\/4320-150x66.jpg 150w, http:\/\/museumek.eu\/wp-content\/uploads\/2015\/09\/4320-500x221.jpg 500w, http:\/\/museumek.eu\/wp-content\/uploads\/2015\/09\/4320.jpg 800w\" sizes=\"(max-width: 300px) 100vw, 300px\" \/><\/a><\/p>\n<p><a href=\"http:\/\/museumek.eu\/?attachment_id=45004\" rel=\"attachment wp-att-45004\"><img loading=\"lazy\" src=\"http:\/\/museumek.eu\/wp-content\/uploads\/2015\/09\/4316-274x300.jpg\" alt=\"\" title=\"4316\" width=\"274\" height=\"300\" class=\"alignnone size-medium wp-image-45004\" srcset=\"http:\/\/museumek.eu\/wp-content\/uploads\/2015\/09\/4316-274x300.jpg 274w, http:\/\/museumek.eu\/wp-content\/uploads\/2015\/09\/4316-137x150.jpg 137w, http:\/\/museumek.eu\/wp-content\/uploads\/2015\/09\/4316.jpg 600w\" sizes=\"(max-width: 274px) 100vw, 274px\" \/><\/a><\/p>\n<p><a href=\"http:\/\/museumek.eu\/?attachment_id=45005\" rel=\"attachment wp-att-45005\"><img loading=\"lazy\" src=\"http:\/\/museumek.eu\/wp-content\/uploads\/2015\/09\/4321-166x300.jpg\" alt=\"\" title=\"4321\" width=\"166\" height=\"300\" class=\"alignnone size-medium wp-image-45005\" srcset=\"http:\/\/museumek.eu\/wp-content\/uploads\/2015\/09\/4321-166x300.jpg 166w, http:\/\/museumek.eu\/wp-content\/uploads\/2015\/09\/4321-83x150.jpg 83w, http:\/\/museumek.eu\/wp-content\/uploads\/2015\/09\/4321.jpg 443w\" sizes=\"(max-width: 166px) 100vw, 166px\" \/><\/a><\/p>\n<p><a href=\"http:\/\/museumek.eu\/?attachment_id=45006\" rel=\"attachment wp-att-45006\"><img loading=\"lazy\" src=\"http:\/\/museumek.eu\/wp-content\/uploads\/2015\/09\/4322-175x300.jpg\" alt=\"\" title=\"4322\" width=\"175\" height=\"300\" class=\"alignnone size-medium wp-image-45006\" srcset=\"http:\/\/museumek.eu\/wp-content\/uploads\/2015\/09\/4322-175x300.jpg 175w, http:\/\/museumek.eu\/wp-content\/uploads\/2015\/09\/4322-87x150.jpg 87w, http:\/\/museumek.eu\/wp-content\/uploads\/2015\/09\/4322.jpg 469w\" sizes=\"(max-width: 175px) 100vw, 175px\" \/><\/a><\/p>\n<p><a href=\"http:\/\/museumek.eu\/?attachment_id=45008\" rel=\"attachment wp-att-45008\"><img loading=\"lazy\" src=\"http:\/\/museumek.eu\/wp-content\/uploads\/2015\/09\/4307-273x300.jpg\" alt=\"\" title=\"4307\" width=\"273\" height=\"300\" class=\"alignnone size-medium wp-image-45008\" srcset=\"http:\/\/museumek.eu\/wp-content\/uploads\/2015\/09\/4307-273x300.jpg 273w, http:\/\/museumek.eu\/wp-content\/uploads\/2015\/09\/4307-136x150.jpg 136w, http:\/\/museumek.eu\/wp-content\/uploads\/2015\/09\/4307.jpg 600w\" sizes=\"(max-width: 273px) 100vw, 273px\" \/><\/a><\/p>\n<p><a href=\"http:\/\/museumek.eu\/?attachment_id=45007\" rel=\"attachment wp-att-45007\"><img loading=\"lazy\" src=\"http:\/\/museumek.eu\/wp-content\/uploads\/2015\/09\/4323-148x300.jpg\" alt=\"\" title=\"4323\" width=\"148\" height=\"300\" class=\"alignnone size-medium wp-image-45007\" srcset=\"http:\/\/museumek.eu\/wp-content\/uploads\/2015\/09\/4323-148x300.jpg 148w, http:\/\/museumek.eu\/wp-content\/uploads\/2015\/09\/4323-74x150.jpg 74w, http:\/\/museumek.eu\/wp-content\/uploads\/2015\/09\/4323.jpg 340w\" sizes=\"(max-width: 148px) 100vw, 148px\" \/><\/a><\/p>\n<p><a href=\"http:\/\/museumek.eu\/?attachment_id=45009\" rel=\"attachment wp-att-45009\"><img loading=\"lazy\" src=\"http:\/\/museumek.eu\/wp-content\/uploads\/2015\/09\/4324.jpg\" alt=\"\" title=\"4324\" width=\"211\" height=\"185\" class=\"alignnone size-full wp-image-45009\" srcset=\"http:\/\/museumek.eu\/wp-content\/uploads\/2015\/09\/4324.jpg 211w, http:\/\/museumek.eu\/wp-content\/uploads\/2015\/09\/4324-150x131.jpg 150w\" sizes=\"(max-width: 211px) 100vw, 211px\" \/><\/a><\/p>\n","protected":false},"excerpt":{"rendered":"<p>Abteilung Deutschland, Keramik 1860 \u2013 1960, Inventarnummer D\/XLIX\/24 Simon Peter Gerz I. GmbH Fabrik fein verzierter Gebrauchs- und Luxusgegenst\u00e4nde und Vorg\u00e4nger Simon Peter Gerz I. Fabrik antiker reichverzierter Steinzeugwaaren, Deutschland, H\u00f6hr, um 1925, Bowle, K\u00fcnstler unbekannt, Werks.-Nr. 3030, Exemplar Nr. &hellip; <a href=\"http:\/\/museumek.eu\/?page_id=44988\">Weiterlesen <span class=\"meta-nav\">&rarr;<\/span><\/a><\/p>\n","protected":false},"author":1,"featured_media":0,"parent":40447,"menu_order":24,"comment_status":"closed","ping_status":"open","template":"","meta":[],"_links":{"self":[{"href":"http:\/\/museumek.eu\/index.php?rest_route=\/wp\/v2\/pages\/44988"}],"collection":[{"href":"http:\/\/museumek.eu\/index.php?rest_route=\/wp\/v2\/pages"}],"about":[{"href":"http:\/\/museumek.eu\/index.php?rest_route=\/wp\/v2\/types\/page"}],"author":[{"embeddable":true,"href":"http:\/\/museumek.eu\/index.php?rest_route=\/wp\/v2\/users\/1"}],"replies":[{"embeddable":true,"href":"http:\/\/museumek.eu\/index.php?rest_route=%2Fwp%2Fv2%2Fcomments&post=44988"}],"version-history":[{"count":4,"href":"http:\/\/museumek.eu\/index.php?rest_route=\/wp\/v2\/pages\/44988\/revisions"}],"predecessor-version":[{"id":45011,"href":"http:\/\/museumek.eu\/index.php?rest_route=\/wp\/v2\/pages\/44988\/revisions\/45011"}],"up":[{"embeddable":true,"href":"http:\/\/museumek.eu\/index.php?rest_route=\/wp\/v2\/pages\/40447"}],"wp:attachment":[{"href":"http:\/\/museumek.eu\/index.php?rest_route=%2Fwp%2Fv2%2Fmedia&parent=44988"}],"curies":[{"name":"wp","href":"https:\/\/api.w.org\/{rel}","templated":true}]}}