{"id":45018,"date":"2015-09-12T11:58:42","date_gmt":"2015-09-12T09:58:42","guid":{"rendered":"http:\/\/museumek.eu\/?page_id=45018"},"modified":"2015-09-12T12:12:01","modified_gmt":"2015-09-12T10:12:01","slug":"dxlix25","status":"publish","type":"page","link":"http:\/\/museumek.eu\/?page_id=45018","title":{"rendered":"D\/XLIX\/25"},"content":{"rendered":"<p><strong>Abteilung Deutschland, Keramik 1860 \u2013 1960, Inventarnummer D\/XLIX\/25<\/strong><\/p>\n<p>Simon Peter Gerz I. GmbH Fabrik fein verzierter Gebrauchs- und Luxusgegenst\u00e4nde und Vorg\u00e4nger Simon Peter Gerz I. Fabrik antiker reichverzierter Steinzeugwaaren, Deutschland, H\u00f6hr, um 1925, Seidel, K\u00fcnstler unbekannt, Werks.-Nr. 3030, Exemplar Nr. ohne, gemarkt Firmenmarke mit einem Krug in einem Dreieck, darunter FABRIKMARKE sowie 3030 gepresst, nicht signiert, Literatur: Gisela Reineking von Bock, Meister der deutschen Keramik, Seite 329, Marke Nr. 212 identisch, weitere Literatur: J\u00fcrgen Schimanski und J\u00fcrgen Erlebach, Westerw\u00e4lder Steinzeug, Die Neue \u00c4ra, Seite 44 ff., Beschreibung der Fabrik sowie Seite 44, Marke Nr. 6 identisch, weitere Literatur: J\u00fcrgen Schimanski, Braun geflammt und grau gesalzen, Seite 197, Beschreibung der Fabrik, Beschreibung, dass die Modellnummern ab 3.200 ab den sp\u00e4ten 1920\u2019 Jahren verwendet worden sind sowie Marke Nr. 6 identisch, die Fabrik wurde 1857 von Simon Peter Gerz I (geb. 13.09.1830, gest. 12.09.1893) gegr\u00fcndet, die Registereintragung erfolgte aber erst 1862, insofern ist das Jahr 1862 das amtliche Gr\u00fcndungsdatum, bisher konnte in keiner Literatur eine Erkl\u00e4rung gefunden werden, warum Gerz seinem Namen eine r\u00f6mische I anf\u00fcgte, recherchiert werden konnte, dass es noch einen Steinzeugfabrikanten namens Simon Peter Gerz II (geb. 1833, gest. 1908) gab und dass dieser der Vater von Alois Jacob Gerz, dem Mitbegr\u00fcnder der Steinzeugfabrik Rosskopf &#038; Gerz war, 1867 erhielt die Fabrik das Pr\u00e4dikat eines Hoflieferanten des Herzog von Nassau, 1893 (Gerz Tod) wurde der Schwiegersohn Alphons William Loetschert Inhaber, sehr wahrscheinlich wurde um diese Zeit auch die Fabrikmarke SPG I in einem Kreis in die Dreieckmarke mit einem Krug ge\u00e4ndert, sp\u00e4testens aber sicher 1897, 1897 wurde die Pfeiffenfabrik M\u00fcllenbach &#038; Thewalt Mitinhaber und eine GmbH wurde gegr\u00fcndet (Gr\u00fcndungsdatum: 05.08.1897), die Fabrik bestand bis 1997, Seidel zugeh\u00f6rig zur Bowle MEK D\/XLIX\/24, weitere Seidel siehe MEK D\/XLIX\/26 bis MEK D\/XLIX\/28, Seidel ohne Literangabe, MEK Nachmessung: 0,2 Liter, H\u00f6he 8,3 cm, Breite 12,3 cm<\/p>\n<p><a href=\"http:\/\/museumek.eu\/?attachment_id=45019\" rel=\"attachment wp-att-45019\"><img loading=\"lazy\" src=\"http:\/\/museumek.eu\/wp-content\/uploads\/2015\/09\/4326-271x300.jpg\" alt=\"\" title=\"4326\" width=\"271\" height=\"300\" class=\"alignnone size-medium wp-image-45019\" srcset=\"http:\/\/museumek.eu\/wp-content\/uploads\/2015\/09\/4326-271x300.jpg 271w, http:\/\/museumek.eu\/wp-content\/uploads\/2015\/09\/4326-135x150.jpg 135w, http:\/\/museumek.eu\/wp-content\/uploads\/2015\/09\/4326.jpg 600w\" sizes=\"(max-width: 271px) 100vw, 271px\" \/><\/a><\/p>\n<p><a href=\"http:\/\/museumek.eu\/?attachment_id=45020\" rel=\"attachment wp-att-45020\"><img loading=\"lazy\" src=\"http:\/\/museumek.eu\/wp-content\/uploads\/2015\/09\/4325-300x256.jpg\" alt=\"\" title=\"4325\" width=\"300\" height=\"256\" class=\"alignnone size-medium wp-image-45020\" srcset=\"http:\/\/museumek.eu\/wp-content\/uploads\/2015\/09\/4325-300x256.jpg 300w, http:\/\/museumek.eu\/wp-content\/uploads\/2015\/09\/4325-150x128.jpg 150w, http:\/\/museumek.eu\/wp-content\/uploads\/2015\/09\/4325-350x300.jpg 350w, http:\/\/museumek.eu\/wp-content\/uploads\/2015\/09\/4325.jpg 701w\" sizes=\"(max-width: 300px) 100vw, 300px\" \/><\/a><\/p>\n<p><a href=\"http:\/\/museumek.eu\/?attachment_id=45021\" rel=\"attachment wp-att-45021\"><img loading=\"lazy\" src=\"http:\/\/museumek.eu\/wp-content\/uploads\/2015\/09\/4327-265x300.jpg\" alt=\"\" title=\"4327\" width=\"265\" height=\"300\" class=\"alignnone size-medium wp-image-45021\" srcset=\"http:\/\/museumek.eu\/wp-content\/uploads\/2015\/09\/4327-265x300.jpg 265w, http:\/\/museumek.eu\/wp-content\/uploads\/2015\/09\/4327-132x150.jpg 132w, http:\/\/museumek.eu\/wp-content\/uploads\/2015\/09\/4327.jpg 600w\" sizes=\"(max-width: 265px) 100vw, 265px\" \/><\/a><\/p>\n<p><a href=\"http:\/\/museumek.eu\/?attachment_id=45026\" rel=\"attachment wp-att-45026\"><img loading=\"lazy\" src=\"http:\/\/museumek.eu\/wp-content\/uploads\/2015\/09\/4328-300x271.jpg\" alt=\"\" title=\"4328\" width=\"300\" height=\"271\" class=\"alignnone size-medium wp-image-45026\" srcset=\"http:\/\/museumek.eu\/wp-content\/uploads\/2015\/09\/4328-300x271.jpg 300w, http:\/\/museumek.eu\/wp-content\/uploads\/2015\/09\/4328-150x135.jpg 150w, http:\/\/museumek.eu\/wp-content\/uploads\/2015\/09\/4328-332x300.jpg 332w, http:\/\/museumek.eu\/wp-content\/uploads\/2015\/09\/4328.jpg 664w\" sizes=\"(max-width: 300px) 100vw, 300px\" \/><\/a><\/p>\n<p><a href=\"http:\/\/museumek.eu\/?attachment_id=45027\" rel=\"attachment wp-att-45027\"><img loading=\"lazy\" src=\"http:\/\/museumek.eu\/wp-content\/uploads\/2015\/09\/43071-273x300.jpg\" alt=\"\" title=\"4307\" width=\"273\" height=\"300\" class=\"alignnone size-medium wp-image-45027\" srcset=\"http:\/\/museumek.eu\/wp-content\/uploads\/2015\/09\/43071-273x300.jpg 273w, http:\/\/museumek.eu\/wp-content\/uploads\/2015\/09\/43071-136x150.jpg 136w, http:\/\/museumek.eu\/wp-content\/uploads\/2015\/09\/43071.jpg 600w\" sizes=\"(max-width: 273px) 100vw, 273px\" \/><\/a><\/p>\n<p><a href=\"http:\/\/museumek.eu\/?attachment_id=45028\" rel=\"attachment wp-att-45028\"><img loading=\"lazy\" src=\"http:\/\/museumek.eu\/wp-content\/uploads\/2015\/09\/4329-300x257.jpg\" alt=\"\" title=\"4329\" width=\"300\" height=\"257\" class=\"alignnone size-medium wp-image-45028\" srcset=\"http:\/\/museumek.eu\/wp-content\/uploads\/2015\/09\/4329-300x257.jpg 300w, http:\/\/museumek.eu\/wp-content\/uploads\/2015\/09\/4329-150x128.jpg 150w, http:\/\/museumek.eu\/wp-content\/uploads\/2015\/09\/4329-349x300.jpg 349w, http:\/\/museumek.eu\/wp-content\/uploads\/2015\/09\/4329.jpg 641w\" sizes=\"(max-width: 300px) 100vw, 300px\" \/><\/a><\/p>\n","protected":false},"excerpt":{"rendered":"<p>Abteilung Deutschland, Keramik 1860 \u2013 1960, Inventarnummer D\/XLIX\/25 Simon Peter Gerz I. GmbH Fabrik fein verzierter Gebrauchs- und Luxusgegenst\u00e4nde und Vorg\u00e4nger Simon Peter Gerz I. Fabrik antiker reichverzierter Steinzeugwaaren, Deutschland, H\u00f6hr, um 1925, Seidel, K\u00fcnstler unbekannt, Werks.-Nr. 3030, Exemplar Nr. &hellip; <a href=\"http:\/\/museumek.eu\/?page_id=45018\">Weiterlesen <span class=\"meta-nav\">&rarr;<\/span><\/a><\/p>\n","protected":false},"author":1,"featured_media":0,"parent":40447,"menu_order":25,"comment_status":"closed","ping_status":"open","template":"","meta":[],"_links":{"self":[{"href":"http:\/\/museumek.eu\/index.php?rest_route=\/wp\/v2\/pages\/45018"}],"collection":[{"href":"http:\/\/museumek.eu\/index.php?rest_route=\/wp\/v2\/pages"}],"about":[{"href":"http:\/\/museumek.eu\/index.php?rest_route=\/wp\/v2\/types\/page"}],"author":[{"embeddable":true,"href":"http:\/\/museumek.eu\/index.php?rest_route=\/wp\/v2\/users\/1"}],"replies":[{"embeddable":true,"href":"http:\/\/museumek.eu\/index.php?rest_route=%2Fwp%2Fv2%2Fcomments&post=45018"}],"version-history":[{"count":6,"href":"http:\/\/museumek.eu\/index.php?rest_route=\/wp\/v2\/pages\/45018\/revisions"}],"predecessor-version":[{"id":45030,"href":"http:\/\/museumek.eu\/index.php?rest_route=\/wp\/v2\/pages\/45018\/revisions\/45030"}],"up":[{"embeddable":true,"href":"http:\/\/museumek.eu\/index.php?rest_route=\/wp\/v2\/pages\/40447"}],"wp:attachment":[{"href":"http:\/\/museumek.eu\/index.php?rest_route=%2Fwp%2Fv2%2Fmedia&parent=45018"}],"curies":[{"name":"wp","href":"https:\/\/api.w.org\/{rel}","templated":true}]}}