{"id":45033,"date":"2015-09-12T12:19:36","date_gmt":"2015-09-12T10:19:36","guid":{"rendered":"http:\/\/museumek.eu\/?page_id=45033"},"modified":"2015-09-12T12:21:53","modified_gmt":"2015-09-12T10:21:53","slug":"dxlix26","status":"publish","type":"page","link":"http:\/\/museumek.eu\/?page_id=45033","title":{"rendered":"D\/XLIX\/26"},"content":{"rendered":"<p><strong>Abteilung Deutschland, Keramik 1860 \u2013 1960, Inventarnummer D\/XLIX\/26<\/strong><\/p>\n<p>Simon Peter Gerz I. GmbH Fabrik fein verzierter Gebrauchs- und Luxusgegenst\u00e4nde und Vorg\u00e4nger Simon Peter Gerz I. Fabrik antiker reichverzierter Steinzeugwaaren, Deutschland, H\u00f6hr, um 1925, Seidel, K\u00fcnstler unbekannt, Werks.-Nr. 3030, Exemplar Nr. ohne, gemarkt Firmenmarke mit einem Krug in einem Dreieck, darunter FABRIKMARKE sowie 3030 gepresst, nicht signiert, Literatur: Gisela Reineking von Bock, Meister der deutschen Keramik, Seite 329, Marke Nr. 212 identisch, weitere Literatur: J\u00fcrgen Schimanski und J\u00fcrgen Erlebach, Westerw\u00e4lder Steinzeug, Die Neue \u00c4ra, Seite 44 ff., Beschreibung der Fabrik sowie Seite 44, Marke Nr. 6 identisch, weitere Literatur: J\u00fcrgen Schimanski, Braun geflammt und grau gesalzen, Seite 197, Beschreibung der Fabrik, Beschreibung, dass die Modellnummern ab 3.200 ab den sp\u00e4ten 1920\u2019 Jahren verwendet worden sind sowie Marke Nr. 6 identisch, die Fabrik wurde 1857 von Simon Peter Gerz I (geb. 13.09.1830, gest. 12.09.1893) gegr\u00fcndet, die Registereintragung erfolgte aber erst 1862, insofern ist das Jahr 1862 das amtliche Gr\u00fcndungsdatum, bisher konnte in keiner Literatur eine Erkl\u00e4rung gefunden werden, warum Gerz seinem Namen eine r\u00f6mische I anf\u00fcgte, recherchiert werden konnte, dass es noch einen Steinzeugfabrikanten namens Simon Peter Gerz II (geb. 1833, gest. 1908) gab und dass dieser der Vater von Alois Jacob Gerz, dem Mitbegr\u00fcnder der Steinzeugfabrik Rosskopf &#038; Gerz war, 1867 erhielt die Fabrik das Pr\u00e4dikat eines Hoflieferanten des Herzog von Nassau, 1893 (Gerz Tod) wurde der Schwiegersohn Alphons William Loetschert Inhaber, sehr wahrscheinlich wurde um diese Zeit auch die Fabrikmarke SPG I in einem Kreis in die Dreieckmarke mit einem Krug ge\u00e4ndert, sp\u00e4testens aber sicher 1897, 1897 wurde die Pfeiffenfabrik M\u00fcllenbach &#038; Thewalt Mitinhaber und eine GmbH wurde gegr\u00fcndet (Gr\u00fcndungsdatum: 05.08.1897), die Fabrik bestand bis 1997, Seidel zugeh\u00f6rig zur Bowle MEK D\/XLIX\/24, weitere Seidel siehe MEK D\/XLIX\/25, MEK D\/XLIX\/27 sowie MEK D\/XLIX\/28, Seidel ohne Literangabe, MEK Nachmessung: 0,2 Liter, H\u00f6he 8,3 cm, Breite 12,3 cm<\/p>\n<p><a href=\"http:\/\/museumek.eu\/?attachment_id=45034\" rel=\"attachment wp-att-45034\"><img loading=\"lazy\" src=\"http:\/\/museumek.eu\/wp-content\/uploads\/2015\/09\/4330-269x300.jpg\" alt=\"\" title=\"4330\" width=\"269\" height=\"300\" class=\"alignnone size-medium wp-image-45034\" srcset=\"http:\/\/museumek.eu\/wp-content\/uploads\/2015\/09\/4330-269x300.jpg 269w, http:\/\/museumek.eu\/wp-content\/uploads\/2015\/09\/4330-134x150.jpg 134w, http:\/\/museumek.eu\/wp-content\/uploads\/2015\/09\/4330.jpg 600w\" sizes=\"(max-width: 269px) 100vw, 269px\" \/><\/a><\/p>\n<p><a href=\"http:\/\/museumek.eu\/?attachment_id=45035\" rel=\"attachment wp-att-45035\"><img loading=\"lazy\" src=\"http:\/\/museumek.eu\/wp-content\/uploads\/2015\/09\/4333-300x266.jpg\" alt=\"\" title=\"4333\" width=\"300\" height=\"266\" class=\"alignnone size-medium wp-image-45035\" srcset=\"http:\/\/museumek.eu\/wp-content\/uploads\/2015\/09\/4333-300x266.jpg 300w, http:\/\/museumek.eu\/wp-content\/uploads\/2015\/09\/4333-150x133.jpg 150w, http:\/\/museumek.eu\/wp-content\/uploads\/2015\/09\/4333-338x300.jpg 338w, http:\/\/museumek.eu\/wp-content\/uploads\/2015\/09\/4333.jpg 676w\" sizes=\"(max-width: 300px) 100vw, 300px\" \/><\/a><\/p>\n<p><a href=\"http:\/\/museumek.eu\/?attachment_id=45036\" rel=\"attachment wp-att-45036\"><img loading=\"lazy\" src=\"http:\/\/museumek.eu\/wp-content\/uploads\/2015\/09\/4331-273x300.jpg\" alt=\"\" title=\"4331\" width=\"273\" height=\"300\" class=\"alignnone size-medium wp-image-45036\" srcset=\"http:\/\/museumek.eu\/wp-content\/uploads\/2015\/09\/4331-273x300.jpg 273w, http:\/\/museumek.eu\/wp-content\/uploads\/2015\/09\/4331-136x150.jpg 136w, http:\/\/museumek.eu\/wp-content\/uploads\/2015\/09\/4331.jpg 600w\" sizes=\"(max-width: 273px) 100vw, 273px\" \/><\/a><\/p>\n<p><a href=\"http:\/\/museumek.eu\/?attachment_id=45042\" rel=\"attachment wp-att-45042\"><img loading=\"lazy\" src=\"http:\/\/museumek.eu\/wp-content\/uploads\/2015\/09\/43321-300x261.jpg\" alt=\"\" title=\"4332\" width=\"300\" height=\"261\" class=\"alignnone size-medium wp-image-45042\" srcset=\"http:\/\/museumek.eu\/wp-content\/uploads\/2015\/09\/43321-300x261.jpg 300w, http:\/\/museumek.eu\/wp-content\/uploads\/2015\/09\/43321-150x130.jpg 150w, http:\/\/museumek.eu\/wp-content\/uploads\/2015\/09\/43321-344x300.jpg 344w, http:\/\/museumek.eu\/wp-content\/uploads\/2015\/09\/43321.jpg 688w\" sizes=\"(max-width: 300px) 100vw, 300px\" \/><\/a><\/p>\n<p><a href=\"http:\/\/museumek.eu\/?attachment_id=45043\" rel=\"attachment wp-att-45043\"><img loading=\"lazy\" src=\"http:\/\/museumek.eu\/wp-content\/uploads\/2015\/09\/43072-273x300.jpg\" alt=\"\" title=\"4307\" width=\"273\" height=\"300\" class=\"alignnone size-medium wp-image-45043\" srcset=\"http:\/\/museumek.eu\/wp-content\/uploads\/2015\/09\/43072-273x300.jpg 273w, http:\/\/museumek.eu\/wp-content\/uploads\/2015\/09\/43072-136x150.jpg 136w, http:\/\/museumek.eu\/wp-content\/uploads\/2015\/09\/43072.jpg 600w\" sizes=\"(max-width: 273px) 100vw, 273px\" \/><\/a><\/p>\n<p><a href=\"http:\/\/museumek.eu\/?attachment_id=45044\" rel=\"attachment wp-att-45044\"><img loading=\"lazy\" src=\"http:\/\/museumek.eu\/wp-content\/uploads\/2015\/09\/4334-218x300.jpg\" alt=\"\" title=\"4334\" width=\"218\" height=\"300\" class=\"alignnone size-medium wp-image-45044\" srcset=\"http:\/\/museumek.eu\/wp-content\/uploads\/2015\/09\/4334-218x300.jpg 218w, http:\/\/museumek.eu\/wp-content\/uploads\/2015\/09\/4334-109x150.jpg 109w, http:\/\/museumek.eu\/wp-content\/uploads\/2015\/09\/4334.jpg 582w\" sizes=\"(max-width: 218px) 100vw, 218px\" \/><\/a><\/p>\n","protected":false},"excerpt":{"rendered":"<p>Abteilung Deutschland, Keramik 1860 \u2013 1960, Inventarnummer D\/XLIX\/26 Simon Peter Gerz I. GmbH Fabrik fein verzierter Gebrauchs- und Luxusgegenst\u00e4nde und Vorg\u00e4nger Simon Peter Gerz I. Fabrik antiker reichverzierter Steinzeugwaaren, Deutschland, H\u00f6hr, um 1925, Seidel, K\u00fcnstler unbekannt, Werks.-Nr. 3030, Exemplar Nr. &hellip; <a href=\"http:\/\/museumek.eu\/?page_id=45033\">Weiterlesen <span class=\"meta-nav\">&rarr;<\/span><\/a><\/p>\n","protected":false},"author":1,"featured_media":0,"parent":40447,"menu_order":26,"comment_status":"closed","ping_status":"open","template":"","meta":[],"_links":{"self":[{"href":"http:\/\/museumek.eu\/index.php?rest_route=\/wp\/v2\/pages\/45033"}],"collection":[{"href":"http:\/\/museumek.eu\/index.php?rest_route=\/wp\/v2\/pages"}],"about":[{"href":"http:\/\/museumek.eu\/index.php?rest_route=\/wp\/v2\/types\/page"}],"author":[{"embeddable":true,"href":"http:\/\/museumek.eu\/index.php?rest_route=\/wp\/v2\/users\/1"}],"replies":[{"embeddable":true,"href":"http:\/\/museumek.eu\/index.php?rest_route=%2Fwp%2Fv2%2Fcomments&post=45033"}],"version-history":[{"count":6,"href":"http:\/\/museumek.eu\/index.php?rest_route=\/wp\/v2\/pages\/45033\/revisions"}],"predecessor-version":[{"id":45046,"href":"http:\/\/museumek.eu\/index.php?rest_route=\/wp\/v2\/pages\/45033\/revisions\/45046"}],"up":[{"embeddable":true,"href":"http:\/\/museumek.eu\/index.php?rest_route=\/wp\/v2\/pages\/40447"}],"wp:attachment":[{"href":"http:\/\/museumek.eu\/index.php?rest_route=%2Fwp%2Fv2%2Fmedia&parent=45033"}],"curies":[{"name":"wp","href":"https:\/\/api.w.org\/{rel}","templated":true}]}}