{"id":45096,"date":"2015-09-13T12:45:21","date_gmt":"2015-09-13T10:45:21","guid":{"rendered":"http:\/\/museumek.eu\/?page_id=45096"},"modified":"2021-03-13T12:26:52","modified_gmt":"2021-03-13T11:26:52","slug":"k-k-priv-porzellanfabrik-fischer-mieg-vormals-k-k-priv-porzellanfabrik-fischer-vormals-k-k-priv-porzellanfabrik-fischer-reichenbach-vormals-porzellanfabrik-fischer-reichenbach-vormal","status":"publish","type":"page","link":"http:\/\/museumek.eu\/?page_id=45096","title":{"rendered":"K.K. priv. Porzellanfabrik Fischer &#038; Mieg, vormals K. K. priv. Porzellanfabrik Fischer, vormals K. K. priv. Porzellanfabrik Fischer &#038; Reichenbach, vormals Porzellanfabrik Fischer &#038; Reichenbach, vormals Steingutfabrik H\u00f6cke &#038; List und Nachfolger \u00d6sterreichische Porzellanindustrie AG (\u00d6PIAG) und Nachfolger Erste B\u00f6hmische Porzellanindustrie AG (EPIAG) &#8211; Inv.Nr. A\/LII\/1 bis A\/LII\/5"},"content":{"rendered":"","protected":false},"excerpt":{"rendered":"","protected":false},"author":1,"featured_media":0,"parent":2733,"menu_order":155,"comment_status":"closed","ping_status":"open","template":"","meta":[],"_links":{"self":[{"href":"http:\/\/museumek.eu\/index.php?rest_route=\/wp\/v2\/pages\/45096"}],"collection":[{"href":"http:\/\/museumek.eu\/index.php?rest_route=\/wp\/v2\/pages"}],"about":[{"href":"http:\/\/museumek.eu\/index.php?rest_route=\/wp\/v2\/types\/page"}],"author":[{"embeddable":true,"href":"http:\/\/museumek.eu\/index.php?rest_route=\/wp\/v2\/users\/1"}],"replies":[{"embeddable":true,"href":"http:\/\/museumek.eu\/index.php?rest_route=%2Fwp%2Fv2%2Fcomments&post=45096"}],"version-history":[{"count":7,"href":"http:\/\/museumek.eu\/index.php?rest_route=\/wp\/v2\/pages\/45096\/revisions"}],"predecessor-version":[{"id":54247,"href":"http:\/\/museumek.eu\/index.php?rest_route=\/wp\/v2\/pages\/45096\/revisions\/54247"}],"up":[{"embeddable":true,"href":"http:\/\/museumek.eu\/index.php?rest_route=\/wp\/v2\/pages\/2733"}],"wp:attachment":[{"href":"http:\/\/museumek.eu\/index.php?rest_route=%2Fwp%2Fv2%2Fmedia&parent=45096"}],"curies":[{"name":"wp","href":"https:\/\/api.w.org\/{rel}","templated":true}]}}