{"id":45400,"date":"2020-03-29T19:22:47","date_gmt":"2020-03-29T17:22:47","guid":{"rendered":"http:\/\/museumek.eu\/?page_id=45400"},"modified":"2020-03-29T19:22:47","modified_gmt":"2020-03-29T17:22:47","slug":"fotos-und-beschreibung","status":"publish","type":"page","link":"http:\/\/museumek.eu\/?page_id=45400","title":{"rendered":"Fotos und Beschreibung"},"content":{"rendered":"<p>Wiener Emailfarbwerk Schauer &#038; Co., Austria, Wien, um 1910, Figur Pierrot et Pierrette, K\u00fcnstler Rudolf Podany, Werks.-Nr. 2443 (?), evtl. auch \u00dc 862, Exemplar Nr. ohne, gemarkt blauer Unterglasstempel mit Vienna Faience, sitzender Glasbl\u00e4ser, Schauer, nicht deutbare Pressmarke (wahrscheinlich die Kreismarke mit sitzendem Glasbl\u00e4ser), 3 (?) geritzt, 2443 (?) dunkelbraun auf Glasur gemalt, \u00dc 862 DEPOSE gepresst, Pierrot et Pierrette geritzt, siehe auch Auktionshaus Dorotheum, die Fabrik wurde 1900 von Ritter Anton von Schauer gegr\u00fcndet, 1907 wurde Clemens Tetzner Teilhaber, ungef\u00e4hr ab diesem Zeitpunkt wurden auch eigene Faiencen hergestellt, Zusammenarbeit mit der K.K. Kunstgewerbeschule Wien, Aufl\u00f6sung der Fabrik nicht genau recherchierbar evtl. 1927 oder 1932, H\u00f6he 43 cm, Breite 22 cm<\/p>\n<p><a href=\"http:\/\/museumek.eu\/?attachment_id=45377\" rel=\"attachment wp-att-45377\"><img loading=\"lazy\" src=\"http:\/\/museumek.eu\/wp-content\/uploads\/2020\/03\/Schauer-2-135x300.jpg\" alt=\"\" title=\"Schauer 2\" width=\"135\" height=\"300\" class=\"alignnone size-medium wp-image-45377\" srcset=\"http:\/\/museumek.eu\/wp-content\/uploads\/2020\/03\/Schauer-2-135x300.jpg 135w, http:\/\/museumek.eu\/wp-content\/uploads\/2020\/03\/Schauer-2-67x150.jpg 67w, http:\/\/museumek.eu\/wp-content\/uploads\/2020\/03\/Schauer-2.jpg 289w\" sizes=\"(max-width: 135px) 100vw, 135px\" \/><\/a><\/p>\n<p><a href=\"http:\/\/museumek.eu\/?attachment_id=45378\" rel=\"attachment wp-att-45378\"><img loading=\"lazy\" src=\"http:\/\/museumek.eu\/wp-content\/uploads\/2020\/03\/Schauer-1-164x300.jpg\" alt=\"\" title=\"Schauer 1\" width=\"164\" height=\"300\" class=\"alignnone size-medium wp-image-45378\" srcset=\"http:\/\/museumek.eu\/wp-content\/uploads\/2020\/03\/Schauer-1-164x300.jpg 164w, http:\/\/museumek.eu\/wp-content\/uploads\/2020\/03\/Schauer-1-82x150.jpg 82w, http:\/\/museumek.eu\/wp-content\/uploads\/2020\/03\/Schauer-1.jpg 350w\" sizes=\"(max-width: 164px) 100vw, 164px\" \/><\/a><\/p>\n<p><a href=\"http:\/\/museumek.eu\/?attachment_id=45382\" rel=\"attachment wp-att-45382\"><img loading=\"lazy\" src=\"http:\/\/museumek.eu\/wp-content\/uploads\/2020\/03\/Schauer-4-176x300.jpg\" alt=\"\" title=\"Schauer 4\" width=\"176\" height=\"300\" class=\"alignnone size-medium wp-image-45382\" srcset=\"http:\/\/museumek.eu\/wp-content\/uploads\/2020\/03\/Schauer-4-176x300.jpg 176w, http:\/\/museumek.eu\/wp-content\/uploads\/2020\/03\/Schauer-4-88x150.jpg 88w, http:\/\/museumek.eu\/wp-content\/uploads\/2020\/03\/Schauer-4.jpg 377w\" sizes=\"(max-width: 176px) 100vw, 176px\" \/><\/a><\/p>\n<p><a href=\"http:\/\/museumek.eu\/?attachment_id=45383\" rel=\"attachment wp-att-45383\"><img loading=\"lazy\" src=\"http:\/\/museumek.eu\/wp-content\/uploads\/2020\/03\/Schauer-5-130x300.jpg\" alt=\"\" title=\"Schauer 5\" width=\"130\" height=\"300\" class=\"alignnone size-medium wp-image-45383\" srcset=\"http:\/\/museumek.eu\/wp-content\/uploads\/2020\/03\/Schauer-5-130x300.jpg 130w, http:\/\/museumek.eu\/wp-content\/uploads\/2020\/03\/Schauer-5-65x150.jpg 65w\" sizes=\"(max-width: 130px) 100vw, 130px\" \/><\/a><\/p>\n<p><a href=\"http:\/\/museumek.eu\/?attachment_id=45384\" rel=\"attachment wp-att-45384\"><img loading=\"lazy\" src=\"http:\/\/museumek.eu\/wp-content\/uploads\/2020\/03\/Schauer-6-216x300.jpg\" alt=\"\" title=\"Schauer 6\" width=\"216\" height=\"300\" class=\"alignnone size-medium wp-image-45384\" srcset=\"http:\/\/museumek.eu\/wp-content\/uploads\/2020\/03\/Schauer-6-216x300.jpg 216w, http:\/\/museumek.eu\/wp-content\/uploads\/2020\/03\/Schauer-6-108x150.jpg 108w, http:\/\/museumek.eu\/wp-content\/uploads\/2020\/03\/Schauer-6.jpg 461w\" sizes=\"(max-width: 216px) 100vw, 216px\" \/><\/a><\/p>\n<p><a href=\"http:\/\/museumek.eu\/?attachment_id=45385\" rel=\"attachment wp-att-45385\"><img loading=\"lazy\" src=\"http:\/\/museumek.eu\/wp-content\/uploads\/2020\/03\/Schauer-7-194x300.jpg\" alt=\"\" title=\"Schauer 7\" width=\"194\" height=\"300\" class=\"alignnone size-medium wp-image-45385\" srcset=\"http:\/\/museumek.eu\/wp-content\/uploads\/2020\/03\/Schauer-7-194x300.jpg 194w, http:\/\/museumek.eu\/wp-content\/uploads\/2020\/03\/Schauer-7-97x150.jpg 97w, http:\/\/museumek.eu\/wp-content\/uploads\/2020\/03\/Schauer-7.jpg 415w\" sizes=\"(max-width: 194px) 100vw, 194px\" \/><\/a><\/p>\n<p><a href=\"http:\/\/museumek.eu\/?attachment_id=45386\" rel=\"attachment wp-att-45386\"><img loading=\"lazy\" src=\"http:\/\/museumek.eu\/wp-content\/uploads\/2020\/03\/Schauer-8-300x224.jpg\" alt=\"\" title=\"Schauer 8\" width=\"300\" height=\"224\" class=\"alignnone size-medium wp-image-45386\" srcset=\"http:\/\/museumek.eu\/wp-content\/uploads\/2020\/03\/Schauer-8-300x224.jpg 300w, http:\/\/museumek.eu\/wp-content\/uploads\/2020\/03\/Schauer-8-150x112.jpg 150w, http:\/\/museumek.eu\/wp-content\/uploads\/2020\/03\/Schauer-8-401x300.jpg 401w, http:\/\/museumek.eu\/wp-content\/uploads\/2020\/03\/Schauer-8.jpg 640w\" sizes=\"(max-width: 300px) 100vw, 300px\" \/><\/a><\/p>\n<p><a href=\"http:\/\/museumek.eu\/?attachment_id=45387\" rel=\"attachment wp-att-45387\"><img loading=\"lazy\" src=\"http:\/\/museumek.eu\/wp-content\/uploads\/2020\/03\/Schauer-11-300x119.jpg\" alt=\"\" title=\"Schauer 11\" width=\"300\" height=\"119\" class=\"alignnone size-medium wp-image-45387\" srcset=\"http:\/\/museumek.eu\/wp-content\/uploads\/2020\/03\/Schauer-11-300x119.jpg 300w, http:\/\/museumek.eu\/wp-content\/uploads\/2020\/03\/Schauer-11-150x59.jpg 150w, http:\/\/museumek.eu\/wp-content\/uploads\/2020\/03\/Schauer-11-500x199.jpg 500w, http:\/\/museumek.eu\/wp-content\/uploads\/2020\/03\/Schauer-11.jpg 640w\" sizes=\"(max-width: 300px) 100vw, 300px\" \/><\/a><\/p>\n<p><a href=\"http:\/\/museumek.eu\/?attachment_id=45388\" rel=\"attachment wp-att-45388\"><img loading=\"lazy\" src=\"http:\/\/museumek.eu\/wp-content\/uploads\/2020\/03\/Schauer-3-175x300.jpg\" alt=\"\" title=\"Schauer 3\" width=\"175\" height=\"300\" class=\"alignnone size-medium wp-image-45388\" srcset=\"http:\/\/museumek.eu\/wp-content\/uploads\/2020\/03\/Schauer-3-175x300.jpg 175w, http:\/\/museumek.eu\/wp-content\/uploads\/2020\/03\/Schauer-3-87x150.jpg 87w, http:\/\/museumek.eu\/wp-content\/uploads\/2020\/03\/Schauer-3.jpg 375w\" sizes=\"(max-width: 175px) 100vw, 175px\" \/><\/a><\/p>\n<p><a href=\"http:\/\/museumek.eu\/?attachment_id=45389\" rel=\"attachment wp-att-45389\"><img loading=\"lazy\" src=\"http:\/\/museumek.eu\/wp-content\/uploads\/2020\/03\/Schauer-10-251x300.jpg\" alt=\"\" title=\"Schauer 10\" width=\"251\" height=\"300\" class=\"alignnone size-medium wp-image-45389\" srcset=\"http:\/\/museumek.eu\/wp-content\/uploads\/2020\/03\/Schauer-10-251x300.jpg 251w, http:\/\/museumek.eu\/wp-content\/uploads\/2020\/03\/Schauer-10-125x150.jpg 125w, http:\/\/museumek.eu\/wp-content\/uploads\/2020\/03\/Schauer-10.jpg 385w\" sizes=\"(max-width: 251px) 100vw, 251px\" \/><\/a><\/p>\n<p><a href=\"http:\/\/museumek.eu\/?attachment_id=45390\" rel=\"attachment wp-att-45390\"><img loading=\"lazy\" src=\"http:\/\/museumek.eu\/wp-content\/uploads\/2020\/03\/Schauer-9-300x279.jpg\" alt=\"\" title=\"Schauer 9\" width=\"300\" height=\"279\" class=\"alignnone size-medium wp-image-45390\" srcset=\"http:\/\/museumek.eu\/wp-content\/uploads\/2020\/03\/Schauer-9-300x279.jpg 300w, http:\/\/museumek.eu\/wp-content\/uploads\/2020\/03\/Schauer-9-150x139.jpg 150w, http:\/\/museumek.eu\/wp-content\/uploads\/2020\/03\/Schauer-9-321x300.jpg 321w, http:\/\/museumek.eu\/wp-content\/uploads\/2020\/03\/Schauer-9.jpg 515w\" sizes=\"(max-width: 300px) 100vw, 300px\" \/><\/a><\/p>\n<p><a href=\"http:\/\/museumek.eu\/?attachment_id=45391\" rel=\"attachment wp-att-45391\"><img loading=\"lazy\" src=\"http:\/\/museumek.eu\/wp-content\/uploads\/2020\/03\/Schauer-91-300x279.jpg\" alt=\"\" title=\"Schauer 9\" width=\"300\" height=\"279\" class=\"alignnone size-medium wp-image-45391\" srcset=\"http:\/\/museumek.eu\/wp-content\/uploads\/2020\/03\/Schauer-91-300x279.jpg 300w, http:\/\/museumek.eu\/wp-content\/uploads\/2020\/03\/Schauer-91-150x139.jpg 150w, http:\/\/museumek.eu\/wp-content\/uploads\/2020\/03\/Schauer-91-321x300.jpg 321w, http:\/\/museumek.eu\/wp-content\/uploads\/2020\/03\/Schauer-91.jpg 515w\" sizes=\"(max-width: 300px) 100vw, 300px\" \/><\/a><\/p>\n<p><a href=\"http:\/\/museumek.eu\/?attachment_id=45392\" rel=\"attachment wp-att-45392\"><img loading=\"lazy\" src=\"http:\/\/museumek.eu\/wp-content\/uploads\/2020\/03\/Schauer-12-300x175.jpg\" alt=\"\" title=\"Schauer 12\" width=\"300\" height=\"175\" class=\"alignnone size-medium wp-image-45392\" srcset=\"http:\/\/museumek.eu\/wp-content\/uploads\/2020\/03\/Schauer-12-300x175.jpg 300w, http:\/\/museumek.eu\/wp-content\/uploads\/2020\/03\/Schauer-12-150x87.jpg 150w, http:\/\/museumek.eu\/wp-content\/uploads\/2020\/03\/Schauer-12-500x292.jpg 500w, http:\/\/museumek.eu\/wp-content\/uploads\/2020\/03\/Schauer-12.jpg 640w\" sizes=\"(max-width: 300px) 100vw, 300px\" \/><\/a><\/p>\n<p><a href=\"http:\/\/museumek.eu\/?attachment_id=45393\" rel=\"attachment wp-att-45393\"><img loading=\"lazy\" src=\"http:\/\/museumek.eu\/wp-content\/uploads\/2020\/03\/Schauer-13-300x172.jpg\" alt=\"\" title=\"Schauer 13\" width=\"300\" height=\"172\" class=\"alignnone size-medium wp-image-45393\" srcset=\"http:\/\/museumek.eu\/wp-content\/uploads\/2020\/03\/Schauer-13-300x172.jpg 300w, http:\/\/museumek.eu\/wp-content\/uploads\/2020\/03\/Schauer-13-150x86.jpg 150w, http:\/\/museumek.eu\/wp-content\/uploads\/2020\/03\/Schauer-13-500x287.jpg 500w, http:\/\/museumek.eu\/wp-content\/uploads\/2020\/03\/Schauer-13.jpg 640w\" sizes=\"(max-width: 300px) 100vw, 300px\" \/><\/a><\/p>\n","protected":false},"excerpt":{"rendered":"<p>Wiener Emailfarbwerk Schauer &#038; Co., Austria, Wien, um 1910, Figur Pierrot et Pierrette, K\u00fcnstler Rudolf Podany, Werks.-Nr. 2443 (?), evtl. auch \u00dc 862, Exemplar Nr. ohne, gemarkt blauer Unterglasstempel mit Vienna Faience, sitzender Glasbl\u00e4ser, Schauer, nicht deutbare Pressmarke (wahrscheinlich die &hellip; <a href=\"http:\/\/museumek.eu\/?page_id=45400\">Weiterlesen <span class=\"meta-nav\">&rarr;<\/span><\/a><\/p>\n","protected":false},"author":1,"featured_media":0,"parent":45398,"menu_order":0,"comment_status":"closed","ping_status":"open","template":"","meta":[],"_links":{"self":[{"href":"http:\/\/museumek.eu\/index.php?rest_route=\/wp\/v2\/pages\/45400"}],"collection":[{"href":"http:\/\/museumek.eu\/index.php?rest_route=\/wp\/v2\/pages"}],"about":[{"href":"http:\/\/museumek.eu\/index.php?rest_route=\/wp\/v2\/types\/page"}],"author":[{"embeddable":true,"href":"http:\/\/museumek.eu\/index.php?rest_route=\/wp\/v2\/users\/1"}],"replies":[{"embeddable":true,"href":"http:\/\/museumek.eu\/index.php?rest_route=%2Fwp%2Fv2%2Fcomments&post=45400"}],"version-history":[{"count":2,"href":"http:\/\/museumek.eu\/index.php?rest_route=\/wp\/v2\/pages\/45400\/revisions"}],"predecessor-version":[{"id":45402,"href":"http:\/\/museumek.eu\/index.php?rest_route=\/wp\/v2\/pages\/45400\/revisions\/45402"}],"up":[{"embeddable":true,"href":"http:\/\/museumek.eu\/index.php?rest_route=\/wp\/v2\/pages\/45398"}],"wp:attachment":[{"href":"http:\/\/museumek.eu\/index.php?rest_route=%2Fwp%2Fv2%2Fmedia&parent=45400"}],"curies":[{"name":"wp","href":"https:\/\/api.w.org\/{rel}","templated":true}]}}