{"id":45500,"date":"2020-04-03T00:24:54","date_gmt":"2020-04-02T22:24:54","guid":{"rendered":"http:\/\/museumek.eu\/?page_id=45500"},"modified":"2020-04-03T00:26:39","modified_gmt":"2020-04-02T22:26:39","slug":"ai149","status":"publish","type":"page","link":"http:\/\/museumek.eu\/?page_id=45500","title":{"rendered":"A\/I\/149"},"content":{"rendered":"<p><strong>Abteilung Austria\/Ungarn\/B\u00f6hmen, Keramik 1860 &#8211; 1960, Inventarnummer A\/I\/149<\/strong><\/p>\n<p>Manufaktur Friedrich Goldscheider, Austria, Wien, um 1902, Stehender rauchender Goucho mit Hut (auf Rechtecksockel), K\u00fcnstler Hans Schoerk, Werks.-Nr. 2737\/Exemplar Nr. 66\/Modelleur Nr. 2, gemarkt Friedrich Goldscheider Wien Sculpturemarke aufgelegt, verwendet zwischen 1900 \u2013 1920, 2737, 66, 2 gepresst, r\u00f6misch 6 wei\u00df gemalt, Zusatzzeichen gepresst, Cherc geritzt, signiert Cherc, der Goucho ist auch eine Lampe, die elektrischen Kabel sind noch vorhanden, gleichfalls eine sehr kleine Lampenfassung, im Rechtecksockel hinten, befindet sich das Einf\u00fchrungsloch f\u00fcr die elektrische Zuleitung, eventuell fehlt eine Pfeife oder eine\/ein Zigarette\/Zigarillo, zwischen den Lippen ist eine kleine Runde runde &#8222;Ausstanzung&#8220;, wohl zum Gegenhalt einer Pfeife, eines Zigarillos oder einer Zigarette, Literatur: Robert E. Dechant\/Filipp Goldscheider, Goldscheider Firmengeschichte und Werkverzeichnis, Seite 365, dort ohne Foto erfasst, Seite 604, Firmenmarke GS 13 (f\u00fcr die Zeit 1900 \u2013 1920), Seite 606, Zeichen GS Z 4 (f\u00fcr die Zeit 1885 &#8211; 1922) identisch, die Urspr\u00fcnge der Firma gehen zur\u00fcck auf das Pilsener Handelsunternehmen Moritz Goldscheider der 1860\u2018 Jahre, nach dem Tode von Moritz Goldscheider werden die Br\u00fcder Eduard und Friedrich Goldscheider Eigent\u00fcmer und firmieren ab 1877 als M. Goldscheider\u2019s Erben, Thon-und Kunststeinmanufactur Werk Moldau und ab 1878 als Br\u00fcder Goldscheider, im Jahre 1878 wandert Friedrich Goldscheider nach Wien aus und Eduard f\u00fchrt die Firma in Pilsen bis zum Konkurs 1892 allein weiter, Friedrich Goldscheider firmiert in Wien ab 1880 als Goldscheider\u2019sche Porzellan-Manufaktur und Porzellanmalerei, neben Handelsgesch\u00e4ften betreibt die Firma vorwiegend die Porzellanmalerei, das Porzellan wird von b\u00f6hmischen Manufakturen bezogen und teilweise auch in B\u00f6hmen bemalt, ab 1885 \u00e4ndert sich die Firmierung in Goldscheider\u2019sche Porzellan-Manufaktur und Majolicafabrik, das Jahr 1885 gilt als das offizielle Gr\u00fcndungsjahr, ab 1887 bezeichnet Friedrich Goldscheider seine Fabrik als Erste Wiener Terracotta- und Majolika-Fabrik Friedrich Goldscheider oder als Erste Wiener Kunst-Terracotta-Fabrik und kunstgewerbliche Ateliers Friedrich Goldscheider und offiziell ab 1894 als Friedrich Goldscheider Erste Wiener Terrakottafabrik, Friedrich Goldscheider stirbt im Jahre 1897, seine Ehefrau Regine Goldscheider wird Alleineigent\u00fcmer und firmiert ab 1899 als Friedrich Goldscheider in Wien, Berlin und Leipzig, ab 1907 firmiert die Firma als Erste Wiener Terrakottafabrik und Atelier f\u00fcr k\u00fcnstlerische Fayencen Friedrich Goldscheider, im Jahre 1918 stirbt Regine und die S\u00f6hne Walter und Marcell Goldscheider werden Inhaber, ab 1921 \u00e4ndert sich die Firmierung in Wiener Manufaktur Friedrich Goldscheider, 1928 scheidet Marcell Goldscheider aus und gr\u00fcndet seine eigene Firma in Wien, 1939 wird die Firma arisiert und Josef Schuster wird Inhaber, Firmierung ab 1939, Wiener Manufaktur Friedrich Goldscheider Nachf., Inhaber Josef Schuster, ab 1941 lautet die Firmierung Wiener Manufaktur Josef Schuster, vorm. Friedrich Goldscheider, nach dem WK II erh\u00e4lt Friedrich Goldscheider seine Firma zur\u00fcck und firmiert ab 1950 wieder als Wiener Manufaktur Friedrich Goldscheider, in dieser Zeit verkauft er die Firma an die Majolikafabrik Carstens, in Fredelsloh, die in Fredelsloh Wiederauflagen alter Modelle in minderwertigem braunem Ton aber auch neue Modelle ebenfalls in dieser Tonart produziert, ab 1953 firmiert die Firma als Kunstkeramische Manufaktur Goldscheider GmbH und 1960 wird die Produktion in Fredelsloh eingestellt, <strong>das MEK Exemplar dieser Figur, ist wahrscheinlich das Einzige erhalten gebliebene Exemplar, im Werksverzeichnis von Dechant\/Goldscheider, werden keine bekannten Exemplare aufgef\u00fchrt<\/strong>,<br \/>\nH\u00f6he 67 cm, Breite 19 cm<\/p>\n<p><a href=\"http:\/\/museumek.eu\/?attachment_id=45467\" rel=\"attachment wp-att-45467\"><img loading=\"lazy\" src=\"http:\/\/museumek.eu\/wp-content\/uploads\/2013\/02\/Pfeiferaucher-1-128x300.jpg\" alt=\"\" title=\"Pfeiferaucher 1\" width=\"128\" height=\"300\" class=\"alignnone size-medium wp-image-45467\" srcset=\"http:\/\/museumek.eu\/wp-content\/uploads\/2013\/02\/Pfeiferaucher-1-128x300.jpg 128w, http:\/\/museumek.eu\/wp-content\/uploads\/2013\/02\/Pfeiferaucher-1-64x150.jpg 64w, http:\/\/museumek.eu\/wp-content\/uploads\/2013\/02\/Pfeiferaucher-1.jpg 274w\" sizes=\"(max-width: 128px) 100vw, 128px\" \/><\/a><\/p>\n<p><a href=\"http:\/\/museumek.eu\/?attachment_id=45468\" rel=\"attachment wp-att-45468\"><img loading=\"lazy\" src=\"http:\/\/museumek.eu\/wp-content\/uploads\/2013\/02\/Pfeiferaucher-2-97x300.jpg\" alt=\"\" title=\"Pfeiferaucher 2\" width=\"97\" height=\"300\" class=\"alignnone size-medium wp-image-45468\" srcset=\"http:\/\/museumek.eu\/wp-content\/uploads\/2013\/02\/Pfeiferaucher-2-97x300.jpg 97w, http:\/\/museumek.eu\/wp-content\/uploads\/2013\/02\/Pfeiferaucher-2.jpg 207w\" sizes=\"(max-width: 97px) 100vw, 97px\" \/><\/a><\/p>\n<p><a href=\"http:\/\/museumek.eu\/?attachment_id=45469\" rel=\"attachment wp-att-45469\"><img loading=\"lazy\" src=\"http:\/\/museumek.eu\/wp-content\/uploads\/2013\/02\/Pfeiferaucher-3-124x300.jpg\" alt=\"\" title=\"Pfeiferaucher 3\" width=\"124\" height=\"300\" class=\"alignnone size-medium wp-image-45469\" srcset=\"http:\/\/museumek.eu\/wp-content\/uploads\/2013\/02\/Pfeiferaucher-3-124x300.jpg 124w, http:\/\/museumek.eu\/wp-content\/uploads\/2013\/02\/Pfeiferaucher-3-62x150.jpg 62w\" sizes=\"(max-width: 124px) 100vw, 124px\" \/><\/a><\/p>\n<p><a href=\"http:\/\/museumek.eu\/?attachment_id=45470\" rel=\"attachment wp-att-45470\"><img loading=\"lazy\" src=\"http:\/\/museumek.eu\/wp-content\/uploads\/2013\/02\/Pfeiferaucher-4-113x300.jpg\" alt=\"\" title=\"Pfeiferaucher 4\" width=\"113\" height=\"300\" class=\"alignnone size-medium wp-image-45470\" srcset=\"http:\/\/museumek.eu\/wp-content\/uploads\/2013\/02\/Pfeiferaucher-4-113x300.jpg 113w, http:\/\/museumek.eu\/wp-content\/uploads\/2013\/02\/Pfeiferaucher-4-56x150.jpg 56w\" sizes=\"(max-width: 113px) 100vw, 113px\" \/><\/a><\/p>\n<p><a href=\"http:\/\/museumek.eu\/?attachment_id=45471\" rel=\"attachment wp-att-45471\"><img loading=\"lazy\" src=\"http:\/\/museumek.eu\/wp-content\/uploads\/2013\/02\/Pfeiferaucher-5-232x300.jpg\" alt=\"\" title=\"Pfeiferaucher 5\" width=\"232\" height=\"300\" class=\"alignnone size-medium wp-image-45471\" srcset=\"http:\/\/museumek.eu\/wp-content\/uploads\/2013\/02\/Pfeiferaucher-5-232x300.jpg 232w, http:\/\/museumek.eu\/wp-content\/uploads\/2013\/02\/Pfeiferaucher-5-116x150.jpg 116w, http:\/\/museumek.eu\/wp-content\/uploads\/2013\/02\/Pfeiferaucher-5.jpg 480w\" sizes=\"(max-width: 232px) 100vw, 232px\" \/><\/a><\/p>\n<p><a href=\"http:\/\/museumek.eu\/?attachment_id=45472\" rel=\"attachment wp-att-45472\"><img loading=\"lazy\" src=\"http:\/\/museumek.eu\/wp-content\/uploads\/2013\/02\/Pfeiferaucher-6-227x300.jpg\" alt=\"\" title=\"Pfeiferaucher 6\" width=\"227\" height=\"300\" class=\"alignnone size-medium wp-image-45472\" srcset=\"http:\/\/museumek.eu\/wp-content\/uploads\/2013\/02\/Pfeiferaucher-6-227x300.jpg 227w, http:\/\/museumek.eu\/wp-content\/uploads\/2013\/02\/Pfeiferaucher-6-113x150.jpg 113w, http:\/\/museumek.eu\/wp-content\/uploads\/2013\/02\/Pfeiferaucher-6.jpg 480w\" sizes=\"(max-width: 227px) 100vw, 227px\" \/><\/a><\/p>\n<p><a href=\"http:\/\/museumek.eu\/?attachment_id=45475\" rel=\"attachment wp-att-45475\"><img loading=\"lazy\" src=\"http:\/\/museumek.eu\/wp-content\/uploads\/2013\/02\/Pfeiferaucher-7-300x255.jpg\" alt=\"\" title=\"Pfeiferaucher 7\" width=\"300\" height=\"255\" class=\"alignnone size-medium wp-image-45475\" srcset=\"http:\/\/museumek.eu\/wp-content\/uploads\/2013\/02\/Pfeiferaucher-7-300x255.jpg 300w, http:\/\/museumek.eu\/wp-content\/uploads\/2013\/02\/Pfeiferaucher-7-150x127.jpg 150w, http:\/\/museumek.eu\/wp-content\/uploads\/2013\/02\/Pfeiferaucher-7-351x300.jpg 351w, http:\/\/museumek.eu\/wp-content\/uploads\/2013\/02\/Pfeiferaucher-7.jpg 563w\" sizes=\"(max-width: 300px) 100vw, 300px\" \/><\/a><\/p>\n<p><a href=\"http:\/\/museumek.eu\/?attachment_id=45476\" rel=\"attachment wp-att-45476\"><img loading=\"lazy\" src=\"http:\/\/museumek.eu\/wp-content\/uploads\/2013\/02\/Pfeiferaucher-8-300x279.jpg\" alt=\"\" title=\"Pfeiferaucher 8\" width=\"300\" height=\"279\" class=\"alignnone size-medium wp-image-45476\" srcset=\"http:\/\/museumek.eu\/wp-content\/uploads\/2013\/02\/Pfeiferaucher-8-300x279.jpg 300w, http:\/\/museumek.eu\/wp-content\/uploads\/2013\/02\/Pfeiferaucher-8-150x139.jpg 150w, http:\/\/museumek.eu\/wp-content\/uploads\/2013\/02\/Pfeiferaucher-8-322x300.jpg 322w, http:\/\/museumek.eu\/wp-content\/uploads\/2013\/02\/Pfeiferaucher-8.jpg 516w\" sizes=\"(max-width: 300px) 100vw, 300px\" \/><\/a><\/p>\n<p><a href=\"http:\/\/museumek.eu\/?attachment_id=45477\" rel=\"attachment wp-att-45477\"><img loading=\"lazy\" src=\"http:\/\/museumek.eu\/wp-content\/uploads\/2013\/02\/Pfeiferaucher-9-205x300.jpg\" alt=\"\" title=\"Pfeiferaucher 9\" width=\"205\" height=\"300\" class=\"alignnone size-medium wp-image-45477\" srcset=\"http:\/\/museumek.eu\/wp-content\/uploads\/2013\/02\/Pfeiferaucher-9-205x300.jpg 205w, http:\/\/museumek.eu\/wp-content\/uploads\/2013\/02\/Pfeiferaucher-9-102x150.jpg 102w, http:\/\/museumek.eu\/wp-content\/uploads\/2013\/02\/Pfeiferaucher-9.jpg 438w\" sizes=\"(max-width: 205px) 100vw, 205px\" \/><\/a><\/p>\n<p><a href=\"http:\/\/museumek.eu\/?attachment_id=45478\" rel=\"attachment wp-att-45478\"><img loading=\"lazy\" src=\"http:\/\/museumek.eu\/wp-content\/uploads\/2013\/02\/Pfeiferaucher-10-300x281.jpg\" alt=\"\" title=\"Pfeiferaucher 10\" width=\"300\" height=\"281\" class=\"alignnone size-medium wp-image-45478\" srcset=\"http:\/\/museumek.eu\/wp-content\/uploads\/2013\/02\/Pfeiferaucher-10-300x281.jpg 300w, http:\/\/museumek.eu\/wp-content\/uploads\/2013\/02\/Pfeiferaucher-10-150x140.jpg 150w, http:\/\/museumek.eu\/wp-content\/uploads\/2013\/02\/Pfeiferaucher-10-320x300.jpg 320w, http:\/\/museumek.eu\/wp-content\/uploads\/2013\/02\/Pfeiferaucher-10.jpg 512w\" sizes=\"(max-width: 300px) 100vw, 300px\" \/><\/a><\/p>\n<p><a href=\"http:\/\/museumek.eu\/?attachment_id=45479\" rel=\"attachment wp-att-45479\"><img loading=\"lazy\" src=\"http:\/\/museumek.eu\/wp-content\/uploads\/2013\/02\/Pfeiferaucher-11-300x294.jpg\" alt=\"\" title=\"Pfeiferaucher 11\" width=\"300\" height=\"294\" class=\"alignnone size-medium wp-image-45479\" srcset=\"http:\/\/museumek.eu\/wp-content\/uploads\/2013\/02\/Pfeiferaucher-11-300x294.jpg 300w, http:\/\/museumek.eu\/wp-content\/uploads\/2013\/02\/Pfeiferaucher-11-150x147.jpg 150w, http:\/\/museumek.eu\/wp-content\/uploads\/2013\/02\/Pfeiferaucher-11-305x300.jpg 305w, http:\/\/museumek.eu\/wp-content\/uploads\/2013\/02\/Pfeiferaucher-11.jpg 489w\" sizes=\"(max-width: 300px) 100vw, 300px\" \/><\/a><\/p>\n","protected":false},"excerpt":{"rendered":"<p>Abteilung Austria\/Ungarn\/B\u00f6hmen, Keramik 1860 &#8211; 1960, Inventarnummer A\/I\/149 Manufaktur Friedrich Goldscheider, Austria, Wien, um 1902, Stehender rauchender Goucho mit Hut (auf Rechtecksockel), K\u00fcnstler Hans Schoerk, Werks.-Nr. 2737\/Exemplar Nr. 66\/Modelleur Nr. 2, gemarkt Friedrich Goldscheider Wien Sculpturemarke aufgelegt, verwendet zwischen 1900 &hellip; <a href=\"http:\/\/museumek.eu\/?page_id=45500\">Weiterlesen <span class=\"meta-nav\">&rarr;<\/span><\/a><\/p>\n","protected":false},"author":1,"featured_media":0,"parent":39508,"menu_order":149,"comment_status":"closed","ping_status":"open","template":"","meta":[],"_links":{"self":[{"href":"http:\/\/museumek.eu\/index.php?rest_route=\/wp\/v2\/pages\/45500"}],"collection":[{"href":"http:\/\/museumek.eu\/index.php?rest_route=\/wp\/v2\/pages"}],"about":[{"href":"http:\/\/museumek.eu\/index.php?rest_route=\/wp\/v2\/types\/page"}],"author":[{"embeddable":true,"href":"http:\/\/museumek.eu\/index.php?rest_route=\/wp\/v2\/users\/1"}],"replies":[{"embeddable":true,"href":"http:\/\/museumek.eu\/index.php?rest_route=%2Fwp%2Fv2%2Fcomments&post=45500"}],"version-history":[{"count":4,"href":"http:\/\/museumek.eu\/index.php?rest_route=\/wp\/v2\/pages\/45500\/revisions"}],"predecessor-version":[{"id":45504,"href":"http:\/\/museumek.eu\/index.php?rest_route=\/wp\/v2\/pages\/45500\/revisions\/45504"}],"up":[{"embeddable":true,"href":"http:\/\/museumek.eu\/index.php?rest_route=\/wp\/v2\/pages\/39508"}],"wp:attachment":[{"href":"http:\/\/museumek.eu\/index.php?rest_route=%2Fwp%2Fv2%2Fmedia&parent=45500"}],"curies":[{"name":"wp","href":"https:\/\/api.w.org\/{rel}","templated":true}]}}