{"id":45593,"date":"2020-04-05T15:44:03","date_gmt":"2020-04-05T13:44:03","guid":{"rendered":"http:\/\/museumek.eu\/?page_id=45593"},"modified":"2020-04-05T15:44:03","modified_gmt":"2020-04-05T13:44:03","slug":"kurzbiografie-und-inventar-zum-kunstler","status":"publish","type":"page","link":"http:\/\/museumek.eu\/?page_id=45593","title":{"rendered":"Kurzbiografie und Inventar zum K\u00fcnstler"},"content":{"rendered":"<p>Die Signatur G. H. konnte nicht aufgel\u00f6st werden. <\/p>\n<p><strong>Abteilung Austria\/Ungarn\/B\u00f6hmen, Keramik 1860 &#8211; 1960, Inventarnummer A\/I\/3<\/strong><\/p>\n<p>Friedrich Goldscheider Erste Wiener Terrakottafabrik, Austria, Wien, ca. 1895\/1897, Figur M\u00f6nch (trinkend, gro\u00df), K\u00fcnstler unbekannt, Werks.-Nr. 917, Exemplar Nr. 27, Modelleur Nr.ohne, gemarkt Firmenmarke mit F. GOLDSCHEIDER WIEN sowie VERVIELF\u00c4LTIGUNG VORBEHALTEN gepresst, 917, 27 sowie C. (oder G.) und H. geritzt, signiert C. (oder G.) H. (wahrscheinlich die K\u00fcnstlersignatur, diese nicht aufgel\u00f6st), Literatur: Robert E. Dechant\/Filipp Goldscheider, Firmengeschichte und Werkverzeichnis, Seite 306, dort noch ohne Foto und unvollst\u00e4ndig erfasst sowie Seite 604, Firmenmarke GS 3 (f\u00fcr die Zeit 1887 \u2013 1897) identisch, die Urspr\u00fcnge der Firma gehen zur\u00fcck auf das Pilsener Handelsunternehmen Moritz Goldscheider der 1860\u2018 Jahre, nach dem Tode von Moritz Goldscheider werden die Br\u00fcder Eduard und Friedrich Goldscheider Eigent\u00fcmer und firmieren ab 1877 als M. Goldscheider\u2019s Erben, Thon-und Kunststeinmanufactur Werk Moldau und ab 1878 als Br\u00fcder Goldscheider, im Jahre 1878 wandert Friedrich Goldscheider nach Wien aus und Eduard f\u00fchrt die Firma in Pilsen bis zum Konkurs 1892 allein weiter, Friedrich Goldscheider firmiert in Wien ab 1880 als Goldscheider\u2019sche Porzellan-Manufaktur und Porzellanmalerei, neben Handelsgesch\u00e4ften betreibt die Firma vorwiegend die Porzellanmalerei, das Porzellan wird von b\u00f6hmischen Manufakturen bezogen und teilweise auch in B\u00f6hmen bemalt, ab 1885 \u00e4ndert sich die Firmierung in Goldscheider\u2019sche Porzellan-Manufaktur und Majolicafabrik, das Jahr 1885 gilt als das offizielle Gr\u00fcndungsjahr, ab 1887 bezeichnet Friedrich Goldscheider seine Fabrik als Erste Wiener Terracotta- und Majolika-Fabrik Friedrich Goldscheider oder als Erste Wiener Kunst-Terracotta-Fabrik und kunstgewerbliche Ateliers Friedrich Goldscheider und offiziell ab 1894 als Friedrich Goldscheider Erste Wiener Terrakottafabrik, Friedrich Goldscheider stirbt im Jahre 1897, seine Ehefrau Regine Goldscheider wird Alleineigent\u00fcmer und firmiert ab 1899 als Friedrich Goldscheider in Wien, Berlin und Leipzig, ab 1907 firmiert die Firma als Erste Wiener Terrakottafabrik und Atelier f\u00fcr k\u00fcnstlerische Fayencen Friedrich Goldscheider, im Jahre 1918 stirbt Regine und die S\u00f6hne Walter und Marcell Goldscheider werden Inhaber, ab 1921 \u00e4ndert sich die Firmierung in Wiener Manufaktur Friedrich Goldscheider, 1928 scheidet Marcell Goldscheider aus und gr\u00fcndet seine eigene Firma in Wien, 1939 wird die Firma arisiert und Josef Schuster wird Inhaber, Firmierung ab 1939, Wiener Manufaktur Friedrich Goldscheider Nachf., Inhaber Josef Schuster, ab 1941 lautet die Firmierung Wiener Manufaktur Josef Schuster, vorm. Friedrich Goldscheider, nach dem WK II erh\u00e4lt Friedrich Goldscheider seine Firma zur\u00fcck und firmiert ab 1950 wieder als Wiener Manufaktur Friedrich Goldscheider, in dieser Zeit verkauft er die Firma an die Majolikafabrik Carstens, in Fredelsloh, die in Fredelsloh Wiederauflagen alter Modelle in minderwertigem braunem Ton aber auch neue Modelle ebenfalls in dieser Tonart produziert, ab 1953 firmiert die Firma als Kunstkeramische Manufaktur Goldscheider GmbH und 1960 wird die Produktion in Fredelsloh eingestellt, <strong>das MEK Exemplar dieser Figur ist eines der Wenigen erhalten gebliebenen Exemplare, nach den Ausf\u00fchrungen von Dechant\/Goldscheider wurde Exemplar Nr. 89 \u00fcber ebay versteigert, au\u00dferdem ist Exemplar Nr. 1 (MEK Inv. Nr. A\/I\/150) im Inventar des MEK, wobei zu bemerken ist, das bereits Exemplar Nr. 27 optisch und bezogen auf die Ma\u00dfe (1 cm kleiner und 1 cm weniger breit) vom Exemplar Nr. 1 abweicht, siehe Fotos<\/strong>, H\u00f6he 35 cm, Breite 14 cm<\/p>\n<p><a href=\"http:\/\/museumek.eu\/?attachment_id=45573\" rel=\"attachment wp-att-45573\"><img loading=\"lazy\" src=\"http:\/\/museumek.eu\/wp-content\/uploads\/2011\/09\/M\u00f6nch-917-27-Bild-1-136x300.jpg\" alt=\"\" title=\"M\u00f6nch 917 27 Bild 1\" width=\"136\" height=\"300\" class=\"alignnone size-medium wp-image-45573\" srcset=\"http:\/\/museumek.eu\/wp-content\/uploads\/2011\/09\/M\u00f6nch-917-27-Bild-1-136x300.jpg 136w, http:\/\/museumek.eu\/wp-content\/uploads\/2011\/09\/M\u00f6nch-917-27-Bild-1-68x150.jpg 68w, http:\/\/museumek.eu\/wp-content\/uploads\/2011\/09\/M\u00f6nch-917-27-Bild-1.jpg 291w\" sizes=\"(max-width: 136px) 100vw, 136px\" \/><\/a><\/p>\n<p><a href=\"http:\/\/museumek.eu\/?attachment_id=45574\" rel=\"attachment wp-att-45574\"><img loading=\"lazy\" src=\"http:\/\/museumek.eu\/wp-content\/uploads\/2011\/09\/M\u00f6nch-917-27-Bild-2-122x300.jpg\" alt=\"\" title=\"M\u00f6nch 917 27 Bild 2\" width=\"122\" height=\"300\" class=\"alignnone size-medium wp-image-45574\" srcset=\"http:\/\/museumek.eu\/wp-content\/uploads\/2011\/09\/M\u00f6nch-917-27-Bild-2-122x300.jpg 122w, http:\/\/museumek.eu\/wp-content\/uploads\/2011\/09\/M\u00f6nch-917-27-Bild-2-61x150.jpg 61w\" sizes=\"(max-width: 122px) 100vw, 122px\" \/><\/a><\/p>\n<p><a href=\"http:\/\/museumek.eu\/?attachment_id=45577\" rel=\"attachment wp-att-45577\"><img loading=\"lazy\" src=\"http:\/\/museumek.eu\/wp-content\/uploads\/2011\/09\/M\u00f6nch-917-27-Bild-3-136x300.jpg\" alt=\"\" title=\"M\u00f6nch 917 27 Bild 3\" width=\"136\" height=\"300\" class=\"alignnone size-medium wp-image-45577\" srcset=\"http:\/\/museumek.eu\/wp-content\/uploads\/2011\/09\/M\u00f6nch-917-27-Bild-3-136x300.jpg 136w, http:\/\/museumek.eu\/wp-content\/uploads\/2011\/09\/M\u00f6nch-917-27-Bild-3-68x150.jpg 68w, http:\/\/museumek.eu\/wp-content\/uploads\/2011\/09\/M\u00f6nch-917-27-Bild-3.jpg 291w\" sizes=\"(max-width: 136px) 100vw, 136px\" \/><\/a><\/p>\n<p><a href=\"http:\/\/museumek.eu\/?attachment_id=45578\" rel=\"attachment wp-att-45578\"><img loading=\"lazy\" src=\"http:\/\/museumek.eu\/wp-content\/uploads\/2011\/09\/M\u00f6nch-917-27-Bild-4-129x300.jpg\" alt=\"\" title=\"M\u00f6nch 917 27 Bild 4\" width=\"129\" height=\"300\" class=\"alignnone size-medium wp-image-45578\" srcset=\"http:\/\/museumek.eu\/wp-content\/uploads\/2011\/09\/M\u00f6nch-917-27-Bild-4-129x300.jpg 129w, http:\/\/museumek.eu\/wp-content\/uploads\/2011\/09\/M\u00f6nch-917-27-Bild-4-64x150.jpg 64w, http:\/\/museumek.eu\/wp-content\/uploads\/2011\/09\/M\u00f6nch-917-27-Bild-4.jpg 276w\" sizes=\"(max-width: 129px) 100vw, 129px\" \/><\/a><\/p>\n<p><a href=\"http:\/\/museumek.eu\/?attachment_id=45581\" rel=\"attachment wp-att-45581\"><img loading=\"lazy\" src=\"http:\/\/museumek.eu\/wp-content\/uploads\/2011\/09\/M\u00f6nch-917-27-Bild-5-273x300.jpg\" alt=\"\" title=\"M\u00f6nch 917 27 Bild 5\" width=\"273\" height=\"300\" class=\"alignnone size-medium wp-image-45581\" srcset=\"http:\/\/museumek.eu\/wp-content\/uploads\/2011\/09\/M\u00f6nch-917-27-Bild-5-273x300.jpg 273w, http:\/\/museumek.eu\/wp-content\/uploads\/2011\/09\/M\u00f6nch-917-27-Bild-5-136x150.jpg 136w, http:\/\/museumek.eu\/wp-content\/uploads\/2011\/09\/M\u00f6nch-917-27-Bild-5.jpg 480w\" sizes=\"(max-width: 273px) 100vw, 273px\" \/><\/a><\/p>\n<p><a href=\"http:\/\/museumek.eu\/?attachment_id=45582\" rel=\"attachment wp-att-45582\"><img loading=\"lazy\" src=\"http:\/\/museumek.eu\/wp-content\/uploads\/2011\/09\/M\u00f6nch-917-27-Bild-6-300x240.jpg\" alt=\"\" title=\"M\u00f6nch 917 27 Bild 6\" width=\"300\" height=\"240\" class=\"alignnone size-medium wp-image-45582\" srcset=\"http:\/\/museumek.eu\/wp-content\/uploads\/2011\/09\/M\u00f6nch-917-27-Bild-6-300x240.jpg 300w, http:\/\/museumek.eu\/wp-content\/uploads\/2011\/09\/M\u00f6nch-917-27-Bild-6-150x120.jpg 150w, http:\/\/museumek.eu\/wp-content\/uploads\/2011\/09\/M\u00f6nch-917-27-Bild-6-373x300.jpg 373w, http:\/\/museumek.eu\/wp-content\/uploads\/2011\/09\/M\u00f6nch-917-27-Bild-6.jpg 598w\" sizes=\"(max-width: 300px) 100vw, 300px\" \/><\/a><\/p>\n<p><a href=\"http:\/\/museumek.eu\/?attachment_id=45585\" rel=\"attachment wp-att-45585\"><img loading=\"lazy\" src=\"http:\/\/museumek.eu\/wp-content\/uploads\/2011\/09\/M\u00f6nch-917-27-Bild-7-300x262.jpg\" alt=\"\" title=\"M\u00f6nch 917 27 Bild 7\" width=\"300\" height=\"262\" class=\"alignnone size-medium wp-image-45585\" srcset=\"http:\/\/museumek.eu\/wp-content\/uploads\/2011\/09\/M\u00f6nch-917-27-Bild-7-300x262.jpg 300w, http:\/\/museumek.eu\/wp-content\/uploads\/2011\/09\/M\u00f6nch-917-27-Bild-7-150x131.jpg 150w, http:\/\/museumek.eu\/wp-content\/uploads\/2011\/09\/M\u00f6nch-917-27-Bild-7-342x300.jpg 342w, http:\/\/museumek.eu\/wp-content\/uploads\/2011\/09\/M\u00f6nch-917-27-Bild-7.jpg 548w\" sizes=\"(max-width: 300px) 100vw, 300px\" \/><\/a><\/p>\n<p><a href=\"http:\/\/museumek.eu\/?attachment_id=45586\" rel=\"attachment wp-att-45586\"><img loading=\"lazy\" src=\"http:\/\/museumek.eu\/wp-content\/uploads\/2011\/09\/M\u00f6nch-917-27-Bild-8-300x158.jpg\" alt=\"\" title=\"M\u00f6nch 917 27 Bild 8\" width=\"300\" height=\"158\" class=\"alignnone size-medium wp-image-45586\" srcset=\"http:\/\/museumek.eu\/wp-content\/uploads\/2011\/09\/M\u00f6nch-917-27-Bild-8-300x158.jpg 300w, http:\/\/museumek.eu\/wp-content\/uploads\/2011\/09\/M\u00f6nch-917-27-Bild-8-150x79.jpg 150w, http:\/\/museumek.eu\/wp-content\/uploads\/2011\/09\/M\u00f6nch-917-27-Bild-8-500x264.jpg 500w, http:\/\/museumek.eu\/wp-content\/uploads\/2011\/09\/M\u00f6nch-917-27-Bild-8.jpg 640w\" sizes=\"(max-width: 300px) 100vw, 300px\" \/><\/a><\/p>\n<p><a href=\"http:\/\/museumek.eu\/?attachment_id=45509\" rel=\"attachment wp-att-45509\"><img loading=\"lazy\" src=\"http:\/\/museumek.eu\/wp-content\/uploads\/2011\/09\/M\u00f6nch-14-273x300.jpg\" alt=\"\" title=\"M\u00f6nch 14\" width=\"273\" height=\"300\" class=\"alignnone size-medium wp-image-45509\" srcset=\"http:\/\/museumek.eu\/wp-content\/uploads\/2011\/09\/M\u00f6nch-14-273x300.jpg 273w, http:\/\/museumek.eu\/wp-content\/uploads\/2011\/09\/M\u00f6nch-14-136x150.jpg 136w, http:\/\/museumek.eu\/wp-content\/uploads\/2011\/09\/M\u00f6nch-14.jpg 480w\" sizes=\"(max-width: 273px) 100vw, 273px\" \/><\/a><\/p>\n<p><a href=\"http:\/\/museumek.eu\/?attachment_id=45510\" rel=\"attachment wp-att-45510\"><img loading=\"lazy\" src=\"http:\/\/museumek.eu\/wp-content\/uploads\/2011\/09\/M\u00f6nch-151-268x300.jpg\" alt=\"\" title=\"M\u00f6nch 15\" width=\"268\" height=\"300\" class=\"alignnone size-medium wp-image-45510\" srcset=\"http:\/\/museumek.eu\/wp-content\/uploads\/2011\/09\/M\u00f6nch-151-268x300.jpg 268w, http:\/\/museumek.eu\/wp-content\/uploads\/2011\/09\/M\u00f6nch-151-134x150.jpg 134w, http:\/\/museumek.eu\/wp-content\/uploads\/2011\/09\/M\u00f6nch-151.jpg 480w\" sizes=\"(max-width: 268px) 100vw, 268px\" \/><\/a><\/p>\n<p><a href=\"http:\/\/museumek.eu\/?attachment_id=45511\" rel=\"attachment wp-att-45511\"><img loading=\"lazy\" src=\"http:\/\/museumek.eu\/wp-content\/uploads\/2011\/09\/M\u00f6nch-16-260x300.jpg\" alt=\"\" title=\"M\u00f6nch 16\" width=\"260\" height=\"300\" class=\"alignnone size-medium wp-image-45511\" srcset=\"http:\/\/museumek.eu\/wp-content\/uploads\/2011\/09\/M\u00f6nch-16-260x300.jpg 260w, http:\/\/museumek.eu\/wp-content\/uploads\/2011\/09\/M\u00f6nch-16-130x150.jpg 130w, http:\/\/museumek.eu\/wp-content\/uploads\/2011\/09\/M\u00f6nch-16.jpg 480w\" sizes=\"(max-width: 260px) 100vw, 260px\" \/><\/a><\/p>\n<p><a href=\"http:\/\/museumek.eu\/?attachment_id=45512\" rel=\"attachment wp-att-45512\"><img loading=\"lazy\" src=\"http:\/\/museumek.eu\/wp-content\/uploads\/2011\/09\/M\u00f6nch-17-227x300.jpg\" alt=\"\" title=\"M\u00f6nch 17\" width=\"227\" height=\"300\" class=\"alignnone size-medium wp-image-45512\" srcset=\"http:\/\/museumek.eu\/wp-content\/uploads\/2011\/09\/M\u00f6nch-17-227x300.jpg 227w, http:\/\/museumek.eu\/wp-content\/uploads\/2011\/09\/M\u00f6nch-17-113x150.jpg 113w, http:\/\/museumek.eu\/wp-content\/uploads\/2011\/09\/M\u00f6nch-17.jpg 480w\" sizes=\"(max-width: 227px) 100vw, 227px\" \/><\/a><\/p>\n<p><a href=\"http:\/\/museumek.eu\/?attachment_id=45513\" rel=\"attachment wp-att-45513\"><img loading=\"lazy\" src=\"http:\/\/museumek.eu\/wp-content\/uploads\/2011\/09\/M\u00f6nch-18-300x195.jpg\" alt=\"\" title=\"M\u00f6nch 18\" width=\"300\" height=\"195\" class=\"alignnone size-medium wp-image-45513\" srcset=\"http:\/\/museumek.eu\/wp-content\/uploads\/2011\/09\/M\u00f6nch-18-300x195.jpg 300w, http:\/\/museumek.eu\/wp-content\/uploads\/2011\/09\/M\u00f6nch-18-150x97.jpg 150w, http:\/\/museumek.eu\/wp-content\/uploads\/2011\/09\/M\u00f6nch-18-460x300.jpg 460w, http:\/\/museumek.eu\/wp-content\/uploads\/2011\/09\/M\u00f6nch-18.jpg 640w\" sizes=\"(max-width: 300px) 100vw, 300px\" \/><\/a><\/p>\n<p><a href=\"http:\/\/museumek.eu\/?attachment_id=45514\" rel=\"attachment wp-att-45514\"><img loading=\"lazy\" src=\"http:\/\/museumek.eu\/wp-content\/uploads\/2011\/09\/M\u00f6nch-19-300x79.jpg\" alt=\"\" title=\"M\u00f6nch 19\" width=\"300\" height=\"79\" class=\"alignnone size-medium wp-image-45514\" srcset=\"http:\/\/museumek.eu\/wp-content\/uploads\/2011\/09\/M\u00f6nch-19-300x79.jpg 300w, http:\/\/museumek.eu\/wp-content\/uploads\/2011\/09\/M\u00f6nch-19-150x39.jpg 150w, http:\/\/museumek.eu\/wp-content\/uploads\/2011\/09\/M\u00f6nch-19-500x132.jpg 500w, http:\/\/museumek.eu\/wp-content\/uploads\/2011\/09\/M\u00f6nch-19.jpg 640w\" sizes=\"(max-width: 300px) 100vw, 300px\" \/><\/a><\/p>\n","protected":false},"excerpt":{"rendered":"<p>Die Signatur G. H. konnte nicht aufgel\u00f6st werden. Abteilung Austria\/Ungarn\/B\u00f6hmen, Keramik 1860 &#8211; 1960, Inventarnummer A\/I\/3 Friedrich Goldscheider Erste Wiener Terrakottafabrik, Austria, Wien, ca. 1895\/1897, Figur M\u00f6nch (trinkend, gro\u00df), K\u00fcnstler unbekannt, Werks.-Nr. 917, Exemplar Nr. 27, Modelleur Nr.ohne, gemarkt Firmenmarke &hellip; <a href=\"http:\/\/museumek.eu\/?page_id=45593\">Weiterlesen <span class=\"meta-nav\">&rarr;<\/span><\/a><\/p>\n","protected":false},"author":1,"featured_media":0,"parent":45591,"menu_order":0,"comment_status":"closed","ping_status":"open","template":"","meta":[],"_links":{"self":[{"href":"http:\/\/museumek.eu\/index.php?rest_route=\/wp\/v2\/pages\/45593"}],"collection":[{"href":"http:\/\/museumek.eu\/index.php?rest_route=\/wp\/v2\/pages"}],"about":[{"href":"http:\/\/museumek.eu\/index.php?rest_route=\/wp\/v2\/types\/page"}],"author":[{"embeddable":true,"href":"http:\/\/museumek.eu\/index.php?rest_route=\/wp\/v2\/users\/1"}],"replies":[{"embeddable":true,"href":"http:\/\/museumek.eu\/index.php?rest_route=%2Fwp%2Fv2%2Fcomments&post=45593"}],"version-history":[{"count":2,"href":"http:\/\/museumek.eu\/index.php?rest_route=\/wp\/v2\/pages\/45593\/revisions"}],"predecessor-version":[{"id":45595,"href":"http:\/\/museumek.eu\/index.php?rest_route=\/wp\/v2\/pages\/45593\/revisions\/45595"}],"up":[{"embeddable":true,"href":"http:\/\/museumek.eu\/index.php?rest_route=\/wp\/v2\/pages\/45591"}],"wp:attachment":[{"href":"http:\/\/museumek.eu\/index.php?rest_route=%2Fwp%2Fv2%2Fmedia&parent=45593"}],"curies":[{"name":"wp","href":"https:\/\/api.w.org\/{rel}","templated":true}]}}