{"id":45648,"date":"2020-04-05T19:28:49","date_gmt":"2020-04-05T17:28:49","guid":{"rendered":"http:\/\/museumek.eu\/?page_id=45648"},"modified":"2020-04-05T21:05:07","modified_gmt":"2020-04-05T19:05:07","slug":"kurzbiografie-und-inventar-zum-kunstler","status":"publish","type":"page","link":"http:\/\/museumek.eu\/?page_id=45648","title":{"rendered":"Kurzbiografie und Inventar zum K\u00fcnstler"},"content":{"rendered":"<p>Vacslav Suchanek wurde in Krein\/B\u00f6hmen geboren. Sein Geburtsdatum und sein Sterbedatum sind nicht bekannt. Er war ein Bildhauer, der sich auf Tierplastiken spezialisiert hatte. Er fertigte unter anderem Entw\u00fcrfe f\u00fcr die Manufaktur Goldscheider und die Wiener Kunstkeramische Werkst\u00e4tte Busch &#038; Ludescher. <\/p>\n<p><strong>Abteilung Austria\/Ungarn\/B\u00f6hmen, Keramik 1860 &#8211; 1960, Inventarnummer A\/I\/151<\/strong><\/p>\n<p>Friedrich Goldscheider Erste Wiener Terrakottafabrik, Austria, Wien, ca. 1901\/1902, Figur Falke (auf Natursockel), K\u00fcnstler Vacslav Suchanek, Werks.-Nr. 2355, Exemplar Nr. 15, Modelleur Nr. 32, gemarkt Firmenmarke mit Goldscheider darunter WIEN sowie FABRIQUE EN AUTRICH\u00c9 gepresst, 2355, 15 sowie 32 gepresst, 23. schwarz gemalt,  Suchanek geritzt, signiert Suchanek, Literatur: Robert E. Dechant\/Filipp Goldscheider, Firmengeschichte und Werkverzeichnis, Seite 357, dort noch ohne Foto und unvollst\u00e4ndig erfasst sowie Seite 604, Firmenmarke GS 4 (f\u00fcr die Zeit 1890 \u2013 1910) identisch sowie Seite 606, Zusatzmarke FARBRIQU\u00c9 EN AUTRICHE in dieser gepressten Form noch nicht erfasst aber \u00e4hnlich Zusatzmarke GS Z 12 (f\u00fcr die Zeit 1885 &#8211; 1922), weitere Literatur: Waltraud Neuwirth, Wiener Keramik, Seite 75, dort beschrieben Goldscheider Modell Falke, K\u00fcnstler Vacslav Suchanek, die Urspr\u00fcnge der Firma gehen zur\u00fcck auf das Pilsener Handelsunternehmen Moritz Goldscheider der 1860\u2018 Jahre, nach dem Tode von Moritz Goldscheider werden die Br\u00fcder Eduard und Friedrich Goldscheider Eigent\u00fcmer und firmieren ab 1877 als M. Goldscheider\u2019s Erben, Thon-und Kunststeinmanufactur Werk Moldau und ab 1878 als Br\u00fcder Goldscheider, im Jahre 1878 wandert Friedrich Goldscheider nach Wien aus und Eduard f\u00fchrt die Firma in Pilsen bis zum Konkurs 1892 allein weiter, Friedrich Goldscheider firmiert in Wien ab 1880 als Goldscheider\u2019sche Porzellan-Manufaktur und Porzellanmalerei, neben Handelsgesch\u00e4ften betreibt die Firma vorwiegend die Porzellanmalerei, das Porzellan wird von b\u00f6hmischen Manufakturen bezogen und teilweise auch in B\u00f6hmen bemalt, ab 1885 \u00e4ndert sich die Firmierung in Goldscheider\u2019sche Porzellan-Manufaktur und Majolicafabrik, das Jahr 1885 gilt als das offizielle Gr\u00fcndungsjahr, ab 1887 bezeichnet Friedrich Goldscheider seine Fabrik als Erste Wiener Terracotta- und Majolika-Fabrik Friedrich Goldscheider oder als Erste Wiener Kunst-Terracotta-Fabrik und kunstgewerbliche Ateliers Friedrich Goldscheider und offiziell ab 1894 als Friedrich Goldscheider Erste Wiener Terrakottafabrik, Friedrich Goldscheider stirbt im Jahre 1897, seine Ehefrau Regine Goldscheider wird Alleineigent\u00fcmer und firmiert ab 1899 als Friedrich Goldscheider in Wien, Berlin und Leipzig, ab 1907 firmiert die Firma als Erste Wiener Terrakottafabrik und Atelier f\u00fcr k\u00fcnstlerische Fayencen Friedrich Goldscheider, im Jahre 1918 stirbt Regine und die S\u00f6hne Walter und Marcell Goldscheider werden Inhaber, ab 1921 \u00e4ndert sich die Firmierung in Wiener Manufaktur Friedrich Goldscheider, 1928 scheidet Marcell Goldscheider aus und gr\u00fcndet seine eigene Firma in Wien, 1939 wird die Firma arisiert und Josef Schuster wird Inhaber, Firmierung ab 1939, Wiener Manufaktur Friedrich Goldscheider Nachf., Inhaber Josef Schuster, ab 1941 lautet die Firmierung Wiener Manufaktur Josef Schuster, vorm. Friedrich Goldscheider, nach dem WK II erh\u00e4lt Friedrich Goldscheider seine Firma zur\u00fcck und firmiert ab 1950 wieder als Wiener Manufaktur Friedrich Goldscheider, in dieser Zeit verkauft er die Firma an die Majolikafabrik Carstens, in Fredelsloh, die in Fredelsloh Wiederauflagen alter Modelle in minderwertigem braunem Ton aber auch neue Modelle ebenfalls in dieser Tonart produziert, ab 1953 firmiert die Firma als Kunstkeramische Manufaktur Goldscheider GmbH und 1960 wird die Produktion in Fredelsloh eingestellt, <strong>das MEK Exemplar dieser Figur ist eines der Wenigen erhalten gebliebenen Exemplare, nach den Ausf\u00fchrungen von Dechant\/Goldscheider wurde ein Exemplar im Auktionshaus Nagel und ein Exemplar im Auktionshaus Mehlis versteigert, wobei es durchaus sein kann, dass eins der beiden Exemplare identisch mit dem MEK Exemplar ist, welches erst nach den Versteigerungen zum MEK Exemplar wurde<\/strong>, H\u00f6he 32,5 cm, Breite 43 cm<\/p>\n<p><a href=\"http:\/\/museumek.eu\/?attachment_id=45597\" rel=\"attachment wp-att-45597\"><img loading=\"lazy\" src=\"http:\/\/museumek.eu\/wp-content\/uploads\/2013\/02\/Falke-1-300x280.jpg\" alt=\"\" title=\"Falke 1\" width=\"300\" height=\"280\" class=\"alignnone size-medium wp-image-45597\" srcset=\"http:\/\/museumek.eu\/wp-content\/uploads\/2013\/02\/Falke-1-300x280.jpg 300w, http:\/\/museumek.eu\/wp-content\/uploads\/2013\/02\/Falke-1-150x140.jpg 150w, http:\/\/museumek.eu\/wp-content\/uploads\/2013\/02\/Falke-1-321x300.jpg 321w, http:\/\/museumek.eu\/wp-content\/uploads\/2013\/02\/Falke-1.jpg 514w\" sizes=\"(max-width: 300px) 100vw, 300px\" \/><\/a><\/p>\n<p><a href=\"http:\/\/museumek.eu\/?attachment_id=45598\" rel=\"attachment wp-att-45598\"><img loading=\"lazy\" src=\"http:\/\/museumek.eu\/wp-content\/uploads\/2013\/02\/Falke-2-300x281.jpg\" alt=\"\" title=\"Falke 2\" width=\"300\" height=\"281\" class=\"alignnone size-medium wp-image-45598\" srcset=\"http:\/\/museumek.eu\/wp-content\/uploads\/2013\/02\/Falke-2-300x281.jpg 300w, http:\/\/museumek.eu\/wp-content\/uploads\/2013\/02\/Falke-2-150x140.jpg 150w, http:\/\/museumek.eu\/wp-content\/uploads\/2013\/02\/Falke-2-320x300.jpg 320w, http:\/\/museumek.eu\/wp-content\/uploads\/2013\/02\/Falke-2.jpg 512w\" sizes=\"(max-width: 300px) 100vw, 300px\" \/><\/a><\/p>\n<p><a href=\"http:\/\/museumek.eu\/?attachment_id=45599\" rel=\"attachment wp-att-45599\"><img loading=\"lazy\" src=\"http:\/\/museumek.eu\/wp-content\/uploads\/2013\/02\/Falke-3-262x300.jpg\" alt=\"\" title=\"Falke 3\" width=\"262\" height=\"300\" class=\"alignnone size-medium wp-image-45599\" srcset=\"http:\/\/museumek.eu\/wp-content\/uploads\/2013\/02\/Falke-3-262x300.jpg 262w, http:\/\/museumek.eu\/wp-content\/uploads\/2013\/02\/Falke-3-131x150.jpg 131w, http:\/\/museumek.eu\/wp-content\/uploads\/2013\/02\/Falke-3.jpg 480w\" sizes=\"(max-width: 262px) 100vw, 262px\" \/><\/a><\/p>\n<p><a href=\"http:\/\/museumek.eu\/?attachment_id=45602\" rel=\"attachment wp-att-45602\"><img loading=\"lazy\" src=\"http:\/\/museumek.eu\/wp-content\/uploads\/2013\/02\/Falke-4-300x272.jpg\" alt=\"\" title=\"Falke 4\" width=\"300\" height=\"272\" class=\"alignnone size-medium wp-image-45602\" srcset=\"http:\/\/museumek.eu\/wp-content\/uploads\/2013\/02\/Falke-4-300x272.jpg 300w, http:\/\/museumek.eu\/wp-content\/uploads\/2013\/02\/Falke-4-150x136.jpg 150w, http:\/\/museumek.eu\/wp-content\/uploads\/2013\/02\/Falke-4-330x300.jpg 330w, http:\/\/museumek.eu\/wp-content\/uploads\/2013\/02\/Falke-4.jpg 529w\" sizes=\"(max-width: 300px) 100vw, 300px\" \/><\/a><\/p>\n<p><a href=\"http:\/\/museumek.eu\/?attachment_id=45603\" rel=\"attachment wp-att-45603\"><img loading=\"lazy\" src=\"http:\/\/museumek.eu\/wp-content\/uploads\/2013\/02\/Falke-5-295x300.jpg\" alt=\"\" title=\"Falke 5\" width=\"295\" height=\"300\" class=\"alignnone size-medium wp-image-45603\" srcset=\"http:\/\/museumek.eu\/wp-content\/uploads\/2013\/02\/Falke-5-295x300.jpg 295w, http:\/\/museumek.eu\/wp-content\/uploads\/2013\/02\/Falke-5-147x150.jpg 147w, http:\/\/museumek.eu\/wp-content\/uploads\/2013\/02\/Falke-5.jpg 480w\" sizes=\"(max-width: 295px) 100vw, 295px\" \/><\/a><\/p>\n<p><a href=\"http:\/\/museumek.eu\/?attachment_id=45606\" rel=\"attachment wp-att-45606\"><img loading=\"lazy\" src=\"http:\/\/museumek.eu\/wp-content\/uploads\/2013\/02\/Falke-6-286x300.jpg\" alt=\"\" title=\"Falke 6\" width=\"286\" height=\"300\" class=\"alignnone size-medium wp-image-45606\" srcset=\"http:\/\/museumek.eu\/wp-content\/uploads\/2013\/02\/Falke-6-286x300.jpg 286w, http:\/\/museumek.eu\/wp-content\/uploads\/2013\/02\/Falke-6-143x150.jpg 143w, http:\/\/museumek.eu\/wp-content\/uploads\/2013\/02\/Falke-6.jpg 480w\" sizes=\"(max-width: 286px) 100vw, 286px\" \/><\/a><\/p>\n<p><a href=\"http:\/\/museumek.eu\/?attachment_id=45607\" rel=\"attachment wp-att-45607\"><img loading=\"lazy\" src=\"http:\/\/museumek.eu\/wp-content\/uploads\/2013\/02\/Falke-7-191x300.jpg\" alt=\"\" title=\"Falke 7\" width=\"191\" height=\"300\" class=\"alignnone size-medium wp-image-45607\" srcset=\"http:\/\/museumek.eu\/wp-content\/uploads\/2013\/02\/Falke-7-191x300.jpg 191w, http:\/\/museumek.eu\/wp-content\/uploads\/2013\/02\/Falke-7-95x150.jpg 95w, http:\/\/museumek.eu\/wp-content\/uploads\/2013\/02\/Falke-7.jpg 409w\" sizes=\"(max-width: 191px) 100vw, 191px\" \/><\/a><\/p>\n<p><a href=\"http:\/\/museumek.eu\/?attachment_id=45610\" rel=\"attachment wp-att-45610\"><img loading=\"lazy\" src=\"http:\/\/museumek.eu\/wp-content\/uploads\/2013\/02\/Falke-8-300x184.jpg\" alt=\"\" title=\"Falke 8\" width=\"300\" height=\"184\" class=\"alignnone size-medium wp-image-45610\" srcset=\"http:\/\/museumek.eu\/wp-content\/uploads\/2013\/02\/Falke-8-300x184.jpg 300w, http:\/\/museumek.eu\/wp-content\/uploads\/2013\/02\/Falke-8-150x92.jpg 150w, http:\/\/museumek.eu\/wp-content\/uploads\/2013\/02\/Falke-8-488x300.jpg 488w, http:\/\/museumek.eu\/wp-content\/uploads\/2013\/02\/Falke-8.jpg 640w\" sizes=\"(max-width: 300px) 100vw, 300px\" \/><\/a><\/p>\n<p><a href=\"http:\/\/museumek.eu\/?attachment_id=45611\" rel=\"attachment wp-att-45611\"><img loading=\"lazy\" src=\"http:\/\/museumek.eu\/wp-content\/uploads\/2013\/02\/Falke-9-300x178.jpg\" alt=\"\" title=\"Falke 9\" width=\"300\" height=\"178\" class=\"alignnone size-medium wp-image-45611\" srcset=\"http:\/\/museumek.eu\/wp-content\/uploads\/2013\/02\/Falke-9-300x178.jpg 300w, http:\/\/museumek.eu\/wp-content\/uploads\/2013\/02\/Falke-9-150x89.jpg 150w, http:\/\/museumek.eu\/wp-content\/uploads\/2013\/02\/Falke-9-500x296.jpg 500w, http:\/\/museumek.eu\/wp-content\/uploads\/2013\/02\/Falke-9.jpg 640w\" sizes=\"(max-width: 300px) 100vw, 300px\" \/><\/a><\/p>\n<p><a href=\"http:\/\/museumek.eu\/?attachment_id=45614\" rel=\"attachment wp-att-45614\"><img loading=\"lazy\" src=\"http:\/\/museumek.eu\/wp-content\/uploads\/2013\/02\/Falke-10-285x300.jpg\" alt=\"\" title=\"Falke 10\" width=\"285\" height=\"300\" class=\"alignnone size-medium wp-image-45614\" srcset=\"http:\/\/museumek.eu\/wp-content\/uploads\/2013\/02\/Falke-10-285x300.jpg 285w, http:\/\/museumek.eu\/wp-content\/uploads\/2013\/02\/Falke-10-142x150.jpg 142w, http:\/\/museumek.eu\/wp-content\/uploads\/2013\/02\/Falke-10.jpg 480w\" sizes=\"(max-width: 285px) 100vw, 285px\" \/><\/a><\/p>\n<p><a href=\"http:\/\/museumek.eu\/?attachment_id=45615\" rel=\"attachment wp-att-45615\"><img loading=\"lazy\" src=\"http:\/\/museumek.eu\/wp-content\/uploads\/2013\/02\/Falke-11-300x200.jpg\" alt=\"\" title=\"Falke 11\" width=\"300\" height=\"200\" class=\"alignnone size-medium wp-image-45615\" srcset=\"http:\/\/museumek.eu\/wp-content\/uploads\/2013\/02\/Falke-11-300x200.jpg 300w, http:\/\/museumek.eu\/wp-content\/uploads\/2013\/02\/Falke-11-150x100.jpg 150w, http:\/\/museumek.eu\/wp-content\/uploads\/2013\/02\/Falke-11-448x300.jpg 448w, http:\/\/museumek.eu\/wp-content\/uploads\/2013\/02\/Falke-11.jpg 640w\" sizes=\"(max-width: 300px) 100vw, 300px\" \/><\/a><\/p>\n<p><a href=\"http:\/\/museumek.eu\/?attachment_id=45618\" rel=\"attachment wp-att-45618\"><img loading=\"lazy\" src=\"http:\/\/museumek.eu\/wp-content\/uploads\/2013\/02\/Falke-12-289x300.jpg\" alt=\"\" title=\"Falke 12\" width=\"289\" height=\"300\" class=\"alignnone size-medium wp-image-45618\" srcset=\"http:\/\/museumek.eu\/wp-content\/uploads\/2013\/02\/Falke-12-289x300.jpg 289w, http:\/\/museumek.eu\/wp-content\/uploads\/2013\/02\/Falke-12-144x150.jpg 144w, http:\/\/museumek.eu\/wp-content\/uploads\/2013\/02\/Falke-12.jpg 480w\" sizes=\"(max-width: 289px) 100vw, 289px\" \/><\/a><\/p>\n<p><a href=\"http:\/\/museumek.eu\/?attachment_id=45619\" rel=\"attachment wp-att-45619\"><img loading=\"lazy\" src=\"http:\/\/museumek.eu\/wp-content\/uploads\/2013\/02\/Falke-13-126x300.jpg\" alt=\"\" title=\"Falke 13\" width=\"126\" height=\"300\" class=\"alignnone size-medium wp-image-45619\" srcset=\"http:\/\/museumek.eu\/wp-content\/uploads\/2013\/02\/Falke-13-126x300.jpg 126w, http:\/\/museumek.eu\/wp-content\/uploads\/2013\/02\/Falke-13-63x150.jpg 63w, http:\/\/museumek.eu\/wp-content\/uploads\/2013\/02\/Falke-13.jpg 269w\" sizes=\"(max-width: 126px) 100vw, 126px\" \/><\/a><\/p>\n<p><a href=\"http:\/\/museumek.eu\/?attachment_id=45622\" rel=\"attachment wp-att-45622\"><img loading=\"lazy\" src=\"http:\/\/museumek.eu\/wp-content\/uploads\/2013\/02\/Falke-14-300x144.jpg\" alt=\"\" title=\"Falke 14\" width=\"300\" height=\"144\" class=\"alignnone size-medium wp-image-45622\" srcset=\"http:\/\/museumek.eu\/wp-content\/uploads\/2013\/02\/Falke-14-300x144.jpg 300w, http:\/\/museumek.eu\/wp-content\/uploads\/2013\/02\/Falke-14-150x72.jpg 150w, http:\/\/museumek.eu\/wp-content\/uploads\/2013\/02\/Falke-14-500x240.jpg 500w, http:\/\/museumek.eu\/wp-content\/uploads\/2013\/02\/Falke-14.jpg 640w\" sizes=\"(max-width: 300px) 100vw, 300px\" \/><\/a><\/p>\n","protected":false},"excerpt":{"rendered":"<p>Vacslav Suchanek wurde in Krein\/B\u00f6hmen geboren. Sein Geburtsdatum und sein Sterbedatum sind nicht bekannt. Er war ein Bildhauer, der sich auf Tierplastiken spezialisiert hatte. Er fertigte unter anderem Entw\u00fcrfe f\u00fcr die Manufaktur Goldscheider und die Wiener Kunstkeramische Werkst\u00e4tte Busch &#038; &hellip; <a href=\"http:\/\/museumek.eu\/?page_id=45648\">Weiterlesen <span class=\"meta-nav\">&rarr;<\/span><\/a><\/p>\n","protected":false},"author":1,"featured_media":0,"parent":45645,"menu_order":0,"comment_status":"closed","ping_status":"open","template":"","meta":[],"_links":{"self":[{"href":"http:\/\/museumek.eu\/index.php?rest_route=\/wp\/v2\/pages\/45648"}],"collection":[{"href":"http:\/\/museumek.eu\/index.php?rest_route=\/wp\/v2\/pages"}],"about":[{"href":"http:\/\/museumek.eu\/index.php?rest_route=\/wp\/v2\/types\/page"}],"author":[{"embeddable":true,"href":"http:\/\/museumek.eu\/index.php?rest_route=\/wp\/v2\/users\/1"}],"replies":[{"embeddable":true,"href":"http:\/\/museumek.eu\/index.php?rest_route=%2Fwp%2Fv2%2Fcomments&post=45648"}],"version-history":[{"count":5,"href":"http:\/\/museumek.eu\/index.php?rest_route=\/wp\/v2\/pages\/45648\/revisions"}],"predecessor-version":[{"id":45653,"href":"http:\/\/museumek.eu\/index.php?rest_route=\/wp\/v2\/pages\/45648\/revisions\/45653"}],"up":[{"embeddable":true,"href":"http:\/\/museumek.eu\/index.php?rest_route=\/wp\/v2\/pages\/45645"}],"wp:attachment":[{"href":"http:\/\/museumek.eu\/index.php?rest_route=%2Fwp%2Fv2%2Fmedia&parent=45648"}],"curies":[{"name":"wp","href":"https:\/\/api.w.org\/{rel}","templated":true}]}}