{"id":45740,"date":"2020-04-11T22:52:24","date_gmt":"2020-04-11T20:52:24","guid":{"rendered":"http:\/\/museumek.eu\/?page_id=45740"},"modified":"2020-04-12T17:23:47","modified_gmt":"2020-04-12T15:23:47","slug":"ai153","status":"publish","type":"page","link":"http:\/\/museumek.eu\/?page_id=45740","title":{"rendered":"A\/I\/153"},"content":{"rendered":"<p><strong>Abteilung Austria\/Ungarn\/B\u00f6hmen, Keramik 1860 \u2013 1960, Inventarnummer A\/I\/153<\/strong><\/p>\n<p>Manufaktur Friedrich Goldscheider, Austria, Wien, um 1880, Milchk\u00e4nnchen eines Services, K\u00fcnstler unbekannt, Werks.-Nr. ohne\/Exemplar Nr. ohne\/Modelleur Nr. ohne, gemarkt F. GOLDSCHEIDER darunter WIEN-CARLSBAD schwarzer Stempel auf Glasur, nicht signiert, Literatur: Robert E. Dechant\/Filipp Goldscheider, Firmengeschichte und Werkverzeichnis, dort noch nicht erfasst, gleichfalls die Firmenmarke nicht erfasst, Markennachweis der gepressten &#8222;F &#038; M&#8220; Marke f\u00fcr Fischer &#038; Mieg, die auf manchen Teilen des Service zu finden ist: Emanuel Poche, Porzellan-Marken, Seite Marke 827 identisch, Gustav Wei\u00df, Ullstein Porzellanbuch, Seite 296, Marke Nr. 7 identisch, Markennachweis der gepressten Marke &#8222;Hand mit Schwert&#8220;, die auf dem Boden eines Tellers zu finden ist, ist nicht m\u00f6glich, da die Marke nicht aufgel\u00f6st werden konnte, am ehesten findet sich eine \u00c4hnlichkeit der Marke in folgender Literatur: Otto Pelka, Keramik der Neuzeit, Markentafel III, Marke 34 f\u00fcr Elbogen, die Urspr\u00fcnge der Firma gehen zur\u00fcck auf das Pilsener Handelsunternehmen Moritz Goldscheider der 1860\u2018 Jahre, nach dem Tode von Moritz Goldscheider werden die Br\u00fcder Eduard und Friedrich Goldscheider Eigent\u00fcmer und firmieren ab 1877 als M. Goldscheider\u2019s Erben, Thon-und Kunststeinmanufactur Werk Moldau und ab 1878 als Br\u00fcder Goldscheider, im Jahre 1878 wandert Friedrich Goldscheider nach Wien aus und Eduard f\u00fchrt die Firma in Pilsen bis zum Konkurs 1892 allein weiter, Friedrich Goldscheider firmiert in Wien ab 1880 als Goldscheider\u2019sche Porzellan-Manufaktur und Porzellanmalerei, neben Handelsgesch\u00e4ften betreibt die Firma vorwiegend die Porzellanmalerei, das Porzellan wird von b\u00f6hmischen Manufakturen bezogen und teilweise auch in B\u00f6hmen bemalt, ab 1885 \u00e4ndert sich die Firmierung in Goldscheider\u2019sche Porzellan-Manufaktur und Majolicafabrik, das Jahr 1885 gilt als das offizielle Gr\u00fcndungsjahr, ab 1887 bezeichnet Friedrich Goldscheider seine Fabrik als Erste Wiener Terracotta- und Majolika-Fabrik Friedrich Goldscheider oder als Erste Wiener Kunst-Terracotta-Fabrik und kunstgewerbliche Ateliers Friedrich Goldscheider und offiziell ab 1894 als Friedrich Goldscheider Erste Wiener Terrakottafabrik, Friedrich Goldscheider stirbt im Jahre 1897, seine Ehefrau Regine Goldscheider wird Alleineigent\u00fcmer und firmiert ab 1899 als Friedrich Goldscheider in Wien, Berlin und Leipzig, ab 1907 firmiert die Firma als Erste Wiener Terrakottafabrik und Atelier f\u00fcr k\u00fcnstlerische Fayencen Friedrich Goldscheider, im Jahre 1918 stirbt Regine und die S\u00f6hne Walter und Marcell Goldscheider werden Inhaber, ab 1921 \u00e4ndert sich die Firmierung in Wiener Manufaktur Friedrich Goldscheider, 1928 scheidet Marcell Goldscheider aus und gr\u00fcndet seine eigene Firma in Wien, 1939 wird die Firma arisiert und Josef Schuster wird Inhaber, Firmierung ab 1939, Wiener Manufaktur Friedrich Goldscheider Nachf., Inhaber Josef Schuster, ab 1941 lautet die Firmierung Wiener Manufaktur Josef Schuster, vorm. Friedrich Goldscheider, nach dem WK II erh\u00e4lt Friedrich Goldscheider seine Firma zur\u00fcck und firmiert ab 1950 wieder als Wiener Manufaktur Friedrich Goldscheider, in dieser Zeit verkauft er die Firma an die Majolikafabrik Carstens, in Fredelsloh, die in Fredelsloh Wiederauflagen alter Modelle in minderwertigem braunem Ton aber auch neue Modelle ebenfalls in dieser Tonart produziert, ab 1953 firmiert die Firma als Kunstkeramische Manufaktur Goldscheider GmbH und 1960 wird die Produktion in Fredelsloh eingestellt, <strong>auf verschiedenen Teilen des Service befinden sich die 4 abgebildeten Marken, darunter ein bisher noch unbekannter, noch nie als anerkannt ver\u00f6ffentlichter, fr\u00fcher roter Ankerstempel mit GOLDSCHEIDER, WIEN auf Glasur sowie ein bisher noch unbekannter, und nie als anerkannt ver\u00f6ffentlichter schwarzer Stempel F. GOLDSCHEIDER, darunter WIEN-CARLSBAD auf Glasur, Robert E. Dechant\/Filipp Goldscheider, Firmengeschichte und Werkverzeichnis, Seite 22, dort sinngem\u00e4\u00df geschrieben, dass Friedrich Goldscheider bereits vor 1878 Porzellan im Carlsbader Raum produzieren lie\u00df und damit handelte sowie Seite 44, Anmerkung 41, dort sinngem\u00e4\u00df geschrieben, im Stadtarchiv und Porzellanarchiv von Carlsbad gibt es keine Hinweise, dass Friedrich Goldscheider in Carlsbad t\u00e4tig war, weder mit einer Porzellanhandlung noch mit einer Malerei, es ist eher davon auszugehen, dass er in Carlsbad bei anderen Manufakturen Porzellan aufkaufte, selbst bemalte und mit einem eigenen Stempel versah, insofern ist das MEK Service ein Beweis f\u00fcr die Anmerkung 41, da das Porzellan des Service eindeutig von Fischer &#038; Mieg produziert worden ist und Friedrich Goldscheider dieses als Wei\u00dfware gekauft und dann selbst bemalt hat oder, das ist f\u00fcr dieses Service auch m\u00f6glich, da es sich um auf Glasur Stempel handelt, dass er auf bereits vollst\u00e4ndig zum Verkauf fertiges Porzellan seine Stempel aufbrachte, das w\u00e4re dann eher ein Beweis f\u00fcr die auf Seite 22 aufgef\u00fchrte Beschreibung, letztlich kann aber beides richtig sein, sowohl die Beschreibung Seite 22 als auch die Anmerkung 41 <\/strong>, H\u00f6he 12,5 cm, Breite 15 cm<\/p>\n<p><a href=\"http:\/\/museumek.eu\/?attachment_id=45721\" rel=\"attachment wp-att-45721\"><img loading=\"lazy\" src=\"http:\/\/museumek.eu\/wp-content\/uploads\/2013\/02\/Goldscheider-Service-13-Milchk\u00e4nnchen-Foto-1-274x300.jpg\" alt=\"\" title=\"Goldscheider Service 13 Milchk\u00e4nnchen Foto 1\" width=\"274\" height=\"300\" class=\"alignnone size-medium wp-image-45721\" srcset=\"http:\/\/museumek.eu\/wp-content\/uploads\/2013\/02\/Goldscheider-Service-13-Milchk\u00e4nnchen-Foto-1-274x300.jpg 274w, http:\/\/museumek.eu\/wp-content\/uploads\/2013\/02\/Goldscheider-Service-13-Milchk\u00e4nnchen-Foto-1-137x150.jpg 137w, http:\/\/museumek.eu\/wp-content\/uploads\/2013\/02\/Goldscheider-Service-13-Milchk\u00e4nnchen-Foto-1.jpg 480w\" sizes=\"(max-width: 274px) 100vw, 274px\" \/><\/a><\/p>\n<p><a href=\"http:\/\/museumek.eu\/?attachment_id=45722\" rel=\"attachment wp-att-45722\"><img loading=\"lazy\" src=\"http:\/\/museumek.eu\/wp-content\/uploads\/2013\/02\/Goldscheider-Service-14-Milchk\u00e4nnchen-Foto-2-300x263.jpg\" alt=\"\" title=\"Goldscheider Service 14 Milchk\u00e4nnchen Foto 2\" width=\"300\" height=\"263\" class=\"alignnone size-medium wp-image-45722\" srcset=\"http:\/\/museumek.eu\/wp-content\/uploads\/2013\/02\/Goldscheider-Service-14-Milchk\u00e4nnchen-Foto-2-300x263.jpg 300w, http:\/\/museumek.eu\/wp-content\/uploads\/2013\/02\/Goldscheider-Service-14-Milchk\u00e4nnchen-Foto-2-150x131.jpg 150w, http:\/\/museumek.eu\/wp-content\/uploads\/2013\/02\/Goldscheider-Service-14-Milchk\u00e4nnchen-Foto-2-341x300.jpg 341w, http:\/\/museumek.eu\/wp-content\/uploads\/2013\/02\/Goldscheider-Service-14-Milchk\u00e4nnchen-Foto-2.jpg 547w\" sizes=\"(max-width: 300px) 100vw, 300px\" \/><\/a><\/p>\n<p><a href=\"http:\/\/museumek.eu\/?attachment_id=45725\" rel=\"attachment wp-att-45725\"><img loading=\"lazy\" src=\"http:\/\/museumek.eu\/wp-content\/uploads\/2013\/02\/Goldscheider-Service-15-Milchk\u00e4nnchen-Foto-3-300x265.jpg\" alt=\"\" title=\"Goldscheider Service 15 Milchk\u00e4nnchen Foto 3\" width=\"300\" height=\"265\" class=\"alignnone size-medium wp-image-45725\" srcset=\"http:\/\/museumek.eu\/wp-content\/uploads\/2013\/02\/Goldscheider-Service-15-Milchk\u00e4nnchen-Foto-3-300x265.jpg 300w, http:\/\/museumek.eu\/wp-content\/uploads\/2013\/02\/Goldscheider-Service-15-Milchk\u00e4nnchen-Foto-3-150x132.jpg 150w, http:\/\/museumek.eu\/wp-content\/uploads\/2013\/02\/Goldscheider-Service-15-Milchk\u00e4nnchen-Foto-3-338x300.jpg 338w, http:\/\/museumek.eu\/wp-content\/uploads\/2013\/02\/Goldscheider-Service-15-Milchk\u00e4nnchen-Foto-3.jpg 542w\" sizes=\"(max-width: 300px) 100vw, 300px\" \/><\/a><\/p>\n<p><a href=\"http:\/\/museumek.eu\/?attachment_id=45726\" rel=\"attachment wp-att-45726\"><img loading=\"lazy\" src=\"http:\/\/museumek.eu\/wp-content\/uploads\/2013\/02\/Goldscheider-Service-16-Milchk\u00e4nnchen-Foto-4-300x297.jpg\" alt=\"\" title=\"Goldscheider Service 16 Milchk\u00e4nnchen Foto 4\" width=\"300\" height=\"297\" class=\"alignnone size-medium wp-image-45726\" srcset=\"http:\/\/museumek.eu\/wp-content\/uploads\/2013\/02\/Goldscheider-Service-16-Milchk\u00e4nnchen-Foto-4-300x297.jpg 300w, http:\/\/museumek.eu\/wp-content\/uploads\/2013\/02\/Goldscheider-Service-16-Milchk\u00e4nnchen-Foto-4-150x148.jpg 150w, http:\/\/museumek.eu\/wp-content\/uploads\/2013\/02\/Goldscheider-Service-16-Milchk\u00e4nnchen-Foto-4-302x300.jpg 302w, http:\/\/museumek.eu\/wp-content\/uploads\/2013\/02\/Goldscheider-Service-16-Milchk\u00e4nnchen-Foto-4.jpg 484w\" sizes=\"(max-width: 300px) 100vw, 300px\" \/><\/a><\/p>\n<p><a href=\"http:\/\/museumek.eu\/?attachment_id=45729\" rel=\"attachment wp-att-45729\"><img loading=\"lazy\" src=\"http:\/\/museumek.eu\/wp-content\/uploads\/2013\/02\/Goldscheider-Service-17-Milchk\u00e4nnchen-Foto-5-300x236.jpg\" alt=\"\" title=\"Goldscheider Service 17 Milchk\u00e4nnchen Foto 5\" width=\"300\" height=\"236\" class=\"alignnone size-medium wp-image-45729\" srcset=\"http:\/\/museumek.eu\/wp-content\/uploads\/2013\/02\/Goldscheider-Service-17-Milchk\u00e4nnchen-Foto-5-300x236.jpg 300w, http:\/\/museumek.eu\/wp-content\/uploads\/2013\/02\/Goldscheider-Service-17-Milchk\u00e4nnchen-Foto-5-150x118.jpg 150w, http:\/\/museumek.eu\/wp-content\/uploads\/2013\/02\/Goldscheider-Service-17-Milchk\u00e4nnchen-Foto-5-380x300.jpg 380w, http:\/\/museumek.eu\/wp-content\/uploads\/2013\/02\/Goldscheider-Service-17-Milchk\u00e4nnchen-Foto-5.jpg 608w\" sizes=\"(max-width: 300px) 100vw, 300px\" \/><\/a><\/p>\n<p><a href=\"http:\/\/museumek.eu\/?attachment_id=45730\" rel=\"attachment wp-att-45730\"><img loading=\"lazy\" src=\"http:\/\/museumek.eu\/wp-content\/uploads\/2013\/02\/Goldscheider-Service-18-Milchk\u00e4nnchen-Foto-6-300x279.jpg\" alt=\"\" title=\"Goldscheider Service 18 Milchk\u00e4nnchen Foto 6\" width=\"300\" height=\"279\" class=\"alignnone size-medium wp-image-45730\" srcset=\"http:\/\/museumek.eu\/wp-content\/uploads\/2013\/02\/Goldscheider-Service-18-Milchk\u00e4nnchen-Foto-6-300x279.jpg 300w, http:\/\/museumek.eu\/wp-content\/uploads\/2013\/02\/Goldscheider-Service-18-Milchk\u00e4nnchen-Foto-6-150x139.jpg 150w, http:\/\/museumek.eu\/wp-content\/uploads\/2013\/02\/Goldscheider-Service-18-Milchk\u00e4nnchen-Foto-6-322x300.jpg 322w, http:\/\/museumek.eu\/wp-content\/uploads\/2013\/02\/Goldscheider-Service-18-Milchk\u00e4nnchen-Foto-6.jpg 516w\" sizes=\"(max-width: 300px) 100vw, 300px\" \/><\/a><\/p>\n<p><a href=\"http:\/\/museumek.eu\/?attachment_id=45733\" rel=\"attachment wp-att-45733\"><img loading=\"lazy\" src=\"http:\/\/museumek.eu\/wp-content\/uploads\/2013\/02\/Goldscheider-Service-19-Milchk\u00e4nnchen-Foto-7-300x215.jpg\" alt=\"\" title=\"Goldscheider Service 19 Milchk\u00e4nnchen Foto 7\" width=\"300\" height=\"215\" class=\"alignnone size-medium wp-image-45733\" srcset=\"http:\/\/museumek.eu\/wp-content\/uploads\/2013\/02\/Goldscheider-Service-19-Milchk\u00e4nnchen-Foto-7-300x215.jpg 300w, http:\/\/museumek.eu\/wp-content\/uploads\/2013\/02\/Goldscheider-Service-19-Milchk\u00e4nnchen-Foto-7-150x107.jpg 150w, http:\/\/museumek.eu\/wp-content\/uploads\/2013\/02\/Goldscheider-Service-19-Milchk\u00e4nnchen-Foto-7-418x300.jpg 418w, http:\/\/museumek.eu\/wp-content\/uploads\/2013\/02\/Goldscheider-Service-19-Milchk\u00e4nnchen-Foto-7.jpg 640w\" sizes=\"(max-width: 300px) 100vw, 300px\" \/><\/a><\/p>\n<p><a href=\"http:\/\/museumek.eu\/?attachment_id=45681\" rel=\"attachment wp-att-45681\"><img loading=\"lazy\" src=\"http:\/\/museumek.eu\/wp-content\/uploads\/2013\/02\/Goldscheider-Service-6-Foto-gesamtes-Services-300x181.jpg\" alt=\"\" title=\"Goldscheider Service 6 Foto gesamtes Services\" width=\"300\" height=\"181\" class=\"alignnone size-medium wp-image-45681\" srcset=\"http:\/\/museumek.eu\/wp-content\/uploads\/2013\/02\/Goldscheider-Service-6-Foto-gesamtes-Services-300x181.jpg 300w, http:\/\/museumek.eu\/wp-content\/uploads\/2013\/02\/Goldscheider-Service-6-Foto-gesamtes-Services-150x90.jpg 150w, http:\/\/museumek.eu\/wp-content\/uploads\/2013\/02\/Goldscheider-Service-6-Foto-gesamtes-Services-494x300.jpg 494w, http:\/\/museumek.eu\/wp-content\/uploads\/2013\/02\/Goldscheider-Service-6-Foto-gesamtes-Services.jpg 640w\" sizes=\"(max-width: 300px) 100vw, 300px\" \/><\/a><\/p>\n<p><a href=\"http:\/\/museumek.eu\/?attachment_id=45682\" rel=\"attachment wp-att-45682\"><img loading=\"lazy\" src=\"http:\/\/museumek.eu\/wp-content\/uploads\/2013\/02\/Goldscheider-Service-1-alle-4-Marken-300x266.jpg\" alt=\"\" title=\"Goldscheider Service 1 alle 4 Marken\" width=\"300\" height=\"266\" class=\"alignnone size-medium wp-image-45682\" srcset=\"http:\/\/museumek.eu\/wp-content\/uploads\/2013\/02\/Goldscheider-Service-1-alle-4-Marken-300x266.jpg 300w, http:\/\/museumek.eu\/wp-content\/uploads\/2013\/02\/Goldscheider-Service-1-alle-4-Marken-150x133.jpg 150w, http:\/\/museumek.eu\/wp-content\/uploads\/2013\/02\/Goldscheider-Service-1-alle-4-Marken-337x300.jpg 337w, http:\/\/museumek.eu\/wp-content\/uploads\/2013\/02\/Goldscheider-Service-1-alle-4-Marken.jpg 540w\" sizes=\"(max-width: 300px) 100vw, 300px\" \/><\/a><\/p>\n<p><a href=\"http:\/\/museumek.eu\/?attachment_id=45697\" rel=\"attachment wp-att-45697\"><img loading=\"lazy\" src=\"http:\/\/museumek.eu\/wp-content\/uploads\/2013\/02\/Goldscheider-Service-100-Elbogen-Marke-aus-Buch-300x126.jpg\" alt=\"\" title=\"Goldscheider Service 100 Elbogen Marke aus Buch\" width=\"300\" height=\"126\" class=\"alignnone size-medium wp-image-45697\" srcset=\"http:\/\/museumek.eu\/wp-content\/uploads\/2013\/02\/Goldscheider-Service-100-Elbogen-Marke-aus-Buch-300x126.jpg 300w, http:\/\/museumek.eu\/wp-content\/uploads\/2013\/02\/Goldscheider-Service-100-Elbogen-Marke-aus-Buch-150x63.jpg 150w, http:\/\/museumek.eu\/wp-content\/uploads\/2013\/02\/Goldscheider-Service-100-Elbogen-Marke-aus-Buch.jpg 497w\" sizes=\"(max-width: 300px) 100vw, 300px\" \/><\/a><\/p>\n","protected":false},"excerpt":{"rendered":"<p>Abteilung Austria\/Ungarn\/B\u00f6hmen, Keramik 1860 \u2013 1960, Inventarnummer A\/I\/153 Manufaktur Friedrich Goldscheider, Austria, Wien, um 1880, Milchk\u00e4nnchen eines Services, K\u00fcnstler unbekannt, Werks.-Nr. ohne\/Exemplar Nr. ohne\/Modelleur Nr. ohne, gemarkt F. GOLDSCHEIDER darunter WIEN-CARLSBAD schwarzer Stempel auf Glasur, nicht signiert, Literatur: Robert E. &hellip; <a href=\"http:\/\/museumek.eu\/?page_id=45740\">Weiterlesen <span class=\"meta-nav\">&rarr;<\/span><\/a><\/p>\n","protected":false},"author":1,"featured_media":0,"parent":45639,"menu_order":0,"comment_status":"closed","ping_status":"open","template":"","meta":[],"_links":{"self":[{"href":"http:\/\/museumek.eu\/index.php?rest_route=\/wp\/v2\/pages\/45740"}],"collection":[{"href":"http:\/\/museumek.eu\/index.php?rest_route=\/wp\/v2\/pages"}],"about":[{"href":"http:\/\/museumek.eu\/index.php?rest_route=\/wp\/v2\/types\/page"}],"author":[{"embeddable":true,"href":"http:\/\/museumek.eu\/index.php?rest_route=\/wp\/v2\/users\/1"}],"replies":[{"embeddable":true,"href":"http:\/\/museumek.eu\/index.php?rest_route=%2Fwp%2Fv2%2Fcomments&post=45740"}],"version-history":[{"count":4,"href":"http:\/\/museumek.eu\/index.php?rest_route=\/wp\/v2\/pages\/45740\/revisions"}],"predecessor-version":[{"id":45798,"href":"http:\/\/museumek.eu\/index.php?rest_route=\/wp\/v2\/pages\/45740\/revisions\/45798"}],"up":[{"embeddable":true,"href":"http:\/\/museumek.eu\/index.php?rest_route=\/wp\/v2\/pages\/45639"}],"wp:attachment":[{"href":"http:\/\/museumek.eu\/index.php?rest_route=%2Fwp%2Fv2%2Fmedia&parent=45740"}],"curies":[{"name":"wp","href":"https:\/\/api.w.org\/{rel}","templated":true}]}}