{"id":46115,"date":"2020-04-17T19:19:29","date_gmt":"2020-04-17T17:19:29","guid":{"rendered":"http:\/\/museumek.eu\/?page_id=46115"},"modified":"2020-04-17T19:24:24","modified_gmt":"2020-04-17T17:24:24","slug":"dcxlviii2","status":"publish","type":"page","link":"http:\/\/museumek.eu\/?page_id=46115","title":{"rendered":"D\/CXLVIII\/2"},"content":{"rendered":"<p><strong>Abteilung Deutschland, Keramik 1860 \u2013 1960, Inventarnummer D\/CXLVIII\/2<\/strong><\/p>\n<p>Porzellanfabrik Julius Lange und Nachfolger Paul Lange und Nachfolger Paul Seiler, Deutschland, Kahla, 1910 &#8211; 1940, Tasse eines Kinderservice, K\u00fcnstler unbekannt, Werks.-Nr. ohne 14 (?)\/472\/0, Exemplar Nr. ohne, gemarkt Firmenmarke goldener Stempel auf Glasur (g\u00fcltig f\u00fcr die Zeit von 1910 bis 1940), mit JL 1863, 14 (?)\/472\/0 geritzt, nicht signiert, Literatur Robert E. R\u00f6ntgen, Deutsche Porzellanmarken von 1710 bis heute (Ausgabe Jahr 2000), Seite 151, Marke Nr. 1105 identisch (dort angegeben f\u00fcr die Zeit von 1910 bis 1940), 1863 gr\u00fcndete Julius Hermann-Friedrich Lange in Kahla eine Porzellanfabrik, Firmierung Porzellanfabrik Julius Lange, 1923 \u00fcbernahm sein Sohn Paul Hermann-Franz Lange die Fabrik, ihm folgte 1940 Paul Seiler nach, R\u00f6ntgen vermerkt als Nachfolger von Julius Lange, einen Sohn mit Namen Karl Lange und R\u00f6ntgen nimmt die Bezeichnung Porzellanfabrik vor, im Stadtgeschichtenlexikon der Stadt Kahla ist folgendes vermerkt: Julius Hermann-Friedrich Lange Porzellanmalerei, Sohn Paul Hermann-Franz Lange, insofern kann das MEK nicht aufkl\u00e4ren, ob Julius Lange tats\u00e4chlich eine Porzellanfabrik gr\u00fcndete oder nur eine Porzellanmalerei betrieb, die die Weissware der beiden gro\u00dfen Kahler Porzellanfabriken C. A. Lehmann &#038; Sohn und Porzellanfabrik Kahla, bemalte H\u00f6he 5 cm, Breite 8 cm<\/p>\n<p><a href=\"http:\/\/museumek.eu\/?attachment_id=46116\" rel=\"attachment wp-att-46116\"><img loading=\"lazy\" src=\"http:\/\/museumek.eu\/wp-content\/uploads\/2020\/04\/Julius-Lange-Porzellanfabrik-9-300x233.jpg\" alt=\"\" title=\"Julius Lange Porzellanfabrik 9\" width=\"300\" height=\"233\" class=\"alignnone size-medium wp-image-46116\" srcset=\"http:\/\/museumek.eu\/wp-content\/uploads\/2020\/04\/Julius-Lange-Porzellanfabrik-9-300x233.jpg 300w, http:\/\/museumek.eu\/wp-content\/uploads\/2020\/04\/Julius-Lange-Porzellanfabrik-9-150x116.jpg 150w, http:\/\/museumek.eu\/wp-content\/uploads\/2020\/04\/Julius-Lange-Porzellanfabrik-9-385x300.jpg 385w, http:\/\/museumek.eu\/wp-content\/uploads\/2020\/04\/Julius-Lange-Porzellanfabrik-9.jpg 616w\" sizes=\"(max-width: 300px) 100vw, 300px\" \/><\/a><\/p>\n<p><a href=\"http:\/\/museumek.eu\/?attachment_id=46117\" rel=\"attachment wp-att-46117\"><img loading=\"lazy\" src=\"http:\/\/museumek.eu\/wp-content\/uploads\/2020\/04\/Julius-Lange-Porzellanfabrik-10-300x261.jpg\" alt=\"\" title=\"Julius Lange Porzellanfabrik 10\" width=\"300\" height=\"261\" class=\"alignnone size-medium wp-image-46117\" srcset=\"http:\/\/museumek.eu\/wp-content\/uploads\/2020\/04\/Julius-Lange-Porzellanfabrik-10-300x261.jpg 300w, http:\/\/museumek.eu\/wp-content\/uploads\/2020\/04\/Julius-Lange-Porzellanfabrik-10-150x130.jpg 150w, http:\/\/museumek.eu\/wp-content\/uploads\/2020\/04\/Julius-Lange-Porzellanfabrik-10-343x300.jpg 343w, http:\/\/museumek.eu\/wp-content\/uploads\/2020\/04\/Julius-Lange-Porzellanfabrik-10.jpg 513w\" sizes=\"(max-width: 300px) 100vw, 300px\" \/><\/a><\/p>\n<p><a href=\"http:\/\/museumek.eu\/?attachment_id=46119\" rel=\"attachment wp-att-46119\"><img loading=\"lazy\" src=\"http:\/\/museumek.eu\/wp-content\/uploads\/2020\/04\/Julius-Lange-Porzellanfabrik-11-272x300.jpg\" alt=\"\" title=\"Julius Lange Porzellanfabrik 11\" width=\"272\" height=\"300\" class=\"alignnone size-medium wp-image-46119\" srcset=\"http:\/\/museumek.eu\/wp-content\/uploads\/2020\/04\/Julius-Lange-Porzellanfabrik-11-272x300.jpg 272w, http:\/\/museumek.eu\/wp-content\/uploads\/2020\/04\/Julius-Lange-Porzellanfabrik-11-136x150.jpg 136w, http:\/\/museumek.eu\/wp-content\/uploads\/2020\/04\/Julius-Lange-Porzellanfabrik-11.jpg 480w\" sizes=\"(max-width: 272px) 100vw, 272px\" \/><\/a><\/p>\n<p><a href=\"http:\/\/museumek.eu\/?attachment_id=46120\" rel=\"attachment wp-att-46120\"><img loading=\"lazy\" src=\"http:\/\/museumek.eu\/wp-content\/uploads\/2020\/04\/Julius-Lange-Porzellanfabrik-12-300x295.jpg\" alt=\"\" title=\"Julius Lange Porzellanfabrik 12\" width=\"300\" height=\"295\" class=\"alignnone size-medium wp-image-46120\" srcset=\"http:\/\/museumek.eu\/wp-content\/uploads\/2020\/04\/Julius-Lange-Porzellanfabrik-12-300x295.jpg 300w, http:\/\/museumek.eu\/wp-content\/uploads\/2020\/04\/Julius-Lange-Porzellanfabrik-12-150x147.jpg 150w, http:\/\/museumek.eu\/wp-content\/uploads\/2020\/04\/Julius-Lange-Porzellanfabrik-12-305x300.jpg 305w, http:\/\/museumek.eu\/wp-content\/uploads\/2020\/04\/Julius-Lange-Porzellanfabrik-12.jpg 488w\" sizes=\"(max-width: 300px) 100vw, 300px\" \/><\/a><\/p>\n<p><a href=\"http:\/\/museumek.eu\/?attachment_id=46121\" rel=\"attachment wp-att-46121\"><img loading=\"lazy\" src=\"http:\/\/museumek.eu\/wp-content\/uploads\/2020\/04\/Julius-Lange-Porzellanfabrik-13-300x115.jpg\" alt=\"\" title=\"Julius Lange Porzellanfabrik 13\" width=\"300\" height=\"115\" class=\"alignnone size-medium wp-image-46121\" srcset=\"http:\/\/museumek.eu\/wp-content\/uploads\/2020\/04\/Julius-Lange-Porzellanfabrik-13-300x115.jpg 300w, http:\/\/museumek.eu\/wp-content\/uploads\/2020\/04\/Julius-Lange-Porzellanfabrik-13-150x57.jpg 150w, http:\/\/museumek.eu\/wp-content\/uploads\/2020\/04\/Julius-Lange-Porzellanfabrik-13-500x192.jpg 500w, http:\/\/museumek.eu\/wp-content\/uploads\/2020\/04\/Julius-Lange-Porzellanfabrik-13.jpg 640w\" sizes=\"(max-width: 300px) 100vw, 300px\" \/><\/a><\/p>\n<p><a href=\"http:\/\/museumek.eu\/?attachment_id=46102\" rel=\"attachment wp-att-46102\"><img loading=\"lazy\" src=\"http:\/\/museumek.eu\/wp-content\/uploads\/2020\/04\/Julius-Lange-Porzellanfabrik-14-300x123.jpg\" alt=\"\" title=\"Julius Lange Porzellanfabrik 14\" width=\"300\" height=\"123\" class=\"alignnone size-medium wp-image-46102\" srcset=\"http:\/\/museumek.eu\/wp-content\/uploads\/2020\/04\/Julius-Lange-Porzellanfabrik-14-300x123.jpg 300w, http:\/\/museumek.eu\/wp-content\/uploads\/2020\/04\/Julius-Lange-Porzellanfabrik-14-150x61.jpg 150w, http:\/\/museumek.eu\/wp-content\/uploads\/2020\/04\/Julius-Lange-Porzellanfabrik-14.jpg 374w\" sizes=\"(max-width: 300px) 100vw, 300px\" \/><\/a><\/p>\n<p><a href=\"http:\/\/museumek.eu\/?attachment_id=46103\" rel=\"attachment wp-att-46103\"><img loading=\"lazy\" src=\"http:\/\/museumek.eu\/wp-content\/uploads\/2020\/04\/Julius-Lange-Porzellanfabrik-15-171x300.jpg\" alt=\"\" title=\"Julius Lange Porzellanfabrik 15\" width=\"171\" height=\"300\" class=\"alignnone size-medium wp-image-46103\" srcset=\"http:\/\/museumek.eu\/wp-content\/uploads\/2020\/04\/Julius-Lange-Porzellanfabrik-15-171x300.jpg 171w, http:\/\/museumek.eu\/wp-content\/uploads\/2020\/04\/Julius-Lange-Porzellanfabrik-15-85x150.jpg 85w, http:\/\/museumek.eu\/wp-content\/uploads\/2020\/04\/Julius-Lange-Porzellanfabrik-15.jpg 381w\" sizes=\"(max-width: 171px) 100vw, 171px\" \/><\/a><\/p>\n<p><a href=\"http:\/\/museumek.eu\/?attachment_id=46104\" rel=\"attachment wp-att-46104\"><img loading=\"lazy\" src=\"http:\/\/museumek.eu\/wp-content\/uploads\/2020\/04\/Julius-Lange-Porzellanfabrik-16-200x300.jpg\" alt=\"\" title=\"Julius Lange Porzellanfabrik 16\" width=\"200\" height=\"300\" class=\"alignnone size-medium wp-image-46104\" srcset=\"http:\/\/museumek.eu\/wp-content\/uploads\/2020\/04\/Julius-Lange-Porzellanfabrik-16-200x300.jpg 200w, http:\/\/museumek.eu\/wp-content\/uploads\/2020\/04\/Julius-Lange-Porzellanfabrik-16-100x150.jpg 100w, http:\/\/museumek.eu\/wp-content\/uploads\/2020\/04\/Julius-Lange-Porzellanfabrik-16.jpg 385w\" sizes=\"(max-width: 200px) 100vw, 200px\" \/><\/a><\/p>\n","protected":false},"excerpt":{"rendered":"<p>Abteilung Deutschland, Keramik 1860 \u2013 1960, Inventarnummer D\/CXLVIII\/2 Porzellanfabrik Julius Lange und Nachfolger Paul Lange und Nachfolger Paul Seiler, Deutschland, Kahla, 1910 &#8211; 1940, Tasse eines Kinderservice, K\u00fcnstler unbekannt, Werks.-Nr. ohne 14 (?)\/472\/0, Exemplar Nr. ohne, gemarkt Firmenmarke goldener Stempel &hellip; <a href=\"http:\/\/museumek.eu\/?page_id=46115\">Weiterlesen <span class=\"meta-nav\">&rarr;<\/span><\/a><\/p>\n","protected":false},"author":1,"featured_media":0,"parent":46081,"menu_order":0,"comment_status":"closed","ping_status":"open","template":"","meta":[],"_links":{"self":[{"href":"http:\/\/museumek.eu\/index.php?rest_route=\/wp\/v2\/pages\/46115"}],"collection":[{"href":"http:\/\/museumek.eu\/index.php?rest_route=\/wp\/v2\/pages"}],"about":[{"href":"http:\/\/museumek.eu\/index.php?rest_route=\/wp\/v2\/types\/page"}],"author":[{"embeddable":true,"href":"http:\/\/museumek.eu\/index.php?rest_route=\/wp\/v2\/users\/1"}],"replies":[{"embeddable":true,"href":"http:\/\/museumek.eu\/index.php?rest_route=%2Fwp%2Fv2%2Fcomments&post=46115"}],"version-history":[{"count":5,"href":"http:\/\/museumek.eu\/index.php?rest_route=\/wp\/v2\/pages\/46115\/revisions"}],"predecessor-version":[{"id":46130,"href":"http:\/\/museumek.eu\/index.php?rest_route=\/wp\/v2\/pages\/46115\/revisions\/46130"}],"up":[{"embeddable":true,"href":"http:\/\/museumek.eu\/index.php?rest_route=\/wp\/v2\/pages\/46081"}],"wp:attachment":[{"href":"http:\/\/museumek.eu\/index.php?rest_route=%2Fwp%2Fv2%2Fmedia&parent=46115"}],"curies":[{"name":"wp","href":"https:\/\/api.w.org\/{rel}","templated":true}]}}