{"id":46134,"date":"2020-04-17T19:34:32","date_gmt":"2020-04-17T17:34:32","guid":{"rendered":"http:\/\/museumek.eu\/?page_id=46134"},"modified":"2020-04-17T19:34:32","modified_gmt":"2020-04-17T17:34:32","slug":"fotos-und-beschreibung","status":"publish","type":"page","link":"http:\/\/museumek.eu\/?page_id=46134","title":{"rendered":"Fotos und Beschreibung"},"content":{"rendered":"<p><strong>Abteilung Deutschland, Keramik 1860 \u2013 1960, Inventarnummer D\/CXLVIII\/1<\/strong><\/p>\n<p>Porzellanfabrik Julius Lange und Nachfolger Paul Lange und Nachfolger Paul Seiler, Deutschland, Kahla, 1910 &#8211; 1940, Kanne eines Kinderservice, K\u00fcnstler unbekannt, Werks.-Nr. ohne 14 (?)\/472\/0, Exemplar Nr. ohne, gemarkt Firmenmarke goldener Stempel auf Glasur (g\u00fcltig f\u00fcr die Zeit von 1910 bis 1940), mit JL 1863, 14 (?)\/472\/0 geritzt, nicht signiert, Literatur Robert E. R\u00f6ntgen, Deutsche Porzellanmarken von 1710 bis heute (Ausgabe Jahr 2000), Seite 151, Marke Nr. 1105 identisch (dort angegeben f\u00fcr die Zeit von 1910 bis 1940), 1863 gr\u00fcndete Julius Hermann-Friedrich Lange in Kahla eine Porzellanfabrik, Firmierung Porzellanfabrik Julius Lange, 1923 \u00fcbernahm sein Sohn Paul Hermann-Franz Lange die Fabrik, ihm folgte 1940 Paul Seiler nach, R\u00f6ntgen vermerkt als Nachfolger von Julius Lange, einen Sohn mit Namen Karl Lange und R\u00f6ntgen nimmt die Bezeichnung Porzellanfabrik vor, im Stadtgeschichtenlexikon der Stadt Kahla ist folgendes vermerkt: Julius Hermann-Friedrich Lange Porzellanmalerei, Sohn Paul Hermann-Franz Lange, insofern kann das MEK nicht aufkl\u00e4ren, ob Julius Lange tats\u00e4chlich eine Porzellanfabrik gr\u00fcndete oder nur eine Porzellanmalerei betrieb, die die Weissware der beiden gro\u00dfen Kahler Porzellanfabriken C. A. Lehmann &#038; Sohn und Porzellanfabrik Kahla, bemalte H\u00f6he 17 cm, Breite 16 cm<\/p>\n<p><a href=\"http:\/\/museumek.eu\/?attachment_id=46088\" rel=\"attachment wp-att-46088\"><img loading=\"lazy\" src=\"http:\/\/museumek.eu\/wp-content\/uploads\/2020\/04\/Julius-Lange-Porzellanfabrik-1-176x300.jpg\" alt=\"\" title=\"Julius Lange Porzellanfabrik 1\" width=\"176\" height=\"300\" class=\"alignnone size-medium wp-image-46088\" srcset=\"http:\/\/museumek.eu\/wp-content\/uploads\/2020\/04\/Julius-Lange-Porzellanfabrik-1-176x300.jpg 176w, http:\/\/museumek.eu\/wp-content\/uploads\/2020\/04\/Julius-Lange-Porzellanfabrik-1-88x150.jpg 88w, http:\/\/museumek.eu\/wp-content\/uploads\/2020\/04\/Julius-Lange-Porzellanfabrik-1.jpg 377w\" sizes=\"(max-width: 176px) 100vw, 176px\" \/><\/a><\/p>\n<p><a href=\"http:\/\/museumek.eu\/?attachment_id=46089\" rel=\"attachment wp-att-46089\"><img loading=\"lazy\" src=\"http:\/\/museumek.eu\/wp-content\/uploads\/2020\/04\/Julius-Lange-Porzellanfabrik-2-266x300.jpg\" alt=\"\" title=\"Julius Lange Porzellanfabrik 2\" width=\"266\" height=\"300\" class=\"alignnone size-medium wp-image-46089\" srcset=\"http:\/\/museumek.eu\/wp-content\/uploads\/2020\/04\/Julius-Lange-Porzellanfabrik-2-266x300.jpg 266w, http:\/\/museumek.eu\/wp-content\/uploads\/2020\/04\/Julius-Lange-Porzellanfabrik-2-133x150.jpg 133w, http:\/\/museumek.eu\/wp-content\/uploads\/2020\/04\/Julius-Lange-Porzellanfabrik-2.jpg 480w\" sizes=\"(max-width: 266px) 100vw, 266px\" \/><\/a><\/p>\n<p><a href=\"http:\/\/museumek.eu\/?attachment_id=46090\" rel=\"attachment wp-att-46090\"><img loading=\"lazy\" src=\"http:\/\/museumek.eu\/wp-content\/uploads\/2020\/04\/Julius-Lange-Porzellanfabrik-3-265x300.jpg\" alt=\"\" title=\"Julius Lange Porzellanfabrik 3\" width=\"265\" height=\"300\" class=\"alignnone size-medium wp-image-46090\" srcset=\"http:\/\/museumek.eu\/wp-content\/uploads\/2020\/04\/Julius-Lange-Porzellanfabrik-3-265x300.jpg 265w, http:\/\/museumek.eu\/wp-content\/uploads\/2020\/04\/Julius-Lange-Porzellanfabrik-3-132x150.jpg 132w, http:\/\/museumek.eu\/wp-content\/uploads\/2020\/04\/Julius-Lange-Porzellanfabrik-3.jpg 480w\" sizes=\"(max-width: 265px) 100vw, 265px\" \/><\/a><\/p>\n<p><a href=\"http:\/\/museumek.eu\/?attachment_id=46093\" rel=\"attachment wp-att-46093\"><img loading=\"lazy\" src=\"http:\/\/museumek.eu\/wp-content\/uploads\/2020\/04\/Julius-Lange-Porzellanfabrik-4-157x300.jpg\" alt=\"\" title=\"Julius Lange Porzellanfabrik 4\" width=\"157\" height=\"300\" class=\"alignnone size-medium wp-image-46093\" srcset=\"http:\/\/museumek.eu\/wp-content\/uploads\/2020\/04\/Julius-Lange-Porzellanfabrik-4-157x300.jpg 157w, http:\/\/museumek.eu\/wp-content\/uploads\/2020\/04\/Julius-Lange-Porzellanfabrik-4-78x150.jpg 78w, http:\/\/museumek.eu\/wp-content\/uploads\/2020\/04\/Julius-Lange-Porzellanfabrik-4.jpg 336w\" sizes=\"(max-width: 157px) 100vw, 157px\" \/><\/a><\/p>\n<p><a href=\"http:\/\/museumek.eu\/?attachment_id=46094\" rel=\"attachment wp-att-46094\"><img loading=\"lazy\" src=\"http:\/\/museumek.eu\/wp-content\/uploads\/2020\/04\/Julius-Lange-Porzellanfabrik-5-300x261.jpg\" alt=\"\" title=\"Julius Lange Porzellanfabrik 5\" width=\"300\" height=\"261\" class=\"alignnone size-medium wp-image-46094\" srcset=\"http:\/\/museumek.eu\/wp-content\/uploads\/2020\/04\/Julius-Lange-Porzellanfabrik-5-300x261.jpg 300w, http:\/\/museumek.eu\/wp-content\/uploads\/2020\/04\/Julius-Lange-Porzellanfabrik-5-150x130.jpg 150w, http:\/\/museumek.eu\/wp-content\/uploads\/2020\/04\/Julius-Lange-Porzellanfabrik-5-344x300.jpg 344w, http:\/\/museumek.eu\/wp-content\/uploads\/2020\/04\/Julius-Lange-Porzellanfabrik-5.jpg 551w\" sizes=\"(max-width: 300px) 100vw, 300px\" \/><\/a><\/p>\n<p><a href=\"http:\/\/museumek.eu\/?attachment_id=46095\" rel=\"attachment wp-att-46095\"><img loading=\"lazy\" src=\"http:\/\/museumek.eu\/wp-content\/uploads\/2020\/04\/Julius-Lange-Porzellanfabrik-6-205x300.jpg\" alt=\"\" title=\"Julius Lange Porzellanfabrik 6\" width=\"205\" height=\"300\" class=\"alignnone size-medium wp-image-46095\" srcset=\"http:\/\/museumek.eu\/wp-content\/uploads\/2020\/04\/Julius-Lange-Porzellanfabrik-6-205x300.jpg 205w, http:\/\/museumek.eu\/wp-content\/uploads\/2020\/04\/Julius-Lange-Porzellanfabrik-6-102x150.jpg 102w, http:\/\/museumek.eu\/wp-content\/uploads\/2020\/04\/Julius-Lange-Porzellanfabrik-6.jpg 439w\" sizes=\"(max-width: 205px) 100vw, 205px\" \/><\/a><\/p>\n<p><a href=\"http:\/\/museumek.eu\/?attachment_id=46098\" rel=\"attachment wp-att-46098\"><img loading=\"lazy\" src=\"http:\/\/museumek.eu\/wp-content\/uploads\/2020\/04\/Julius-Lange-Porzellanfabrik-7-300x300.jpg\" alt=\"\" title=\"Julius Lange Porzellanfabrik 7\" width=\"300\" height=\"300\" class=\"alignnone size-medium wp-image-46098\" srcset=\"http:\/\/museumek.eu\/wp-content\/uploads\/2020\/04\/Julius-Lange-Porzellanfabrik-7-300x300.jpg 300w, http:\/\/museumek.eu\/wp-content\/uploads\/2020\/04\/Julius-Lange-Porzellanfabrik-7-150x150.jpg 150w, http:\/\/museumek.eu\/wp-content\/uploads\/2020\/04\/Julius-Lange-Porzellanfabrik-7-299x300.jpg 299w, http:\/\/museumek.eu\/wp-content\/uploads\/2020\/04\/Julius-Lange-Porzellanfabrik-7.jpg 480w\" sizes=\"(max-width: 300px) 100vw, 300px\" \/><\/a><\/p>\n<p><a href=\"http:\/\/museumek.eu\/?attachment_id=46099\" rel=\"attachment wp-att-46099\"><img loading=\"lazy\" src=\"http:\/\/museumek.eu\/wp-content\/uploads\/2020\/04\/Julius-Lange-Porzellanfabrik-8-300x264.jpg\" alt=\"\" title=\"Julius Lange Porzellanfabrik 8\" width=\"300\" height=\"264\" class=\"alignnone size-medium wp-image-46099\" srcset=\"http:\/\/museumek.eu\/wp-content\/uploads\/2020\/04\/Julius-Lange-Porzellanfabrik-8-300x264.jpg 300w, http:\/\/museumek.eu\/wp-content\/uploads\/2020\/04\/Julius-Lange-Porzellanfabrik-8-150x132.jpg 150w, http:\/\/museumek.eu\/wp-content\/uploads\/2020\/04\/Julius-Lange-Porzellanfabrik-8-340x300.jpg 340w, http:\/\/museumek.eu\/wp-content\/uploads\/2020\/04\/Julius-Lange-Porzellanfabrik-8.jpg 465w\" sizes=\"(max-width: 300px) 100vw, 300px\" \/><\/a><\/p>\n<p><a href=\"http:\/\/museumek.eu\/?attachment_id=46102\" rel=\"attachment wp-att-46102\"><img loading=\"lazy\" src=\"http:\/\/museumek.eu\/wp-content\/uploads\/2020\/04\/Julius-Lange-Porzellanfabrik-14-300x123.jpg\" alt=\"\" title=\"Julius Lange Porzellanfabrik 14\" width=\"300\" height=\"123\" class=\"alignnone size-medium wp-image-46102\" srcset=\"http:\/\/museumek.eu\/wp-content\/uploads\/2020\/04\/Julius-Lange-Porzellanfabrik-14-300x123.jpg 300w, http:\/\/museumek.eu\/wp-content\/uploads\/2020\/04\/Julius-Lange-Porzellanfabrik-14-150x61.jpg 150w, http:\/\/museumek.eu\/wp-content\/uploads\/2020\/04\/Julius-Lange-Porzellanfabrik-14.jpg 374w\" sizes=\"(max-width: 300px) 100vw, 300px\" \/><\/a><\/p>\n<p><a href=\"http:\/\/museumek.eu\/?attachment_id=46103\" rel=\"attachment wp-att-46103\"><img loading=\"lazy\" src=\"http:\/\/museumek.eu\/wp-content\/uploads\/2020\/04\/Julius-Lange-Porzellanfabrik-15-171x300.jpg\" alt=\"\" title=\"Julius Lange Porzellanfabrik 15\" width=\"171\" height=\"300\" class=\"alignnone size-medium wp-image-46103\" srcset=\"http:\/\/museumek.eu\/wp-content\/uploads\/2020\/04\/Julius-Lange-Porzellanfabrik-15-171x300.jpg 171w, http:\/\/museumek.eu\/wp-content\/uploads\/2020\/04\/Julius-Lange-Porzellanfabrik-15-85x150.jpg 85w, http:\/\/museumek.eu\/wp-content\/uploads\/2020\/04\/Julius-Lange-Porzellanfabrik-15.jpg 381w\" sizes=\"(max-width: 171px) 100vw, 171px\" \/><\/a><\/p>\n<p><a href=\"http:\/\/museumek.eu\/?attachment_id=46104\" rel=\"attachment wp-att-46104\"><img loading=\"lazy\" src=\"http:\/\/museumek.eu\/wp-content\/uploads\/2020\/04\/Julius-Lange-Porzellanfabrik-16-200x300.jpg\" alt=\"\" title=\"Julius Lange Porzellanfabrik 16\" width=\"200\" height=\"300\" class=\"alignnone size-medium wp-image-46104\" srcset=\"http:\/\/museumek.eu\/wp-content\/uploads\/2020\/04\/Julius-Lange-Porzellanfabrik-16-200x300.jpg 200w, http:\/\/museumek.eu\/wp-content\/uploads\/2020\/04\/Julius-Lange-Porzellanfabrik-16-100x150.jpg 100w, http:\/\/museumek.eu\/wp-content\/uploads\/2020\/04\/Julius-Lange-Porzellanfabrik-16.jpg 385w\" sizes=\"(max-width: 200px) 100vw, 200px\" \/><\/a><\/p>\n<p><strong>Abteilung Deutschland, Keramik 1860 \u2013 1960, Inventarnummer D\/CXLVIII\/2<\/strong><\/p>\n<p>Porzellanfabrik Julius Lange und Nachfolger Paul Lange und Nachfolger Paul Seiler, Deutschland, Kahla, 1910 &#8211; 1940, Tasse eines Kinderservice, K\u00fcnstler unbekannt, Werks.-Nr. ohne 14 (?)\/472\/0, Exemplar Nr. ohne, gemarkt Firmenmarke goldener Stempel auf Glasur (g\u00fcltig f\u00fcr die Zeit von 1910 bis 1940), mit JL 1863, 14 (?)\/472\/0 geritzt, nicht signiert, Literatur Robert E. R\u00f6ntgen, Deutsche Porzellanmarken von 1710 bis heute (Ausgabe Jahr 2000), Seite 151, Marke Nr. 1105 identisch (dort angegeben f\u00fcr die Zeit von 1910 bis 1940), 1863 gr\u00fcndete Julius Hermann-Friedrich Lange in Kahla eine Porzellanfabrik, Firmierung Porzellanfabrik Julius Lange, 1923 \u00fcbernahm sein Sohn Paul Hermann-Franz Lange die Fabrik, ihm folgte 1940 Paul Seiler nach, R\u00f6ntgen vermerkt als Nachfolger von Julius Lange, einen Sohn mit Namen Karl Lange und R\u00f6ntgen nimmt die Bezeichnung Porzellanfabrik vor, im Stadtgeschichtenlexikon der Stadt Kahla ist folgendes vermerkt: Julius Hermann-Friedrich Lange Porzellanmalerei, Sohn Paul Hermann-Franz Lange, insofern kann das MEK nicht aufkl\u00e4ren, ob Julius Lange tats\u00e4chlich eine Porzellanfabrik gr\u00fcndete oder nur eine Porzellanmalerei betrieb, die die Weissware der beiden gro\u00dfen Kahler Porzellanfabriken C. A. Lehmann &#038; Sohn und Porzellanfabrik Kahla, bemalte H\u00f6he 5 cm, Breite 8 cm<\/p>\n<p><a href=\"http:\/\/museumek.eu\/?attachment_id=46116\" rel=\"attachment wp-att-46116\"><img loading=\"lazy\" src=\"http:\/\/museumek.eu\/wp-content\/uploads\/2020\/04\/Julius-Lange-Porzellanfabrik-9-300x233.jpg\" alt=\"\" title=\"Julius Lange Porzellanfabrik 9\" width=\"300\" height=\"233\" class=\"alignnone size-medium wp-image-46116\" srcset=\"http:\/\/museumek.eu\/wp-content\/uploads\/2020\/04\/Julius-Lange-Porzellanfabrik-9-300x233.jpg 300w, http:\/\/museumek.eu\/wp-content\/uploads\/2020\/04\/Julius-Lange-Porzellanfabrik-9-150x116.jpg 150w, http:\/\/museumek.eu\/wp-content\/uploads\/2020\/04\/Julius-Lange-Porzellanfabrik-9-385x300.jpg 385w, http:\/\/museumek.eu\/wp-content\/uploads\/2020\/04\/Julius-Lange-Porzellanfabrik-9.jpg 616w\" sizes=\"(max-width: 300px) 100vw, 300px\" \/><\/a><\/p>\n<p><a href=\"http:\/\/museumek.eu\/?attachment_id=46117\" rel=\"attachment wp-att-46117\"><img loading=\"lazy\" src=\"http:\/\/museumek.eu\/wp-content\/uploads\/2020\/04\/Julius-Lange-Porzellanfabrik-10-300x261.jpg\" alt=\"\" title=\"Julius Lange Porzellanfabrik 10\" width=\"300\" height=\"261\" class=\"alignnone size-medium wp-image-46117\" srcset=\"http:\/\/museumek.eu\/wp-content\/uploads\/2020\/04\/Julius-Lange-Porzellanfabrik-10-300x261.jpg 300w, http:\/\/museumek.eu\/wp-content\/uploads\/2020\/04\/Julius-Lange-Porzellanfabrik-10-150x130.jpg 150w, http:\/\/museumek.eu\/wp-content\/uploads\/2020\/04\/Julius-Lange-Porzellanfabrik-10-343x300.jpg 343w, http:\/\/museumek.eu\/wp-content\/uploads\/2020\/04\/Julius-Lange-Porzellanfabrik-10.jpg 513w\" sizes=\"(max-width: 300px) 100vw, 300px\" \/><\/a><\/p>\n<p><a href=\"http:\/\/museumek.eu\/?attachment_id=46119\" rel=\"attachment wp-att-46119\"><img loading=\"lazy\" src=\"http:\/\/museumek.eu\/wp-content\/uploads\/2020\/04\/Julius-Lange-Porzellanfabrik-11-272x300.jpg\" alt=\"\" title=\"Julius Lange Porzellanfabrik 11\" width=\"272\" height=\"300\" class=\"alignnone size-medium wp-image-46119\" srcset=\"http:\/\/museumek.eu\/wp-content\/uploads\/2020\/04\/Julius-Lange-Porzellanfabrik-11-272x300.jpg 272w, http:\/\/museumek.eu\/wp-content\/uploads\/2020\/04\/Julius-Lange-Porzellanfabrik-11-136x150.jpg 136w, http:\/\/museumek.eu\/wp-content\/uploads\/2020\/04\/Julius-Lange-Porzellanfabrik-11.jpg 480w\" sizes=\"(max-width: 272px) 100vw, 272px\" \/><\/a><\/p>\n<p><a href=\"http:\/\/museumek.eu\/?attachment_id=46120\" rel=\"attachment wp-att-46120\"><img loading=\"lazy\" src=\"http:\/\/museumek.eu\/wp-content\/uploads\/2020\/04\/Julius-Lange-Porzellanfabrik-12-300x295.jpg\" alt=\"\" title=\"Julius Lange Porzellanfabrik 12\" width=\"300\" height=\"295\" class=\"alignnone size-medium wp-image-46120\" srcset=\"http:\/\/museumek.eu\/wp-content\/uploads\/2020\/04\/Julius-Lange-Porzellanfabrik-12-300x295.jpg 300w, http:\/\/museumek.eu\/wp-content\/uploads\/2020\/04\/Julius-Lange-Porzellanfabrik-12-150x147.jpg 150w, http:\/\/museumek.eu\/wp-content\/uploads\/2020\/04\/Julius-Lange-Porzellanfabrik-12-305x300.jpg 305w, http:\/\/museumek.eu\/wp-content\/uploads\/2020\/04\/Julius-Lange-Porzellanfabrik-12.jpg 488w\" sizes=\"(max-width: 300px) 100vw, 300px\" \/><\/a><\/p>\n<p><a href=\"http:\/\/museumek.eu\/?attachment_id=46121\" rel=\"attachment wp-att-46121\"><img loading=\"lazy\" src=\"http:\/\/museumek.eu\/wp-content\/uploads\/2020\/04\/Julius-Lange-Porzellanfabrik-13-300x115.jpg\" alt=\"\" title=\"Julius Lange Porzellanfabrik 13\" width=\"300\" height=\"115\" class=\"alignnone size-medium wp-image-46121\" srcset=\"http:\/\/museumek.eu\/wp-content\/uploads\/2020\/04\/Julius-Lange-Porzellanfabrik-13-300x115.jpg 300w, http:\/\/museumek.eu\/wp-content\/uploads\/2020\/04\/Julius-Lange-Porzellanfabrik-13-150x57.jpg 150w, http:\/\/museumek.eu\/wp-content\/uploads\/2020\/04\/Julius-Lange-Porzellanfabrik-13-500x192.jpg 500w, http:\/\/museumek.eu\/wp-content\/uploads\/2020\/04\/Julius-Lange-Porzellanfabrik-13.jpg 640w\" sizes=\"(max-width: 300px) 100vw, 300px\" \/><\/a><\/p>\n<p><a href=\"http:\/\/museumek.eu\/?attachment_id=46102\" rel=\"attachment wp-att-46102\"><img loading=\"lazy\" src=\"http:\/\/museumek.eu\/wp-content\/uploads\/2020\/04\/Julius-Lange-Porzellanfabrik-14-300x123.jpg\" alt=\"\" title=\"Julius Lange Porzellanfabrik 14\" width=\"300\" height=\"123\" class=\"alignnone size-medium wp-image-46102\" srcset=\"http:\/\/museumek.eu\/wp-content\/uploads\/2020\/04\/Julius-Lange-Porzellanfabrik-14-300x123.jpg 300w, http:\/\/museumek.eu\/wp-content\/uploads\/2020\/04\/Julius-Lange-Porzellanfabrik-14-150x61.jpg 150w, http:\/\/museumek.eu\/wp-content\/uploads\/2020\/04\/Julius-Lange-Porzellanfabrik-14.jpg 374w\" sizes=\"(max-width: 300px) 100vw, 300px\" \/><\/a><\/p>\n<p><a href=\"http:\/\/museumek.eu\/?attachment_id=46103\" rel=\"attachment wp-att-46103\"><img loading=\"lazy\" src=\"http:\/\/museumek.eu\/wp-content\/uploads\/2020\/04\/Julius-Lange-Porzellanfabrik-15-171x300.jpg\" alt=\"\" title=\"Julius Lange Porzellanfabrik 15\" width=\"171\" height=\"300\" class=\"alignnone size-medium wp-image-46103\" srcset=\"http:\/\/museumek.eu\/wp-content\/uploads\/2020\/04\/Julius-Lange-Porzellanfabrik-15-171x300.jpg 171w, http:\/\/museumek.eu\/wp-content\/uploads\/2020\/04\/Julius-Lange-Porzellanfabrik-15-85x150.jpg 85w, http:\/\/museumek.eu\/wp-content\/uploads\/2020\/04\/Julius-Lange-Porzellanfabrik-15.jpg 381w\" sizes=\"(max-width: 171px) 100vw, 171px\" \/><\/a><\/p>\n<p><a href=\"http:\/\/museumek.eu\/?attachment_id=46104\" rel=\"attachment wp-att-46104\"><img loading=\"lazy\" src=\"http:\/\/museumek.eu\/wp-content\/uploads\/2020\/04\/Julius-Lange-Porzellanfabrik-16-200x300.jpg\" alt=\"\" title=\"Julius Lange Porzellanfabrik 16\" width=\"200\" height=\"300\" class=\"alignnone size-medium wp-image-46104\" srcset=\"http:\/\/museumek.eu\/wp-content\/uploads\/2020\/04\/Julius-Lange-Porzellanfabrik-16-200x300.jpg 200w, http:\/\/museumek.eu\/wp-content\/uploads\/2020\/04\/Julius-Lange-Porzellanfabrik-16-100x150.jpg 100w, http:\/\/museumek.eu\/wp-content\/uploads\/2020\/04\/Julius-Lange-Porzellanfabrik-16.jpg 385w\" sizes=\"(max-width: 200px) 100vw, 200px\" \/><\/a><\/p>\n","protected":false},"excerpt":{"rendered":"<p>Abteilung Deutschland, Keramik 1860 \u2013 1960, Inventarnummer D\/CXLVIII\/1 Porzellanfabrik Julius Lange und Nachfolger Paul Lange und Nachfolger Paul Seiler, Deutschland, Kahla, 1910 &#8211; 1940, Kanne eines Kinderservice, K\u00fcnstler unbekannt, Werks.-Nr. ohne 14 (?)\/472\/0, Exemplar Nr. ohne, gemarkt Firmenmarke goldener Stempel &hellip; <a href=\"http:\/\/museumek.eu\/?page_id=46134\">Weiterlesen <span class=\"meta-nav\">&rarr;<\/span><\/a><\/p>\n","protected":false},"author":1,"featured_media":0,"parent":46131,"menu_order":0,"comment_status":"closed","ping_status":"open","template":"","meta":[],"_links":{"self":[{"href":"http:\/\/museumek.eu\/index.php?rest_route=\/wp\/v2\/pages\/46134"}],"collection":[{"href":"http:\/\/museumek.eu\/index.php?rest_route=\/wp\/v2\/pages"}],"about":[{"href":"http:\/\/museumek.eu\/index.php?rest_route=\/wp\/v2\/types\/page"}],"author":[{"embeddable":true,"href":"http:\/\/museumek.eu\/index.php?rest_route=\/wp\/v2\/users\/1"}],"replies":[{"embeddable":true,"href":"http:\/\/museumek.eu\/index.php?rest_route=%2Fwp%2Fv2%2Fcomments&post=46134"}],"version-history":[{"count":2,"href":"http:\/\/museumek.eu\/index.php?rest_route=\/wp\/v2\/pages\/46134\/revisions"}],"predecessor-version":[{"id":46136,"href":"http:\/\/museumek.eu\/index.php?rest_route=\/wp\/v2\/pages\/46134\/revisions\/46136"}],"up":[{"embeddable":true,"href":"http:\/\/museumek.eu\/index.php?rest_route=\/wp\/v2\/pages\/46131"}],"wp:attachment":[{"href":"http:\/\/museumek.eu\/index.php?rest_route=%2Fwp%2Fv2%2Fmedia&parent=46134"}],"curies":[{"name":"wp","href":"https:\/\/api.w.org\/{rel}","templated":true}]}}