{"id":46211,"date":"2020-04-19T19:21:22","date_gmt":"2020-04-19T17:21:22","guid":{"rendered":"http:\/\/museumek.eu\/?page_id=46211"},"modified":"2020-04-19T19:22:09","modified_gmt":"2020-04-19T17:22:09","slug":"axxxiii17","status":"publish","type":"page","link":"http:\/\/museumek.eu\/?page_id=46211","title":{"rendered":"A\/XXXIII\/17"},"content":{"rendered":"<p><strong>Abteilung Austria\/Ungarn\/B\u00f6hmen, Keramik 1860 \u2013 1960, Inventarnummer A\/XXXIII\/17<\/strong><\/p>\n<p>Haas &#038; Czjzek K.K. privilegierte Porzellanfabrik und Nachf. Porzellanfabrik Haas &#038; Czjzek AG, B\u00f6hmen\/Austria, Schlaggenwald\/Horni Slavkov und Chodau\/Chodov, um 1900, Schale mit zwei seitlichen Handhaben, K\u00fcnstler unbekannt, Werks.-Nr. 10558 (Dekornummer ?), Exemplar Nr. ohne, gemarkt Firmenmarke mit 1792 darunter in einem Rahmen Tannenbaum sowie H &#038; C, darunter Schlaggenwald dunkelgr\u00fcner Stempel  auf Glasur, 10558 blau auf Glasur gemalt, 800 sowie nicht lesbare Zahlen und S gepresst, roter Rechteck Stempel mit E. B. LATTORFF darunter HAMBURG f\u00fcr das Verkaufshaus E.B. Lattorff Kristall-Porzellan-Luxuswaren Inh. Gebr. Dahl Dammtorstr. 35 Hamburg, nicht signiert, Literatur: J. G. Th. Graesse und E. Jaennicke, F\u00fchrer f\u00fcr Sammler von Porzellan und Fayence, Steinzeug, Steingut usw., Seite 420, Marke Nr. 25 identisch, weitere Literatur: Gustav Wei\u00df, Ullstein Porzellanbuch, Seite 301, Marke Nr. 10 identisch, weitere Literatur: Emanuel Poche, Porzellanmarken, Marke Nr. 34 (f\u00fcr die Zeit 1888 bis 1906) identisch, Johann Georg Paulus gr\u00fcndete 1792 eine Porzellanfabrik, welche als Paulus Porzellan firmierte, nach kurzer Zeit wird, wohl noch vor Ende 1800, Luise Sophie Greiner Eigent\u00fcmerin, Ihr Schwiegersohn der Arzt Johann Georg Lippert tritt in die Fabrik ein und holt sich Wenzel Haas aus Prag als Partner, Firmierung sp\u00e4testens 1836 als Haas &#038; Lippert, Wenzel Haas Sohn August Eusebius Haas war Grundbesitzer und trat zu Wenzel Haas Tod in die Fabrik ein, 1843 Tod von Johann Georg Lippert, dessen Tochter Emilie und deren Ehemann Johann M\u00f6hring erben die Anteile der Fabrik und verkaufen sie an Haas, der nun Alleineigent\u00fcmer ist, 1867 \u00fcbergibt August Eusebius Haas seine Fabrik an seinen Sohn Georg Haas (ab 1908 Freiherr von Hasenfels) und seinen Neffen Johann Czjzek (sp\u00e4ter Edler von Smidaich), Firmierung ab 1867 Haas &#038; Czjzek K.K. Porzellanfabrik, 1871 kauft die Fabrik von der Familie Porges von Portheim die Porzellanfabrik in Chodau, Firmierung wohl identisch, lediglich Ortunterscheidung in den Stempeln, Georg Haas stirbt 1914 und seine Witwe Olga tritt in die Fabrik ein, 1923 \u00fcbergibt Johann Czjzek seine Anteile an seinen Sohn Felix. 1930 wird eine Aktiengesellschaft gegr\u00fcndet und 1945 wird die Fabrik enteignet, in Schlaggenwald wird feinstes Porzellan f\u00fcr die Kaiserh\u00e4user, den Papst und F\u00fcrstenh\u00e4user produziert, in Chodau vorwiegend einfaches Gebrauchsgeschirr, die Schale ist Teil eines Service, siehe dazu passende Teller MEK A\/XXXIII\/12 bis A\/XXXIII\/15, Herstellungsort Schlaggenwald, H\u00f6he 4,5 cm, Breite 25,5 cm<\/p>\n<p><a href=\"http:\/\/museumek.eu\/?attachment_id=46185\" rel=\"attachment wp-att-46185\"><img loading=\"lazy\" src=\"http:\/\/museumek.eu\/wp-content\/uploads\/2013\/05\/Haas-Cicek-1-300x109.jpg\" alt=\"\" title=\"Haas &amp; Cicek 1\" width=\"300\" height=\"109\" class=\"alignnone size-medium wp-image-46185\" srcset=\"http:\/\/museumek.eu\/wp-content\/uploads\/2013\/05\/Haas-Cicek-1-300x109.jpg 300w, http:\/\/museumek.eu\/wp-content\/uploads\/2013\/05\/Haas-Cicek-1-150x54.jpg 150w, http:\/\/museumek.eu\/wp-content\/uploads\/2013\/05\/Haas-Cicek-1-500x182.jpg 500w, http:\/\/museumek.eu\/wp-content\/uploads\/2013\/05\/Haas-Cicek-1.jpg 640w\" sizes=\"(max-width: 300px) 100vw, 300px\" \/><\/a><\/p>\n<p><a href=\"http:\/\/museumek.eu\/?attachment_id=46186\" rel=\"attachment wp-att-46186\"><img loading=\"lazy\" src=\"http:\/\/museumek.eu\/wp-content\/uploads\/2013\/05\/Haas-Cicek-2-300x123.jpg\" alt=\"\" title=\"Haas &amp; Cicek 2\" width=\"300\" height=\"123\" class=\"alignnone size-medium wp-image-46186\" srcset=\"http:\/\/museumek.eu\/wp-content\/uploads\/2013\/05\/Haas-Cicek-2-300x123.jpg 300w, http:\/\/museumek.eu\/wp-content\/uploads\/2013\/05\/Haas-Cicek-2-150x61.jpg 150w, http:\/\/museumek.eu\/wp-content\/uploads\/2013\/05\/Haas-Cicek-2-500x205.jpg 500w, http:\/\/museumek.eu\/wp-content\/uploads\/2013\/05\/Haas-Cicek-2.jpg 640w\" sizes=\"(max-width: 300px) 100vw, 300px\" \/><\/a><\/p>\n<p><a href=\"http:\/\/museumek.eu\/?attachment_id=46189\" rel=\"attachment wp-att-46189\"><img loading=\"lazy\" src=\"http:\/\/museumek.eu\/wp-content\/uploads\/2013\/05\/Haas-Cicek-3-150x300.jpg\" alt=\"\" title=\"Haas &amp; Cicek 3\" width=\"150\" height=\"300\" class=\"alignnone size-medium wp-image-46189\" srcset=\"http:\/\/museumek.eu\/wp-content\/uploads\/2013\/05\/Haas-Cicek-3-150x300.jpg 150w, http:\/\/museumek.eu\/wp-content\/uploads\/2013\/05\/Haas-Cicek-3-75x150.jpg 75w\" sizes=\"(max-width: 150px) 100vw, 150px\" \/><\/a><\/p>\n<p><a href=\"http:\/\/museumek.eu\/?attachment_id=46190\" rel=\"attachment wp-att-46190\"><img loading=\"lazy\" src=\"http:\/\/museumek.eu\/wp-content\/uploads\/2013\/05\/Haas-Cicek-4-160x300.jpg\" alt=\"\" title=\"Haas &amp; Cicek 4\" width=\"160\" height=\"300\" class=\"alignnone size-medium wp-image-46190\" srcset=\"http:\/\/museumek.eu\/wp-content\/uploads\/2013\/05\/Haas-Cicek-4-160x300.jpg 160w, http:\/\/museumek.eu\/wp-content\/uploads\/2013\/05\/Haas-Cicek-4-80x150.jpg 80w, http:\/\/museumek.eu\/wp-content\/uploads\/2013\/05\/Haas-Cicek-4.jpg 342w\" sizes=\"(max-width: 160px) 100vw, 160px\" \/><\/a><\/p>\n<p><a href=\"http:\/\/museumek.eu\/?attachment_id=46191\" rel=\"attachment wp-att-46191\"><img loading=\"lazy\" src=\"http:\/\/museumek.eu\/wp-content\/uploads\/2013\/05\/Haas-Cicek-5-155x300.jpg\" alt=\"\" title=\"Haas &amp; Cicek 5\" width=\"155\" height=\"300\" class=\"alignnone size-medium wp-image-46191\" srcset=\"http:\/\/museumek.eu\/wp-content\/uploads\/2013\/05\/Haas-Cicek-5-155x300.jpg 155w, http:\/\/museumek.eu\/wp-content\/uploads\/2013\/05\/Haas-Cicek-5-77x150.jpg 77w, http:\/\/museumek.eu\/wp-content\/uploads\/2013\/05\/Haas-Cicek-5.jpg 262w\" sizes=\"(max-width: 155px) 100vw, 155px\" \/><\/a><\/p>\n<p><a href=\"http:\/\/museumek.eu\/?attachment_id=46194\" rel=\"attachment wp-att-46194\"><img loading=\"lazy\" src=\"http:\/\/museumek.eu\/wp-content\/uploads\/2013\/05\/Haas-Cicek-6-107x300.jpg\" alt=\"\" title=\"Haas &amp; Cicek 6\" width=\"107\" height=\"300\" class=\"alignnone size-medium wp-image-46194\" srcset=\"http:\/\/museumek.eu\/wp-content\/uploads\/2013\/05\/Haas-Cicek-6-107x300.jpg 107w, http:\/\/museumek.eu\/wp-content\/uploads\/2013\/05\/Haas-Cicek-6-53x150.jpg 53w, http:\/\/museumek.eu\/wp-content\/uploads\/2013\/05\/Haas-Cicek-6.jpg 229w\" sizes=\"(max-width: 107px) 100vw, 107px\" \/><\/a><\/p>\n<p><a href=\"http:\/\/museumek.eu\/?attachment_id=46202\" rel=\"attachment wp-att-46202\"><img loading=\"lazy\" src=\"http:\/\/museumek.eu\/wp-content\/uploads\/2013\/05\/Haas-Cicek-10-300x246.jpg\" alt=\"\" title=\"Haas &amp; Cicek 10\" width=\"300\" height=\"246\" class=\"alignnone size-medium wp-image-46202\" srcset=\"http:\/\/museumek.eu\/wp-content\/uploads\/2013\/05\/Haas-Cicek-10-300x246.jpg 300w, http:\/\/museumek.eu\/wp-content\/uploads\/2013\/05\/Haas-Cicek-10-150x123.jpg 150w, http:\/\/museumek.eu\/wp-content\/uploads\/2013\/05\/Haas-Cicek-10-364x300.jpg 364w, http:\/\/museumek.eu\/wp-content\/uploads\/2013\/05\/Haas-Cicek-10.jpg 478w\" sizes=\"(max-width: 300px) 100vw, 300px\" \/><\/a><\/p>\n<p><a href=\"http:\/\/museumek.eu\/?attachment_id=46195\" rel=\"attachment wp-att-46195\"><img loading=\"lazy\" src=\"http:\/\/museumek.eu\/wp-content\/uploads\/2013\/05\/Haas-Cicek-7-300x170.jpg\" alt=\"\" title=\"Haas &amp; Cicek 7\" width=\"300\" height=\"170\" class=\"alignnone size-medium wp-image-46195\" srcset=\"http:\/\/museumek.eu\/wp-content\/uploads\/2013\/05\/Haas-Cicek-7-300x170.jpg 300w, http:\/\/museumek.eu\/wp-content\/uploads\/2013\/05\/Haas-Cicek-7-150x85.jpg 150w, http:\/\/museumek.eu\/wp-content\/uploads\/2013\/05\/Haas-Cicek-7-500x284.jpg 500w, http:\/\/museumek.eu\/wp-content\/uploads\/2013\/05\/Haas-Cicek-7.jpg 640w\" sizes=\"(max-width: 300px) 100vw, 300px\" \/><\/a><\/p>\n<p><a href=\"http:\/\/museumek.eu\/?attachment_id=46198\" rel=\"attachment wp-att-46198\"><img loading=\"lazy\" src=\"http:\/\/museumek.eu\/wp-content\/uploads\/2013\/05\/Haas-Cicek-8-300x185.jpg\" alt=\"\" title=\"Haas &amp; Cicek 8\" width=\"300\" height=\"185\" class=\"alignnone size-medium wp-image-46198\" srcset=\"http:\/\/museumek.eu\/wp-content\/uploads\/2013\/05\/Haas-Cicek-8-300x185.jpg 300w, http:\/\/museumek.eu\/wp-content\/uploads\/2013\/05\/Haas-Cicek-8-150x92.jpg 150w, http:\/\/museumek.eu\/wp-content\/uploads\/2013\/05\/Haas-Cicek-8-486x300.jpg 486w, http:\/\/museumek.eu\/wp-content\/uploads\/2013\/05\/Haas-Cicek-8.jpg 640w\" sizes=\"(max-width: 300px) 100vw, 300px\" \/><\/a><\/p>\n<p><a href=\"http:\/\/museumek.eu\/?attachment_id=46199\" rel=\"attachment wp-att-46199\"><img loading=\"lazy\" src=\"http:\/\/museumek.eu\/wp-content\/uploads\/2013\/05\/Haas-Cicek-9-248x300.jpg\" alt=\"\" title=\"Haas &amp; Cicek 9\" width=\"248\" height=\"300\" class=\"alignnone size-medium wp-image-46199\" srcset=\"http:\/\/museumek.eu\/wp-content\/uploads\/2013\/05\/Haas-Cicek-9-248x300.jpg 248w, http:\/\/museumek.eu\/wp-content\/uploads\/2013\/05\/Haas-Cicek-9-124x150.jpg 124w, http:\/\/museumek.eu\/wp-content\/uploads\/2013\/05\/Haas-Cicek-9.jpg 480w\" sizes=\"(max-width: 248px) 100vw, 248px\" \/><\/a><\/p>\n","protected":false},"excerpt":{"rendered":"<p>Abteilung Austria\/Ungarn\/B\u00f6hmen, Keramik 1860 \u2013 1960, Inventarnummer A\/XXXIII\/17 Haas &#038; Czjzek K.K. privilegierte Porzellanfabrik und Nachf. Porzellanfabrik Haas &#038; Czjzek AG, B\u00f6hmen\/Austria, Schlaggenwald\/Horni Slavkov und Chodau\/Chodov, um 1900, Schale mit zwei seitlichen Handhaben, K\u00fcnstler unbekannt, Werks.-Nr. 10558 (Dekornummer ?), Exemplar &hellip; <a href=\"http:\/\/museumek.eu\/?page_id=46211\">Weiterlesen <span class=\"meta-nav\">&rarr;<\/span><\/a><\/p>\n","protected":false},"author":1,"featured_media":0,"parent":15737,"menu_order":17,"comment_status":"closed","ping_status":"open","template":"","meta":[],"_links":{"self":[{"href":"http:\/\/museumek.eu\/index.php?rest_route=\/wp\/v2\/pages\/46211"}],"collection":[{"href":"http:\/\/museumek.eu\/index.php?rest_route=\/wp\/v2\/pages"}],"about":[{"href":"http:\/\/museumek.eu\/index.php?rest_route=\/wp\/v2\/types\/page"}],"author":[{"embeddable":true,"href":"http:\/\/museumek.eu\/index.php?rest_route=\/wp\/v2\/users\/1"}],"replies":[{"embeddable":true,"href":"http:\/\/museumek.eu\/index.php?rest_route=%2Fwp%2Fv2%2Fcomments&post=46211"}],"version-history":[{"count":4,"href":"http:\/\/museumek.eu\/index.php?rest_route=\/wp\/v2\/pages\/46211\/revisions"}],"predecessor-version":[{"id":46215,"href":"http:\/\/museumek.eu\/index.php?rest_route=\/wp\/v2\/pages\/46211\/revisions\/46215"}],"up":[{"embeddable":true,"href":"http:\/\/museumek.eu\/index.php?rest_route=\/wp\/v2\/pages\/15737"}],"wp:attachment":[{"href":"http:\/\/museumek.eu\/index.php?rest_route=%2Fwp%2Fv2%2Fmedia&parent=46211"}],"curies":[{"name":"wp","href":"https:\/\/api.w.org\/{rel}","templated":true}]}}