{"id":46221,"date":"2020-04-22T21:01:57","date_gmt":"2020-04-22T19:01:57","guid":{"rendered":"http:\/\/museumek.eu\/?page_id=46221"},"modified":"2020-04-22T22:06:30","modified_gmt":"2020-04-22T20:06:30","slug":"fotos-und-beschreibung","status":"publish","type":"page","link":"http:\/\/museumek.eu\/?page_id=46221","title":{"rendered":"Fotos und Beschreibung"},"content":{"rendered":"<p><strong>Abteilung Deutschland, Keramik 1860 \u2013 1960, Inventarnummer D\/CL\/1<\/strong><\/p>\n<p>Silberporzellanmanufaktur Pl\u00fcderhausen Manfred Veyhl, Deutschland, Pl\u00fcderhausen, um 1953, Vase, K\u00fcnstler Manfred Veyhl, Werks.-Nr. 36\/3-44, Exemplar Nr. ohne, gemarkt Firmenmarke Kreisstempel mit wellenf\u00f6rmigem Rand, darin mittig SPM f\u00fcr Silberporzellanmanufaktur, dar\u00fcber halbkreisf\u00f6rmig SILBERPORZELLAN MANUFAKTUR PL\u00dcDERHAUSEN, darunter VEYHL; SILBERPORZELLAN sowie 1930 &#8211; 1950 rot auf Glasur, sogenannter Jubil\u00e4umsstempel, 36\/3-44 rot auf Glasur gemalt, gr\u00fcner Stempel der Krister Porzellanmanufaktur unter Glasur, dieser ab 1953 g\u00fcltig, in Silber angef\u00fcgt 1000\/1000, Literatur: Robert E. R\u00f6ntgen, Deutsche Porzellanmarken von 1710 bis heute, Seite 175, Marke Nr. 1317 identisch, dort beschrieben, dass die Krister Marke ab 1953 verwendet wurde, im Jahre 1928 begann Manfred Veyhl damit, Glas- und Porzellanprodukte anderer Hersteller mit Silberornamenten zu verzieren, es begann als Hobby und die ersten Produkte verkaufte er an seine Freunde und seine Nachbarn, das sein Tun Erfolg zeigte, gr\u00fcndete er 1930 seine eigene kleine Manufaktur, wohl zusammen mit seinem Bruder Alfred Veyhl, die Manufaktur wird 1989 von der Firma Deusch &#038; Co. \u00fcbernommen, er bezog Weissware von verschiedenen Herstellern, wie Krister, CM Hutschenreuther oder Heinrich &#038; Co., 1000\/1000 bedeutet, dass er das reinste, am Markt erh\u00e4ltliche, Silber f\u00fcr seine Produktion verwendete,<br \/>\nH\u00f6he 12 cm, Breite 10 cm<\/p>\n<p><a href=\"http:\/\/museumek.eu\/?attachment_id=46225\" rel=\"attachment wp-att-46225\"><img loading=\"lazy\" src=\"http:\/\/museumek.eu\/wp-content\/uploads\/2020\/04\/Veyhl-11-224x300.jpg\" alt=\"\" title=\"Veyhl 1\" width=\"224\" height=\"300\" class=\"alignnone size-medium wp-image-46225\" srcset=\"http:\/\/museumek.eu\/wp-content\/uploads\/2020\/04\/Veyhl-11-224x300.jpg 224w, http:\/\/museumek.eu\/wp-content\/uploads\/2020\/04\/Veyhl-11-112x150.jpg 112w, http:\/\/museumek.eu\/wp-content\/uploads\/2020\/04\/Veyhl-11.jpg 479w\" sizes=\"(max-width: 224px) 100vw, 224px\" \/><\/a><\/p>\n<p><a href=\"http:\/\/museumek.eu\/?attachment_id=46228\" rel=\"attachment wp-att-46228\"><img loading=\"lazy\" src=\"http:\/\/museumek.eu\/wp-content\/uploads\/2020\/04\/Veyhl-2-300x292.jpg\" alt=\"\" title=\"Veyhl 2\" width=\"300\" height=\"292\" class=\"alignnone size-medium wp-image-46228\" srcset=\"http:\/\/museumek.eu\/wp-content\/uploads\/2020\/04\/Veyhl-2-300x292.jpg 300w, http:\/\/museumek.eu\/wp-content\/uploads\/2020\/04\/Veyhl-2-150x146.jpg 150w, http:\/\/museumek.eu\/wp-content\/uploads\/2020\/04\/Veyhl-2-307x300.jpg 307w, http:\/\/museumek.eu\/wp-content\/uploads\/2020\/04\/Veyhl-2.jpg 492w\" sizes=\"(max-width: 300px) 100vw, 300px\" \/><\/a><\/p>\n<p><a href=\"http:\/\/museumek.eu\/?attachment_id=46231\" rel=\"attachment wp-att-46231\"><img loading=\"lazy\" src=\"http:\/\/museumek.eu\/wp-content\/uploads\/2020\/04\/Veyhl-3-300x184.jpg\" alt=\"\" title=\"Veyhl 3\" width=\"300\" height=\"184\" class=\"alignnone size-medium wp-image-46231\" srcset=\"http:\/\/museumek.eu\/wp-content\/uploads\/2020\/04\/Veyhl-3-300x184.jpg 300w, http:\/\/museumek.eu\/wp-content\/uploads\/2020\/04\/Veyhl-3-150x92.jpg 150w, http:\/\/museumek.eu\/wp-content\/uploads\/2020\/04\/Veyhl-3-488x300.jpg 488w, http:\/\/museumek.eu\/wp-content\/uploads\/2020\/04\/Veyhl-3.jpg 640w\" sizes=\"(max-width: 300px) 100vw, 300px\" \/><\/a><\/p>\n<p><a href=\"http:\/\/museumek.eu\/?attachment_id=46232\" rel=\"attachment wp-att-46232\"><img loading=\"lazy\" src=\"http:\/\/museumek.eu\/wp-content\/uploads\/2020\/04\/Veyhl-4-240x300.jpg\" alt=\"\" title=\"Veyhl 4\" width=\"240\" height=\"300\" class=\"alignnone size-medium wp-image-46232\" srcset=\"http:\/\/museumek.eu\/wp-content\/uploads\/2020\/04\/Veyhl-4-240x300.jpg 240w, http:\/\/museumek.eu\/wp-content\/uploads\/2020\/04\/Veyhl-4-120x150.jpg 120w, http:\/\/museumek.eu\/wp-content\/uploads\/2020\/04\/Veyhl-4.jpg 480w\" sizes=\"(max-width: 240px) 100vw, 240px\" \/><\/a><\/p>\n<p><a href=\"http:\/\/museumek.eu\/?attachment_id=46235\" rel=\"attachment wp-att-46235\"><img loading=\"lazy\" src=\"http:\/\/museumek.eu\/wp-content\/uploads\/2020\/04\/Veyhl-5-273x300.jpg\" alt=\"\" title=\"Veyhl 5\" width=\"273\" height=\"300\" class=\"alignnone size-medium wp-image-46235\" srcset=\"http:\/\/museumek.eu\/wp-content\/uploads\/2020\/04\/Veyhl-5-273x300.jpg 273w, http:\/\/museumek.eu\/wp-content\/uploads\/2020\/04\/Veyhl-5-136x150.jpg 136w, http:\/\/museumek.eu\/wp-content\/uploads\/2020\/04\/Veyhl-5.jpg 480w\" sizes=\"(max-width: 273px) 100vw, 273px\" \/><\/a><\/p>\n<p><a href=\"http:\/\/museumek.eu\/?attachment_id=46236\" rel=\"attachment wp-att-46236\"><img loading=\"lazy\" src=\"http:\/\/museumek.eu\/wp-content\/uploads\/2020\/04\/Veyhl-6-300x258.jpg\" alt=\"\" title=\"Veyhl 6\" width=\"300\" height=\"258\" class=\"alignnone size-medium wp-image-46236\" srcset=\"http:\/\/museumek.eu\/wp-content\/uploads\/2020\/04\/Veyhl-6-300x258.jpg 300w, http:\/\/museumek.eu\/wp-content\/uploads\/2020\/04\/Veyhl-6-150x129.jpg 150w, http:\/\/museumek.eu\/wp-content\/uploads\/2020\/04\/Veyhl-6-348x300.jpg 348w, http:\/\/museumek.eu\/wp-content\/uploads\/2020\/04\/Veyhl-6.jpg 557w\" sizes=\"(max-width: 300px) 100vw, 300px\" \/><\/a><\/p>\n","protected":false},"excerpt":{"rendered":"<p>Abteilung Deutschland, Keramik 1860 \u2013 1960, Inventarnummer D\/CL\/1 Silberporzellanmanufaktur Pl\u00fcderhausen Manfred Veyhl, Deutschland, Pl\u00fcderhausen, um 1953, Vase, K\u00fcnstler Manfred Veyhl, Werks.-Nr. 36\/3-44, Exemplar Nr. ohne, gemarkt Firmenmarke Kreisstempel mit wellenf\u00f6rmigem Rand, darin mittig SPM f\u00fcr Silberporzellanmanufaktur, dar\u00fcber halbkreisf\u00f6rmig SILBERPORZELLAN MANUFAKTUR &hellip; <a href=\"http:\/\/museumek.eu\/?page_id=46221\">Weiterlesen <span class=\"meta-nav\">&rarr;<\/span><\/a><\/p>\n","protected":false},"author":1,"featured_media":0,"parent":46219,"menu_order":0,"comment_status":"closed","ping_status":"open","template":"","meta":[],"_links":{"self":[{"href":"http:\/\/museumek.eu\/index.php?rest_route=\/wp\/v2\/pages\/46221"}],"collection":[{"href":"http:\/\/museumek.eu\/index.php?rest_route=\/wp\/v2\/pages"}],"about":[{"href":"http:\/\/museumek.eu\/index.php?rest_route=\/wp\/v2\/types\/page"}],"author":[{"embeddable":true,"href":"http:\/\/museumek.eu\/index.php?rest_route=\/wp\/v2\/users\/1"}],"replies":[{"embeddable":true,"href":"http:\/\/museumek.eu\/index.php?rest_route=%2Fwp%2Fv2%2Fcomments&post=46221"}],"version-history":[{"count":25,"href":"http:\/\/museumek.eu\/index.php?rest_route=\/wp\/v2\/pages\/46221\/revisions"}],"predecessor-version":[{"id":59482,"href":"http:\/\/museumek.eu\/index.php?rest_route=\/wp\/v2\/pages\/46221\/revisions\/59482"}],"up":[{"embeddable":true,"href":"http:\/\/museumek.eu\/index.php?rest_route=\/wp\/v2\/pages\/46219"}],"wp:attachment":[{"href":"http:\/\/museumek.eu\/index.php?rest_route=%2Fwp%2Fv2%2Fmedia&parent=46221"}],"curies":[{"name":"wp","href":"https:\/\/api.w.org\/{rel}","templated":true}]}}