{"id":46358,"date":"2020-04-27T21:11:08","date_gmt":"2020-04-27T19:11:08","guid":{"rendered":"http:\/\/museumek.eu\/?page_id=46358"},"modified":"2020-04-27T21:11:08","modified_gmt":"2020-04-27T19:11:08","slug":"keramische-werkstatten-munchen-herrsching-ag-vormals-keramische-werkstatten-munchen-herrsching-otto-koebke","status":"publish","type":"page","link":"http:\/\/museumek.eu\/?page_id=46358","title":{"rendered":"Keramische Werkst\u00e4tten M\u00fcnchen-Herrsching AG, vormals Keramische Werkst\u00e4tten M\u00fcnchen-Herrsching Otto Koebke"},"content":{"rendered":"","protected":false},"excerpt":{"rendered":"","protected":false},"author":1,"featured_media":0,"parent":44,"menu_order":151,"comment_status":"closed","ping_status":"open","template":"","meta":[],"_links":{"self":[{"href":"http:\/\/museumek.eu\/index.php?rest_route=\/wp\/v2\/pages\/46358"}],"collection":[{"href":"http:\/\/museumek.eu\/index.php?rest_route=\/wp\/v2\/pages"}],"about":[{"href":"http:\/\/museumek.eu\/index.php?rest_route=\/wp\/v2\/types\/page"}],"author":[{"embeddable":true,"href":"http:\/\/museumek.eu\/index.php?rest_route=\/wp\/v2\/users\/1"}],"replies":[{"embeddable":true,"href":"http:\/\/museumek.eu\/index.php?rest_route=%2Fwp%2Fv2%2Fcomments&post=46358"}],"version-history":[{"count":1,"href":"http:\/\/museumek.eu\/index.php?rest_route=\/wp\/v2\/pages\/46358\/revisions"}],"predecessor-version":[{"id":46359,"href":"http:\/\/museumek.eu\/index.php?rest_route=\/wp\/v2\/pages\/46358\/revisions\/46359"}],"up":[{"embeddable":true,"href":"http:\/\/museumek.eu\/index.php?rest_route=\/wp\/v2\/pages\/44"}],"wp:attachment":[{"href":"http:\/\/museumek.eu\/index.php?rest_route=%2Fwp%2Fv2%2Fmedia&parent=46358"}],"curies":[{"name":"wp","href":"https:\/\/api.w.org\/{rel}","templated":true}]}}