{"id":46362,"date":"2020-04-27T21:16:01","date_gmt":"2020-04-27T19:16:01","guid":{"rendered":"http:\/\/museumek.eu\/?page_id=46362"},"modified":"2020-04-27T22:47:10","modified_gmt":"2020-04-27T20:47:10","slug":"dcli1","status":"publish","type":"page","link":"http:\/\/museumek.eu\/?page_id=46362","title":{"rendered":"D\/CLI\/1"},"content":{"rendered":"<p><strong>Abteilung Deutschland, Keramik 1860 \u2013 1960, Inventarnummer D\/CLI\/1<\/strong><\/p>\n<p>Keramische Werkst\u00e4tten M\u00fcnchen-Herrsching AG, vormals Keramische Werkst\u00e4tten M\u00fcnchen-Herrsching Otto Koebke, Deutschland, M\u00fcnchen-Herrsching, 1925, Krug, K\u00fcnstler Julius-Vilhelm Guldbrandsen, Werks.-Nr. ohne, Exemplar Nr. ohne, gemarkt Firmenmarke KWmH (f\u00fcr Keramische Werkst\u00e4tten M\u00fcnchen-Herrsching) darunter Sp. (nicht aufgel\u00f6st) blau unter Glasur gemalt, Jul. V. Guldbrandsen darunter Herrsching dunkelgr\u00fcner Stempel unter Glasur, Eichmarke als waagerechter Strich I L geritzt, Widmung im Deckel mit gegossen, 1908 kaufte der in Halle\/Saale geborene Otto Koebke ein bebautes Grundst\u00fcck in M\u00fcnchen-Herrsching und errichtete eine keramische Fabrik, die 1909 mit der Produktion begann, w\u00e4hrend des WK I, wurde die Fabrik geschlossen, wohl aus Mangel an Kohle f\u00fcr die Brenn\u00f6fen, nach dem Ende WK I er\u00f6ffnete die Fabrik wieder, um 1922 (oder etwas sp\u00e4ter), \u00fcbernahm die Porzellanfabrik Ph. Rosenthal &#038; Co. AG, in Selb, die Fabrik, Anteile an der AG hatten wohl Koebke, Julius-Vilhem Guldbrandsen und die Porzellanfabrik Ph. Rosenthal &#038; Co. AG, f\u00fcr die Guldbrandsen vorher als Leiter der Kunstabteilung t\u00e4tig war, sicher ist, dass Guldbrandsen die Fabrik leitete und selbst dort t\u00e4tig war, es wurde nun auch Massenware, zum Beispiel Bierkr\u00fcge, wie das MEK Exemplar anl\u00e4sslich der Er\u00f6ffnung des Deutschen Museum M\u00fcnchen hergestellt, 1929 wurde die Fabrik geschlossen, H\u00f6he 18,5 cm, Breite 15,5 cm (ohne Deckel und Montur)<\/p>\n<p><a href=\"http:\/\/museumek.eu\/?attachment_id=46367\" rel=\"attachment wp-att-46367\"><img loading=\"lazy\" src=\"http:\/\/museumek.eu\/wp-content\/uploads\/2020\/04\/Guldbrandsen-Herrsching-1-153x300.jpg\" alt=\"\" title=\"Guldbrandsen Herrsching 1\" width=\"153\" height=\"300\" class=\"alignnone size-medium wp-image-46367\" srcset=\"http:\/\/museumek.eu\/wp-content\/uploads\/2020\/04\/Guldbrandsen-Herrsching-1-153x300.jpg 153w, http:\/\/museumek.eu\/wp-content\/uploads\/2020\/04\/Guldbrandsen-Herrsching-1-76x150.jpg 76w, http:\/\/museumek.eu\/wp-content\/uploads\/2020\/04\/Guldbrandsen-Herrsching-1.jpg 328w\" sizes=\"(max-width: 153px) 100vw, 153px\" \/><\/a><\/p>\n<p><a href=\"http:\/\/museumek.eu\/?attachment_id=46370\" rel=\"attachment wp-att-46370\"><img loading=\"lazy\" src=\"http:\/\/museumek.eu\/wp-content\/uploads\/2020\/04\/Guldbrandsen-Herrsching-2-205x300.jpg\" alt=\"\" title=\"Guldbrandsen Herrsching 2\" width=\"205\" height=\"300\" class=\"alignnone size-medium wp-image-46370\" srcset=\"http:\/\/museumek.eu\/wp-content\/uploads\/2020\/04\/Guldbrandsen-Herrsching-2-205x300.jpg 205w, http:\/\/museumek.eu\/wp-content\/uploads\/2020\/04\/Guldbrandsen-Herrsching-2-102x150.jpg 102w, http:\/\/museumek.eu\/wp-content\/uploads\/2020\/04\/Guldbrandsen-Herrsching-2.jpg 439w\" sizes=\"(max-width: 205px) 100vw, 205px\" \/><\/a><\/p>\n<p><a href=\"http:\/\/museumek.eu\/?attachment_id=46371\" rel=\"attachment wp-att-46371\"><img loading=\"lazy\" src=\"http:\/\/museumek.eu\/wp-content\/uploads\/2020\/04\/Guldbrandsen-Herrsching-3-214x300.jpg\" alt=\"\" title=\"Guldbrandsen Herrsching 3\" width=\"214\" height=\"300\" class=\"alignnone size-medium wp-image-46371\" srcset=\"http:\/\/museumek.eu\/wp-content\/uploads\/2020\/04\/Guldbrandsen-Herrsching-3-214x300.jpg 214w, http:\/\/museumek.eu\/wp-content\/uploads\/2020\/04\/Guldbrandsen-Herrsching-3-107x150.jpg 107w, http:\/\/museumek.eu\/wp-content\/uploads\/2020\/04\/Guldbrandsen-Herrsching-3.jpg 457w\" sizes=\"(max-width: 214px) 100vw, 214px\" \/><\/a><\/p>\n<p><a href=\"http:\/\/museumek.eu\/?attachment_id=46372\" rel=\"attachment wp-att-46372\"><img loading=\"lazy\" src=\"http:\/\/museumek.eu\/wp-content\/uploads\/2020\/04\/Guldbrandsen-Herrsching-4-144x300.jpg\" alt=\"\" title=\"Guldbrandsen Herrsching 4\" width=\"144\" height=\"300\" class=\"alignnone size-medium wp-image-46372\" srcset=\"http:\/\/museumek.eu\/wp-content\/uploads\/2020\/04\/Guldbrandsen-Herrsching-4-144x300.jpg 144w, http:\/\/museumek.eu\/wp-content\/uploads\/2020\/04\/Guldbrandsen-Herrsching-4-72x150.jpg 72w\" sizes=\"(max-width: 144px) 100vw, 144px\" \/><\/a><\/p>\n<p><a href=\"http:\/\/museumek.eu\/?attachment_id=46373\" rel=\"attachment wp-att-46373\"><img loading=\"lazy\" src=\"http:\/\/museumek.eu\/wp-content\/uploads\/2020\/04\/Guldbrandsen-Herrsching-5-177x300.jpg\" alt=\"\" title=\"Guldbrandsen Herrsching 5\" width=\"177\" height=\"300\" class=\"alignnone size-medium wp-image-46373\" srcset=\"http:\/\/museumek.eu\/wp-content\/uploads\/2020\/04\/Guldbrandsen-Herrsching-5-177x300.jpg 177w, http:\/\/museumek.eu\/wp-content\/uploads\/2020\/04\/Guldbrandsen-Herrsching-5-88x150.jpg 88w, http:\/\/museumek.eu\/wp-content\/uploads\/2020\/04\/Guldbrandsen-Herrsching-5.jpg 379w\" sizes=\"(max-width: 177px) 100vw, 177px\" \/><\/a><\/p>\n<p><a href=\"http:\/\/museumek.eu\/?attachment_id=46376\" rel=\"attachment wp-att-46376\"><img loading=\"lazy\" src=\"http:\/\/museumek.eu\/wp-content\/uploads\/2020\/04\/Guldbrandsen-Herrsching-6-210x300.jpg\" alt=\"\" title=\"Guldbrandsen Herrsching 6\" width=\"210\" height=\"300\" class=\"alignnone size-medium wp-image-46376\" srcset=\"http:\/\/museumek.eu\/wp-content\/uploads\/2020\/04\/Guldbrandsen-Herrsching-6-210x300.jpg 210w, http:\/\/museumek.eu\/wp-content\/uploads\/2020\/04\/Guldbrandsen-Herrsching-6-105x150.jpg 105w, http:\/\/museumek.eu\/wp-content\/uploads\/2020\/04\/Guldbrandsen-Herrsching-6.jpg 449w\" sizes=\"(max-width: 210px) 100vw, 210px\" \/><\/a><\/p>\n<p><a href=\"http:\/\/museumek.eu\/?attachment_id=46377\" rel=\"attachment wp-att-46377\"><img loading=\"lazy\" src=\"http:\/\/museumek.eu\/wp-content\/uploads\/2020\/04\/Guldbrandsen-Herrsching-7-206x300.jpg\" alt=\"\" title=\"Guldbrandsen Herrsching 7\" width=\"206\" height=\"300\" class=\"alignnone size-medium wp-image-46377\" srcset=\"http:\/\/museumek.eu\/wp-content\/uploads\/2020\/04\/Guldbrandsen-Herrsching-7-206x300.jpg 206w, http:\/\/museumek.eu\/wp-content\/uploads\/2020\/04\/Guldbrandsen-Herrsching-7-103x150.jpg 103w, http:\/\/museumek.eu\/wp-content\/uploads\/2020\/04\/Guldbrandsen-Herrsching-7.jpg 441w\" sizes=\"(max-width: 206px) 100vw, 206px\" \/><\/a><\/p>\n<p><a href=\"http:\/\/museumek.eu\/?attachment_id=46378\" rel=\"attachment wp-att-46378\"><img loading=\"lazy\" src=\"http:\/\/museumek.eu\/wp-content\/uploads\/2020\/04\/Guldbrandsen-Herrsching-8-211x300.jpg\" alt=\"\" title=\"Guldbrandsen Herrsching 8\" width=\"211\" height=\"300\" class=\"alignnone size-medium wp-image-46378\" srcset=\"http:\/\/museumek.eu\/wp-content\/uploads\/2020\/04\/Guldbrandsen-Herrsching-8-211x300.jpg 211w, http:\/\/museumek.eu\/wp-content\/uploads\/2020\/04\/Guldbrandsen-Herrsching-8-105x150.jpg 105w, http:\/\/museumek.eu\/wp-content\/uploads\/2020\/04\/Guldbrandsen-Herrsching-8.jpg 452w\" sizes=\"(max-width: 211px) 100vw, 211px\" \/><\/a><\/p>\n<p><a href=\"http:\/\/museumek.eu\/?attachment_id=46379\" rel=\"attachment wp-att-46379\"><img loading=\"lazy\" src=\"http:\/\/museumek.eu\/wp-content\/uploads\/2020\/04\/Guldbrandsen-Herrsching-9-300x263.jpg\" alt=\"\" title=\"Guldbrandsen Herrsching 9\" width=\"300\" height=\"263\" class=\"alignnone size-medium wp-image-46379\" srcset=\"http:\/\/museumek.eu\/wp-content\/uploads\/2020\/04\/Guldbrandsen-Herrsching-9-300x263.jpg 300w, http:\/\/museumek.eu\/wp-content\/uploads\/2020\/04\/Guldbrandsen-Herrsching-9-150x131.jpg 150w, http:\/\/museumek.eu\/wp-content\/uploads\/2020\/04\/Guldbrandsen-Herrsching-9-341x300.jpg 341w, http:\/\/museumek.eu\/wp-content\/uploads\/2020\/04\/Guldbrandsen-Herrsching-9.jpg 695w\" sizes=\"(max-width: 300px) 100vw, 300px\" \/><\/a><\/p>\n","protected":false},"excerpt":{"rendered":"<p>Abteilung Deutschland, Keramik 1860 \u2013 1960, Inventarnummer D\/CLI\/1 Keramische Werkst\u00e4tten M\u00fcnchen-Herrsching AG, vormals Keramische Werkst\u00e4tten M\u00fcnchen-Herrsching Otto Koebke, Deutschland, M\u00fcnchen-Herrsching, 1925, Krug, K\u00fcnstler Julius-Vilhelm Guldbrandsen, Werks.-Nr. ohne, Exemplar Nr. ohne, gemarkt Firmenmarke KWmH (f\u00fcr Keramische Werkst\u00e4tten M\u00fcnchen-Herrsching) darunter Sp. (nicht &hellip; <a href=\"http:\/\/museumek.eu\/?page_id=46362\">Weiterlesen <span class=\"meta-nav\">&rarr;<\/span><\/a><\/p>\n","protected":false},"author":1,"featured_media":0,"parent":46360,"menu_order":0,"comment_status":"closed","ping_status":"open","template":"","meta":[],"_links":{"self":[{"href":"http:\/\/museumek.eu\/index.php?rest_route=\/wp\/v2\/pages\/46362"}],"collection":[{"href":"http:\/\/museumek.eu\/index.php?rest_route=\/wp\/v2\/pages"}],"about":[{"href":"http:\/\/museumek.eu\/index.php?rest_route=\/wp\/v2\/types\/page"}],"author":[{"embeddable":true,"href":"http:\/\/museumek.eu\/index.php?rest_route=\/wp\/v2\/users\/1"}],"replies":[{"embeddable":true,"href":"http:\/\/museumek.eu\/index.php?rest_route=%2Fwp%2Fv2%2Fcomments&post=46362"}],"version-history":[{"count":16,"href":"http:\/\/museumek.eu\/index.php?rest_route=\/wp\/v2\/pages\/46362\/revisions"}],"predecessor-version":[{"id":46387,"href":"http:\/\/museumek.eu\/index.php?rest_route=\/wp\/v2\/pages\/46362\/revisions\/46387"}],"up":[{"embeddable":true,"href":"http:\/\/museumek.eu\/index.php?rest_route=\/wp\/v2\/pages\/46360"}],"wp:attachment":[{"href":"http:\/\/museumek.eu\/index.php?rest_route=%2Fwp%2Fv2%2Fmedia&parent=46362"}],"curies":[{"name":"wp","href":"https:\/\/api.w.org\/{rel}","templated":true}]}}