{"id":46388,"date":"2020-04-27T22:51:43","date_gmt":"2020-04-27T20:51:43","guid":{"rendered":"http:\/\/museumek.eu\/?page_id=46388"},"modified":"2021-03-13T12:28:01","modified_gmt":"2021-03-13T11:28:01","slug":"keramische-werkstaate-munchen-herrsching-ag-vormals-keramische-werkstatte-munchen-herrsching-otto-koebke-inv-nr-dcli1","status":"publish","type":"page","link":"http:\/\/museumek.eu\/?page_id=46388","title":{"rendered":"Keramische Werkst\u00e4tte M\u00fcnchen-Herrsching AG, vormals Keramische Werkst\u00e4tte M\u00fcnchen-Herrsching Otto Koebke &#8211; Inv.Nr. D\/CLI\/1"},"content":{"rendered":"","protected":false},"excerpt":{"rendered":"","protected":false},"author":1,"featured_media":0,"parent":2733,"menu_order":146,"comment_status":"closed","ping_status":"open","template":"","meta":[],"_links":{"self":[{"href":"http:\/\/museumek.eu\/index.php?rest_route=\/wp\/v2\/pages\/46388"}],"collection":[{"href":"http:\/\/museumek.eu\/index.php?rest_route=\/wp\/v2\/pages"}],"about":[{"href":"http:\/\/museumek.eu\/index.php?rest_route=\/wp\/v2\/types\/page"}],"author":[{"embeddable":true,"href":"http:\/\/museumek.eu\/index.php?rest_route=\/wp\/v2\/users\/1"}],"replies":[{"embeddable":true,"href":"http:\/\/museumek.eu\/index.php?rest_route=%2Fwp%2Fv2%2Fcomments&post=46388"}],"version-history":[{"count":5,"href":"http:\/\/museumek.eu\/index.php?rest_route=\/wp\/v2\/pages\/46388\/revisions"}],"predecessor-version":[{"id":54250,"href":"http:\/\/museumek.eu\/index.php?rest_route=\/wp\/v2\/pages\/46388\/revisions\/54250"}],"up":[{"embeddable":true,"href":"http:\/\/museumek.eu\/index.php?rest_route=\/wp\/v2\/pages\/2733"}],"wp:attachment":[{"href":"http:\/\/museumek.eu\/index.php?rest_route=%2Fwp%2Fv2%2Fmedia&parent=46388"}],"curies":[{"name":"wp","href":"https:\/\/api.w.org\/{rel}","templated":true}]}}