{"id":46444,"date":"2020-05-07T22:50:23","date_gmt":"2020-05-07T20:50:23","guid":{"rendered":"http:\/\/museumek.eu\/?page_id=46444"},"modified":"2020-05-07T22:50:23","modified_gmt":"2020-05-07T20:50:23","slug":"fli1","status":"publish","type":"page","link":"http:\/\/museumek.eu\/?page_id=46444","title":{"rendered":"F\/LI\/1"},"content":{"rendered":"<p>Ceramiste Charles Gr\u00e9ber, Frankreich, Beauvais, um 1900, Deckeldose, K\u00fcnstler Charles Gr\u00e9ber, Werks.-Nr. ohne, Exemplar Nr. ohne, gemarkt C. Greber geritzt, genau angepasste handgemachte Applikation aus Zinn auf dem Deckel der Dose,  im Jahre 1870 gr\u00fcndete Johann Peter Gr\u00e9ber eine keramische Werkstatt, 1880 traten seine beiden S\u00f6hne Paul Gr\u00e9ber und Charles Gr\u00e9ber in den Betrieb ein, 1898 starb Johan Peter Gr\u00e9ber, 1899 trat Paul Gr\u00e9ber aus dem Betrieb aus und von da bis ca. 1935 f\u00fchrte Charles Gr\u00e9ber den Betrieb, in dieser Zeit trat auch sein Sohn Gaston Gr\u00e9ber in den Betrieb ein und der Betrieb wurde noch lange als Familienbetrieb durch weitere Nachfahren gef\u00fchrt, H\u00f6he 7 cm, Breite 13 cm<\/p>\n<p><a href=\"http:\/\/museumek.eu\/?attachment_id=46424\" rel=\"attachment wp-att-46424\"><img loading=\"lazy\" src=\"http:\/\/museumek.eu\/wp-content\/uploads\/2020\/05\/Charles-Greber-1-300x195.jpg\" alt=\"\" title=\"Charles Greber 1\" width=\"300\" height=\"195\" class=\"alignnone size-medium wp-image-46424\" srcset=\"http:\/\/museumek.eu\/wp-content\/uploads\/2020\/05\/Charles-Greber-1-300x195.jpg 300w, http:\/\/museumek.eu\/wp-content\/uploads\/2020\/05\/Charles-Greber-1-150x97.jpg 150w, http:\/\/museumek.eu\/wp-content\/uploads\/2020\/05\/Charles-Greber-1-459x300.jpg 459w, http:\/\/museumek.eu\/wp-content\/uploads\/2020\/05\/Charles-Greber-1.jpg 640w\" sizes=\"(max-width: 300px) 100vw, 300px\" \/><\/a><\/p>\n<p><a href=\"http:\/\/museumek.eu\/?attachment_id=46425\" rel=\"attachment wp-att-46425\"><img loading=\"lazy\" src=\"http:\/\/museumek.eu\/wp-content\/uploads\/2020\/05\/Charles-Greber-2-300x229.jpg\" alt=\"\" title=\"Charles Greber 2\" width=\"300\" height=\"229\" class=\"alignnone size-medium wp-image-46425\" srcset=\"http:\/\/museumek.eu\/wp-content\/uploads\/2020\/05\/Charles-Greber-2-300x229.jpg 300w, http:\/\/museumek.eu\/wp-content\/uploads\/2020\/05\/Charles-Greber-2-150x114.jpg 150w, http:\/\/museumek.eu\/wp-content\/uploads\/2020\/05\/Charles-Greber-2-391x300.jpg 391w, http:\/\/museumek.eu\/wp-content\/uploads\/2020\/05\/Charles-Greber-2.jpg 627w\" sizes=\"(max-width: 300px) 100vw, 300px\" \/><\/a><\/p>\n<p><a href=\"http:\/\/museumek.eu\/?attachment_id=46428\" rel=\"attachment wp-att-46428\"><img loading=\"lazy\" src=\"http:\/\/museumek.eu\/wp-content\/uploads\/2020\/05\/Charles-Greber-3-300x242.jpg\" alt=\"\" title=\"Charles Greber 3\" width=\"300\" height=\"242\" class=\"alignnone size-medium wp-image-46428\" srcset=\"http:\/\/museumek.eu\/wp-content\/uploads\/2020\/05\/Charles-Greber-3-300x242.jpg 300w, http:\/\/museumek.eu\/wp-content\/uploads\/2020\/05\/Charles-Greber-3-150x121.jpg 150w, http:\/\/museumek.eu\/wp-content\/uploads\/2020\/05\/Charles-Greber-3-371x300.jpg 371w, http:\/\/museumek.eu\/wp-content\/uploads\/2020\/05\/Charles-Greber-3.jpg 595w\" sizes=\"(max-width: 300px) 100vw, 300px\" \/><\/a><\/p>\n<p><a href=\"http:\/\/museumek.eu\/?attachment_id=46430\" rel=\"attachment wp-att-46430\"><img loading=\"lazy\" src=\"http:\/\/museumek.eu\/wp-content\/uploads\/2020\/05\/Charles-Greber-4-300x267.jpg\" alt=\"\" title=\"Charles Greber 4\" width=\"300\" height=\"267\" class=\"alignnone size-medium wp-image-46430\" srcset=\"http:\/\/museumek.eu\/wp-content\/uploads\/2020\/05\/Charles-Greber-4-300x267.jpg 300w, http:\/\/museumek.eu\/wp-content\/uploads\/2020\/05\/Charles-Greber-4-150x133.jpg 150w, http:\/\/museumek.eu\/wp-content\/uploads\/2020\/05\/Charles-Greber-4-336x300.jpg 336w, http:\/\/museumek.eu\/wp-content\/uploads\/2020\/05\/Charles-Greber-4.jpg 539w\" sizes=\"(max-width: 300px) 100vw, 300px\" \/><\/a><\/p>\n<p><a href=\"http:\/\/museumek.eu\/?attachment_id=46431\" rel=\"attachment wp-att-46431\"><img loading=\"lazy\" src=\"http:\/\/museumek.eu\/wp-content\/uploads\/2020\/05\/Charles-Greber-5-167x300.jpg\" alt=\"\" title=\"Charles Greber 5\" width=\"167\" height=\"300\" class=\"alignnone size-medium wp-image-46431\" srcset=\"http:\/\/museumek.eu\/wp-content\/uploads\/2020\/05\/Charles-Greber-5-167x300.jpg 167w, http:\/\/museumek.eu\/wp-content\/uploads\/2020\/05\/Charles-Greber-5-83x150.jpg 83w, http:\/\/museumek.eu\/wp-content\/uploads\/2020\/05\/Charles-Greber-5.jpg 358w\" sizes=\"(max-width: 167px) 100vw, 167px\" \/><\/a><\/p>\n<p><a href=\"http:\/\/museumek.eu\/?attachment_id=46434\" rel=\"attachment wp-att-46434\"><img loading=\"lazy\" src=\"http:\/\/museumek.eu\/wp-content\/uploads\/2020\/05\/Charles-Greber-6-163x300.jpg\" alt=\"\" title=\"Charles Greber 6\" width=\"163\" height=\"300\" class=\"alignnone size-medium wp-image-46434\" srcset=\"http:\/\/museumek.eu\/wp-content\/uploads\/2020\/05\/Charles-Greber-6-163x300.jpg 163w, http:\/\/museumek.eu\/wp-content\/uploads\/2020\/05\/Charles-Greber-6-81x150.jpg 81w, http:\/\/museumek.eu\/wp-content\/uploads\/2020\/05\/Charles-Greber-6.jpg 349w\" sizes=\"(max-width: 163px) 100vw, 163px\" \/><\/a><\/p>\n<p><a href=\"http:\/\/museumek.eu\/?attachment_id=46435\" rel=\"attachment wp-att-46435\"><img loading=\"lazy\" src=\"http:\/\/museumek.eu\/wp-content\/uploads\/2020\/05\/Charles-Greber-7-300x198.jpg\" alt=\"\" title=\"Charles Greber 7\" width=\"300\" height=\"198\" class=\"alignnone size-medium wp-image-46435\" srcset=\"http:\/\/museumek.eu\/wp-content\/uploads\/2020\/05\/Charles-Greber-7-300x198.jpg 300w, http:\/\/museumek.eu\/wp-content\/uploads\/2020\/05\/Charles-Greber-7-150x99.jpg 150w, http:\/\/museumek.eu\/wp-content\/uploads\/2020\/05\/Charles-Greber-7-453x300.jpg 453w, http:\/\/museumek.eu\/wp-content\/uploads\/2020\/05\/Charles-Greber-7.jpg 640w\" sizes=\"(max-width: 300px) 100vw, 300px\" \/><\/a><\/p>\n<p><a href=\"http:\/\/museumek.eu\/?attachment_id=46436\" rel=\"attachment wp-att-46436\"><img loading=\"lazy\" src=\"http:\/\/museumek.eu\/wp-content\/uploads\/2020\/05\/Charles-Greber-8-300x297.jpg\" alt=\"\" title=\"Charles Greber 8\" width=\"300\" height=\"297\" class=\"alignnone size-medium wp-image-46436\" srcset=\"http:\/\/museumek.eu\/wp-content\/uploads\/2020\/05\/Charles-Greber-8-300x297.jpg 300w, http:\/\/museumek.eu\/wp-content\/uploads\/2020\/05\/Charles-Greber-8-150x148.jpg 150w, http:\/\/museumek.eu\/wp-content\/uploads\/2020\/05\/Charles-Greber-8-302x300.jpg 302w, http:\/\/museumek.eu\/wp-content\/uploads\/2020\/05\/Charles-Greber-8.jpg 484w\" sizes=\"(max-width: 300px) 100vw, 300px\" \/><\/a><\/p>\n<p><a href=\"http:\/\/museumek.eu\/?attachment_id=46437\" rel=\"attachment wp-att-46437\"><img loading=\"lazy\" src=\"http:\/\/museumek.eu\/wp-content\/uploads\/2020\/05\/Charles-Greber-9-246x300.jpg\" alt=\"\" title=\"Charles Greber 9\" width=\"246\" height=\"300\" class=\"alignnone size-medium wp-image-46437\" srcset=\"http:\/\/museumek.eu\/wp-content\/uploads\/2020\/05\/Charles-Greber-9-246x300.jpg 246w, http:\/\/museumek.eu\/wp-content\/uploads\/2020\/05\/Charles-Greber-9-123x150.jpg 123w, http:\/\/museumek.eu\/wp-content\/uploads\/2020\/05\/Charles-Greber-9.jpg 480w\" sizes=\"(max-width: 246px) 100vw, 246px\" \/><\/a><\/p>\n","protected":false},"excerpt":{"rendered":"<p>Ceramiste Charles Gr\u00e9ber, Frankreich, Beauvais, um 1900, Deckeldose, K\u00fcnstler Charles Gr\u00e9ber, Werks.-Nr. ohne, Exemplar Nr. ohne, gemarkt C. Greber geritzt, genau angepasste handgemachte Applikation aus Zinn auf dem Deckel der Dose, im Jahre 1870 gr\u00fcndete Johann Peter Gr\u00e9ber eine keramische &hellip; <a href=\"http:\/\/museumek.eu\/?page_id=46444\">Weiterlesen <span class=\"meta-nav\">&rarr;<\/span><\/a><\/p>\n","protected":false},"author":1,"featured_media":0,"parent":46442,"menu_order":0,"comment_status":"closed","ping_status":"open","template":"","meta":[],"_links":{"self":[{"href":"http:\/\/museumek.eu\/index.php?rest_route=\/wp\/v2\/pages\/46444"}],"collection":[{"href":"http:\/\/museumek.eu\/index.php?rest_route=\/wp\/v2\/pages"}],"about":[{"href":"http:\/\/museumek.eu\/index.php?rest_route=\/wp\/v2\/types\/page"}],"author":[{"embeddable":true,"href":"http:\/\/museumek.eu\/index.php?rest_route=\/wp\/v2\/users\/1"}],"replies":[{"embeddable":true,"href":"http:\/\/museumek.eu\/index.php?rest_route=%2Fwp%2Fv2%2Fcomments&post=46444"}],"version-history":[{"count":2,"href":"http:\/\/museumek.eu\/index.php?rest_route=\/wp\/v2\/pages\/46444\/revisions"}],"predecessor-version":[{"id":46446,"href":"http:\/\/museumek.eu\/index.php?rest_route=\/wp\/v2\/pages\/46444\/revisions\/46446"}],"up":[{"embeddable":true,"href":"http:\/\/museumek.eu\/index.php?rest_route=\/wp\/v2\/pages\/46442"}],"wp:attachment":[{"href":"http:\/\/museumek.eu\/index.php?rest_route=%2Fwp%2Fv2%2Fmedia&parent=46444"}],"curies":[{"name":"wp","href":"https:\/\/api.w.org\/{rel}","templated":true}]}}