{"id":4647,"date":"2011-09-20T13:33:09","date_gmt":"2011-09-20T11:33:09","guid":{"rendered":"http:\/\/museumek.eu\/?page_id=4647"},"modified":"2013-05-19T14:11:51","modified_gmt":"2013-05-19T12:11:51","slug":"fotos-und-beschreibung","status":"publish","type":"page","link":"http:\/\/museumek.eu\/?page_id=4647","title":{"rendered":"Fotos und Beschreibung"},"content":{"rendered":"<p><strong>Abteilung Austria\/Ungarn\/B\u00f6hmen, Keramik 1860 \u2013 1960, Inventarnummer A\/XXXVIII\/1<\/strong><\/p>\n<p>Ditmar Keramische Werke AG, B\u00f6hmen\/Austria, Turn\/Trnovany, 1940 &#8211; 1945, Vase mit floraler Malerei, K\u00fcnstler unbekannt, Werks.-Nr. 13837, Exemplar Nr. ohne, gemarkt Firmenmarke mit Ditmar Urbach, Stern mit Punkt, T (f\u00fcr Turn) in einem Kreis, Fl\u00fcgel sowie Deutschland rotbrauner Stempel, Handgemalt sowie 451 rotbraune Stempel, querliegendes T (f\u00fcr Turn\/Teplitz (?) \u00fcber dem Stempel schwarz gemalt, 13837 gepresst, nicht signiert, Literatur: Jana Kybalov\u00e1, Keramikmarken aus aller Welt, Marke Nr. 1744 fast identisch, weitere Literatur: Volker M\u00f6lle Riessner, Amphora, Die Porzellan- und Keramikmanufaktur in Nord-B\u00f6hmen, Seite 177, Beschreibung der Urbach\u2018schen und Ditmar\u2019schen Fabriken sowie Seite 193, Marken Nr 14 und Nr. 15 fast identisch, um 1882 gr\u00fcndeten die Br\u00fcder Alfred und Otto Urbach eine Keramikfabrik und firmierten als Br\u00fcder Urbach, diese Fabrik ging 1906 auf die Porzellanfabrik Triptis und Glasfabriken S. Fischmann \u00fcber, die ab 1909 zur Triptis AG firmierte, Firmierung seit 1906 nun Br\u00fcder Urbach Nachfolgerin AG, Porzellanfabrik Triptis in Turn Teplitz, die Triptis AG war der Ditmar-Urbach AG in Znaim zugeh\u00f6rig, 1914 ging die Triptis AG auf die Br\u00fcder Urbach GmbH \u00fcber, diese ging 1925 auf die Ditmar-Urbach AG, Filiale Teplitz \u00fcber, diese ging 1940 auf die Ditmar Keramische Werke AG \u00fcber, die wiederum der Ostmark-Ceramics AG zugeh\u00f6rig war, 1945 dann \u00dcbergang auf Ditmar- keramicke z\u00e1vody und wohl 1948 Betriebsschlie\u00dfung, evtl. auch Verstaatlichung und Eingliederung in eine staatliche Fabrik zusammen mit andern keramischen Fabriken, in der Literatur werden die Firmierungs- und Eigentumsverh\u00e4ltnisse unterschiedlich dargestellt, gleichfalls ist eine zeitliche Einordnung der Marken schwierig, zeitliche Zuordnung, da in der Firmenmarke Deutschland gestempelt ist, kann diese Marke nur zwischen der Annektion der Czechoslowakei und dem Ende des WK II verwendet worden sein, siehe auch MEK A\/XXXVIII\/2, Krug aus derselben Serie, H\u00f6he 19,4 cm, Breite 12 cm<\/p>\n<p><a href=\"http:\/\/museumek.eu\/wp-content\/uploads\/2011\/08\/Museum-Europ\u00e4ischer-Keramikkunst-Qualit\u00e4tsfotos-298.jpg\"><img loading=\"lazy\" src=\"http:\/\/museumek.eu\/wp-content\/uploads\/2011\/08\/Museum-Europ\u00e4ischer-Keramikkunst-Qualit\u00e4tsfotos-298-179x300.jpg\" alt=\"\" title=\"Museum Europ\u00e4ischer Keramikkunst Qualit\u00e4tsfotos 298\" width=\"179\" height=\"300\" class=\"alignnone size-medium wp-image-1914\" srcset=\"http:\/\/museumek.eu\/wp-content\/uploads\/2011\/08\/Museum-Europ\u00e4ischer-Keramikkunst-Qualit\u00e4tsfotos-298-179x300.jpg 179w, http:\/\/museumek.eu\/wp-content\/uploads\/2011\/08\/Museum-Europ\u00e4ischer-Keramikkunst-Qualit\u00e4tsfotos-298.jpg 567w\" sizes=\"(max-width: 179px) 100vw, 179px\" \/><\/a><\/p>\n<p><a href=\"http:\/\/museumek.eu\/wp-content\/uploads\/2011\/08\/Urbach.jpg\"><img loading=\"lazy\" src=\"http:\/\/museumek.eu\/wp-content\/uploads\/2011\/08\/Urbach.jpg\" alt=\"\" title=\"Urbach\" width=\"210\" height=\"223\" class=\"alignnone size-full wp-image-1915\" \/><\/a><\/p>\n<p><a href=\"http:\/\/museumek.eu\/wp-content\/uploads\/2011\/08\/Urbach-1.jpg\"><img loading=\"lazy\" src=\"http:\/\/museumek.eu\/wp-content\/uploads\/2011\/08\/Urbach-1.jpg\" alt=\"\" title=\"Urbach 1\" width=\"203\" height=\"228\" class=\"alignnone size-full wp-image-1916\" \/><\/a><\/p>\n<p><strong>Abteilung Austria\/Ungarn\/B\u00f6hmen, Keramik 1860 \u2013 1960, Inventarnummer A\/XXXVIII\/2<\/strong><\/p>\n<p>Ditmar Keramische Werke AG, B\u00f6hmen\/Austria, Turn\/Trnovany, 1940 &#8211; 1945, Krug mit floraler Malerei, K\u00fcnstler unbekannt, Werks.-Nr. 1722, Exemplar Nr. ohne, gemarkt Firmenmarke mit Ditmar AG, Schwan sowie Handgemalt roter Stempel, 1722 sowie 1 L (f\u00fcr 1 Liter) gepresst, nicht gedeutetes Quadrat schwarz gemalt, nicht signiert, Literatur: Volker M\u00f6lle Riessner, Amphora, Die Porzellan- und Keramikmanufaktur in Nord-B\u00f6hmen, Seite 177, Beschreibung der Urbach\u2018schen und Ditmar\u2019schen Fabriken, um 1882 gr\u00fcndeten die Br\u00fcder Alfred und Otto Urbach eine Keramikfabrik und firmierten als Br\u00fcder Urbach, diese Fabrik ging 1906 auf die Porzellanfabrik Triptis und Glasfabriken S. Fischmann \u00fcber, die ab 1909 zur Triptis AG firmierte, Firmierung seit 1906 nun Br\u00fcder Urbach Nachfolgerin AG, Porzellanfabrik Triptis in Turn Teplitz, die Triptis AG war der Ditmar-Urbach AG in Znaim zugeh\u00f6rig, 1914 ging die Triptis AG auf die Br\u00fcder Urbach GmbH \u00fcber, diese ging 1925 auf die Ditmar-Urbach AG, Filiale Teplitz \u00fcber, diese ging 1940 auf die Ditmar Keramische Werke AG \u00fcber, die wiederum der Ostmark-Ceramics AG zugeh\u00f6rig war, 1945 dann \u00dcbergang auf Ditmar- keramicke z\u00e1vody und wohl 1948 Betriebsschlie\u00dfung, evtl. auch Verstaatlichung und Eingliederung in eine staatliche Fabrik zusammen mit andern keramischen Fabriken, in der Literatur werden die Firmierungs- und Eigentumsverh\u00e4ltnisse unterschiedlich dargestellt, gleichfalls ist eine zeitliche Einordnung der Marken schwierig, die zeitliche Zuordnung ergibt sich aus dem Stempel mit Ditmar AG und der zeitlichen Zuordnung der Vase MEK A\/XXXVIII\/1,<br \/>\nH\u00f6he 20,8 cm, Breite 17 cm<\/p>\n<p><a href=\"http:\/\/museumek.eu\/wp-content\/uploads\/2011\/08\/Museum-Europ\u00e4ischer-Keramikkunst-Qualit\u00e4tsfotos-457.jpg\"><img loading=\"lazy\" src=\"http:\/\/museumek.eu\/wp-content\/uploads\/2011\/08\/Museum-Europ\u00e4ischer-Keramikkunst-Qualit\u00e4tsfotos-457-272x300.jpg\" alt=\"\" title=\"Museum Europ\u00e4ischer Keramikkunst Qualit\u00e4tsfotos 457\" width=\"272\" height=\"300\" class=\"alignnone size-medium wp-image-1920\" srcset=\"http:\/\/museumek.eu\/wp-content\/uploads\/2011\/08\/Museum-Europ\u00e4ischer-Keramikkunst-Qualit\u00e4tsfotos-457-272x300.jpg 272w, http:\/\/museumek.eu\/wp-content\/uploads\/2011\/08\/Museum-Europ\u00e4ischer-Keramikkunst-Qualit\u00e4tsfotos-457.jpg 647w\" sizes=\"(max-width: 272px) 100vw, 272px\" \/><\/a><\/p>\n<p><a href=\"http:\/\/museumek.eu\/wp-content\/uploads\/2011\/08\/Museum-Europ\u00e4ischer-Keramikkunst-806.jpg\"><img loading=\"lazy\" src=\"http:\/\/museumek.eu\/wp-content\/uploads\/2011\/08\/Museum-Europ\u00e4ischer-Keramikkunst-806-300x227.jpg\" alt=\"\" title=\"Museum Europ\u00e4ischer Keramikkunst 806\" width=\"300\" height=\"227\" class=\"alignnone size-medium wp-image-1921\" srcset=\"http:\/\/museumek.eu\/wp-content\/uploads\/2011\/08\/Museum-Europ\u00e4ischer-Keramikkunst-806-300x227.jpg 300w, http:\/\/museumek.eu\/wp-content\/uploads\/2011\/08\/Museum-Europ\u00e4ischer-Keramikkunst-806-396x300.jpg 396w, http:\/\/museumek.eu\/wp-content\/uploads\/2011\/08\/Museum-Europ\u00e4ischer-Keramikkunst-806.jpg 635w\" sizes=\"(max-width: 300px) 100vw, 300px\" \/><\/a><\/p>\n<p><a href=\"http:\/\/museumek.eu\/wp-content\/uploads\/2011\/08\/Museum-Europ\u00e4ischer-Keramikkunst-807.jpg\"><img loading=\"lazy\" src=\"http:\/\/museumek.eu\/wp-content\/uploads\/2011\/08\/Museum-Europ\u00e4ischer-Keramikkunst-807-300x288.jpg\" alt=\"\" title=\"Museum Europ\u00e4ischer Keramikkunst 807\" width=\"300\" height=\"288\" class=\"alignnone size-medium wp-image-1922\" srcset=\"http:\/\/museumek.eu\/wp-content\/uploads\/2011\/08\/Museum-Europ\u00e4ischer-Keramikkunst-807-300x288.jpg 300w, http:\/\/museumek.eu\/wp-content\/uploads\/2011\/08\/Museum-Europ\u00e4ischer-Keramikkunst-807-312x300.jpg 312w, http:\/\/museumek.eu\/wp-content\/uploads\/2011\/08\/Museum-Europ\u00e4ischer-Keramikkunst-807.jpg 517w\" sizes=\"(max-width: 300px) 100vw, 300px\" \/><\/a><\/p>\n<p><strong>Abteilung Austria\/Ungarn\/B\u00f6hmen, Keramik 1860 \u2013 1960, Inventarnummer A\/XXXVIII\/3<\/strong><\/p>\n<p>Ditmar Urbach AG, B\u00f6hmen\/Austria, Turn\/Trnovany, 1925 &#8211; 1940, Aschenbecher mit Elefant, K\u00fcnstler unbekannt, Werks.-Nr. ohne, Exemplar Nr. ohne, gemarkt Firmenmarke mit Ditmar Urbach, Stern mit Punkt, T (f\u00fcr Turn) in einem Kreis, Fl\u00fcgel sowie Made in Czechoslovakia brauner Stempel, unbekanntes Zeichen schwarz gemalt, nicht signiert, Literatur: Jana Kybalov\u00e1, Keramikmarken aus aller Welt, Marke Nr. 1744 fast identisch, weitere Literatur: Volker M\u00f6lle Riessner, Amphora, Die Porzellan- und Keramikmanufaktur in Nord-B\u00f6hmen, Seite 177, Beschreibung der Urbach\u2018schen und Ditmar\u2019schen Fabriken sowie Seite 193, Marke Nr. 15 identisch, um 1882 gr\u00fcndeten die Br\u00fcder Alfred und Otto Urbach eine Keramikfabrik und firmierten als Br\u00fcder Urbach, diese Fabrik ging 1906 auf die Porzellanfabrik Triptis und Glasfabriken S. Fischmann \u00fcber, die ab 1909 zur Triptis AG firmierte, Firmierung seit 1906 nun Br\u00fcder Urbach Nachfolgerin AG, Porzellanfabrik Triptis in Turn Teplitz, die Triptis AG war der Ditmar-Urbach AG in Znaim zugeh\u00f6rig, 1914 ging die Triptis AG auf die Br\u00fcder Urbach GmbH \u00fcber, diese ging 1925 auf die Ditmar-Urbach AG, Filiale Teplitz \u00fcber, diese ging 1940 auf die Ditmar Keramische Werke AG \u00fcber, die wiederum der Ostmark-Ceramics AG zugeh\u00f6rig war, 1945 dann \u00dcbergang auf Ditmar- keramicke z\u00e1vody und wohl 1948 Betriebsschlie\u00dfung, evtl. auch Verstaatlichung und Eingliederung in eine staatliche Fabrik zusammen mit andern keramischen Fabriken, in der Literatur werden die Firmierungs- und Eigentumsverh\u00e4ltnisse unterschiedlich dargestellt, gleichfalls ist eine zeitliche Einordnung der Marken schwierig, H\u00f6he 17 cm, Breite 20 cm<\/p>\n<p><a href=\"http:\/\/museumek.eu\/wp-content\/uploads\/2011\/08\/Museum-Europ\u00e4ischer-Keramikkunst-Qualit\u00e4tsfotos-299.jpg\"><img loading=\"lazy\" src=\"http:\/\/museumek.eu\/wp-content\/uploads\/2011\/08\/Museum-Europ\u00e4ischer-Keramikkunst-Qualit\u00e4tsfotos-299-206x300.jpg\" alt=\"\" title=\"Museum Europ\u00e4ischer Keramikkunst Qualit\u00e4tsfotos 299\" width=\"206\" height=\"300\" class=\"alignnone size-medium wp-image-1926\" srcset=\"http:\/\/museumek.eu\/wp-content\/uploads\/2011\/08\/Museum-Europ\u00e4ischer-Keramikkunst-Qualit\u00e4tsfotos-299-206x300.jpg 206w, http:\/\/museumek.eu\/wp-content\/uploads\/2011\/08\/Museum-Europ\u00e4ischer-Keramikkunst-Qualit\u00e4tsfotos-299.jpg 625w\" sizes=\"(max-width: 206px) 100vw, 206px\" \/><\/a><\/p>\n<p><a href=\"http:\/\/museumek.eu\/wp-content\/uploads\/2011\/08\/Museum-Europ\u00e4ischer-Keramikkunst-298.jpg\"><img loading=\"lazy\" src=\"http:\/\/museumek.eu\/wp-content\/uploads\/2011\/08\/Museum-Europ\u00e4ischer-Keramikkunst-298-300x298.jpg\" alt=\"\" title=\"Museum Europ\u00e4ischer Keramikkunst 298\" width=\"300\" height=\"298\" class=\"alignnone size-medium wp-image-1927\" srcset=\"http:\/\/museumek.eu\/wp-content\/uploads\/2011\/08\/Museum-Europ\u00e4ischer-Keramikkunst-298-300x298.jpg 300w, http:\/\/museumek.eu\/wp-content\/uploads\/2011\/08\/Museum-Europ\u00e4ischer-Keramikkunst-298-150x150.jpg 150w, http:\/\/museumek.eu\/wp-content\/uploads\/2011\/08\/Museum-Europ\u00e4ischer-Keramikkunst-298-301x300.jpg 301w, http:\/\/museumek.eu\/wp-content\/uploads\/2011\/08\/Museum-Europ\u00e4ischer-Keramikkunst-298.jpg 416w\" sizes=\"(max-width: 300px) 100vw, 300px\" \/><\/a><\/p>\n<p><strong>Abteilung Austria\/Ungarn\/B\u00f6hmen, Keramik 1860 \u2013 1960, Inventarnummer A\/XXXVIII\/4<\/strong><\/p>\n<p>Ditmar Urbach AG, B\u00f6hmen\/Austria, Turn\/Trnovany, 1925 &#8211; 1940, Leuchter mit 3 T\u00fcllen, K\u00fcnstler unbekannt, Werks.-Nr. 18894, Exemplar Nr. ohne, gemarkt Firmenmarke mit Ditmar Urbach, Stern mit Punkt, T (f\u00fcr Turn) in einem Kreis, Fl\u00fcgel sowie Made in Czechoslovakia schwarzer Stempel, 18894 gepresst, nicht signiert, Literatur: Jana Kybalov\u00e1, Keramikmarken aus aller Welt, Marke Nr. 1744 fast identisch, weitere Literatur: Volker M\u00f6lle Riessner, Amphora, Die Porzellan- und Keramikmanufaktur in Nord-B\u00f6hmen, Seite 177, Beschreibung der Urbach\u2018schen und Ditmar\u2019schen Fabriken sowie Seite 193, Marke Nr. 15 identisch, um 1882 gr\u00fcndeten die Br\u00fcder Alfred und Otto Urbach eine Keramikfabrik und firmierten als Br\u00fcder Urbach, diese Fabrik ging 1906 auf die Porzellanfabrik Triptis und Glasfabriken S. Fischmann \u00fcber, die ab 1909 zur Triptis AG firmierte, Firmierung seit 1906 nun Br\u00fcder Urbach Nachfolgerin AG, Porzellanfabrik Triptis in Turn Teplitz, die Triptis AG war der Ditmar-Urbach AG in Znaim zugeh\u00f6rig, 1914 ging die Triptis AG auf die Br\u00fcder Urbach GmbH \u00fcber, diese ging 1925 auf die Ditmar-Urbach AG, Filiale Teplitz \u00fcber, diese ging 1940 auf die Ditmar Keramische Werke AG \u00fcber, die wiederum der Ostmark-Ceramics AG zugeh\u00f6rig war, 1945 dann \u00dcbergang auf Ditmar- keramicke z\u00e1vody und wohl 1948 Betriebsschlie\u00dfung, evtl. auch Verstaatlichung und Eingliederung in eine staatliche Fabrik zusammen mit andern keramischen Fabriken, in der Literatur werden die Firmierungs- und Eigentumsverh\u00e4ltnisse unterschiedlich dargestellt, gleichfalls ist eine zeitliche Einordnung der Marken schwierig, H\u00f6he 30,5 cm, Breite 33 cm<\/p>\n<p><a href=\"http:\/\/museumek.eu\/wp-content\/uploads\/2011\/08\/Museum-Europ\u00e4ischer-Keramikkunst-Qualit\u00e4tsfotos-300.jpg\"><img loading=\"lazy\" src=\"http:\/\/museumek.eu\/wp-content\/uploads\/2011\/08\/Museum-Europ\u00e4ischer-Keramikkunst-Qualit\u00e4tsfotos-300-300x295.jpg\" alt=\"\" title=\"Museum Europ\u00e4ischer Keramikkunst Qualit\u00e4tsfotos 300\" width=\"300\" height=\"295\" class=\"alignnone size-medium wp-image-1932\" srcset=\"http:\/\/museumek.eu\/wp-content\/uploads\/2011\/08\/Museum-Europ\u00e4ischer-Keramikkunst-Qualit\u00e4tsfotos-300-300x295.jpg 300w, http:\/\/museumek.eu\/wp-content\/uploads\/2011\/08\/Museum-Europ\u00e4ischer-Keramikkunst-Qualit\u00e4tsfotos-300-304x300.jpg 304w, http:\/\/museumek.eu\/wp-content\/uploads\/2011\/08\/Museum-Europ\u00e4ischer-Keramikkunst-Qualit\u00e4tsfotos-300.jpg 740w\" sizes=\"(max-width: 300px) 100vw, 300px\" \/><\/a><\/p>\n<p><a href=\"http:\/\/museumek.eu\/wp-content\/uploads\/2011\/08\/Museum-Europ\u00e4ischer-Keramikkunst-406.jpg\"><img loading=\"lazy\" src=\"http:\/\/museumek.eu\/wp-content\/uploads\/2011\/08\/Museum-Europ\u00e4ischer-Keramikkunst-406-300x230.jpg\" alt=\"\" title=\"Museum Europ\u00e4ischer Keramikkunst 406\" width=\"300\" height=\"230\" class=\"alignnone size-medium wp-image-1933\" srcset=\"http:\/\/museumek.eu\/wp-content\/uploads\/2011\/08\/Museum-Europ\u00e4ischer-Keramikkunst-406-300x230.jpg 300w, http:\/\/museumek.eu\/wp-content\/uploads\/2011\/08\/Museum-Europ\u00e4ischer-Keramikkunst-406-391x300.jpg 391w, http:\/\/museumek.eu\/wp-content\/uploads\/2011\/08\/Museum-Europ\u00e4ischer-Keramikkunst-406.jpg 755w\" sizes=\"(max-width: 300px) 100vw, 300px\" \/><\/a><\/p>\n<p><a href=\"http:\/\/museumek.eu\/wp-content\/uploads\/2011\/08\/Museum-Europ\u00e4ischer-Keramikkunst-408.jpg\"><img loading=\"lazy\" src=\"http:\/\/museumek.eu\/wp-content\/uploads\/2011\/08\/Museum-Europ\u00e4ischer-Keramikkunst-408-300x225.jpg\" alt=\"\" title=\"Museum Europ\u00e4ischer Keramikkunst 408\" width=\"300\" height=\"225\" class=\"alignnone size-medium wp-image-1934\" srcset=\"http:\/\/museumek.eu\/wp-content\/uploads\/2011\/08\/Museum-Europ\u00e4ischer-Keramikkunst-408-300x225.jpg 300w, http:\/\/museumek.eu\/wp-content\/uploads\/2011\/08\/Museum-Europ\u00e4ischer-Keramikkunst-408-400x300.jpg 400w, http:\/\/museumek.eu\/wp-content\/uploads\/2011\/08\/Museum-Europ\u00e4ischer-Keramikkunst-408.jpg 1024w\" sizes=\"(max-width: 300px) 100vw, 300px\" \/><\/a><\/p>\n<p><strong>Abteilung Austria\/Ungarn\/B\u00f6hmen, Keramik 1860 \u2013 1960, Inventarnr. A\/XXXVIII\/5<\/strong><\/p>\n<p>Ditmar Urbach AG, B\u00f6hmen\/Austria, Turn\/Trnovany, 1925 &#8211; 1940, Vase, K\u00fcnstler unbekannt, Werks.-Nr. ohne, Exemplar Nr. ohne, gemarkt Firmenmarke mit Ditmar Urbach, T (f\u00fcr Turn) in einem Kreis, daran zwei Fl\u00fcgel, Made in Czechoslovakia sowie 17 gr\u00fcne Stempel, 33 gepresst, nicht signiert, Literatur: Jana Kybalov\u00e1, Keramikmarken aus aller Welt, Marke Nr. 1744 fast identisch, weitere Literatur: Volker M\u00f6lle Riessner, Amphora, Die Porzellan- und Keramikmanufaktur in Nord-B\u00f6hmen, Seite 177, Beschreibung der Urbach\u2018schen und Ditmar\u2019schen Fabriken sowie Seite 193, Marke Nr. 15 fast  identisch, um 1882 gr\u00fcndeten die Br\u00fcder Alfred und Otto Urbach eine Keramikfabrik und firmierten als Br\u00fcder Urbach, diese Fabrik ging 1906 auf die Porzellanfabrik Triptis und Glasfabriken S. Fischmann \u00fcber, die ab 1909 zur Triptis AG firmierte, Firmierung seit 1906 nun Br\u00fcder Urbach Nachfolgerin AG, Porzellanfabrik Triptis in Turn Teplitz, die Triptis AG war der Ditmar-Urbach AG in Znaim zugeh\u00f6rig, 1914 ging die Triptis AG auf die Br\u00fcder Urbach GmbH \u00fcber, diese ging 1925 auf die Ditmar-Urbach AG, Filiale Teplitz \u00fcber, diese ging 1940 auf die Ditmar Keramische Werke AG \u00fcber, die wiederum der Ostmark-Ceramics AG zugeh\u00f6rig war, 1945 dann \u00dcbergang auf Ditmar- keramicke z\u00e1vody und wohl 1948 Betriebsschlie\u00dfung, evtl. auch Verstaatlichung und Eingliederung in eine staatliche Fabrik zusammen mit andern keramischen Fabriken, in der Literatur werden die Firmierungs- und Eigentumsverh\u00e4ltnisse unterschiedlich dargestellt, gleichfalls ist eine zeitliche Einordnung der Marken schwierig, H\u00f6he 40 cm, Breite 24 cm<\/p>\n<p><a href=\"http:\/\/museumek.eu\/?attachment_id=22032\" rel=\"attachment wp-att-22032\"><img loading=\"lazy\" src=\"http:\/\/museumek.eu\/wp-content\/uploads\/2013\/05\/Museum-Europ\u00e4ischer-Keramikkunst-3556-190x300.jpg\" alt=\"\" title=\"Museum Europ\u00e4ischer Keramikkunst 3556\" width=\"190\" height=\"300\" class=\"alignnone size-medium wp-image-22032\" srcset=\"http:\/\/museumek.eu\/wp-content\/uploads\/2013\/05\/Museum-Europ\u00e4ischer-Keramikkunst-3556-190x300.jpg 190w, http:\/\/museumek.eu\/wp-content\/uploads\/2013\/05\/Museum-Europ\u00e4ischer-Keramikkunst-3556-95x150.jpg 95w, http:\/\/museumek.eu\/wp-content\/uploads\/2013\/05\/Museum-Europ\u00e4ischer-Keramikkunst-3556.jpg 508w\" sizes=\"(max-width: 190px) 100vw, 190px\" \/><\/a><\/p>\n<p><a href=\"http:\/\/museumek.eu\/?attachment_id=22033\" rel=\"attachment wp-att-22033\"><img loading=\"lazy\" src=\"http:\/\/museumek.eu\/wp-content\/uploads\/2013\/05\/Museum-Europ\u00e4ischer-Keramikkunst-3557-225x300.jpg\" alt=\"\" title=\"Museum Europ\u00e4ischer Keramikkunst 3557\" width=\"225\" height=\"300\" class=\"alignnone size-medium wp-image-22033\" srcset=\"http:\/\/museumek.eu\/wp-content\/uploads\/2013\/05\/Museum-Europ\u00e4ischer-Keramikkunst-3557-225x300.jpg 225w, http:\/\/museumek.eu\/wp-content\/uploads\/2013\/05\/Museum-Europ\u00e4ischer-Keramikkunst-3557-112x150.jpg 112w, http:\/\/museumek.eu\/wp-content\/uploads\/2013\/05\/Museum-Europ\u00e4ischer-Keramikkunst-3557.jpg 600w\" sizes=\"(max-width: 225px) 100vw, 225px\" \/><\/a><\/p>\n<p><a href=\"http:\/\/museumek.eu\/?attachment_id=22034\" rel=\"attachment wp-att-22034\"><img loading=\"lazy\" src=\"http:\/\/museumek.eu\/wp-content\/uploads\/2013\/05\/Museum-Europ\u00e4ischer-Keramikkunst-3558-300x183.jpg\" alt=\"\" title=\"Museum Europ\u00e4ischer Keramikkunst 3558\" width=\"300\" height=\"183\" class=\"alignnone size-medium wp-image-22034\" srcset=\"http:\/\/museumek.eu\/wp-content\/uploads\/2013\/05\/Museum-Europ\u00e4ischer-Keramikkunst-3558-300x183.jpg 300w, http:\/\/museumek.eu\/wp-content\/uploads\/2013\/05\/Museum-Europ\u00e4ischer-Keramikkunst-3558-150x91.jpg 150w, http:\/\/museumek.eu\/wp-content\/uploads\/2013\/05\/Museum-Europ\u00e4ischer-Keramikkunst-3558.jpg 483w\" sizes=\"(max-width: 300px) 100vw, 300px\" \/><\/a><\/p>\n<p><a href=\"http:\/\/museumek.eu\/?attachment_id=22035\" rel=\"attachment wp-att-22035\"><img loading=\"lazy\" src=\"http:\/\/museumek.eu\/wp-content\/uploads\/2013\/05\/Museum-Europ\u00e4ischer-Keramikkunst-3559-172x300.jpg\" alt=\"\" title=\"Museum Europ\u00e4ischer Keramikkunst 3559\" width=\"172\" height=\"300\" class=\"alignnone size-medium wp-image-22035\" srcset=\"http:\/\/museumek.eu\/wp-content\/uploads\/2013\/05\/Museum-Europ\u00e4ischer-Keramikkunst-3559-172x300.jpg 172w, http:\/\/museumek.eu\/wp-content\/uploads\/2013\/05\/Museum-Europ\u00e4ischer-Keramikkunst-3559-86x150.jpg 86w, http:\/\/museumek.eu\/wp-content\/uploads\/2013\/05\/Museum-Europ\u00e4ischer-Keramikkunst-3559.jpg 423w\" sizes=\"(max-width: 172px) 100vw, 172px\" \/><\/a><\/p>\n","protected":false},"excerpt":{"rendered":"<p>Abteilung Austria\/Ungarn\/B\u00f6hmen, Keramik 1860 \u2013 1960, Inventarnummer A\/XXXVIII\/1 Ditmar Keramische Werke AG, B\u00f6hmen\/Austria, Turn\/Trnovany, 1940 &#8211; 1945, Vase mit floraler Malerei, K\u00fcnstler unbekannt, Werks.-Nr. 13837, Exemplar Nr. ohne, gemarkt Firmenmarke mit Ditmar Urbach, Stern mit Punkt, T (f\u00fcr Turn) in &hellip; <a href=\"http:\/\/museumek.eu\/?page_id=4647\">Weiterlesen <span class=\"meta-nav\">&rarr;<\/span><\/a><\/p>\n","protected":false},"author":1,"featured_media":0,"parent":2671,"menu_order":1,"comment_status":"closed","ping_status":"closed","template":"","meta":[],"_links":{"self":[{"href":"http:\/\/museumek.eu\/index.php?rest_route=\/wp\/v2\/pages\/4647"}],"collection":[{"href":"http:\/\/museumek.eu\/index.php?rest_route=\/wp\/v2\/pages"}],"about":[{"href":"http:\/\/museumek.eu\/index.php?rest_route=\/wp\/v2\/types\/page"}],"author":[{"embeddable":true,"href":"http:\/\/museumek.eu\/index.php?rest_route=\/wp\/v2\/users\/1"}],"replies":[{"embeddable":true,"href":"http:\/\/museumek.eu\/index.php?rest_route=%2Fwp%2Fv2%2Fcomments&post=4647"}],"version-history":[{"count":16,"href":"http:\/\/museumek.eu\/index.php?rest_route=\/wp\/v2\/pages\/4647\/revisions"}],"predecessor-version":[{"id":59446,"href":"http:\/\/museumek.eu\/index.php?rest_route=\/wp\/v2\/pages\/4647\/revisions\/59446"}],"up":[{"embeddable":true,"href":"http:\/\/museumek.eu\/index.php?rest_route=\/wp\/v2\/pages\/2671"}],"wp:attachment":[{"href":"http:\/\/museumek.eu\/index.php?rest_route=%2Fwp%2Fv2%2Fmedia&parent=4647"}],"curies":[{"name":"wp","href":"https:\/\/api.w.org\/{rel}","templated":true}]}}