{"id":46501,"date":"2020-05-08T22:31:00","date_gmt":"2020-05-08T20:31:00","guid":{"rendered":"http:\/\/museumek.eu\/?page_id=46501"},"modified":"2020-05-08T22:32:10","modified_gmt":"2020-05-08T20:32:10","slug":"dclii1","status":"publish","type":"page","link":"http:\/\/museumek.eu\/?page_id=46501","title":{"rendered":"D\/CLII\/1"},"content":{"rendered":"<p><strong>Abteilung Deutschland, Keramik 1860 \u2013 1960, Inventarnummer D\/CLII\/1<\/strong\n\nCarl Wilhelm &#038; Co. Porzellan- und Glasmanufaktur (Porzellan- und Glasmalerei), Deutschland, Deesbach\/Oberwei\u00dfenbach, Tasse, um 1950, K\u00fcnstler unbekannt, Werksnummer ohne, Exemplar Nr. ohne, gemarkt Krone darunter halbkreisf\u00f6rmig CARL WILHELM &#038; Co. goldener Stempel auf Glasur, Handmalerei mit roter Schrift auf Glasur geschrieben, 626 unter Glasur gepresst, nicht signiert, die Manufaktur wurde 1870 von Carl Wilhelm gegr\u00fcndet, die weitere Entwicklung der Manufaktur war nicht zu recherchieren, gleichfalls war eine genaue zeitliche Zuordnung der Marke nicht zu recherchieren, es ist auch fraglich, ob jemals eigenes Porzellan hergestellt wurde oder nur Weissware anderer Hersteller bemalt worden ist, in der Eigendarstellung im Rechnungskopf der Firma aus dem Jahre 1949 bezeichnet sich die Firma als Porzellan- und Glasmanufaktur, w\u00e4hrend 1949 im Adressbuch der keramischen Industrie eine Porzellan- und Glasmalerei eingetragen ist,\nH\u00f6he 5 cm, Breite 12 cm\n\n<a href=\"http:\/\/museumek.eu\/?attachment_id=46458\" rel=\"attachment wp-att-46458\"><img loading=\"lazy\" src=\"http:\/\/museumek.eu\/wp-content\/uploads\/2020\/05\/Carl-Wilhelm-Porzellanfabrik-1-300x180.jpg\" alt=\"\" title=\"Carl Wilhelm Porzellanfabrik 1\" width=\"300\" height=\"180\" class=\"alignnone size-medium wp-image-46458\" srcset=\"http:\/\/museumek.eu\/wp-content\/uploads\/2020\/05\/Carl-Wilhelm-Porzellanfabrik-1-300x180.jpg 300w, http:\/\/museumek.eu\/wp-content\/uploads\/2020\/05\/Carl-Wilhelm-Porzellanfabrik-1-150x90.jpg 150w, http:\/\/museumek.eu\/wp-content\/uploads\/2020\/05\/Carl-Wilhelm-Porzellanfabrik-1-497x300.jpg 497w, http:\/\/museumek.eu\/wp-content\/uploads\/2020\/05\/Carl-Wilhelm-Porzellanfabrik-1.jpg 640w\" sizes=\"(max-width: 300px) 100vw, 300px\" \/><\/a><\/p>\n<p><a href=\"http:\/\/museumek.eu\/?attachment_id=46459\" rel=\"attachment wp-att-46459\"><img loading=\"lazy\" src=\"http:\/\/museumek.eu\/wp-content\/uploads\/2020\/05\/Carl-Wilhelm-Porzellanfabrik-2-300x178.jpg\" alt=\"\" title=\"Carl Wilhelm Porzellanfabrik 2\" width=\"300\" height=\"178\" class=\"alignnone size-medium wp-image-46459\" srcset=\"http:\/\/museumek.eu\/wp-content\/uploads\/2020\/05\/Carl-Wilhelm-Porzellanfabrik-2-300x178.jpg 300w, http:\/\/museumek.eu\/wp-content\/uploads\/2020\/05\/Carl-Wilhelm-Porzellanfabrik-2-150x89.jpg 150w, http:\/\/museumek.eu\/wp-content\/uploads\/2020\/05\/Carl-Wilhelm-Porzellanfabrik-2-500x296.jpg 500w, http:\/\/museumek.eu\/wp-content\/uploads\/2020\/05\/Carl-Wilhelm-Porzellanfabrik-2.jpg 640w\" sizes=\"(max-width: 300px) 100vw, 300px\" \/><\/a><\/p>\n<p><a href=\"http:\/\/museumek.eu\/?attachment_id=46460\" rel=\"attachment wp-att-46460\"><img loading=\"lazy\" src=\"http:\/\/museumek.eu\/wp-content\/uploads\/2020\/05\/Carl-Wilhelm-Porzellanfabrik-3-300x199.jpg\" alt=\"\" title=\"Carl Wilhelm Porzellanfabrik 3\" width=\"300\" height=\"199\" class=\"alignnone size-medium wp-image-46460\" srcset=\"http:\/\/museumek.eu\/wp-content\/uploads\/2020\/05\/Carl-Wilhelm-Porzellanfabrik-3-300x199.jpg 300w, http:\/\/museumek.eu\/wp-content\/uploads\/2020\/05\/Carl-Wilhelm-Porzellanfabrik-3-150x99.jpg 150w, http:\/\/museumek.eu\/wp-content\/uploads\/2020\/05\/Carl-Wilhelm-Porzellanfabrik-3-450x300.jpg 450w, http:\/\/museumek.eu\/wp-content\/uploads\/2020\/05\/Carl-Wilhelm-Porzellanfabrik-3.jpg 640w\" sizes=\"(max-width: 300px) 100vw, 300px\" \/><\/a><\/p>\n<p><a href=\"http:\/\/museumek.eu\/?attachment_id=46461\" rel=\"attachment wp-att-46461\"><img loading=\"lazy\" src=\"http:\/\/museumek.eu\/wp-content\/uploads\/2020\/05\/Carl-Wilhelm-Porzellanfabrik-4-300x208.jpg\" alt=\"\" title=\"Carl Wilhelm Porzellanfabrik 4\" width=\"300\" height=\"208\" class=\"alignnone size-medium wp-image-46461\" srcset=\"http:\/\/museumek.eu\/wp-content\/uploads\/2020\/05\/Carl-Wilhelm-Porzellanfabrik-4-300x208.jpg 300w, http:\/\/museumek.eu\/wp-content\/uploads\/2020\/05\/Carl-Wilhelm-Porzellanfabrik-4-150x104.jpg 150w, http:\/\/museumek.eu\/wp-content\/uploads\/2020\/05\/Carl-Wilhelm-Porzellanfabrik-4-431x300.jpg 431w, http:\/\/museumek.eu\/wp-content\/uploads\/2020\/05\/Carl-Wilhelm-Porzellanfabrik-4.jpg 640w\" sizes=\"(max-width: 300px) 100vw, 300px\" \/><\/a><\/p>\n<p><a href=\"http:\/\/museumek.eu\/?attachment_id=46464\" rel=\"attachment wp-att-46464\"><img loading=\"lazy\" src=\"http:\/\/museumek.eu\/wp-content\/uploads\/2020\/05\/Carl-Wilhelm-Porzellanfabrik-5-300x244.jpg\" alt=\"\" title=\"Carl Wilhelm Porzellanfabrik 5\" width=\"300\" height=\"244\" class=\"alignnone size-medium wp-image-46464\" srcset=\"http:\/\/museumek.eu\/wp-content\/uploads\/2020\/05\/Carl-Wilhelm-Porzellanfabrik-5-300x244.jpg 300w, http:\/\/museumek.eu\/wp-content\/uploads\/2020\/05\/Carl-Wilhelm-Porzellanfabrik-5-150x122.jpg 150w, http:\/\/museumek.eu\/wp-content\/uploads\/2020\/05\/Carl-Wilhelm-Porzellanfabrik-5-368x300.jpg 368w, http:\/\/museumek.eu\/wp-content\/uploads\/2020\/05\/Carl-Wilhelm-Porzellanfabrik-5.jpg 590w\" sizes=\"(max-width: 300px) 100vw, 300px\" \/><\/a><\/p>\n<p><a href=\"http:\/\/museumek.eu\/?attachment_id=46467\" rel=\"attachment wp-att-46467\"><img loading=\"lazy\" src=\"http:\/\/museumek.eu\/wp-content\/uploads\/2020\/05\/Carl-Wilhelm-Porzellanfabrik-7-300x216.jpg\" alt=\"\" title=\"Carl Wilhelm Porzellanfabrik 7\" width=\"300\" height=\"216\" class=\"alignnone size-medium wp-image-46467\" srcset=\"http:\/\/museumek.eu\/wp-content\/uploads\/2020\/05\/Carl-Wilhelm-Porzellanfabrik-7-300x216.jpg 300w, http:\/\/museumek.eu\/wp-content\/uploads\/2020\/05\/Carl-Wilhelm-Porzellanfabrik-7-150x108.jpg 150w, http:\/\/museumek.eu\/wp-content\/uploads\/2020\/05\/Carl-Wilhelm-Porzellanfabrik-7-416x300.jpg 416w, http:\/\/museumek.eu\/wp-content\/uploads\/2020\/05\/Carl-Wilhelm-Porzellanfabrik-7.jpg 640w\" sizes=\"(max-width: 300px) 100vw, 300px\" \/><\/a><\/p>\n<p><a href=\"http:\/\/museumek.eu\/?attachment_id=46468\" rel=\"attachment wp-att-46468\"><img loading=\"lazy\" src=\"http:\/\/museumek.eu\/wp-content\/uploads\/2020\/05\/Carl-Wilhelm-Porzellanfabrik-8-208x300.jpg\" alt=\"\" title=\"Carl Wilhelm Porzellanfabrik 8\" width=\"208\" height=\"300\" class=\"alignnone size-medium wp-image-46468\" srcset=\"http:\/\/museumek.eu\/wp-content\/uploads\/2020\/05\/Carl-Wilhelm-Porzellanfabrik-8-208x300.jpg 208w, http:\/\/museumek.eu\/wp-content\/uploads\/2020\/05\/Carl-Wilhelm-Porzellanfabrik-8-104x150.jpg 104w, http:\/\/museumek.eu\/wp-content\/uploads\/2020\/05\/Carl-Wilhelm-Porzellanfabrik-8.jpg 444w\" sizes=\"(max-width: 208px) 100vw, 208px\" \/><\/a><\/p>\n","protected":false},"excerpt":{"rendered":"<p>Abteilung Deutschland, Keramik 1860 \u2013 1960, Inventarnummer D\/CLII\/1<\/p>\n","protected":false},"author":1,"featured_media":0,"parent":46499,"menu_order":1,"comment_status":"closed","ping_status":"open","template":"","meta":[],"_links":{"self":[{"href":"http:\/\/museumek.eu\/index.php?rest_route=\/wp\/v2\/pages\/46501"}],"collection":[{"href":"http:\/\/museumek.eu\/index.php?rest_route=\/wp\/v2\/pages"}],"about":[{"href":"http:\/\/museumek.eu\/index.php?rest_route=\/wp\/v2\/types\/page"}],"author":[{"embeddable":true,"href":"http:\/\/museumek.eu\/index.php?rest_route=\/wp\/v2\/users\/1"}],"replies":[{"embeddable":true,"href":"http:\/\/museumek.eu\/index.php?rest_route=%2Fwp%2Fv2%2Fcomments&post=46501"}],"version-history":[{"count":4,"href":"http:\/\/museumek.eu\/index.php?rest_route=\/wp\/v2\/pages\/46501\/revisions"}],"predecessor-version":[{"id":46505,"href":"http:\/\/museumek.eu\/index.php?rest_route=\/wp\/v2\/pages\/46501\/revisions\/46505"}],"up":[{"embeddable":true,"href":"http:\/\/museumek.eu\/index.php?rest_route=\/wp\/v2\/pages\/46499"}],"wp:attachment":[{"href":"http:\/\/museumek.eu\/index.php?rest_route=%2Fwp%2Fv2%2Fmedia&parent=46501"}],"curies":[{"name":"wp","href":"https:\/\/api.w.org\/{rel}","templated":true}]}}