{"id":46506,"date":"2020-05-08T22:33:06","date_gmt":"2020-05-08T20:33:06","guid":{"rendered":"http:\/\/museumek.eu\/?page_id=46506"},"modified":"2020-05-08T22:35:13","modified_gmt":"2020-05-08T20:35:13","slug":"dclii2","status":"publish","type":"page","link":"http:\/\/museumek.eu\/?page_id=46506","title":{"rendered":"D\/CLII\/2"},"content":{"rendered":"<p><strong>Abteilung Deutschland, Keramik 1860 \u2013 1960, Inventarnummer D\/CLII\/2<\/strong\n\nCarl Wilhelm &#038; Co. Porzellan- und Glasmanufaktur (Porzellan- und Glasmalerei), Deutschland, Deesbach\/Oberwei\u00dfenbach, Schale, vor 1950, K\u00fcnstler unbekannt, Werksnummer ohne, Exemplar Nr. ohne, gemarkt Krone darunter CW &#038; C darunter DEESBACH darunter Th\u00fcringen dunkelgr\u00fcner Stempel auf Glasur, Handausgemalt rote Schrift auf Glasur, 876\/2 unter Glasur gepresst, nicht signiert, die Manufaktur wurde 1870 von Carl Wilhelm gegr\u00fcndet, die weitere Entwicklung der Manufaktur war nicht zu recherchieren, gleichfalls war eine genaue zeitliche Zuordnung der Marke nicht zu recherchieren, hier wohl vor 1950, es ist auch fraglich, ob jemals eigenes Porzellan hergestellt wurde oder nur Weissware anderer Hersteller bemalt worden ist, in der Eigendarstellung im Rechnungskopf der Firma aus dem Jahre 1949 bezeichnet sich die Firma als Porzellan- und Glasmanufaktur, w\u00e4hrend 1949 im Adressbuch der keramischen Industrie eine Porzellan- und Glasmalerei eingetragen ist,\nH\u00f6he 4 cm, Breite 22 cm\n\n<a href=\"http:\/\/museumek.eu\/?attachment_id=46473\" rel=\"attachment wp-att-46473\"><img loading=\"lazy\" src=\"http:\/\/museumek.eu\/wp-content\/uploads\/2020\/05\/Carl-Wilhelm-Porzellanfabrik-Schale-1-300x128.jpg\" alt=\"\" title=\"Carl Wilhelm Porzellanfabrik Schale 1\" width=\"300\" height=\"128\" class=\"alignnone size-medium wp-image-46473\" srcset=\"http:\/\/museumek.eu\/wp-content\/uploads\/2020\/05\/Carl-Wilhelm-Porzellanfabrik-Schale-1-300x128.jpg 300w, http:\/\/museumek.eu\/wp-content\/uploads\/2020\/05\/Carl-Wilhelm-Porzellanfabrik-Schale-1-150x64.jpg 150w, http:\/\/museumek.eu\/wp-content\/uploads\/2020\/05\/Carl-Wilhelm-Porzellanfabrik-Schale-1-500x213.jpg 500w, http:\/\/museumek.eu\/wp-content\/uploads\/2020\/05\/Carl-Wilhelm-Porzellanfabrik-Schale-1.jpg 604w\" sizes=\"(max-width: 300px) 100vw, 300px\" \/><\/a><\/p>\n<p><a href=\"http:\/\/museumek.eu\/?attachment_id=46474\" rel=\"attachment wp-att-46474\"><img loading=\"lazy\" src=\"http:\/\/museumek.eu\/wp-content\/uploads\/2020\/05\/Carl-Wilhelm-Porzellanfabrik-Schale-2-300x183.jpg\" alt=\"\" title=\"Carl Wilhelm Porzellanfabrik Schale 2\" width=\"300\" height=\"183\" class=\"alignnone size-medium wp-image-46474\" srcset=\"http:\/\/museumek.eu\/wp-content\/uploads\/2020\/05\/Carl-Wilhelm-Porzellanfabrik-Schale-2-300x183.jpg 300w, http:\/\/museumek.eu\/wp-content\/uploads\/2020\/05\/Carl-Wilhelm-Porzellanfabrik-Schale-2-150x91.jpg 150w, http:\/\/museumek.eu\/wp-content\/uploads\/2020\/05\/Carl-Wilhelm-Porzellanfabrik-Schale-2-491x300.jpg 491w, http:\/\/museumek.eu\/wp-content\/uploads\/2020\/05\/Carl-Wilhelm-Porzellanfabrik-Schale-2.jpg 640w\" sizes=\"(max-width: 300px) 100vw, 300px\" \/><\/a><\/p>\n<p><a href=\"http:\/\/museumek.eu\/?attachment_id=46476\" rel=\"attachment wp-att-46476\"><img loading=\"lazy\" src=\"http:\/\/museumek.eu\/wp-content\/uploads\/2020\/05\/Carl-Wilhelm-Porzellanfabrik-Schale-3-300x239.jpg\" alt=\"\" title=\"Carl Wilhelm Porzellanfabrik Schale 3\" width=\"300\" height=\"239\" class=\"alignnone size-medium wp-image-46476\" srcset=\"http:\/\/museumek.eu\/wp-content\/uploads\/2020\/05\/Carl-Wilhelm-Porzellanfabrik-Schale-3-300x239.jpg 300w, http:\/\/museumek.eu\/wp-content\/uploads\/2020\/05\/Carl-Wilhelm-Porzellanfabrik-Schale-3-150x119.jpg 150w, http:\/\/museumek.eu\/wp-content\/uploads\/2020\/05\/Carl-Wilhelm-Porzellanfabrik-Schale-3-375x300.jpg 375w, http:\/\/museumek.eu\/wp-content\/uploads\/2020\/05\/Carl-Wilhelm-Porzellanfabrik-Schale-3.jpg 601w\" sizes=\"(max-width: 300px) 100vw, 300px\" \/><\/a><\/p>\n<p><a href=\"http:\/\/museumek.eu\/?attachment_id=46477\" rel=\"attachment wp-att-46477\"><img loading=\"lazy\" src=\"http:\/\/museumek.eu\/wp-content\/uploads\/2020\/05\/Carl-Wilhelm-Porzellanfabrik-Schale-4-300x187.jpg\" alt=\"\" title=\"Carl Wilhelm Porzellanfabrik Schale 4\" width=\"300\" height=\"187\" class=\"alignnone size-medium wp-image-46477\" srcset=\"http:\/\/museumek.eu\/wp-content\/uploads\/2020\/05\/Carl-Wilhelm-Porzellanfabrik-Schale-4-300x187.jpg 300w, http:\/\/museumek.eu\/wp-content\/uploads\/2020\/05\/Carl-Wilhelm-Porzellanfabrik-Schale-4-150x93.jpg 150w, http:\/\/museumek.eu\/wp-content\/uploads\/2020\/05\/Carl-Wilhelm-Porzellanfabrik-Schale-4-478x300.jpg 478w, http:\/\/museumek.eu\/wp-content\/uploads\/2020\/05\/Carl-Wilhelm-Porzellanfabrik-Schale-4.jpg 640w\" sizes=\"(max-width: 300px) 100vw, 300px\" \/><\/a><\/p>\n<p><a href=\"http:\/\/museumek.eu\/?attachment_id=46480\" rel=\"attachment wp-att-46480\"><img loading=\"lazy\" src=\"http:\/\/museumek.eu\/wp-content\/uploads\/2020\/05\/Carl-Wilhelm-Porzellanfabrik-Schale-5-300x152.jpg\" alt=\"\" title=\"Carl Wilhelm Porzellanfabrik Schale 5\" width=\"300\" height=\"152\" class=\"alignnone size-medium wp-image-46480\" srcset=\"http:\/\/museumek.eu\/wp-content\/uploads\/2020\/05\/Carl-Wilhelm-Porzellanfabrik-Schale-5-300x152.jpg 300w, http:\/\/museumek.eu\/wp-content\/uploads\/2020\/05\/Carl-Wilhelm-Porzellanfabrik-Schale-5-150x76.jpg 150w, http:\/\/museumek.eu\/wp-content\/uploads\/2020\/05\/Carl-Wilhelm-Porzellanfabrik-Schale-5-500x254.jpg 500w, http:\/\/museumek.eu\/wp-content\/uploads\/2020\/05\/Carl-Wilhelm-Porzellanfabrik-Schale-5.jpg 640w\" sizes=\"(max-width: 300px) 100vw, 300px\" \/><\/a><\/p>\n<p><a href=\"http:\/\/museumek.eu\/?attachment_id=46482\" rel=\"attachment wp-att-46482\"><img loading=\"lazy\" src=\"http:\/\/museumek.eu\/wp-content\/uploads\/2020\/05\/Carl-Wilhelm-Porzellanfabrik-Schale-6-300x268.jpg\" alt=\"\" title=\"Carl Wilhelm Porzellanfabrik Schale 6\" width=\"300\" height=\"268\" class=\"alignnone size-medium wp-image-46482\" srcset=\"http:\/\/museumek.eu\/wp-content\/uploads\/2020\/05\/Carl-Wilhelm-Porzellanfabrik-Schale-6-300x268.jpg 300w, http:\/\/museumek.eu\/wp-content\/uploads\/2020\/05\/Carl-Wilhelm-Porzellanfabrik-Schale-6-150x134.jpg 150w, http:\/\/museumek.eu\/wp-content\/uploads\/2020\/05\/Carl-Wilhelm-Porzellanfabrik-Schale-6-335x300.jpg 335w, http:\/\/museumek.eu\/wp-content\/uploads\/2020\/05\/Carl-Wilhelm-Porzellanfabrik-Schale-6.jpg 536w\" sizes=\"(max-width: 300px) 100vw, 300px\" \/><\/a><\/p>\n<p><a href=\"http:\/\/museumek.eu\/?attachment_id=46483\" rel=\"attachment wp-att-46483\"><img loading=\"lazy\" src=\"http:\/\/museumek.eu\/wp-content\/uploads\/2020\/05\/Carl-Wilhelm-Porzellanfabrik-Schale-7-300x145.jpg\" alt=\"\" title=\"Carl Wilhelm Porzellanfabrik Schale 7\" width=\"300\" height=\"145\" class=\"alignnone size-medium wp-image-46483\" srcset=\"http:\/\/museumek.eu\/wp-content\/uploads\/2020\/05\/Carl-Wilhelm-Porzellanfabrik-Schale-7-300x145.jpg 300w, http:\/\/museumek.eu\/wp-content\/uploads\/2020\/05\/Carl-Wilhelm-Porzellanfabrik-Schale-7-150x72.jpg 150w, http:\/\/museumek.eu\/wp-content\/uploads\/2020\/05\/Carl-Wilhelm-Porzellanfabrik-Schale-7-500x242.jpg 500w, http:\/\/museumek.eu\/wp-content\/uploads\/2020\/05\/Carl-Wilhelm-Porzellanfabrik-Schale-7.jpg 640w\" sizes=\"(max-width: 300px) 100vw, 300px\" \/><\/a><\/p>\n<p><a href=\"http:\/\/museumek.eu\/?attachment_id=46484\" rel=\"attachment wp-att-46484\"><img loading=\"lazy\" src=\"http:\/\/museumek.eu\/wp-content\/uploads\/2020\/05\/Carl-Wilhelm-Porzellanfabrik-81-208x300.jpg\" alt=\"\" title=\"Carl Wilhelm Porzellanfabrik 8\" width=\"208\" height=\"300\" class=\"alignnone size-medium wp-image-46484\" srcset=\"http:\/\/museumek.eu\/wp-content\/uploads\/2020\/05\/Carl-Wilhelm-Porzellanfabrik-81-208x300.jpg 208w, http:\/\/museumek.eu\/wp-content\/uploads\/2020\/05\/Carl-Wilhelm-Porzellanfabrik-81-104x150.jpg 104w, http:\/\/museumek.eu\/wp-content\/uploads\/2020\/05\/Carl-Wilhelm-Porzellanfabrik-81.jpg 444w\" sizes=\"(max-width: 208px) 100vw, 208px\" \/><\/a><\/p>\n","protected":false},"excerpt":{"rendered":"<p>Abteilung Deutschland, Keramik 1860 \u2013 1960, Inventarnummer D\/CLII\/2<\/p>\n","protected":false},"author":1,"featured_media":0,"parent":46499,"menu_order":2,"comment_status":"closed","ping_status":"open","template":"","meta":[],"_links":{"self":[{"href":"http:\/\/museumek.eu\/index.php?rest_route=\/wp\/v2\/pages\/46506"}],"collection":[{"href":"http:\/\/museumek.eu\/index.php?rest_route=\/wp\/v2\/pages"}],"about":[{"href":"http:\/\/museumek.eu\/index.php?rest_route=\/wp\/v2\/types\/page"}],"author":[{"embeddable":true,"href":"http:\/\/museumek.eu\/index.php?rest_route=\/wp\/v2\/users\/1"}],"replies":[{"embeddable":true,"href":"http:\/\/museumek.eu\/index.php?rest_route=%2Fwp%2Fv2%2Fcomments&post=46506"}],"version-history":[{"count":6,"href":"http:\/\/museumek.eu\/index.php?rest_route=\/wp\/v2\/pages\/46506\/revisions"}],"predecessor-version":[{"id":46512,"href":"http:\/\/museumek.eu\/index.php?rest_route=\/wp\/v2\/pages\/46506\/revisions\/46512"}],"up":[{"embeddable":true,"href":"http:\/\/museumek.eu\/index.php?rest_route=\/wp\/v2\/pages\/46499"}],"wp:attachment":[{"href":"http:\/\/museumek.eu\/index.php?rest_route=%2Fwp%2Fv2%2Fmedia&parent=46506"}],"curies":[{"name":"wp","href":"https:\/\/api.w.org\/{rel}","templated":true}]}}