{"id":46557,"date":"2020-05-10T13:12:49","date_gmt":"2020-05-10T11:12:49","guid":{"rendered":"http:\/\/museumek.eu\/?page_id=46557"},"modified":"2020-05-10T13:14:26","modified_gmt":"2020-05-10T11:14:26","slug":"dcliii1","status":"publish","type":"page","link":"http:\/\/museumek.eu\/?page_id=46557","title":{"rendered":"D\/CLIII\/1"},"content":{"rendered":"<p><strong>Abteilung Deutschland, Keramik 1860 \u2013 1960, Inventarnummer D\/CLIII\/1<\/strong><\/p>\n<p>Richard Blumenfeld Veltener Ofenfabrik AG, vormals Ofenfabrik Klaetsch &#038; Kellermann sowie Nachf. Veltag Veltener Ofen- und Keramik AG, Deutschland, Velten, um 1910, Vase, K\u00fcnstler unbekannt, Werks.-Nr. 27, Exemplar Nr. ohne, gemarkt K (f\u00fcr Keramik) darunter AG darunter VELTEN sowie 27 alles unter Glasur gepresst, 1871 gr\u00fcndeten die Herren Klaetsch und Kellermann in Velten eine Ofenfabrik, die Fabrik firmierte als Ofenfabrik Klaetsch &#038; Kellermann, diese wurde 1880 von Zimmermeister Sittel (Firmierung unbekannt) und 1884 von den Herren Treuherz und Hermann Blumenfeld \u00fcbernommen (wohl Br\u00fcder), (Firmierung unbekannt, evtl. Ofenfabrik Blumenfeld, 1890 \u00fcbernahm der Sohn von Hermann Blumenfeld, Richard Blumenfeld die Leitung der Fabrik, am 25.03.1905 wandelte Richard Blumenfeld die Fabrik in eine AG um und behielt den Vorsitz der AG, Firmierung nun Richard Blumenfeld Veltener Ofenfabrik AG, im Verlaufe der n\u00e4chsten Jahre kaufte er weitere Veltener Ofenfabriken zu, so dass seine Fabrik 1925 die gr\u00f6\u00dfte Ofenfabrik in Velten wurde, die Nazis dr\u00e4ngten den Juden Blumenfeld 1933 aus der Fabrik, am 15.08.1933 wurde die Fabrik in Veltag Veltener Ofen- und Keramik AG umbenannt, in der DDR wurde die Fabrik dann enteignet, Ausf\u00fchrung: Nadeldekor geritzt und Schlickermalerei, H\u00f6he 22 cm, Breite 14 cm <\/p>\n<p><a href=\"http:\/\/museumek.eu\/?attachment_id=46522\" rel=\"attachment wp-att-46522\"><img loading=\"lazy\" src=\"http:\/\/museumek.eu\/wp-content\/uploads\/2020\/05\/Velten-AG-1-195x300.jpg\" alt=\"\" title=\"Velten AG 1\" width=\"195\" height=\"300\" class=\"alignnone size-medium wp-image-46522\" srcset=\"http:\/\/museumek.eu\/wp-content\/uploads\/2020\/05\/Velten-AG-1-195x300.jpg 195w, http:\/\/museumek.eu\/wp-content\/uploads\/2020\/05\/Velten-AG-1-97x150.jpg 97w, http:\/\/museumek.eu\/wp-content\/uploads\/2020\/05\/Velten-AG-1.jpg 418w\" sizes=\"(max-width: 195px) 100vw, 195px\" \/><\/a><\/p>\n<p><a href=\"http:\/\/museumek.eu\/?attachment_id=46523\" rel=\"attachment wp-att-46523\"><img loading=\"lazy\" src=\"http:\/\/museumek.eu\/wp-content\/uploads\/2020\/05\/Velten-AG-2-209x300.jpg\" alt=\"\" title=\"Velten AG 2\" width=\"209\" height=\"300\" class=\"alignnone size-medium wp-image-46523\" srcset=\"http:\/\/museumek.eu\/wp-content\/uploads\/2020\/05\/Velten-AG-2-209x300.jpg 209w, http:\/\/museumek.eu\/wp-content\/uploads\/2020\/05\/Velten-AG-2-104x150.jpg 104w, http:\/\/museumek.eu\/wp-content\/uploads\/2020\/05\/Velten-AG-2.jpg 447w\" sizes=\"(max-width: 209px) 100vw, 209px\" \/><\/a><\/p>\n<p><a href=\"http:\/\/museumek.eu\/?attachment_id=46524\" rel=\"attachment wp-att-46524\"><img loading=\"lazy\" src=\"http:\/\/museumek.eu\/wp-content\/uploads\/2020\/05\/Velten-AG-3-195x300.jpg\" alt=\"\" title=\"Velten AG 3\" width=\"195\" height=\"300\" class=\"alignnone size-medium wp-image-46524\" srcset=\"http:\/\/museumek.eu\/wp-content\/uploads\/2020\/05\/Velten-AG-3-195x300.jpg 195w, http:\/\/museumek.eu\/wp-content\/uploads\/2020\/05\/Velten-AG-3-97x150.jpg 97w, http:\/\/museumek.eu\/wp-content\/uploads\/2020\/05\/Velten-AG-3.jpg 418w\" sizes=\"(max-width: 195px) 100vw, 195px\" \/><\/a><\/p>\n<p><a href=\"http:\/\/museumek.eu\/?attachment_id=46528\" rel=\"attachment wp-att-46528\"><img loading=\"lazy\" src=\"http:\/\/museumek.eu\/wp-content\/uploads\/2020\/05\/Velten-AG-4-197x300.jpg\" alt=\"\" title=\"Velten AG 4\" width=\"197\" height=\"300\" class=\"alignnone size-medium wp-image-46528\" srcset=\"http:\/\/museumek.eu\/wp-content\/uploads\/2020\/05\/Velten-AG-4-197x300.jpg 197w, http:\/\/museumek.eu\/wp-content\/uploads\/2020\/05\/Velten-AG-4-98x150.jpg 98w, http:\/\/museumek.eu\/wp-content\/uploads\/2020\/05\/Velten-AG-4.jpg 421w\" sizes=\"(max-width: 197px) 100vw, 197px\" \/><\/a><\/p>\n<p><a href=\"http:\/\/museumek.eu\/?attachment_id=46530\" rel=\"attachment wp-att-46530\"><img loading=\"lazy\" src=\"http:\/\/museumek.eu\/wp-content\/uploads\/2020\/05\/Velten-AG-5-248x300.jpg\" alt=\"\" title=\"Velten AG 5\" width=\"248\" height=\"300\" class=\"alignnone size-medium wp-image-46530\" srcset=\"http:\/\/museumek.eu\/wp-content\/uploads\/2020\/05\/Velten-AG-5-248x300.jpg 248w, http:\/\/museumek.eu\/wp-content\/uploads\/2020\/05\/Velten-AG-5-124x150.jpg 124w, http:\/\/museumek.eu\/wp-content\/uploads\/2020\/05\/Velten-AG-5.jpg 480w\" sizes=\"(max-width: 248px) 100vw, 248px\" \/><\/a><\/p>\n<p><a href=\"http:\/\/museumek.eu\/?attachment_id=46531\" rel=\"attachment wp-att-46531\"><img loading=\"lazy\" src=\"http:\/\/museumek.eu\/wp-content\/uploads\/2020\/05\/Velten-AG-6-216x300.jpg\" alt=\"\" title=\"Velten AG 6\" width=\"216\" height=\"300\" class=\"alignnone size-medium wp-image-46531\" srcset=\"http:\/\/museumek.eu\/wp-content\/uploads\/2020\/05\/Velten-AG-6-216x300.jpg 216w, http:\/\/museumek.eu\/wp-content\/uploads\/2020\/05\/Velten-AG-6-108x150.jpg 108w, http:\/\/museumek.eu\/wp-content\/uploads\/2020\/05\/Velten-AG-6.jpg 461w\" sizes=\"(max-width: 216px) 100vw, 216px\" \/><\/a><\/p>\n","protected":false},"excerpt":{"rendered":"<p>Abteilung Deutschland, Keramik 1860 \u2013 1960, Inventarnummer D\/CLIII\/1 Richard Blumenfeld Veltener Ofenfabrik AG, vormals Ofenfabrik Klaetsch &#038; Kellermann sowie Nachf. Veltag Veltener Ofen- und Keramik AG, Deutschland, Velten, um 1910, Vase, K\u00fcnstler unbekannt, Werks.-Nr. 27, Exemplar Nr. ohne, gemarkt K &hellip; <a href=\"http:\/\/museumek.eu\/?page_id=46557\">Weiterlesen <span class=\"meta-nav\">&rarr;<\/span><\/a><\/p>\n","protected":false},"author":1,"featured_media":0,"parent":46555,"menu_order":0,"comment_status":"closed","ping_status":"open","template":"","meta":[],"_links":{"self":[{"href":"http:\/\/museumek.eu\/index.php?rest_route=\/wp\/v2\/pages\/46557"}],"collection":[{"href":"http:\/\/museumek.eu\/index.php?rest_route=\/wp\/v2\/pages"}],"about":[{"href":"http:\/\/museumek.eu\/index.php?rest_route=\/wp\/v2\/types\/page"}],"author":[{"embeddable":true,"href":"http:\/\/museumek.eu\/index.php?rest_route=\/wp\/v2\/users\/1"}],"replies":[{"embeddable":true,"href":"http:\/\/museumek.eu\/index.php?rest_route=%2Fwp%2Fv2%2Fcomments&post=46557"}],"version-history":[{"count":4,"href":"http:\/\/museumek.eu\/index.php?rest_route=\/wp\/v2\/pages\/46557\/revisions"}],"predecessor-version":[{"id":46562,"href":"http:\/\/museumek.eu\/index.php?rest_route=\/wp\/v2\/pages\/46557\/revisions\/46562"}],"up":[{"embeddable":true,"href":"http:\/\/museumek.eu\/index.php?rest_route=\/wp\/v2\/pages\/46555"}],"wp:attachment":[{"href":"http:\/\/museumek.eu\/index.php?rest_route=%2Fwp%2Fv2%2Fmedia&parent=46557"}],"curies":[{"name":"wp","href":"https:\/\/api.w.org\/{rel}","templated":true}]}}