{"id":46563,"date":"2020-05-10T13:15:28","date_gmt":"2020-05-10T11:15:28","guid":{"rendered":"http:\/\/museumek.eu\/?page_id=46563"},"modified":"2020-05-10T13:15:28","modified_gmt":"2020-05-10T11:15:28","slug":"dcliii2","status":"publish","type":"page","link":"http:\/\/museumek.eu\/?page_id=46563","title":{"rendered":"D\/CLIII\/2"},"content":{"rendered":"<p><strong>Abteilung Deutschland, Keramik 1860 \u2013 1960, Inventarnummer D\/CLIII\/2<\/strong><\/p>\n<p>Richard Blumenfeld Veltener Ofenfabrik AG, vormals Ofenfabrik Klaetsch &#038; Kellermann sowie Nachf. Veltag Veltener Ofen- und Keramik AG, Deutschland, Velten, um 1915, Vase, K\u00fcnstler unbekannt, Werks.-Nr. 84, Exemplar Nr. ohne, gemarkt K (f\u00fcr Keramik) darunter AG darunter VELTEN alles unter Glasur gepresst, 84 unter Glasur geritzt, 1871 gr\u00fcndeten die Herren Klaetsch und Kellermann in Velten eine Ofenfabrik, die Fabrik firmierte als Ofenfabrik Klaetsch &#038; Kellermann, diese wurde 1880 von Zimmermeister Sittel (Firmierung unbekannt) und 1884 von den Herren Treuherz und Hermann Blumenfeld \u00fcbernommen (wohl Br\u00fcder), (Firmierung unbekannt, evtl. Ofenfabrik Blumenfeld, 1890 \u00fcbernahm der Sohn von Hermann Blumenfeld, Richard Blumenfeld die Leitung der Fabrik, am 25.03.1905 wandelte Richard Blumenfeld die Fabrik in eine AG um und behielt den Vorsitz der AG, Firmierung nun Richard Blumenfeld Veltener Ofenfabrik AG, im Verlaufe der n\u00e4chsten Jahre kaufte er weitere Veltener Ofenfabriken zu, so dass seine Fabrik 1925 die gr\u00f6\u00dfte Ofenfabrik in Velten wurde, die Nazis dr\u00e4ngten den Juden Blumenfeld 1933 aus der Fabrik, am 15.08.1933 wurde die Fabrik in Veltag Veltener Ofen- und Keramik AG umbenannt, in der DDR wurde die Fabrik dann enteignet, Ausf\u00fchrung: Nadeldekor geritzt,<br \/>\nH\u00f6he 24 cm, Breite 17 cm <\/p>\n<p><a href=\"http:\/\/museumek.eu\/?attachment_id=46538\" rel=\"attachment wp-att-46538\"><img loading=\"lazy\" src=\"http:\/\/museumek.eu\/wp-content\/uploads\/2020\/05\/Velten-AG-zweite-Vase-1-208x300.jpg\" alt=\"\" title=\"Velten AG zweite Vase 1\" width=\"208\" height=\"300\" class=\"alignnone size-medium wp-image-46538\" srcset=\"http:\/\/museumek.eu\/wp-content\/uploads\/2020\/05\/Velten-AG-zweite-Vase-1-208x300.jpg 208w, http:\/\/museumek.eu\/wp-content\/uploads\/2020\/05\/Velten-AG-zweite-Vase-1-104x150.jpg 104w, http:\/\/museumek.eu\/wp-content\/uploads\/2020\/05\/Velten-AG-zweite-Vase-1.jpg 444w\" sizes=\"(max-width: 208px) 100vw, 208px\" \/><\/a><\/p>\n<p><a href=\"http:\/\/museumek.eu\/?attachment_id=46539\" rel=\"attachment wp-att-46539\"><img loading=\"lazy\" src=\"http:\/\/museumek.eu\/wp-content\/uploads\/2020\/05\/Velten-AG-zweite-Vase-2-251x300.jpg\" alt=\"\" title=\"Velten AG zweite Vase 2\" width=\"251\" height=\"300\" class=\"alignnone size-medium wp-image-46539\" srcset=\"http:\/\/museumek.eu\/wp-content\/uploads\/2020\/05\/Velten-AG-zweite-Vase-2-251x300.jpg 251w, http:\/\/museumek.eu\/wp-content\/uploads\/2020\/05\/Velten-AG-zweite-Vase-2-125x150.jpg 125w, http:\/\/museumek.eu\/wp-content\/uploads\/2020\/05\/Velten-AG-zweite-Vase-2.jpg 480w\" sizes=\"(max-width: 251px) 100vw, 251px\" \/><\/a><\/p>\n<p><a href=\"http:\/\/museumek.eu\/?attachment_id=46540\" rel=\"attachment wp-att-46540\"><img loading=\"lazy\" src=\"http:\/\/museumek.eu\/wp-content\/uploads\/2020\/05\/Velten-AG-zweite-Vase-3-300x269.jpg\" alt=\"\" title=\"Velten AG zweite Vase 3\" width=\"300\" height=\"269\" class=\"alignnone size-medium wp-image-46540\" srcset=\"http:\/\/museumek.eu\/wp-content\/uploads\/2020\/05\/Velten-AG-zweite-Vase-3-300x269.jpg 300w, http:\/\/museumek.eu\/wp-content\/uploads\/2020\/05\/Velten-AG-zweite-Vase-3-150x134.jpg 150w, http:\/\/museumek.eu\/wp-content\/uploads\/2020\/05\/Velten-AG-zweite-Vase-3-334x300.jpg 334w, http:\/\/museumek.eu\/wp-content\/uploads\/2020\/05\/Velten-AG-zweite-Vase-3.jpg 535w\" sizes=\"(max-width: 300px) 100vw, 300px\" \/><\/a><\/p>\n<p><a href=\"http:\/\/museumek.eu\/?attachment_id=46541\" rel=\"attachment wp-att-46541\"><img loading=\"lazy\" src=\"http:\/\/museumek.eu\/wp-content\/uploads\/2020\/05\/Velten-AG-zweite-Vase-4-220x300.jpg\" alt=\"\" title=\"Velten AG zweite Vase 4\" width=\"220\" height=\"300\" class=\"alignnone size-medium wp-image-46541\" srcset=\"http:\/\/museumek.eu\/wp-content\/uploads\/2020\/05\/Velten-AG-zweite-Vase-4-220x300.jpg 220w, http:\/\/museumek.eu\/wp-content\/uploads\/2020\/05\/Velten-AG-zweite-Vase-4-110x150.jpg 110w, http:\/\/museumek.eu\/wp-content\/uploads\/2020\/05\/Velten-AG-zweite-Vase-4.jpg 471w\" sizes=\"(max-width: 220px) 100vw, 220px\" \/><\/a><\/p>\n<p><a href=\"http:\/\/museumek.eu\/?attachment_id=46544\" rel=\"attachment wp-att-46544\"><img loading=\"lazy\" src=\"http:\/\/museumek.eu\/wp-content\/uploads\/2020\/05\/Velten-AG-zweite-Vase-51-219x300.jpg\" alt=\"\" title=\"Velten AG zweite Vase 5\" width=\"219\" height=\"300\" class=\"alignnone size-medium wp-image-46544\" srcset=\"http:\/\/museumek.eu\/wp-content\/uploads\/2020\/05\/Velten-AG-zweite-Vase-51-219x300.jpg 219w, http:\/\/museumek.eu\/wp-content\/uploads\/2020\/05\/Velten-AG-zweite-Vase-51-109x150.jpg 109w, http:\/\/museumek.eu\/wp-content\/uploads\/2020\/05\/Velten-AG-zweite-Vase-51.jpg 469w\" sizes=\"(max-width: 219px) 100vw, 219px\" \/><\/a><\/p>\n<p><a href=\"http:\/\/museumek.eu\/?attachment_id=46545\" rel=\"attachment wp-att-46545\"><img loading=\"lazy\" src=\"http:\/\/museumek.eu\/wp-content\/uploads\/2020\/05\/Velten-AG-zweite-Vase-6-262x300.jpg\" alt=\"\" title=\"Velten AG zweite Vase 6\" width=\"262\" height=\"300\" class=\"alignnone size-medium wp-image-46545\" srcset=\"http:\/\/museumek.eu\/wp-content\/uploads\/2020\/05\/Velten-AG-zweite-Vase-6-262x300.jpg 262w, http:\/\/museumek.eu\/wp-content\/uploads\/2020\/05\/Velten-AG-zweite-Vase-6-131x150.jpg 131w, http:\/\/museumek.eu\/wp-content\/uploads\/2020\/05\/Velten-AG-zweite-Vase-6.jpg 480w\" sizes=\"(max-width: 262px) 100vw, 262px\" \/><\/a><\/p>\n<p><a href=\"http:\/\/museumek.eu\/?attachment_id=46546\" rel=\"attachment wp-att-46546\"><img loading=\"lazy\" src=\"http:\/\/museumek.eu\/wp-content\/uploads\/2020\/05\/Velten-AG-zweite-Vase-7-203x300.jpg\" alt=\"\" title=\"Velten AG zweite Vase 7\" width=\"203\" height=\"300\" class=\"alignnone size-medium wp-image-46546\" srcset=\"http:\/\/museumek.eu\/wp-content\/uploads\/2020\/05\/Velten-AG-zweite-Vase-7-203x300.jpg 203w, http:\/\/museumek.eu\/wp-content\/uploads\/2020\/05\/Velten-AG-zweite-Vase-7-101x150.jpg 101w, http:\/\/museumek.eu\/wp-content\/uploads\/2020\/05\/Velten-AG-zweite-Vase-7.jpg 434w\" sizes=\"(max-width: 203px) 100vw, 203px\" \/><\/a><\/p>\n","protected":false},"excerpt":{"rendered":"<p>Abteilung Deutschland, Keramik 1860 \u2013 1960, Inventarnummer D\/CLIII\/2 Richard Blumenfeld Veltener Ofenfabrik AG, vormals Ofenfabrik Klaetsch &#038; Kellermann sowie Nachf. Veltag Veltener Ofen- und Keramik AG, Deutschland, Velten, um 1915, Vase, K\u00fcnstler unbekannt, Werks.-Nr. 84, Exemplar Nr. ohne, gemarkt K &hellip; <a href=\"http:\/\/museumek.eu\/?page_id=46563\">Weiterlesen <span class=\"meta-nav\">&rarr;<\/span><\/a><\/p>\n","protected":false},"author":1,"featured_media":0,"parent":46555,"menu_order":2,"comment_status":"closed","ping_status":"open","template":"","meta":[],"_links":{"self":[{"href":"http:\/\/museumek.eu\/index.php?rest_route=\/wp\/v2\/pages\/46563"}],"collection":[{"href":"http:\/\/museumek.eu\/index.php?rest_route=\/wp\/v2\/pages"}],"about":[{"href":"http:\/\/museumek.eu\/index.php?rest_route=\/wp\/v2\/types\/page"}],"author":[{"embeddable":true,"href":"http:\/\/museumek.eu\/index.php?rest_route=\/wp\/v2\/users\/1"}],"replies":[{"embeddable":true,"href":"http:\/\/museumek.eu\/index.php?rest_route=%2Fwp%2Fv2%2Fcomments&post=46563"}],"version-history":[{"count":2,"href":"http:\/\/museumek.eu\/index.php?rest_route=\/wp\/v2\/pages\/46563\/revisions"}],"predecessor-version":[{"id":46565,"href":"http:\/\/museumek.eu\/index.php?rest_route=\/wp\/v2\/pages\/46563\/revisions\/46565"}],"up":[{"embeddable":true,"href":"http:\/\/museumek.eu\/index.php?rest_route=\/wp\/v2\/pages\/46555"}],"wp:attachment":[{"href":"http:\/\/museumek.eu\/index.php?rest_route=%2Fwp%2Fv2%2Fmedia&parent=46563"}],"curies":[{"name":"wp","href":"https:\/\/api.w.org\/{rel}","templated":true}]}}