{"id":46597,"date":"2020-05-10T16:02:30","date_gmt":"2020-05-10T14:02:30","guid":{"rendered":"http:\/\/museumek.eu\/?page_id=46597"},"modified":"2020-05-10T16:02:30","modified_gmt":"2020-05-10T14:02:30","slug":"dliii38","status":"publish","type":"page","link":"http:\/\/museumek.eu\/?page_id=46597","title":{"rendered":"D\/LIII\/38"},"content":{"rendered":"<p><strong>Abteilung Deutschland, Keramik 1860 \u2013 1960, Inventarnummer D\/LIII\/38<\/strong><\/p>\n<p>Steingut- und Steinzeugfabrik, Kunstt\u00f6pferei, Zinngie\u00dferei Merkelbach &#038; Wick und Nachfolger Steingutfabrik Wick Werke AG, Vereinigte Fabriken Merkelbach &#038; Wick und Merkelbach, Stadelmann &#038; Co., Deutschland, Grenzhausen, 1911, Seidel, K\u00fcnstler Carl Moos, Werks.-Nr. ohne, Exemplar Nr. ohne, gemarkt Firmenmarke Rundstempel mit M &#038; W sowie Gr. (f\u00fcr Merkelbach, Wick, Grenzhausen), ZZ sowie \u00bd L \u00fcber Eichstrich gepresst, CM (ligiert) 1405 darunter Ges. Gesch. schwarz gemalt, signiert CM (f\u00fcr Carl Moos), Literatur: Gisela Reineking von Bock, Meister der deutschen Keramik, Seite 329, Marke Nr. 214 identisch, weitere Literatur: J\u00fcrgen Schimanski und J\u00fcrgen Erlebach, Westerw\u00e4lder Steinzeug, Die Neue \u00c4ra, Seite 109, Fabrikbeschreibung sowie Marke Nr. 36 identisch, weitere Literatur: J\u00fcrgen Schimanski, Braun geflammt und grau gesalzen, Seite 216, Marke Nr. 36 identisch, weitere Literatur: Beate Dry-von Zezschwitz, Westerw\u00e4lder Steinzug des Jugendstils I, Reinhold Merkelbach, Spezialpreisliste 1905, Seite 10 ff., Fabrikbeschreibung, der 1840 geborene Friedrich Wilhelm Merkelbach (gest. 1896) betrieb eine Kannenb\u00e4ckerei oder bereits eine keramische Fabrik, die unter dem Namen F. W. Merkelbach II. firmierte, 1872 (oder 1874) nimmt Friedrich Wilhelm Merkelbach den Bildhauer (Johann) Georg Peter Wick (geb. 1837, gest. 1914) in die Firma auf, die Firmierung \u00e4ndert sich in Steingut- und Steinzeugfabrik, Kunstt\u00f6pferei, Zinngie\u00dferei Merkelbach &#038; Wick, ab 1882\/1883 produzieren Sie als eine der ersten Westerw\u00e4lder Fabriken Elfenbeinsteinzeug, \u00fcber die H\u00e4lfte der Produktion wird in die USA exportiert, in der Zeit von 1886 bis 1897 liefert die Fabrik Halbfertigerzeugnisse an die keramische Fabrik von Hauber &#038; Reuther, Jugenstilk\u00fcnstler wie Peter Behrens und Henry van de Velde liefern um 1900 herausragende Entw\u00fcrfe, 1895 tritt Wicks Sohn (und evtl. gleichzeitig Merkelbachs Schwiegersohn) Ludwig Konrad Wick in die Fabrik ein und \u00fcbernimmt sicher zeitnah auch deren Leitung, bis er 1910\/1911 die Leitung an seine Frau Emma abgibt, 1921\/1922 fusioniert die Fabrik mit der um 1867 in Grenzhausen von Friedrich Wilhelm Merkelbach, Theodor Stadelmann und Julius Schr\u00f6der als Mahl- und Schleifsteinfabrik gegr\u00fcndeten Fabrik Merkelbach, Stadelmann &#038; Co. (wahrscheinlich war Konrad Wicks Frau Emma bereits Miteigent\u00fcmer dieser Fabrik) zur Steingutfabrik Wick Werke AG, Vereinigte Fabriken Merkelbach &#038; Wick und Merkelbach, Stadelmann &#038; Co., die Fabrik bestand rund 100 Jahre, Dekor wohl teilweise Farbdruck, teilweise Hand ausgemalt, Carl Moos schuf diverse Entw\u00fcrfe dieser Art f\u00fcr die Westerw\u00e4lder Steinzeugindustrie,<br \/>\nH\u00f6he 12 cm, Breite 13 cm (nur die Keramik)<\/p>\n<p><a href=\"http:\/\/museumek.eu\/?attachment_id=46578\" rel=\"attachment wp-att-46578\"><img loading=\"lazy\" src=\"http:\/\/museumek.eu\/wp-content\/uploads\/2013\/07\/Merkelbach-und-Wick-Krug-Carl-Moos-11-175x300.jpg\" alt=\"\" title=\"Merkelbach und Wick Krug Carl Moos 1\" width=\"175\" height=\"300\" class=\"alignnone size-medium wp-image-46578\" srcset=\"http:\/\/museumek.eu\/wp-content\/uploads\/2013\/07\/Merkelbach-und-Wick-Krug-Carl-Moos-11-175x300.jpg 175w, http:\/\/museumek.eu\/wp-content\/uploads\/2013\/07\/Merkelbach-und-Wick-Krug-Carl-Moos-11-87x150.jpg 87w, http:\/\/museumek.eu\/wp-content\/uploads\/2013\/07\/Merkelbach-und-Wick-Krug-Carl-Moos-11.jpg 375w\" sizes=\"(max-width: 175px) 100vw, 175px\" \/><\/a><\/p>\n<p><a href=\"http:\/\/museumek.eu\/?attachment_id=46579\" rel=\"attachment wp-att-46579\"><img loading=\"lazy\" src=\"http:\/\/museumek.eu\/wp-content\/uploads\/2013\/07\/Merkelbach-und-Wick-Krug-Carl-Moos-2-216x300.jpg\" alt=\"\" title=\"Merkelbach und Wick Krug Carl Moos 2\" width=\"216\" height=\"300\" class=\"alignnone size-medium wp-image-46579\" srcset=\"http:\/\/museumek.eu\/wp-content\/uploads\/2013\/07\/Merkelbach-und-Wick-Krug-Carl-Moos-2-216x300.jpg 216w, http:\/\/museumek.eu\/wp-content\/uploads\/2013\/07\/Merkelbach-und-Wick-Krug-Carl-Moos-2-108x150.jpg 108w, http:\/\/museumek.eu\/wp-content\/uploads\/2013\/07\/Merkelbach-und-Wick-Krug-Carl-Moos-2.jpg 462w\" sizes=\"(max-width: 216px) 100vw, 216px\" \/><\/a><\/p>\n<p><a href=\"http:\/\/museumek.eu\/?attachment_id=46580\" rel=\"attachment wp-att-46580\"><img loading=\"lazy\" src=\"http:\/\/museumek.eu\/wp-content\/uploads\/2013\/07\/Merkelbach-und-Wick-Krug-Carl-Moos-3-225x300.jpg\" alt=\"\" title=\"Merkelbach und Wick Krug Carl Moos 3\" width=\"225\" height=\"300\" class=\"alignnone size-medium wp-image-46580\" srcset=\"http:\/\/museumek.eu\/wp-content\/uploads\/2013\/07\/Merkelbach-und-Wick-Krug-Carl-Moos-3-225x300.jpg 225w, http:\/\/museumek.eu\/wp-content\/uploads\/2013\/07\/Merkelbach-und-Wick-Krug-Carl-Moos-3-112x150.jpg 112w, http:\/\/museumek.eu\/wp-content\/uploads\/2013\/07\/Merkelbach-und-Wick-Krug-Carl-Moos-3.jpg 480w\" sizes=\"(max-width: 225px) 100vw, 225px\" \/><\/a><\/p>\n<p><a href=\"http:\/\/museumek.eu\/?attachment_id=46583\" rel=\"attachment wp-att-46583\"><img loading=\"lazy\" src=\"http:\/\/museumek.eu\/wp-content\/uploads\/2013\/07\/Merkelbach-und-Wick-Krug-Carl-Moos-4-167x300.jpg\" alt=\"\" title=\"Merkelbach und Wick Krug Carl Moos 4\" width=\"167\" height=\"300\" class=\"alignnone size-medium wp-image-46583\" srcset=\"http:\/\/museumek.eu\/wp-content\/uploads\/2013\/07\/Merkelbach-und-Wick-Krug-Carl-Moos-4-167x300.jpg 167w, http:\/\/museumek.eu\/wp-content\/uploads\/2013\/07\/Merkelbach-und-Wick-Krug-Carl-Moos-4-83x150.jpg 83w, http:\/\/museumek.eu\/wp-content\/uploads\/2013\/07\/Merkelbach-und-Wick-Krug-Carl-Moos-4.jpg 358w\" sizes=\"(max-width: 167px) 100vw, 167px\" \/><\/a><\/p>\n<p><a href=\"http:\/\/museumek.eu\/?attachment_id=46585\" rel=\"attachment wp-att-46585\"><img loading=\"lazy\" src=\"http:\/\/museumek.eu\/wp-content\/uploads\/2013\/07\/Merkelbach-und-Wick-Krug-Carl-Moos-5-300x243.jpg\" alt=\"\" title=\"Merkelbach und Wick Krug Carl Moos 5\" width=\"300\" height=\"243\" class=\"alignnone size-medium wp-image-46585\" srcset=\"http:\/\/museumek.eu\/wp-content\/uploads\/2013\/07\/Merkelbach-und-Wick-Krug-Carl-Moos-5-300x243.jpg 300w, http:\/\/museumek.eu\/wp-content\/uploads\/2013\/07\/Merkelbach-und-Wick-Krug-Carl-Moos-5-150x121.jpg 150w, http:\/\/museumek.eu\/wp-content\/uploads\/2013\/07\/Merkelbach-und-Wick-Krug-Carl-Moos-5-369x300.jpg 369w, http:\/\/museumek.eu\/wp-content\/uploads\/2013\/07\/Merkelbach-und-Wick-Krug-Carl-Moos-5.jpg 591w\" sizes=\"(max-width: 300px) 100vw, 300px\" \/><\/a><\/p>\n<p><a href=\"http:\/\/museumek.eu\/?attachment_id=46588\" rel=\"attachment wp-att-46588\"><img loading=\"lazy\" src=\"http:\/\/museumek.eu\/wp-content\/uploads\/2013\/07\/Merkelbach-und-Wick-Krug-Carl-Moos-6-298x300.jpg\" alt=\"\" title=\"Merkelbach und Wick Krug Carl Moos 6\" width=\"298\" height=\"300\" class=\"alignnone size-medium wp-image-46588\" srcset=\"http:\/\/museumek.eu\/wp-content\/uploads\/2013\/07\/Merkelbach-und-Wick-Krug-Carl-Moos-6-298x300.jpg 298w, http:\/\/museumek.eu\/wp-content\/uploads\/2013\/07\/Merkelbach-und-Wick-Krug-Carl-Moos-6-150x150.jpg 150w, http:\/\/museumek.eu\/wp-content\/uploads\/2013\/07\/Merkelbach-und-Wick-Krug-Carl-Moos-6.jpg 480w\" sizes=\"(max-width: 298px) 100vw, 298px\" \/><\/a><\/p>\n<p><a href=\"http:\/\/museumek.eu\/?attachment_id=46589\" rel=\"attachment wp-att-46589\"><img loading=\"lazy\" src=\"http:\/\/museumek.eu\/wp-content\/uploads\/2013\/07\/Merkelbach-und-Wick-Krug-Carl-Moos-7-258x300.jpg\" alt=\"\" title=\"Merkelbach und Wick Krug Carl Moos 7\" width=\"258\" height=\"300\" class=\"alignnone size-medium wp-image-46589\" srcset=\"http:\/\/museumek.eu\/wp-content\/uploads\/2013\/07\/Merkelbach-und-Wick-Krug-Carl-Moos-7-258x300.jpg 258w, http:\/\/museumek.eu\/wp-content\/uploads\/2013\/07\/Merkelbach-und-Wick-Krug-Carl-Moos-7-129x150.jpg 129w, http:\/\/museumek.eu\/wp-content\/uploads\/2013\/07\/Merkelbach-und-Wick-Krug-Carl-Moos-7.jpg 480w\" sizes=\"(max-width: 258px) 100vw, 258px\" \/><\/a><\/p>\n<p><a href=\"http:\/\/museumek.eu\/?attachment_id=46590\" rel=\"attachment wp-att-46590\"><img loading=\"lazy\" src=\"http:\/\/museumek.eu\/wp-content\/uploads\/2013\/07\/Merkelbach-und-Wick-Krug-Carl-Moos-8-135x300.jpg\" alt=\"\" title=\"Merkelbach und Wick Krug Carl Moos 8\" width=\"135\" height=\"300\" class=\"alignnone size-medium wp-image-46590\" srcset=\"http:\/\/museumek.eu\/wp-content\/uploads\/2013\/07\/Merkelbach-und-Wick-Krug-Carl-Moos-8-135x300.jpg 135w, http:\/\/museumek.eu\/wp-content\/uploads\/2013\/07\/Merkelbach-und-Wick-Krug-Carl-Moos-8-67x150.jpg 67w, http:\/\/museumek.eu\/wp-content\/uploads\/2013\/07\/Merkelbach-und-Wick-Krug-Carl-Moos-8.jpg 288w\" sizes=\"(max-width: 135px) 100vw, 135px\" \/><\/a><\/p>\n<p><a href=\"http:\/\/museumek.eu\/?attachment_id=46593\" rel=\"attachment wp-att-46593\"><img loading=\"lazy\" src=\"http:\/\/museumek.eu\/wp-content\/uploads\/2013\/07\/Merkelbach-und-Wick-Krug-Carl-Moos-9-263x300.jpg\" alt=\"\" title=\"Merkelbach und Wick Krug Carl Moos 9\" width=\"263\" height=\"300\" class=\"alignnone size-medium wp-image-46593\" srcset=\"http:\/\/museumek.eu\/wp-content\/uploads\/2013\/07\/Merkelbach-und-Wick-Krug-Carl-Moos-9-263x300.jpg 263w, http:\/\/museumek.eu\/wp-content\/uploads\/2013\/07\/Merkelbach-und-Wick-Krug-Carl-Moos-9-131x150.jpg 131w, http:\/\/museumek.eu\/wp-content\/uploads\/2013\/07\/Merkelbach-und-Wick-Krug-Carl-Moos-9.jpg 480w\" sizes=\"(max-width: 263px) 100vw, 263px\" \/><\/a><\/p>\n<p><a href=\"http:\/\/museumek.eu\/?attachment_id=46594\" rel=\"attachment wp-att-46594\"><img loading=\"lazy\" src=\"http:\/\/museumek.eu\/wp-content\/uploads\/2013\/07\/Merkelbach-und-Wick-Krug-Carl-Moos-10-259x300.jpg\" alt=\"\" title=\"Merkelbach und Wick Krug Carl Moos 10\" width=\"259\" height=\"300\" class=\"alignnone size-medium wp-image-46594\" srcset=\"http:\/\/museumek.eu\/wp-content\/uploads\/2013\/07\/Merkelbach-und-Wick-Krug-Carl-Moos-10-259x300.jpg 259w, http:\/\/museumek.eu\/wp-content\/uploads\/2013\/07\/Merkelbach-und-Wick-Krug-Carl-Moos-10-129x150.jpg 129w, http:\/\/museumek.eu\/wp-content\/uploads\/2013\/07\/Merkelbach-und-Wick-Krug-Carl-Moos-10.jpg 336w\" sizes=\"(max-width: 259px) 100vw, 259px\" \/><\/a><\/p>\n","protected":false},"excerpt":{"rendered":"<p>Abteilung Deutschland, Keramik 1860 \u2013 1960, Inventarnummer D\/LIII\/38 Steingut- und Steinzeugfabrik, Kunstt\u00f6pferei, Zinngie\u00dferei Merkelbach &#038; Wick und Nachfolger Steingutfabrik Wick Werke AG, Vereinigte Fabriken Merkelbach &#038; Wick und Merkelbach, Stadelmann &#038; Co., Deutschland, Grenzhausen, 1911, Seidel, K\u00fcnstler Carl Moos, Werks.-Nr. &hellip; <a href=\"http:\/\/museumek.eu\/?page_id=46597\">Weiterlesen <span class=\"meta-nav\">&rarr;<\/span><\/a><\/p>\n","protected":false},"author":1,"featured_media":0,"parent":38630,"menu_order":38,"comment_status":"closed","ping_status":"open","template":"","meta":[],"_links":{"self":[{"href":"http:\/\/museumek.eu\/index.php?rest_route=\/wp\/v2\/pages\/46597"}],"collection":[{"href":"http:\/\/museumek.eu\/index.php?rest_route=\/wp\/v2\/pages"}],"about":[{"href":"http:\/\/museumek.eu\/index.php?rest_route=\/wp\/v2\/types\/page"}],"author":[{"embeddable":true,"href":"http:\/\/museumek.eu\/index.php?rest_route=\/wp\/v2\/users\/1"}],"replies":[{"embeddable":true,"href":"http:\/\/museumek.eu\/index.php?rest_route=%2Fwp%2Fv2%2Fcomments&post=46597"}],"version-history":[{"count":2,"href":"http:\/\/museumek.eu\/index.php?rest_route=\/wp\/v2\/pages\/46597\/revisions"}],"predecessor-version":[{"id":46599,"href":"http:\/\/museumek.eu\/index.php?rest_route=\/wp\/v2\/pages\/46597\/revisions\/46599"}],"up":[{"embeddable":true,"href":"http:\/\/museumek.eu\/index.php?rest_route=\/wp\/v2\/pages\/38630"}],"wp:attachment":[{"href":"http:\/\/museumek.eu\/index.php?rest_route=%2Fwp%2Fv2%2Fmedia&parent=46597"}],"curies":[{"name":"wp","href":"https:\/\/api.w.org\/{rel}","templated":true}]}}