{"id":46621,"date":"2020-05-10T18:25:05","date_gmt":"2020-05-10T16:25:05","guid":{"rendered":"http:\/\/museumek.eu\/?page_id=46621"},"modified":"2020-05-10T18:25:05","modified_gmt":"2020-05-10T16:25:05","slug":"axxiii3","status":"publish","type":"page","link":"http:\/\/museumek.eu\/?page_id=46621","title":{"rendered":"A\/XXIII\/3"},"content":{"rendered":"<p><strong>Abteilung Austria\/Ungarn\/B\u00f6hmen, Keramik 1860 \u2013 1960, Inventarnummer A\/XXIII\/3<\/strong><\/p>\n<p>Manufaktur Paul und Anna Wranitzky (PAW), Austria, Frainersdorf, um 1900, Vase, K\u00fcnstler unbekannt, Werks.-Nr. 341, Exemplar Nr. 6 oder 9 (?), gemarkt Firmenmarke PAW im Oval, dar\u00fcber GESETZLICH, darunter GESCH\u00dcTZT., 341 sowie 6 oder 9 gepresst, p (?) geritzt, nicht signiert, Literatur: Waltraud Neuwirth, Bl\u00fchender Jugendstil, Band II, Seite 30, Beschreibung der Manufaktur sowie Beschreibung der Marke, weitere Literatur: Brigitte Reuter, Museum f\u00fcr Kunst und Gewerbe, Die Jugendstilsammlung, Band 4: K\u00fcnstler S \u2013 Z, Seite 456, Beschreibung der Manufaktur sowie Abbildung 2400 identische Marke, H\u00f6he 23 cm, Breite 12 cm<\/p>\n<p><a href=\"http:\/\/museumek.eu\/?attachment_id=46605\" rel=\"attachment wp-att-46605\"><img loading=\"lazy\" src=\"http:\/\/museumek.eu\/wp-content\/uploads\/2012\/11\/PAW-Vase-1-162x300.jpg\" alt=\"\" title=\"PAW Vase 1\" width=\"162\" height=\"300\" class=\"alignnone size-medium wp-image-46605\" srcset=\"http:\/\/museumek.eu\/wp-content\/uploads\/2012\/11\/PAW-Vase-1-162x300.jpg 162w, http:\/\/museumek.eu\/wp-content\/uploads\/2012\/11\/PAW-Vase-1-81x150.jpg 81w, http:\/\/museumek.eu\/wp-content\/uploads\/2012\/11\/PAW-Vase-1.jpg 347w\" sizes=\"(max-width: 162px) 100vw, 162px\" \/><\/a><\/p>\n<p><a href=\"http:\/\/museumek.eu\/?attachment_id=46606\" rel=\"attachment wp-att-46606\"><img loading=\"lazy\" src=\"http:\/\/museumek.eu\/wp-content\/uploads\/2012\/11\/PAW-Vase-2-229x300.jpg\" alt=\"\" title=\"PAW Vase 2\" width=\"229\" height=\"300\" class=\"alignnone size-medium wp-image-46606\" srcset=\"http:\/\/museumek.eu\/wp-content\/uploads\/2012\/11\/PAW-Vase-2-229x300.jpg 229w, http:\/\/museumek.eu\/wp-content\/uploads\/2012\/11\/PAW-Vase-2-114x150.jpg 114w, http:\/\/museumek.eu\/wp-content\/uploads\/2012\/11\/PAW-Vase-2.jpg 336w\" sizes=\"(max-width: 229px) 100vw, 229px\" \/><\/a><\/p>\n<p><a href=\"http:\/\/museumek.eu\/?attachment_id=46607\" rel=\"attachment wp-att-46607\"><img loading=\"lazy\" src=\"http:\/\/museumek.eu\/wp-content\/uploads\/2012\/11\/PAW-Vase-3-189x300.jpg\" alt=\"\" title=\"PAW Vase 3\" width=\"189\" height=\"300\" class=\"alignnone size-medium wp-image-46607\" srcset=\"http:\/\/museumek.eu\/wp-content\/uploads\/2012\/11\/PAW-Vase-3-189x300.jpg 189w, http:\/\/museumek.eu\/wp-content\/uploads\/2012\/11\/PAW-Vase-3-94x150.jpg 94w, http:\/\/museumek.eu\/wp-content\/uploads\/2012\/11\/PAW-Vase-3.jpg 404w\" sizes=\"(max-width: 189px) 100vw, 189px\" \/><\/a><\/p>\n<p><a href=\"http:\/\/museumek.eu\/?attachment_id=46608\" rel=\"attachment wp-att-46608\"><img loading=\"lazy\" src=\"http:\/\/museumek.eu\/wp-content\/uploads\/2012\/11\/PAW-Vase-4-167x300.jpg\" alt=\"\" title=\"PAW Vase 4\" width=\"167\" height=\"300\" class=\"alignnone size-medium wp-image-46608\" srcset=\"http:\/\/museumek.eu\/wp-content\/uploads\/2012\/11\/PAW-Vase-4-167x300.jpg 167w, http:\/\/museumek.eu\/wp-content\/uploads\/2012\/11\/PAW-Vase-4-83x150.jpg 83w, http:\/\/museumek.eu\/wp-content\/uploads\/2012\/11\/PAW-Vase-4.jpg 357w\" sizes=\"(max-width: 167px) 100vw, 167px\" \/><\/a><\/p>\n<p><a href=\"http:\/\/museumek.eu\/?attachment_id=46609\" rel=\"attachment wp-att-46609\"><img loading=\"lazy\" src=\"http:\/\/museumek.eu\/wp-content\/uploads\/2012\/11\/PAW-Vase-5-155x300.jpg\" alt=\"\" title=\"PAW Vase 5\" width=\"155\" height=\"300\" class=\"alignnone size-medium wp-image-46609\" srcset=\"http:\/\/museumek.eu\/wp-content\/uploads\/2012\/11\/PAW-Vase-5-155x300.jpg 155w, http:\/\/museumek.eu\/wp-content\/uploads\/2012\/11\/PAW-Vase-5-77x150.jpg 77w, http:\/\/museumek.eu\/wp-content\/uploads\/2012\/11\/PAW-Vase-5.jpg 332w\" sizes=\"(max-width: 155px) 100vw, 155px\" \/><\/a><\/p>\n<p><a href=\"http:\/\/museumek.eu\/?attachment_id=46612\" rel=\"attachment wp-att-46612\"><img loading=\"lazy\" src=\"http:\/\/museumek.eu\/wp-content\/uploads\/2012\/11\/PAW-Vase-6-206x300.jpg\" alt=\"\" title=\"PAW Vase 6\" width=\"206\" height=\"300\" class=\"alignnone size-medium wp-image-46612\" srcset=\"http:\/\/museumek.eu\/wp-content\/uploads\/2012\/11\/PAW-Vase-6-206x300.jpg 206w, http:\/\/museumek.eu\/wp-content\/uploads\/2012\/11\/PAW-Vase-6-103x150.jpg 103w, http:\/\/museumek.eu\/wp-content\/uploads\/2012\/11\/PAW-Vase-6.jpg 441w\" sizes=\"(max-width: 206px) 100vw, 206px\" \/><\/a><\/p>\n<p><a href=\"http:\/\/museumek.eu\/?attachment_id=46614\" rel=\"attachment wp-att-46614\"><img loading=\"lazy\" src=\"http:\/\/museumek.eu\/wp-content\/uploads\/2012\/11\/PAW-Vase-7-269x300.jpg\" alt=\"\" title=\"PAW Vase 7\" width=\"269\" height=\"300\" class=\"alignnone size-medium wp-image-46614\" srcset=\"http:\/\/museumek.eu\/wp-content\/uploads\/2012\/11\/PAW-Vase-7-269x300.jpg 269w, http:\/\/museumek.eu\/wp-content\/uploads\/2012\/11\/PAW-Vase-7-134x150.jpg 134w, http:\/\/museumek.eu\/wp-content\/uploads\/2012\/11\/PAW-Vase-7.jpg 480w\" sizes=\"(max-width: 269px) 100vw, 269px\" \/><\/a><\/p>\n<p><a href=\"http:\/\/museumek.eu\/?attachment_id=46613\" rel=\"attachment wp-att-46613\"><img loading=\"lazy\" src=\"http:\/\/museumek.eu\/wp-content\/uploads\/2012\/11\/PAW-Vase-8-279x300.jpg\" alt=\"\" title=\"PAW Vase 8\" width=\"279\" height=\"300\" class=\"alignnone size-medium wp-image-46613\" srcset=\"http:\/\/museumek.eu\/wp-content\/uploads\/2012\/11\/PAW-Vase-8-279x300.jpg 279w, http:\/\/museumek.eu\/wp-content\/uploads\/2012\/11\/PAW-Vase-8-139x150.jpg 139w, http:\/\/museumek.eu\/wp-content\/uploads\/2012\/11\/PAW-Vase-8.jpg 480w\" sizes=\"(max-width: 279px) 100vw, 279px\" \/><\/a><\/p>\n<p><a href=\"http:\/\/museumek.eu\/?attachment_id=46615\" rel=\"attachment wp-att-46615\"><img loading=\"lazy\" src=\"http:\/\/museumek.eu\/wp-content\/uploads\/2012\/11\/PAW-Vase-9.jpg\" alt=\"\" title=\"PAW Vase 9\" width=\"288\" height=\"253\" class=\"alignnone size-full wp-image-46615\" srcset=\"http:\/\/museumek.eu\/wp-content\/uploads\/2012\/11\/PAW-Vase-9.jpg 288w, http:\/\/museumek.eu\/wp-content\/uploads\/2012\/11\/PAW-Vase-9-150x131.jpg 150w\" sizes=\"(max-width: 288px) 100vw, 288px\" \/><\/a><\/p>\n<p><a href=\"http:\/\/museumek.eu\/?attachment_id=46616\" rel=\"attachment wp-att-46616\"><img loading=\"lazy\" src=\"http:\/\/museumek.eu\/wp-content\/uploads\/2012\/11\/PAW-Vase-10-163x300.jpg\" alt=\"\" title=\"PAW Vase 10\" width=\"163\" height=\"300\" class=\"alignnone size-medium wp-image-46616\" srcset=\"http:\/\/museumek.eu\/wp-content\/uploads\/2012\/11\/PAW-Vase-10-163x300.jpg 163w, http:\/\/museumek.eu\/wp-content\/uploads\/2012\/11\/PAW-Vase-10-81x150.jpg 81w, http:\/\/museumek.eu\/wp-content\/uploads\/2012\/11\/PAW-Vase-10.jpg 348w\" sizes=\"(max-width: 163px) 100vw, 163px\" \/><\/a><\/p>\n","protected":false},"excerpt":{"rendered":"<p>Abteilung Austria\/Ungarn\/B\u00f6hmen, Keramik 1860 \u2013 1960, Inventarnummer A\/XXIII\/3 Manufaktur Paul und Anna Wranitzky (PAW), Austria, Frainersdorf, um 1900, Vase, K\u00fcnstler unbekannt, Werks.-Nr. 341, Exemplar Nr. 6 oder 9 (?), gemarkt Firmenmarke PAW im Oval, dar\u00fcber GESETZLICH, darunter GESCH\u00dcTZT., 341 sowie &hellip; <a href=\"http:\/\/museumek.eu\/?page_id=46621\">Weiterlesen <span class=\"meta-nav\">&rarr;<\/span><\/a><\/p>\n","protected":false},"author":1,"featured_media":0,"parent":1702,"menu_order":3,"comment_status":"closed","ping_status":"open","template":"","meta":[],"_links":{"self":[{"href":"http:\/\/museumek.eu\/index.php?rest_route=\/wp\/v2\/pages\/46621"}],"collection":[{"href":"http:\/\/museumek.eu\/index.php?rest_route=\/wp\/v2\/pages"}],"about":[{"href":"http:\/\/museumek.eu\/index.php?rest_route=\/wp\/v2\/types\/page"}],"author":[{"embeddable":true,"href":"http:\/\/museumek.eu\/index.php?rest_route=\/wp\/v2\/users\/1"}],"replies":[{"embeddable":true,"href":"http:\/\/museumek.eu\/index.php?rest_route=%2Fwp%2Fv2%2Fcomments&post=46621"}],"version-history":[{"count":2,"href":"http:\/\/museumek.eu\/index.php?rest_route=\/wp\/v2\/pages\/46621\/revisions"}],"predecessor-version":[{"id":46623,"href":"http:\/\/museumek.eu\/index.php?rest_route=\/wp\/v2\/pages\/46621\/revisions\/46623"}],"up":[{"embeddable":true,"href":"http:\/\/museumek.eu\/index.php?rest_route=\/wp\/v2\/pages\/1702"}],"wp:attachment":[{"href":"http:\/\/museumek.eu\/index.php?rest_route=%2Fwp%2Fv2%2Fmedia&parent=46621"}],"curies":[{"name":"wp","href":"https:\/\/api.w.org\/{rel}","templated":true}]}}