{"id":46759,"date":"2020-05-15T21:35:08","date_gmt":"2020-05-15T19:35:08","guid":{"rendered":"http:\/\/museumek.eu\/?page_id=46759"},"modified":"2021-01-14T11:42:59","modified_gmt":"2021-01-14T10:42:59","slug":"dcliv1","status":"publish","type":"page","link":"http:\/\/museumek.eu\/?page_id=46759","title":{"rendered":"D\/CLIV\/1"},"content":{"rendered":"<p><strong>Abteilung Deutschland, Keramik 1860 \u2013 1960, Inventarnummer D\/CLIV\/1<\/strong><\/p>\n<p>Porzellanfabrik Bavaria AG, Deutschland, Ullersricht bei Weiden, 1927 &#8211; 1931, tiefer Teller, K\u00fcnstler unbekannt, Werks.-Nr. 24 (?), Exemplar Nr. ohne, gemarkt bekr\u00f6nter L\u00f6we (bayrischer L\u00f6we) darunter BAVARIA darunter zwei Wellenlinien darunter ULLERSRICHT-WEIDEN hellgr\u00fcner Stempel unter Glasur, 24 gepresst sowie CARL SCH\u00c4FFER darunter Osnabr\u00fcck (1891 gegr\u00fcndetes Galanteriewaren-Gesch\u00e4ft in Osnabr\u00fcck) blauer Stempel auf Glasur, nicht signiert, Literatur: Dieter Z\u00fchlsdorff, Markenlexikon Band 1 Porzellan und Keramikreport 1885 &#8211; 1935, Seite 130, Werkteil 1, Markengruppe 2, Marke 205 f\u00fcr die Zeit identisch sowie Seite 628, Werkteil 3. Nr. 1285, etwas mangelhafte Kurzbeschreibung der Manufaktur, weitere Literatur: Robert E. R\u00f6ntgen, Deutsche Porzellanmarken von 1710 bis heute, Seite 346 Marke 2731 f\u00fcr die Zeit identisch, am 04.10.1919 gr\u00fcndete einer der S\u00f6hne des Inhabers Mannl der Porzellanfabrik Krummennaab mit 6 weiteren Inhabern die Porzellanfabrik, Firmierung Porzellanfabrik Bavaria AG, 1919 begann der Bau der Fabrikgeb\u00e4ude, genauer Produktionsstart ist nicht bekannt, vorwiegend wurde Haushalts- und Hotelporzellan produziert und auch exportiert, 1931 musste die Fabrik auf Grund der weltweiten Wirtschaftskrise Konkurs anmelden, H\u00f6he 4,7 cm, Durchmesser 24,5 cm<\/p>\n<p><a href=\"http:\/\/museumek.eu\/?attachment_id=46745\" rel=\"attachment wp-att-46745\"><img loading=\"lazy\" src=\"http:\/\/museumek.eu\/wp-content\/uploads\/2020\/05\/PF-Bavaria-AG-1-300x286.jpg\" alt=\"\" title=\"PF Bavaria AG 1\" width=\"300\" height=\"286\" class=\"alignnone size-medium wp-image-46745\" srcset=\"http:\/\/museumek.eu\/wp-content\/uploads\/2020\/05\/PF-Bavaria-AG-1-300x286.jpg 300w, http:\/\/museumek.eu\/wp-content\/uploads\/2020\/05\/PF-Bavaria-AG-1-150x143.jpg 150w, http:\/\/museumek.eu\/wp-content\/uploads\/2020\/05\/PF-Bavaria-AG-1-314x300.jpg 314w, http:\/\/museumek.eu\/wp-content\/uploads\/2020\/05\/PF-Bavaria-AG-1.jpg 503w\" sizes=\"(max-width: 300px) 100vw, 300px\" \/><\/a><\/p>\n<p><a href=\"http:\/\/museumek.eu\/?attachment_id=46746\" rel=\"attachment wp-att-46746\"><img loading=\"lazy\" src=\"http:\/\/museumek.eu\/wp-content\/uploads\/2020\/05\/PF-Bavaria-AG-2-300x288.jpg\" alt=\"\" title=\"PF Bavaria AG 2\" width=\"300\" height=\"288\" class=\"alignnone size-medium wp-image-46746\" srcset=\"http:\/\/museumek.eu\/wp-content\/uploads\/2020\/05\/PF-Bavaria-AG-2-300x288.jpg 300w, http:\/\/museumek.eu\/wp-content\/uploads\/2020\/05\/PF-Bavaria-AG-2-150x144.jpg 150w, http:\/\/museumek.eu\/wp-content\/uploads\/2020\/05\/PF-Bavaria-AG-2-311x300.jpg 311w, http:\/\/museumek.eu\/wp-content\/uploads\/2020\/05\/PF-Bavaria-AG-2.jpg 499w\" sizes=\"(max-width: 300px) 100vw, 300px\" \/><\/a><\/p>\n<p><a href=\"http:\/\/museumek.eu\/?attachment_id=46747\" rel=\"attachment wp-att-46747\"><img loading=\"lazy\" src=\"http:\/\/museumek.eu\/wp-content\/uploads\/2020\/05\/PF-Bavaria-AG-3-250x300.jpg\" alt=\"\" title=\"PF Bavaria AG 3\" width=\"250\" height=\"300\" class=\"alignnone size-medium wp-image-46747\" srcset=\"http:\/\/museumek.eu\/wp-content\/uploads\/2020\/05\/PF-Bavaria-AG-3-250x300.jpg 250w, http:\/\/museumek.eu\/wp-content\/uploads\/2020\/05\/PF-Bavaria-AG-3-125x150.jpg 125w, http:\/\/museumek.eu\/wp-content\/uploads\/2020\/05\/PF-Bavaria-AG-3.jpg 480w\" sizes=\"(max-width: 250px) 100vw, 250px\" \/><\/a><\/p>\n<p><a href=\"http:\/\/museumek.eu\/?attachment_id=46748\" rel=\"attachment wp-att-46748\"><img loading=\"lazy\" src=\"http:\/\/museumek.eu\/wp-content\/uploads\/2020\/05\/PF-Bavaria-AG-4-300x264.jpg\" alt=\"\" title=\"PF Bavaria AG 4\" width=\"300\" height=\"264\" class=\"alignnone size-medium wp-image-46748\" srcset=\"http:\/\/museumek.eu\/wp-content\/uploads\/2020\/05\/PF-Bavaria-AG-4-300x264.jpg 300w, http:\/\/museumek.eu\/wp-content\/uploads\/2020\/05\/PF-Bavaria-AG-4-150x132.jpg 150w, http:\/\/museumek.eu\/wp-content\/uploads\/2020\/05\/PF-Bavaria-AG-4-340x300.jpg 340w, http:\/\/museumek.eu\/wp-content\/uploads\/2020\/05\/PF-Bavaria-AG-4.jpg 545w\" sizes=\"(max-width: 300px) 100vw, 300px\" \/><\/a><\/p>\n<p><a href=\"http:\/\/museumek.eu\/?attachment_id=46749\" rel=\"attachment wp-att-46749\"><img loading=\"lazy\" src=\"http:\/\/museumek.eu\/wp-content\/uploads\/2020\/05\/PF-Bavaria-AG-5-300x252.jpg\" alt=\"\" title=\"PF Bavaria AG 5\" width=\"300\" height=\"252\" class=\"alignnone size-medium wp-image-46749\" srcset=\"http:\/\/museumek.eu\/wp-content\/uploads\/2020\/05\/PF-Bavaria-AG-5-300x252.jpg 300w, http:\/\/museumek.eu\/wp-content\/uploads\/2020\/05\/PF-Bavaria-AG-5-150x126.jpg 150w, http:\/\/museumek.eu\/wp-content\/uploads\/2020\/05\/PF-Bavaria-AG-5-356x300.jpg 356w, http:\/\/museumek.eu\/wp-content\/uploads\/2020\/05\/PF-Bavaria-AG-5.jpg 570w\" sizes=\"(max-width: 300px) 100vw, 300px\" \/><\/a><\/p>\n","protected":false},"excerpt":{"rendered":"<p>Abteilung Deutschland, Keramik 1860 \u2013 1960, Inventarnummer D\/CLIV\/1 Porzellanfabrik Bavaria AG, Deutschland, Ullersricht bei Weiden, 1927 &#8211; 1931, tiefer Teller, K\u00fcnstler unbekannt, Werks.-Nr. 24 (?), Exemplar Nr. ohne, gemarkt bekr\u00f6nter L\u00f6we (bayrischer L\u00f6we) darunter BAVARIA darunter zwei Wellenlinien darunter ULLERSRICHT-WEIDEN &hellip; <a href=\"http:\/\/museumek.eu\/?page_id=46759\">Weiterlesen <span class=\"meta-nav\">&rarr;<\/span><\/a><\/p>\n","protected":false},"author":1,"featured_media":0,"parent":46757,"menu_order":0,"comment_status":"closed","ping_status":"open","template":"","meta":[],"_links":{"self":[{"href":"http:\/\/museumek.eu\/index.php?rest_route=\/wp\/v2\/pages\/46759"}],"collection":[{"href":"http:\/\/museumek.eu\/index.php?rest_route=\/wp\/v2\/pages"}],"about":[{"href":"http:\/\/museumek.eu\/index.php?rest_route=\/wp\/v2\/types\/page"}],"author":[{"embeddable":true,"href":"http:\/\/museumek.eu\/index.php?rest_route=\/wp\/v2\/users\/1"}],"replies":[{"embeddable":true,"href":"http:\/\/museumek.eu\/index.php?rest_route=%2Fwp%2Fv2%2Fcomments&post=46759"}],"version-history":[{"count":4,"href":"http:\/\/museumek.eu\/index.php?rest_route=\/wp\/v2\/pages\/46759\/revisions"}],"predecessor-version":[{"id":52150,"href":"http:\/\/museumek.eu\/index.php?rest_route=\/wp\/v2\/pages\/46759\/revisions\/52150"}],"up":[{"embeddable":true,"href":"http:\/\/museumek.eu\/index.php?rest_route=\/wp\/v2\/pages\/46757"}],"wp:attachment":[{"href":"http:\/\/museumek.eu\/index.php?rest_route=%2Fwp%2Fv2%2Fmedia&parent=46759"}],"curies":[{"name":"wp","href":"https:\/\/api.w.org\/{rel}","templated":true}]}}