{"id":46810,"date":"2020-05-20T14:07:57","date_gmt":"2020-05-20T12:07:57","guid":{"rendered":"http:\/\/museumek.eu\/?page_id=46810"},"modified":"2021-01-14T11:42:32","modified_gmt":"2021-01-14T10:42:32","slug":"dclv1","status":"publish","type":"page","link":"http:\/\/museumek.eu\/?page_id=46810","title":{"rendered":"D\/CLV\/1"},"content":{"rendered":"<p><strong>Abteilung Deutschland, Keramik 1860 \u2013 1960, Inventarnummer D\/CLV\/1<\/strong><\/p>\n<p>Porzellan-Manufactur Greiner und Nachf. Porzellan-Manufactur Fr. Chr. Greiner &#038; S\u00f6hne und Nachf. Rauensteiner Porzellanfabrik AG, Deutschland, Rauenstein, um 1890, gro\u00dfe Kanne mit Strohblumendekor, K\u00fcnstler unbekannt, Werks.-Nr. ohne, Exemplar Nr. ohne, gemarkt Firmenmarke mit gekreuzten F\u00e4hnchen darunter R-n daneben senkrechter Strich (\u00fcblich w\u00e4re ein Punkt nach dem n, vielleicht ein Fehler des Malers) darunter 0. oder O. alles blau unter Glasur gemalt, nicht signiert, Literatur: J. G. Th. Graesse und E. Jaenicke, F\u00fchrer f\u00fcr Sammler von Porzellan und Fayence, Steinzeug, Steingut usw., Seite 502, Marke Nr. 10 (f\u00fcr die Zeit, sp\u00e4tes 19. Jahrhundert) identisch, weitere Literatur: Emanuel Poche, Porzellanmarken aus aller Welt, Marke 1445 (f\u00fcr die Zeit nach 1850) identisch (Anmerkung, dort schlecht gemalt und als Gebr. Greiner aufgef\u00fchrt), weitere Literatur: Gustav Wei\u00df, Ullstein Porzellanbuch, Seite 297, Marke dort unter Rauenstein aufgef\u00fchrt (Anmerkung: dort als Manufakturgr\u00fcnder Johann Georg Greiner, Johann Friedrich Greiner und Christian Daniel Siegmund Greiner aufgef\u00fchrt, kein Kommentar zum Verwandtschaftsverh\u00e4ltnis), weitere Literatur: Robert E. R\u00f6ntgen, Deutsche Porzellanmarken von 1710 bis heute, Seite 283, kurze Beschreibung der Fabrik, dort als Manufakturgr\u00fcnder Johann Georg Greiner, sein Sohn Christian Daniel Siegmund Greiner und sein Vetter Johann Friedrich Greiner aufgef\u00fchrt, Seite 284, Marke 2214 (f\u00fcr die Zeit 1894 &#8211; ca. 1929) identisch, weitere Literatur: Dieter Z\u00fchlsdorff, Markenlexikon Band 1, Porzellan und Keramik Report 1885 &#8211; 1935, Seite 57, Marke Werkteil-Nummer 1, Gruppen-Nummer 1, fortlaufende Nummer innerhalb der Gruppe 1018, dort fast identische Marke mit zwei waagerechten Strichen zwischen R und n als gedruckte Marke (f\u00fcr die Zeit vor 1887 &#8211; 1930 abgebildet, Anmerkung: Druck wohl erst seit 1895, vorher wurden die Marken gemalt, Seite 592, Werkteil-Nummer 3, fortlaufende Nummer innerhalb des Werkteils 1047, dort kurze Beschreibung der Fabrik, als Gr\u00fcnder der Manufaktur wird die Familie Greiner genannt, in der Literatur werden unterschiedliche Gr\u00fcnder der Manufaktur genannt, das MEK bezeichnet deshalb die Gr\u00fcnder nicht namentlich, sondern die Gr\u00fcnder als Familie Greiner, 1783 kaufte die Familie Greiner (evtl. auch nur Friedrich Christian Greiner evtl. zusammen mit einem Bruder) das leerstehende Schloss Rauenstein zu einem g\u00fcnstigem Preis und baute es zu einer Porzellan-Manufaktur um, der Herzog von Sachsen-Meiningen erteilte der Familie Greiner das Privileg zur Herstellung von Porzellan, Firmierung Porzellan-Manufactur Greiner, diese wohl so bis 1860, das geht aus im Internet ver\u00f6ffentlichten Kaufunterlagen einer Dampfmaschine hervor, die Aufnahme der Produktion erfolgte 1784, vorwiegend wurde sehr dickes Porzellan, Kaffee- und Teegeschirre, produziert, welches wegen seiner Robustheit bei der breiten Bev\u00f6lkerung beliebt war und dadurch war ein guter Absatz vorhanden, es wurde auch exportiert und nach und nach Musterlager in London, Br\u00fcssel, Paris, Roermond, Berlin und Hamburg eingerichtet, beliebte Dekore waren das Zwiebeldekor, das Strohblumendekor (MEK Exemplar) und das Blauvogeldekor, sp\u00e4ter kopierte die Manufaktur Delfter Fayencen und setzte frech den originalen Schriftzug darunter, das f\u00fchrte zu einem gerichtlichen Streit, den die Manufaktur allerdings gewann, die Manufaktur sagte aus, DELFT, bedeutet: &#8222;Der Esel l\u00e4uft fortw\u00e4hrend Trab&#8220;, mit dieser kuriosen Ausrede wurde der Rechtsstreit gewonnen, sp\u00e4ter akzeptierten die Holl\u00e4nder die Plagiate und gaben zu, dass die Manufaktur sch\u00f6ner malte, als die Originale, 1820 verstarb Friedrich Christian Greiner und eine Greinersche Erbengemeinschaft wurde neuer Eigent\u00fcmer, es ist anzunehmen, dass die Manufaktur 1860 den Namen der Manufaktur in Porzellan-Manufactur Fr. Chr. Greiner &#038; S\u00f6hne \u00e4nderte, zwischenzeitlich wurde die Manufaktur in Anteilen 1849 und 1859 an den Kaufmann G. H. Wirth aus Schalkau verkauft, es ist anzunehmen, dass Wirth sp\u00e4testens 1859\/1860 beherrschend war, 1874 ist Christiane Wirth Inhaberin, 1881 \u00fcbernahm Franklin Georgii die Fabrik, finanziert wurde das alles immer mit Bank f\u00fcr Th\u00fcringen, vormals B.M. Strupp in Meiningen, 1900 starb Georgii und die Manufaktur wurde zur AG umgewandelt und in den Strupp Konzern eingegliedert, Firmierung ab 1901 Rauensteiner Porzellanfabrik AG, 1930 wurde die Manufaktur aus Konkurrenzgr\u00fcnden geschlossen, die Strupp AG war auch Eigent\u00fcmer der Porzellanfabrik Kahla und insofern fiel die Entscheidung f\u00fcr die Porzellanfabrik Kahla, H\u00f6he 24,5 cm, Breite 22,5 cm<\/p>\n<p><a href=\"http:\/\/museumek.eu\/?attachment_id=46771\" rel=\"attachment wp-att-46771\"><img loading=\"lazy\" src=\"http:\/\/museumek.eu\/wp-content\/uploads\/2020\/05\/Rauenstein-Kanne-1-168x300.jpg\" alt=\"\" title=\"Rauenstein Kanne 1\" width=\"168\" height=\"300\" class=\"alignnone size-medium wp-image-46771\" srcset=\"http:\/\/museumek.eu\/wp-content\/uploads\/2020\/05\/Rauenstein-Kanne-1-168x300.jpg 168w, http:\/\/museumek.eu\/wp-content\/uploads\/2020\/05\/Rauenstein-Kanne-1-84x150.jpg 84w, http:\/\/museumek.eu\/wp-content\/uploads\/2020\/05\/Rauenstein-Kanne-1.jpg 360w\" sizes=\"(max-width: 168px) 100vw, 168px\" \/><\/a><\/p>\n<p><a href=\"http:\/\/museumek.eu\/?attachment_id=46772\" rel=\"attachment wp-att-46772\"><img loading=\"lazy\" src=\"http:\/\/museumek.eu\/wp-content\/uploads\/2020\/05\/Rauenstein-Kanne-2-245x300.jpg\" alt=\"\" title=\"Rauenstein Kanne 2\" width=\"245\" height=\"300\" class=\"alignnone size-medium wp-image-46772\" srcset=\"http:\/\/museumek.eu\/wp-content\/uploads\/2020\/05\/Rauenstein-Kanne-2-245x300.jpg 245w, http:\/\/museumek.eu\/wp-content\/uploads\/2020\/05\/Rauenstein-Kanne-2-122x150.jpg 122w, http:\/\/museumek.eu\/wp-content\/uploads\/2020\/05\/Rauenstein-Kanne-2.jpg 480w\" sizes=\"(max-width: 245px) 100vw, 245px\" \/><\/a><\/p>\n<p><a href=\"http:\/\/museumek.eu\/?attachment_id=46773\" rel=\"attachment wp-att-46773\"><img loading=\"lazy\" src=\"http:\/\/museumek.eu\/wp-content\/uploads\/2020\/05\/Rauenstein-Kanne-3-240x300.jpg\" alt=\"\" title=\"Rauenstein Kanne 3\" width=\"240\" height=\"300\" class=\"alignnone size-medium wp-image-46773\" srcset=\"http:\/\/museumek.eu\/wp-content\/uploads\/2020\/05\/Rauenstein-Kanne-3-240x300.jpg 240w, http:\/\/museumek.eu\/wp-content\/uploads\/2020\/05\/Rauenstein-Kanne-3-120x150.jpg 120w, http:\/\/museumek.eu\/wp-content\/uploads\/2020\/05\/Rauenstein-Kanne-3.jpg 480w\" sizes=\"(max-width: 240px) 100vw, 240px\" \/><\/a><\/p>\n<p><a href=\"http:\/\/museumek.eu\/?attachment_id=46774\" rel=\"attachment wp-att-46774\"><img loading=\"lazy\" src=\"http:\/\/museumek.eu\/wp-content\/uploads\/2020\/05\/Rauenstein-Kanne-4-169x300.jpg\" alt=\"\" title=\"Rauenstein Kanne 4\" width=\"169\" height=\"300\" class=\"alignnone size-medium wp-image-46774\" srcset=\"http:\/\/museumek.eu\/wp-content\/uploads\/2020\/05\/Rauenstein-Kanne-4-169x300.jpg 169w, http:\/\/museumek.eu\/wp-content\/uploads\/2020\/05\/Rauenstein-Kanne-4-84x150.jpg 84w, http:\/\/museumek.eu\/wp-content\/uploads\/2020\/05\/Rauenstein-Kanne-4.jpg 361w\" sizes=\"(max-width: 169px) 100vw, 169px\" \/><\/a><\/p>\n<p><a href=\"http:\/\/museumek.eu\/?attachment_id=46777\" rel=\"attachment wp-att-46777\"><img loading=\"lazy\" src=\"http:\/\/museumek.eu\/wp-content\/uploads\/2020\/05\/Rauenstein-Kanne-5-220x300.jpg\" alt=\"\" title=\"Rauenstein Kanne 5\" width=\"220\" height=\"300\" class=\"alignnone size-medium wp-image-46777\" srcset=\"http:\/\/museumek.eu\/wp-content\/uploads\/2020\/05\/Rauenstein-Kanne-5-220x300.jpg 220w, http:\/\/museumek.eu\/wp-content\/uploads\/2020\/05\/Rauenstein-Kanne-5-110x150.jpg 110w, http:\/\/museumek.eu\/wp-content\/uploads\/2020\/05\/Rauenstein-Kanne-5.jpg 470w\" sizes=\"(max-width: 220px) 100vw, 220px\" \/><\/a><\/p>\n<p><a href=\"http:\/\/museumek.eu\/?attachment_id=46778\" rel=\"attachment wp-att-46778\"><img loading=\"lazy\" src=\"http:\/\/museumek.eu\/wp-content\/uploads\/2020\/05\/Rauenstein-Kanne-6-289x300.jpg\" alt=\"\" title=\"Rauenstein Kanne 6\" width=\"289\" height=\"300\" class=\"alignnone size-medium wp-image-46778\" srcset=\"http:\/\/museumek.eu\/wp-content\/uploads\/2020\/05\/Rauenstein-Kanne-6-289x300.jpg 289w, http:\/\/museumek.eu\/wp-content\/uploads\/2020\/05\/Rauenstein-Kanne-6-144x150.jpg 144w, http:\/\/museumek.eu\/wp-content\/uploads\/2020\/05\/Rauenstein-Kanne-6.jpg 480w\" sizes=\"(max-width: 289px) 100vw, 289px\" \/><\/a><\/p>\n<p><a href=\"http:\/\/museumek.eu\/?attachment_id=46779\" rel=\"attachment wp-att-46779\"><img loading=\"lazy\" src=\"http:\/\/museumek.eu\/wp-content\/uploads\/2020\/05\/Rauenstein-Kanne-7-300x274.jpg\" alt=\"\" title=\"Rauenstein Kanne 7\" width=\"300\" height=\"274\" class=\"alignnone size-medium wp-image-46779\" srcset=\"http:\/\/museumek.eu\/wp-content\/uploads\/2020\/05\/Rauenstein-Kanne-7-300x274.jpg 300w, http:\/\/museumek.eu\/wp-content\/uploads\/2020\/05\/Rauenstein-Kanne-7-150x137.jpg 150w, http:\/\/museumek.eu\/wp-content\/uploads\/2020\/05\/Rauenstein-Kanne-7-327x300.jpg 327w, http:\/\/museumek.eu\/wp-content\/uploads\/2020\/05\/Rauenstein-Kanne-7.jpg 524w\" sizes=\"(max-width: 300px) 100vw, 300px\" \/><\/a><\/p>\n<p><a href=\"http:\/\/museumek.eu\/?attachment_id=46780\" rel=\"attachment wp-att-46780\"><img loading=\"lazy\" src=\"http:\/\/museumek.eu\/wp-content\/uploads\/2020\/05\/Rauenstein-Kanne-8-300x296.jpg\" alt=\"\" title=\"Rauenstein Kanne 8\" width=\"300\" height=\"296\" class=\"alignnone size-medium wp-image-46780\" srcset=\"http:\/\/museumek.eu\/wp-content\/uploads\/2020\/05\/Rauenstein-Kanne-8-300x296.jpg 300w, http:\/\/museumek.eu\/wp-content\/uploads\/2020\/05\/Rauenstein-Kanne-8-150x148.jpg 150w, http:\/\/museumek.eu\/wp-content\/uploads\/2020\/05\/Rauenstein-Kanne-8-303x300.jpg 303w, http:\/\/museumek.eu\/wp-content\/uploads\/2020\/05\/Rauenstein-Kanne-8.jpg 486w\" sizes=\"(max-width: 300px) 100vw, 300px\" \/><\/a><\/p>\n","protected":false},"excerpt":{"rendered":"<p>Abteilung Deutschland, Keramik 1860 \u2013 1960, Inventarnummer D\/CLV\/1 Porzellan-Manufactur Greiner und Nachf. Porzellan-Manufactur Fr. Chr. Greiner &#038; S\u00f6hne und Nachf. Rauensteiner Porzellanfabrik AG, Deutschland, Rauenstein, um 1890, gro\u00dfe Kanne mit Strohblumendekor, K\u00fcnstler unbekannt, Werks.-Nr. ohne, Exemplar Nr. ohne, gemarkt Firmenmarke &hellip; <a href=\"http:\/\/museumek.eu\/?page_id=46810\">Weiterlesen <span class=\"meta-nav\">&rarr;<\/span><\/a><\/p>\n","protected":false},"author":1,"featured_media":0,"parent":46808,"menu_order":0,"comment_status":"closed","ping_status":"open","template":"","meta":[],"_links":{"self":[{"href":"http:\/\/museumek.eu\/index.php?rest_route=\/wp\/v2\/pages\/46810"}],"collection":[{"href":"http:\/\/museumek.eu\/index.php?rest_route=\/wp\/v2\/pages"}],"about":[{"href":"http:\/\/museumek.eu\/index.php?rest_route=\/wp\/v2\/types\/page"}],"author":[{"embeddable":true,"href":"http:\/\/museumek.eu\/index.php?rest_route=\/wp\/v2\/users\/1"}],"replies":[{"embeddable":true,"href":"http:\/\/museumek.eu\/index.php?rest_route=%2Fwp%2Fv2%2Fcomments&post=46810"}],"version-history":[{"count":4,"href":"http:\/\/museumek.eu\/index.php?rest_route=\/wp\/v2\/pages\/46810\/revisions"}],"predecessor-version":[{"id":52148,"href":"http:\/\/museumek.eu\/index.php?rest_route=\/wp\/v2\/pages\/46810\/revisions\/52148"}],"up":[{"embeddable":true,"href":"http:\/\/museumek.eu\/index.php?rest_route=\/wp\/v2\/pages\/46808"}],"wp:attachment":[{"href":"http:\/\/museumek.eu\/index.php?rest_route=%2Fwp%2Fv2%2Fmedia&parent=46810"}],"curies":[{"name":"wp","href":"https:\/\/api.w.org\/{rel}","templated":true}]}}