{"id":46844,"date":"2020-05-20T21:06:03","date_gmt":"2020-05-20T19:06:03","guid":{"rendered":"http:\/\/museumek.eu\/?page_id=46844"},"modified":"2020-05-20T21:06:03","modified_gmt":"2020-05-20T19:06:03","slug":"dliii39","status":"publish","type":"page","link":"http:\/\/museumek.eu\/?page_id=46844","title":{"rendered":"D\/LIII\/39"},"content":{"rendered":"<p><strong>Abteilung Deutschland, Keramik 1860 \u2013 1960, Inventarnummer D\/LIII\/39<\/strong><\/p>\n<p>Steingut- und Steinzeugfabrik, Kunstt\u00f6pferei, Zinngie\u00dferei Merkelbach &#038; Wick und Nachfolger Steingutfabrik Wick Werke AG, Vereinigte Fabriken Merkelbach &#038; Wick und Merkelbach, Stadelmann &#038; Co., Deutschland, Grenzhausen, 1897, Seidel, K\u00fcnstler unbekannt, Werks.-Nr. ohne, Exemplar Nr. ohne, gemarkt Firmenmarke Rundstempel mit M &#038; W sowie Gr. (f\u00fcr Merkelbach, Wick, Grenzhausen), D, Kreuz sowie \u00bd L \u00fcber Eichstrich gepresst, nicht signiert, Literatur: Gisela Reineking von Bock, Meister der deutschen Keramik, Seite 329, Marke Nr. 214 identisch, weitere Literatur: J\u00fcrgen Schimanski und J\u00fcrgen Erlebach, Westerw\u00e4lder Steinzeug, Die Neue \u00c4ra, Seite 109, Fabrikbeschreibung sowie Marke Nr. 36 identisch, weitere Literatur: J\u00fcrgen Schimanski, Braun geflammt und grau gesalzen, Seite 216, Marke Nr. 36 identisch, weitere Literatur: Beate Dry-von Zezschwitz, Westerw\u00e4lder Steinzug des Jugendstils I, Reinhold Merkelbach, Spezialpreisliste 1905, Seite 10 ff., Fabrikbeschreibung, der 1840 geborene Friedrich Wilhelm Merkelbach (gest. 1896) betrieb eine Kannenb\u00e4ckerei oder bereits eine keramische Fabrik, die unter dem Namen F. W. Merkelbach II. firmierte, 1872 (oder 1874) nimmt Friedrich Wilhelm Merkelbach den Bildhauer (Johann) Georg Peter Wick (geb. 1837, gest. 1914) in die Firma auf, die Firmierung \u00e4ndert sich in Steingut- und Steinzeugfabrik, Kunstt\u00f6pferei, Zinngie\u00dferei Merkelbach &#038; Wick, ab 1882\/1883 produzieren Sie als eine der ersten Westerw\u00e4lder Fabriken Elfenbeinsteinzeug, \u00fcber die H\u00e4lfte der Produktion wird in die USA exportiert, in der Zeit von 1886 bis 1897 liefert die Fabrik Halbfertigerzeugnisse an die keramische Fabrik von Hauber &#038; Reuther, Jugenstilk\u00fcnstler wie Peter Behrens und Henry van de Velde liefern um 1900 herausragende Entw\u00fcrfe, 1895 tritt Wicks Sohn (und evtl. gleichzeitig Merkelbachs Schwiegersohn) Ludwig Konrad Wick in die Fabrik ein und \u00fcbernimmt sicher zeitnah auch deren Leitung, bis er 1910\/1911 die Leitung an seine Frau Emma abgibt, 1921\/1922 fusioniert die Fabrik mit der um 1867 in Grenzhausen von Friedrich Wilhelm Merkelbach, Theodor Stadelmann und Julius Schr\u00f6der als Mahl- und Schleifsteinfabrik gegr\u00fcndeten Fabrik Merkelbach, Stadelmann &#038; Co. (wahrscheinlich war Konrad Wicks Frau Emma bereits Miteigent\u00fcmer dieser Fabrik) zur Steingutfabrik Wick Werke AG, Vereinigte Fabriken Merkelbach &#038; Wick und Merkelbach, Stadelmann &#038; Co., die Fabrik bestand rund 100 Jahre, H\u00f6he 12 cm, Breite 13 cm (nur die Keramik)<\/p>\n<p><a href=\"http:\/\/museumek.eu\/?attachment_id=46818\" rel=\"attachment wp-att-46818\"><img loading=\"lazy\" src=\"http:\/\/museumek.eu\/wp-content\/uploads\/2013\/07\/M-W-Krug-Weihnachten-1897-1-182x300.jpg\" alt=\"\" title=\"M &amp; W Krug Weihnachten 1897 1\" width=\"182\" height=\"300\" class=\"alignnone size-medium wp-image-46818\" srcset=\"http:\/\/museumek.eu\/wp-content\/uploads\/2013\/07\/M-W-Krug-Weihnachten-1897-1-182x300.jpg 182w, http:\/\/museumek.eu\/wp-content\/uploads\/2013\/07\/M-W-Krug-Weihnachten-1897-1-91x150.jpg 91w\" sizes=\"(max-width: 182px) 100vw, 182px\" \/><\/a><\/p>\n<p><a href=\"http:\/\/museumek.eu\/?attachment_id=46819\" rel=\"attachment wp-att-46819\"><img loading=\"lazy\" src=\"http:\/\/museumek.eu\/wp-content\/uploads\/2013\/07\/M-W-Krug-Weihnachten-1897-2-235x300.jpg\" alt=\"\" title=\"M &amp; W Krug Weihnachten 1897 2\" width=\"235\" height=\"300\" class=\"alignnone size-medium wp-image-46819\" srcset=\"http:\/\/museumek.eu\/wp-content\/uploads\/2013\/07\/M-W-Krug-Weihnachten-1897-2-235x300.jpg 235w, http:\/\/museumek.eu\/wp-content\/uploads\/2013\/07\/M-W-Krug-Weihnachten-1897-2-117x150.jpg 117w, http:\/\/museumek.eu\/wp-content\/uploads\/2013\/07\/M-W-Krug-Weihnachten-1897-2.jpg 530w\" sizes=\"(max-width: 235px) 100vw, 235px\" \/><\/a><\/p>\n<p><a href=\"http:\/\/museumek.eu\/?attachment_id=46820\" rel=\"attachment wp-att-46820\"><img loading=\"lazy\" src=\"http:\/\/museumek.eu\/wp-content\/uploads\/2013\/07\/M-W-Krug-Weihnachten-1897-3-225x300.jpg\" alt=\"\" title=\"M &amp; W Krug Weihnachten 1897 3\" width=\"225\" height=\"300\" class=\"alignnone size-medium wp-image-46820\" srcset=\"http:\/\/museumek.eu\/wp-content\/uploads\/2013\/07\/M-W-Krug-Weihnachten-1897-3-225x300.jpg 225w, http:\/\/museumek.eu\/wp-content\/uploads\/2013\/07\/M-W-Krug-Weihnachten-1897-3-112x150.jpg 112w, http:\/\/museumek.eu\/wp-content\/uploads\/2013\/07\/M-W-Krug-Weihnachten-1897-3.jpg 480w\" sizes=\"(max-width: 225px) 100vw, 225px\" \/><\/a><\/p>\n<p><a href=\"http:\/\/museumek.eu\/?attachment_id=46823\" rel=\"attachment wp-att-46823\"><img loading=\"lazy\" src=\"http:\/\/museumek.eu\/wp-content\/uploads\/2013\/07\/M-W-Krug-Weihnachten-1897-4-180x300.jpg\" alt=\"\" title=\"M &amp; W Krug Weihnachten 1897 4\" width=\"180\" height=\"300\" class=\"alignnone size-medium wp-image-46823\" srcset=\"http:\/\/museumek.eu\/wp-content\/uploads\/2013\/07\/M-W-Krug-Weihnachten-1897-4-180x300.jpg 180w, http:\/\/museumek.eu\/wp-content\/uploads\/2013\/07\/M-W-Krug-Weihnachten-1897-4-90x150.jpg 90w, http:\/\/museumek.eu\/wp-content\/uploads\/2013\/07\/M-W-Krug-Weihnachten-1897-4.jpg 385w\" sizes=\"(max-width: 180px) 100vw, 180px\" \/><\/a><\/p>\n<p><a href=\"http:\/\/museumek.eu\/?attachment_id=46824\" rel=\"attachment wp-att-46824\"><img loading=\"lazy\" src=\"http:\/\/museumek.eu\/wp-content\/uploads\/2013\/07\/M-W-Krug-Weihnachten-1897-5-175x300.jpg\" alt=\"\" title=\"M &amp; W Krug Weihnachten 1897 5\" width=\"175\" height=\"300\" class=\"alignnone size-medium wp-image-46824\" srcset=\"http:\/\/museumek.eu\/wp-content\/uploads\/2013\/07\/M-W-Krug-Weihnachten-1897-5-175x300.jpg 175w, http:\/\/museumek.eu\/wp-content\/uploads\/2013\/07\/M-W-Krug-Weihnachten-1897-5-87x150.jpg 87w, http:\/\/museumek.eu\/wp-content\/uploads\/2013\/07\/M-W-Krug-Weihnachten-1897-5.jpg 374w\" sizes=\"(max-width: 175px) 100vw, 175px\" \/><\/a><\/p>\n<p><a href=\"http:\/\/museumek.eu\/?attachment_id=46825\" rel=\"attachment wp-att-46825\"><img loading=\"lazy\" src=\"http:\/\/museumek.eu\/wp-content\/uploads\/2013\/07\/M-W-Krug-Weihnachten-1897-6-161x300.jpg\" alt=\"\" title=\"M &amp; W Krug Weihnachten 1897 6\" width=\"161\" height=\"300\" class=\"alignnone size-medium wp-image-46825\" srcset=\"http:\/\/museumek.eu\/wp-content\/uploads\/2013\/07\/M-W-Krug-Weihnachten-1897-6-161x300.jpg 161w, http:\/\/museumek.eu\/wp-content\/uploads\/2013\/07\/M-W-Krug-Weihnachten-1897-6-80x150.jpg 80w, http:\/\/museumek.eu\/wp-content\/uploads\/2013\/07\/M-W-Krug-Weihnachten-1897-6.jpg 345w\" sizes=\"(max-width: 161px) 100vw, 161px\" \/><\/a><\/p>\n<p><a href=\"http:\/\/museumek.eu\/?attachment_id=46828\" rel=\"attachment wp-att-46828\"><img loading=\"lazy\" src=\"http:\/\/museumek.eu\/wp-content\/uploads\/2013\/07\/M-W-Krug-Weihnachten-1897-7-263x300.jpg\" alt=\"\" title=\"M &amp; W Krug Weihnachten 1897 7\" width=\"263\" height=\"300\" class=\"alignnone size-medium wp-image-46828\" srcset=\"http:\/\/museumek.eu\/wp-content\/uploads\/2013\/07\/M-W-Krug-Weihnachten-1897-7-263x300.jpg 263w, http:\/\/museumek.eu\/wp-content\/uploads\/2013\/07\/M-W-Krug-Weihnachten-1897-7-131x150.jpg 131w, http:\/\/museumek.eu\/wp-content\/uploads\/2013\/07\/M-W-Krug-Weihnachten-1897-7.jpg 480w\" sizes=\"(max-width: 263px) 100vw, 263px\" \/><\/a><\/p>\n<p><a href=\"http:\/\/museumek.eu\/?attachment_id=46829\" rel=\"attachment wp-att-46829\"><img loading=\"lazy\" src=\"http:\/\/museumek.eu\/wp-content\/uploads\/2013\/07\/M-W-Krug-Weihnachten-1897-8-133x300.jpg\" alt=\"\" title=\"M &amp; W Krug Weihnachten 1897 8\" width=\"133\" height=\"300\" class=\"alignnone size-medium wp-image-46829\" srcset=\"http:\/\/museumek.eu\/wp-content\/uploads\/2013\/07\/M-W-Krug-Weihnachten-1897-8-133x300.jpg 133w, http:\/\/museumek.eu\/wp-content\/uploads\/2013\/07\/M-W-Krug-Weihnachten-1897-8-66x150.jpg 66w, http:\/\/museumek.eu\/wp-content\/uploads\/2013\/07\/M-W-Krug-Weihnachten-1897-8.jpg 285w\" sizes=\"(max-width: 133px) 100vw, 133px\" \/><\/a><\/p>\n<p><a href=\"http:\/\/museumek.eu\/?attachment_id=46830\" rel=\"attachment wp-att-46830\"><img loading=\"lazy\" src=\"http:\/\/museumek.eu\/wp-content\/uploads\/2013\/07\/M-W-Krug-Weihnachten-1897-9-206x300.jpg\" alt=\"\" title=\"M &amp; W Krug Weihnachten 1897 9\" width=\"206\" height=\"300\" class=\"alignnone size-medium wp-image-46830\" srcset=\"http:\/\/museumek.eu\/wp-content\/uploads\/2013\/07\/M-W-Krug-Weihnachten-1897-9-206x300.jpg 206w, http:\/\/museumek.eu\/wp-content\/uploads\/2013\/07\/M-W-Krug-Weihnachten-1897-9-103x150.jpg 103w, http:\/\/museumek.eu\/wp-content\/uploads\/2013\/07\/M-W-Krug-Weihnachten-1897-9.jpg 441w\" sizes=\"(max-width: 206px) 100vw, 206px\" \/><\/a><\/p>\n<p><a href=\"http:\/\/museumek.eu\/?attachment_id=46833\" rel=\"attachment wp-att-46833\"><img loading=\"lazy\" src=\"http:\/\/museumek.eu\/wp-content\/uploads\/2013\/07\/M-W-Krug-Weihnachten-1897-10-201x300.jpg\" alt=\"\" title=\"M &amp; W Krug Weihnachten 1897 10\" width=\"201\" height=\"300\" class=\"alignnone size-medium wp-image-46833\" srcset=\"http:\/\/museumek.eu\/wp-content\/uploads\/2013\/07\/M-W-Krug-Weihnachten-1897-10-201x300.jpg 201w, http:\/\/museumek.eu\/wp-content\/uploads\/2013\/07\/M-W-Krug-Weihnachten-1897-10-100x150.jpg 100w, http:\/\/museumek.eu\/wp-content\/uploads\/2013\/07\/M-W-Krug-Weihnachten-1897-10.jpg 430w\" sizes=\"(max-width: 201px) 100vw, 201px\" \/><\/a><\/p>\n<p><a href=\"http:\/\/museumek.eu\/?attachment_id=46834\" rel=\"attachment wp-att-46834\"><img loading=\"lazy\" src=\"http:\/\/museumek.eu\/wp-content\/uploads\/2013\/07\/M-W-Krug-Weihnachten-1897-11-300x215.jpg\" alt=\"\" title=\"M &amp; W Krug Weihnachten 1897 11\" width=\"300\" height=\"215\" class=\"alignnone size-medium wp-image-46834\" srcset=\"http:\/\/museumek.eu\/wp-content\/uploads\/2013\/07\/M-W-Krug-Weihnachten-1897-11-300x215.jpg 300w, http:\/\/museumek.eu\/wp-content\/uploads\/2013\/07\/M-W-Krug-Weihnachten-1897-11-150x107.jpg 150w, http:\/\/museumek.eu\/wp-content\/uploads\/2013\/07\/M-W-Krug-Weihnachten-1897-11-417x300.jpg 417w, http:\/\/museumek.eu\/wp-content\/uploads\/2013\/07\/M-W-Krug-Weihnachten-1897-11.jpg 640w\" sizes=\"(max-width: 300px) 100vw, 300px\" \/><\/a><\/p>\n<p><a href=\"http:\/\/museumek.eu\/?attachment_id=46835\" rel=\"attachment wp-att-46835\"><img loading=\"lazy\" src=\"http:\/\/museumek.eu\/wp-content\/uploads\/2013\/07\/M-W-Krug-Weihnachten-1897-13-300x281.jpg\" alt=\"\" title=\"M &amp; W Krug Weihnachten 1897 13\" width=\"300\" height=\"281\" class=\"alignnone size-medium wp-image-46835\" srcset=\"http:\/\/museumek.eu\/wp-content\/uploads\/2013\/07\/M-W-Krug-Weihnachten-1897-13-300x281.jpg 300w, http:\/\/museumek.eu\/wp-content\/uploads\/2013\/07\/M-W-Krug-Weihnachten-1897-13-150x140.jpg 150w, http:\/\/museumek.eu\/wp-content\/uploads\/2013\/07\/M-W-Krug-Weihnachten-1897-13-320x300.jpg 320w, http:\/\/museumek.eu\/wp-content\/uploads\/2013\/07\/M-W-Krug-Weihnachten-1897-13.jpg 512w\" sizes=\"(max-width: 300px) 100vw, 300px\" \/><\/a><\/p>\n<p><a href=\"http:\/\/museumek.eu\/?attachment_id=46838\" rel=\"attachment wp-att-46838\"><img loading=\"lazy\" src=\"http:\/\/museumek.eu\/wp-content\/uploads\/2013\/07\/M-W-Krug-Weihnachten-1897-14-191x300.jpg\" alt=\"\" title=\"M &amp; W Krug Weihnachten 1897 14\" width=\"191\" height=\"300\" class=\"alignnone size-medium wp-image-46838\" srcset=\"http:\/\/museumek.eu\/wp-content\/uploads\/2013\/07\/M-W-Krug-Weihnachten-1897-14-191x300.jpg 191w, http:\/\/museumek.eu\/wp-content\/uploads\/2013\/07\/M-W-Krug-Weihnachten-1897-14-95x150.jpg 95w, http:\/\/museumek.eu\/wp-content\/uploads\/2013\/07\/M-W-Krug-Weihnachten-1897-14.jpg 408w\" sizes=\"(max-width: 191px) 100vw, 191px\" \/><\/a><\/p>\n<p><a href=\"http:\/\/museumek.eu\/?attachment_id=46839\" rel=\"attachment wp-att-46839\"><img loading=\"lazy\" src=\"http:\/\/museumek.eu\/wp-content\/uploads\/2013\/07\/M-W-Krug-Weihnachten-1897-15-300x253.jpg\" alt=\"\" title=\"M &amp; W Krug Weihnachten 1897 15\" width=\"300\" height=\"253\" class=\"alignnone size-medium wp-image-46839\" srcset=\"http:\/\/museumek.eu\/wp-content\/uploads\/2013\/07\/M-W-Krug-Weihnachten-1897-15-300x253.jpg 300w, http:\/\/museumek.eu\/wp-content\/uploads\/2013\/07\/M-W-Krug-Weihnachten-1897-15-150x126.jpg 150w, http:\/\/museumek.eu\/wp-content\/uploads\/2013\/07\/M-W-Krug-Weihnachten-1897-15-355x300.jpg 355w, http:\/\/museumek.eu\/wp-content\/uploads\/2013\/07\/M-W-Krug-Weihnachten-1897-15.jpg 568w\" sizes=\"(max-width: 300px) 100vw, 300px\" \/><\/a><\/p>\n","protected":false},"excerpt":{"rendered":"<p>Abteilung Deutschland, Keramik 1860 \u2013 1960, Inventarnummer D\/LIII\/39 Steingut- und Steinzeugfabrik, Kunstt\u00f6pferei, Zinngie\u00dferei Merkelbach &#038; Wick und Nachfolger Steingutfabrik Wick Werke AG, Vereinigte Fabriken Merkelbach &#038; Wick und Merkelbach, Stadelmann &#038; Co., Deutschland, Grenzhausen, 1897, Seidel, K\u00fcnstler unbekannt, Werks.-Nr. ohne, &hellip; <a href=\"http:\/\/museumek.eu\/?page_id=46844\">Weiterlesen <span class=\"meta-nav\">&rarr;<\/span><\/a><\/p>\n","protected":false},"author":1,"featured_media":0,"parent":38630,"menu_order":39,"comment_status":"closed","ping_status":"open","template":"","meta":[],"_links":{"self":[{"href":"http:\/\/museumek.eu\/index.php?rest_route=\/wp\/v2\/pages\/46844"}],"collection":[{"href":"http:\/\/museumek.eu\/index.php?rest_route=\/wp\/v2\/pages"}],"about":[{"href":"http:\/\/museumek.eu\/index.php?rest_route=\/wp\/v2\/types\/page"}],"author":[{"embeddable":true,"href":"http:\/\/museumek.eu\/index.php?rest_route=\/wp\/v2\/users\/1"}],"replies":[{"embeddable":true,"href":"http:\/\/museumek.eu\/index.php?rest_route=%2Fwp%2Fv2%2Fcomments&post=46844"}],"version-history":[{"count":2,"href":"http:\/\/museumek.eu\/index.php?rest_route=\/wp\/v2\/pages\/46844\/revisions"}],"predecessor-version":[{"id":46846,"href":"http:\/\/museumek.eu\/index.php?rest_route=\/wp\/v2\/pages\/46844\/revisions\/46846"}],"up":[{"embeddable":true,"href":"http:\/\/museumek.eu\/index.php?rest_route=\/wp\/v2\/pages\/38630"}],"wp:attachment":[{"href":"http:\/\/museumek.eu\/index.php?rest_route=%2Fwp%2Fv2%2Fmedia&parent=46844"}],"curies":[{"name":"wp","href":"https:\/\/api.w.org\/{rel}","templated":true}]}}