{"id":46937,"date":"2020-05-22T21:48:33","date_gmt":"2020-05-22T19:48:33","guid":{"rendered":"http:\/\/museumek.eu\/?page_id=46937"},"modified":"2021-03-28T13:05:26","modified_gmt":"2021-03-28T11:05:26","slug":"faiencerie-de-wasmuel-und-nachf-faiencerie-mouzin-cie-inv-nr-bv1","status":"publish","type":"page","link":"http:\/\/museumek.eu\/?page_id=46937","title":{"rendered":"Fa\u00efencerie Auguste Mouzin &#038; Cie., vormals Fa\u00efencerie Paulus \u00e0 Wasmu\u00ebl (par Isidore Paulus) und Nachf. Soci\u00e9t\u00e9 Anonyme de la Fa\u00efencerie de Wasmu\u00ebl (anciennement Fa\u00efencerie Auguste Mouzin &#038; Cie.),  &#8211; Inv.Nr. B\/V\/1"},"content":{"rendered":"","protected":false},"excerpt":{"rendered":"","protected":false},"author":1,"featured_media":0,"parent":2680,"menu_order":200,"comment_status":"closed","ping_status":"open","template":"","meta":[],"_links":{"self":[{"href":"http:\/\/museumek.eu\/index.php?rest_route=\/wp\/v2\/pages\/46937"}],"collection":[{"href":"http:\/\/museumek.eu\/index.php?rest_route=\/wp\/v2\/pages"}],"about":[{"href":"http:\/\/museumek.eu\/index.php?rest_route=\/wp\/v2\/types\/page"}],"author":[{"embeddable":true,"href":"http:\/\/museumek.eu\/index.php?rest_route=\/wp\/v2\/users\/1"}],"replies":[{"embeddable":true,"href":"http:\/\/museumek.eu\/index.php?rest_route=%2Fwp%2Fv2%2Fcomments&post=46937"}],"version-history":[{"count":7,"href":"http:\/\/museumek.eu\/index.php?rest_route=\/wp\/v2\/pages\/46937\/revisions"}],"predecessor-version":[{"id":54961,"href":"http:\/\/museumek.eu\/index.php?rest_route=\/wp\/v2\/pages\/46937\/revisions\/54961"}],"up":[{"embeddable":true,"href":"http:\/\/museumek.eu\/index.php?rest_route=\/wp\/v2\/pages\/2680"}],"wp:attachment":[{"href":"http:\/\/museumek.eu\/index.php?rest_route=%2Fwp%2Fv2%2Fmedia&parent=46937"}],"curies":[{"name":"wp","href":"https:\/\/api.w.org\/{rel}","templated":true}]}}