{"id":46970,"date":"2020-05-22T23:54:32","date_gmt":"2020-05-22T21:54:32","guid":{"rendered":"http:\/\/museumek.eu\/?page_id=46970"},"modified":"2020-05-22T23:57:33","modified_gmt":"2020-05-22T21:57:33","slug":"f","status":"publish","type":"page","link":"http:\/\/museumek.eu\/?page_id=46970","title":{"rendered":"Fa\u00efencerie Auguste Mouzin &#038; Cie., vormals Fa\u00efencerie Paulus \u00e0 Wasmu\u00ebl (par Isidore Paulus) und Nachf. Soci\u00e9t\u00e9 Anonyme de la Fa\u00efencerie de Wasmu\u00ebl (anciennement Auguste Mouzin &#038; Cie.)"},"content":{"rendered":"","protected":false},"excerpt":{"rendered":"","protected":false},"author":1,"featured_media":0,"parent":24,"menu_order":5,"comment_status":"closed","ping_status":"open","template":"","meta":[],"_links":{"self":[{"href":"http:\/\/museumek.eu\/index.php?rest_route=\/wp\/v2\/pages\/46970"}],"collection":[{"href":"http:\/\/museumek.eu\/index.php?rest_route=\/wp\/v2\/pages"}],"about":[{"href":"http:\/\/museumek.eu\/index.php?rest_route=\/wp\/v2\/types\/page"}],"author":[{"embeddable":true,"href":"http:\/\/museumek.eu\/index.php?rest_route=\/wp\/v2\/users\/1"}],"replies":[{"embeddable":true,"href":"http:\/\/museumek.eu\/index.php?rest_route=%2Fwp%2Fv2%2Fcomments&post=46970"}],"version-history":[{"count":2,"href":"http:\/\/museumek.eu\/index.php?rest_route=\/wp\/v2\/pages\/46970\/revisions"}],"predecessor-version":[{"id":46977,"href":"http:\/\/museumek.eu\/index.php?rest_route=\/wp\/v2\/pages\/46970\/revisions\/46977"}],"up":[{"embeddable":true,"href":"http:\/\/museumek.eu\/index.php?rest_route=\/wp\/v2\/pages\/24"}],"wp:attachment":[{"href":"http:\/\/museumek.eu\/index.php?rest_route=%2Fwp%2Fv2%2Fmedia&parent=46970"}],"curies":[{"name":"wp","href":"https:\/\/api.w.org\/{rel}","templated":true}]}}