{"id":46974,"date":"2020-05-22T23:55:57","date_gmt":"2020-05-22T21:55:57","guid":{"rendered":"http:\/\/museumek.eu\/?page_id=46974"},"modified":"2021-01-14T18:56:35","modified_gmt":"2021-01-14T17:56:35","slug":"bv1","status":"publish","type":"page","link":"http:\/\/museumek.eu\/?page_id=46974","title":{"rendered":"B\/V\/1"},"content":{"rendered":"<p><strong>Abteilung Belgien, Keramik 1860 \u2013 1960, Inventarnummer B\/V\/1<\/strong><\/p>\n<p>Fa\u00efencerie Auguste Mouzin &#038; Cie., vormals Fa\u00efencerie Paulus \u00e0 Wasmu\u00ebl (par Isidore Paulus) und Nachf. Soci\u00e9t\u00e9 Anonyme de la Fa\u00efencerie de Wasmu\u00ebl (anciennement Auguste Mouzin &#038; Cie.), Belgien, Wasmuel, um 1925, Sch\u00fcssel, K\u00fcnstler unbekannt, Werks.-Nr. ohne, Exemplar Nr. ohne, gemarkt A.M.C. in einem Rechteck \u00e4hnlichem Doppelrahmen, dar\u00fcber FABRICATION (hier schwer lesbar), darunter BELGE (hier schwer lesbar, schwarzer Stempel unter Glasur, nicht signiert, Literatur: Dieter Z\u00fchlsdorff, Markenlexikon Band 1, Porzellan und Keramik Report 1885 &#8211; 1935, Seite 309, Marke Werkteil-Nummer 1, Gruppen-Nummer 1, fortlaufende Nummer innerhalb der Gruppe 2382, identische Marke f\u00fcr die Zeit nach 1930 sowie Seite 639, kurze unvollst\u00e4ndige Beschreibung der Fabrik, die Wasmueler Steingutfabrik wurde 1840 (evtl. schon 1836) von Isidore Paulus gegr\u00fcndet, Firmierung Fa\u00efencerie Paulus \u00e0 Wasmu\u00ebl, es wird haupts\u00e4chlich Steingut mit brauner und wei\u00dfer Emaille hergestellt, nach seinem Tod setzen seine Frau und seine S\u00f6hne die Produktion fort, 1878 (evtl. auch schon 1865) vermieten seine Erben die Fabrik an Auguste Mouzin (geb. 1833 in Wasmuel), Firmierung Fa\u00efencerie Auguste Mouzin &#038; Cie., letzterer l\u00e4sst die Fabrik durch Modernisierung wachsen und 1891 kaufte er die Fabrik, Mouzin stellt feines Steingut her, das ausgefallene Gegenst\u00e4nde bevorzugt, die mit der Majolika-Technik hergestellt werden, das Steingut ist mit bunten Emails bedeckt, die zu dieser Zeit sehr gefragt waren, Fr\u00e9d\u00e9ric Thurner, der urspr\u00fcnglich aus Furtwangen stammt liefert die wichtigsten Modelle, ab 1886 ist die Fabrik eine AG, Firmierung ab da Soci\u00e9t\u00e9 Anonyme de la Fa\u00efencerie de Wasmu\u00ebl (anciennement Auguste Mouzin &#038; Cie. (AMC), Mouzin nahm 1885 an den Ausstellungen in Antwerpen, 1888 in Br\u00fcssel und 1889 in Paris teil, jeweils erhielt er Medaillen, Mouzin starb 1899, sein Schwiegersohn Eug\u00e8ne Meyer f\u00fchrt die Fabrik fort, ab 1907 f\u00fchrt sein Enkel Henri Meyer die Fabrik, nach dem Ersten Weltkrieg wird haupts\u00e4chlich mit Airbrush und Schablone bemaltes Geschirr, Toilettenartikel, Kaminverkleidung, Dekorationsgegenst\u00e4nde im Art-Deco-Stil hergestellt (siehe MEK Exemplar), darunter rie\u00dfige wei\u00dfe Tierstatuetten sowie unz\u00e4hlige Vasen mit eckigen Volumen, in den 1920&#8242; Jahren werden aber auch Entw\u00fcrfe von Louis Fontinelle ausgef\u00fchrt, 1951 wird die Fabrik geschlossen, H\u00f6he 11 cm, Breite 24,5 cm<\/p>\n<p><a href=\"http:\/\/museumek.eu\/?attachment_id=46943\" rel=\"attachment wp-att-46943\"><img loading=\"lazy\" src=\"http:\/\/museumek.eu\/wp-content\/uploads\/2020\/05\/AMC-Sch\u00fcssel-1-300x202.jpg\" alt=\"\" title=\"AMC Sch\u00fcssel 1\" width=\"300\" height=\"202\" class=\"alignnone size-medium wp-image-46943\" srcset=\"http:\/\/museumek.eu\/wp-content\/uploads\/2020\/05\/AMC-Sch\u00fcssel-1-300x202.jpg 300w, http:\/\/museumek.eu\/wp-content\/uploads\/2020\/05\/AMC-Sch\u00fcssel-1-150x101.jpg 150w, http:\/\/museumek.eu\/wp-content\/uploads\/2020\/05\/AMC-Sch\u00fcssel-1-445x300.jpg 445w, http:\/\/museumek.eu\/wp-content\/uploads\/2020\/05\/AMC-Sch\u00fcssel-1.jpg 640w\" sizes=\"(max-width: 300px) 100vw, 300px\" \/><\/a><\/p>\n<p><a href=\"http:\/\/museumek.eu\/?attachment_id=46944\" rel=\"attachment wp-att-46944\"><img loading=\"lazy\" src=\"http:\/\/museumek.eu\/wp-content\/uploads\/2020\/05\/AMC-Sch\u00fcssel-2-300x172.jpg\" alt=\"\" title=\"AMC Sch\u00fcssel 2\" width=\"300\" height=\"172\" class=\"alignnone size-medium wp-image-46944\" srcset=\"http:\/\/museumek.eu\/wp-content\/uploads\/2020\/05\/AMC-Sch\u00fcssel-2-300x172.jpg 300w, http:\/\/museumek.eu\/wp-content\/uploads\/2020\/05\/AMC-Sch\u00fcssel-2-150x86.jpg 150w, http:\/\/museumek.eu\/wp-content\/uploads\/2020\/05\/AMC-Sch\u00fcssel-2-500x287.jpg 500w, http:\/\/museumek.eu\/wp-content\/uploads\/2020\/05\/AMC-Sch\u00fcssel-2.jpg 640w\" sizes=\"(max-width: 300px) 100vw, 300px\" \/><\/a><\/p>\n<p><a href=\"http:\/\/museumek.eu\/?attachment_id=46945\" rel=\"attachment wp-att-46945\"><img loading=\"lazy\" src=\"http:\/\/museumek.eu\/wp-content\/uploads\/2020\/05\/AMC-Sch\u00fcssel-3-300x175.jpg\" alt=\"\" title=\"AMC Sch\u00fcssel 3\" width=\"300\" height=\"175\" class=\"alignnone size-medium wp-image-46945\" srcset=\"http:\/\/museumek.eu\/wp-content\/uploads\/2020\/05\/AMC-Sch\u00fcssel-3-300x175.jpg 300w, http:\/\/museumek.eu\/wp-content\/uploads\/2020\/05\/AMC-Sch\u00fcssel-3-150x87.jpg 150w, http:\/\/museumek.eu\/wp-content\/uploads\/2020\/05\/AMC-Sch\u00fcssel-3-500x292.jpg 500w, http:\/\/museumek.eu\/wp-content\/uploads\/2020\/05\/AMC-Sch\u00fcssel-3.jpg 640w\" sizes=\"(max-width: 300px) 100vw, 300px\" \/><\/a><\/p>\n<p><a href=\"http:\/\/museumek.eu\/?attachment_id=46946\" rel=\"attachment wp-att-46946\"><img loading=\"lazy\" src=\"http:\/\/museumek.eu\/wp-content\/uploads\/2020\/05\/AMC-Sch\u00fcssel-4-291x300.jpg\" alt=\"\" title=\"AMC Sch\u00fcssel 4\" width=\"291\" height=\"300\" class=\"alignnone size-medium wp-image-46946\" srcset=\"http:\/\/museumek.eu\/wp-content\/uploads\/2020\/05\/AMC-Sch\u00fcssel-4-291x300.jpg 291w, http:\/\/museumek.eu\/wp-content\/uploads\/2020\/05\/AMC-Sch\u00fcssel-4-145x150.jpg 145w, http:\/\/museumek.eu\/wp-content\/uploads\/2020\/05\/AMC-Sch\u00fcssel-4.jpg 480w\" sizes=\"(max-width: 291px) 100vw, 291px\" \/><\/a><\/p>\n<p><a href=\"http:\/\/museumek.eu\/?attachment_id=46947\" rel=\"attachment wp-att-46947\"><img loading=\"lazy\" src=\"http:\/\/museumek.eu\/wp-content\/uploads\/2020\/05\/AMC-Sch\u00fcssel-5-295x300.jpg\" alt=\"\" title=\"AMC Sch\u00fcssel 5\" width=\"295\" height=\"300\" class=\"alignnone size-medium wp-image-46947\" srcset=\"http:\/\/museumek.eu\/wp-content\/uploads\/2020\/05\/AMC-Sch\u00fcssel-5-295x300.jpg 295w, http:\/\/museumek.eu\/wp-content\/uploads\/2020\/05\/AMC-Sch\u00fcssel-5-147x150.jpg 147w, http:\/\/museumek.eu\/wp-content\/uploads\/2020\/05\/AMC-Sch\u00fcssel-5.jpg 480w\" sizes=\"(max-width: 295px) 100vw, 295px\" \/><\/a><\/p>\n<p><a href=\"http:\/\/museumek.eu\/?attachment_id=46948\" rel=\"attachment wp-att-46948\"><img loading=\"lazy\" src=\"http:\/\/museumek.eu\/wp-content\/uploads\/2020\/05\/AMC-Sch\u00fcssel-6-300x228.jpg\" alt=\"\" title=\"AMC Sch\u00fcssel 6\" width=\"300\" height=\"228\" class=\"alignnone size-medium wp-image-46948\" srcset=\"http:\/\/museumek.eu\/wp-content\/uploads\/2020\/05\/AMC-Sch\u00fcssel-6-300x228.jpg 300w, http:\/\/museumek.eu\/wp-content\/uploads\/2020\/05\/AMC-Sch\u00fcssel-6-150x114.jpg 150w, http:\/\/museumek.eu\/wp-content\/uploads\/2020\/05\/AMC-Sch\u00fcssel-6-393x300.jpg 393w, http:\/\/museumek.eu\/wp-content\/uploads\/2020\/05\/AMC-Sch\u00fcssel-6.jpg 629w\" sizes=\"(max-width: 300px) 100vw, 300px\" \/><\/a><\/p>\n","protected":false},"excerpt":{"rendered":"<p>Abteilung Belgien, Keramik 1860 \u2013 1960, Inventarnummer B\/V\/1 Fa\u00efencerie Auguste Mouzin &#038; Cie., vormals Fa\u00efencerie Paulus \u00e0 Wasmu\u00ebl (par Isidore Paulus) und Nachf. Soci\u00e9t\u00e9 Anonyme de la Fa\u00efencerie de Wasmu\u00ebl (anciennement Auguste Mouzin &#038; Cie.), Belgien, Wasmuel, um 1925, Sch\u00fcssel, &hellip; <a href=\"http:\/\/museumek.eu\/?page_id=46974\">Weiterlesen <span class=\"meta-nav\">&rarr;<\/span><\/a><\/p>\n","protected":false},"author":1,"featured_media":0,"parent":46972,"menu_order":0,"comment_status":"closed","ping_status":"open","template":"","meta":[],"_links":{"self":[{"href":"http:\/\/museumek.eu\/index.php?rest_route=\/wp\/v2\/pages\/46974"}],"collection":[{"href":"http:\/\/museumek.eu\/index.php?rest_route=\/wp\/v2\/pages"}],"about":[{"href":"http:\/\/museumek.eu\/index.php?rest_route=\/wp\/v2\/types\/page"}],"author":[{"embeddable":true,"href":"http:\/\/museumek.eu\/index.php?rest_route=\/wp\/v2\/users\/1"}],"replies":[{"embeddable":true,"href":"http:\/\/museumek.eu\/index.php?rest_route=%2Fwp%2Fv2%2Fcomments&post=46974"}],"version-history":[{"count":4,"href":"http:\/\/museumek.eu\/index.php?rest_route=\/wp\/v2\/pages\/46974\/revisions"}],"predecessor-version":[{"id":52193,"href":"http:\/\/museumek.eu\/index.php?rest_route=\/wp\/v2\/pages\/46974\/revisions\/52193"}],"up":[{"embeddable":true,"href":"http:\/\/museumek.eu\/index.php?rest_route=\/wp\/v2\/pages\/46972"}],"wp:attachment":[{"href":"http:\/\/museumek.eu\/index.php?rest_route=%2Fwp%2Fv2%2Fmedia&parent=46974"}],"curies":[{"name":"wp","href":"https:\/\/api.w.org\/{rel}","templated":true}]}}