{"id":46987,"date":"2020-05-23T21:42:31","date_gmt":"2020-05-23T19:42:31","guid":{"rendered":"http:\/\/museumek.eu\/?page_id=46987"},"modified":"2021-01-13T15:25:53","modified_gmt":"2021-01-13T14:25:53","slug":"fotos-und-beschreibung","status":"publish","type":"page","link":"http:\/\/museumek.eu\/?page_id=46987","title":{"rendered":"Fotos und Beschreibung"},"content":{"rendered":"<p><strong>Abteilung Frankreich, Keramik 1860 \u2013 1960, Inventarnummer F\/LII\/1<\/strong><\/p>\n<p>Fa\u00efencerie des fr\u00e8res Paillart und Nachf. Fa\u00efencerie Boulenger &#8211; Hautin &#038; Cie. und Nachf. Hautin Boulenger &#038; Cie. und Nachf. Soci\u00e9te anonyme Hippolyte Boulenger et Cie., Frankreich, Choisy-le-Roy, um 1880, Teller, K\u00fcnstler unbekannt, Werks.-Nr. ohne, Exemplar Nr. ohne, gemarkt gedruckte Firmenmarke HB et Cie. sowie Choisy le Roy schwarz unter Glasur, darunter 2. (?) schwarz gemalt, gepresste Firmenmarke mit HB (evtl. daneben auch noch &#038; Cie, aber nicht sichtbar) darunter leicht versetzt Choisy darunter leicht versetzt le Roy sowie ein Plus Zeichen (?) gepresst und die Zahl 6 (?) geritzt, nicht signiert, Literatur f\u00fcr die gedruckte Marke: Gustav Wei\u00df, Ullstein Porzellanbuch, Seite 250, Marke Nr. 5 (f\u00fcr die Zeit ab 1836) identisch, Literatur f\u00fcr die gepresste Marke: Edgar Pelichet, Jugenstil Keramik, Markenverzeichnis Buchstabe B, Marke identisch, weitere Literatur f\u00fcr die gepresste Marke: Dieter Z\u00fchlsdorff, Markenlexikon Band 1, Porzellan und Keramik Report 1885 &#8211; 1935, Seite 37, Marke Werkteil-Nummer 1, Gruppen-Nummer 1, fortlaufende Nummer innerhalb der Gruppe 521, Marke (f\u00fcr die Zeit vor 1900) identisch sowie Seite 484, Werkteil-Nummer 3, fortlaufende Nummer innerhalb des Werkteils 210, dort kurze unvollst\u00e4ndige Beschreibung der Fabrik, die Steingutfabrik von Choisy-le-Roi wurde am 11.05.1805 von den drei Paillart-Br\u00fcdern Valentin, Melchior und Nicolas Paillart gegr\u00fcndet, Firmierung Fa\u00efencerie des fr\u00e8res Paillart, dazu erwarben sie ein ca. 4 Hektar gro\u00dfes royales Grundst\u00fcck, die sich darauf befindlichen Geb\u00e4ude wurden zur Steingutfabrik umgebaut, in den ersten Jahren arbeiten sie mit Christophe Potter (1751-1817) zusammen und ab 1808 beginnen sie mit der Herstellung von feinem Steingut mit gedruckten Dekoration, bis 1824 ist die Fabrik im Gesamteigentum der drei Br\u00fcder, danach nur noch im Eigentum von Valentin Paillart und dessem neuen gesch\u00e4ftlichen Partner Hippolyte Hautin, 1836 verlie\u00df Valentin Paillart die Fabrik, Eigent\u00fcmer nun Hippolyte Hautin, der sich mit Louis Boulenger (1773-1850) zusammenschloss, Firmierung Fa\u00efencerie Boulenger &#8211; Hautin &#038; Cie., Louis Boulengers Sohn Adolphe Boulenger (1805-1873) und Hippolyte Hautins Tochter Alexandrine Hautin (1814-1900) heirateten, dieses Paar hatte vier Kinder, darunter Hippolyte Boulenger (1836-1892), der wohl die Fabrik ab 1863 leitete, die Kinder werden 1863 Eigent\u00fcmer der Fabrik, Firmierung Hautin Boulenger (HB) &#038; Cie., die Geschwister entwickelten die Fabrik von einem lokalem Steingutbetrieb zu einem f\u00fchrenden Industrieunternehmen auf nationaler Ebene, die Fabrik erhielt auf den Weltausstellungen mehrere offizielle Auszeichnungen, 1878 wurde die Fabrik AG, Firmierung Soci\u00e9te anonyme Hippolyte Boulenger et Cie., 1889 erhielt Hippolyte Boulenger zwei Drittel des Auftrages f\u00fcr die Wandverkleidungen in den Tunneln der Pariser U-Bahn, was den Umzug des Hauptsitzes nach Paris , 18, rue de Paradis (10. Arrondissement), motivierte. 1892 starb Hippolyte Boulenger und sein Sohn Paul Boulenger (1868-1937), \u00fcbernahm die Leitung der Fabrik, von 1906 bis 1936 nutzte die Firma Boulenger den Tonsteinbruch in Roumois, 1920 wurde die Steinzeugfabrik Fa\u00efenceries de Creil et Montereau &#8220; zugekauft, welche seit 1895 geschlossen war, es entstand die Firmengruppe HBCM (Hippolyte Boulenger-Creil-Montereau), in Choisy stieg die Belegschaft von 300 im Jahr 1900 auf 1400 im Jahr 1930, die Choisy Fabrik wurde 1936 geschlossen, die von Montereau 1955, Durchmesser 22,2 cm <\/p>\n<p><a href=\"http:\/\/museumek.eu\/?attachment_id=46991\" rel=\"attachment wp-att-46991\"><img loading=\"lazy\" src=\"http:\/\/museumek.eu\/wp-content\/uploads\/2020\/05\/Hyppolite-Bourlanger-1-296x300.jpg\" alt=\"\" title=\"Hyppolite &amp; Bourlanger 1\" width=\"296\" height=\"300\" class=\"alignnone size-medium wp-image-46991\" srcset=\"http:\/\/museumek.eu\/wp-content\/uploads\/2020\/05\/Hyppolite-Bourlanger-1-296x300.jpg 296w, http:\/\/museumek.eu\/wp-content\/uploads\/2020\/05\/Hyppolite-Bourlanger-1-148x150.jpg 148w, http:\/\/museumek.eu\/wp-content\/uploads\/2020\/05\/Hyppolite-Bourlanger-1.jpg 480w\" sizes=\"(max-width: 296px) 100vw, 296px\" \/><\/a><\/p>\n<p><a href=\"http:\/\/museumek.eu\/?attachment_id=46992\" rel=\"attachment wp-att-46992\"><img loading=\"lazy\" src=\"http:\/\/museumek.eu\/wp-content\/uploads\/2020\/05\/Hyppolite-Bourlanger-2-300x300.jpg\" alt=\"\" title=\"Hyppolite &amp; Bourlanger 2\" width=\"300\" height=\"300\" class=\"alignnone size-medium wp-image-46992\" srcset=\"http:\/\/museumek.eu\/wp-content\/uploads\/2020\/05\/Hyppolite-Bourlanger-2-300x300.jpg 300w, http:\/\/museumek.eu\/wp-content\/uploads\/2020\/05\/Hyppolite-Bourlanger-2-150x150.jpg 150w, http:\/\/museumek.eu\/wp-content\/uploads\/2020\/05\/Hyppolite-Bourlanger-2.jpg 480w\" sizes=\"(max-width: 300px) 100vw, 300px\" \/><\/a><\/p>\n<p><a href=\"http:\/\/museumek.eu\/?attachment_id=46993\" rel=\"attachment wp-att-46993\"><img loading=\"lazy\" src=\"http:\/\/museumek.eu\/wp-content\/uploads\/2020\/05\/Hyppolite-Bourlanger-3-223x300.jpg\" alt=\"\" title=\"Hyppolite &amp; Bourlanger 3\" width=\"223\" height=\"300\" class=\"alignnone size-medium wp-image-46993\" srcset=\"http:\/\/museumek.eu\/wp-content\/uploads\/2020\/05\/Hyppolite-Bourlanger-3-223x300.jpg 223w, http:\/\/museumek.eu\/wp-content\/uploads\/2020\/05\/Hyppolite-Bourlanger-3-111x150.jpg 111w, http:\/\/museumek.eu\/wp-content\/uploads\/2020\/05\/Hyppolite-Bourlanger-3.jpg 477w\" sizes=\"(max-width: 223px) 100vw, 223px\" \/><\/a><\/p>\n<p><a href=\"http:\/\/museumek.eu\/?attachment_id=46994\" rel=\"attachment wp-att-46994\"><img loading=\"lazy\" src=\"http:\/\/museumek.eu\/wp-content\/uploads\/2020\/05\/Hyppolite-Bourlanger-4-296x300.jpg\" alt=\"\" title=\"Hyppolite &amp; Bourlanger 4\" width=\"296\" height=\"300\" class=\"alignnone size-medium wp-image-46994\" srcset=\"http:\/\/museumek.eu\/wp-content\/uploads\/2020\/05\/Hyppolite-Bourlanger-4-296x300.jpg 296w, http:\/\/museumek.eu\/wp-content\/uploads\/2020\/05\/Hyppolite-Bourlanger-4-148x150.jpg 148w, http:\/\/museumek.eu\/wp-content\/uploads\/2020\/05\/Hyppolite-Bourlanger-4.jpg 672w\" sizes=\"(max-width: 296px) 100vw, 296px\" \/><\/a><\/p>\n<p><a href=\"http:\/\/museumek.eu\/?attachment_id=46995\" rel=\"attachment wp-att-46995\"><img loading=\"lazy\" src=\"http:\/\/museumek.eu\/wp-content\/uploads\/2020\/05\/Hyppolite-Bourlanger-5-197x300.jpg\" alt=\"\" title=\"Hyppolite &amp; Bourlanger 5\" width=\"197\" height=\"300\" class=\"alignnone size-medium wp-image-46995\" srcset=\"http:\/\/museumek.eu\/wp-content\/uploads\/2020\/05\/Hyppolite-Bourlanger-5-197x300.jpg 197w, http:\/\/museumek.eu\/wp-content\/uploads\/2020\/05\/Hyppolite-Bourlanger-5-98x150.jpg 98w, http:\/\/museumek.eu\/wp-content\/uploads\/2020\/05\/Hyppolite-Bourlanger-5.jpg 450w\" sizes=\"(max-width: 197px) 100vw, 197px\" \/><\/a><\/p>\n<p><a href=\"http:\/\/museumek.eu\/?attachment_id=46996\" rel=\"attachment wp-att-46996\"><img loading=\"lazy\" src=\"http:\/\/museumek.eu\/wp-content\/uploads\/2020\/05\/Hyppolite-Bourlanger-6-300x263.jpg\" alt=\"\" title=\"Hyppolite &amp; Bourlanger 6\" width=\"300\" height=\"263\" class=\"alignnone size-medium wp-image-46996\" srcset=\"http:\/\/museumek.eu\/wp-content\/uploads\/2020\/05\/Hyppolite-Bourlanger-6-300x263.jpg 300w, http:\/\/museumek.eu\/wp-content\/uploads\/2020\/05\/Hyppolite-Bourlanger-6-150x131.jpg 150w, http:\/\/museumek.eu\/wp-content\/uploads\/2020\/05\/Hyppolite-Bourlanger-6-341x300.jpg 341w, http:\/\/museumek.eu\/wp-content\/uploads\/2020\/05\/Hyppolite-Bourlanger-6.jpg 728w\" sizes=\"(max-width: 300px) 100vw, 300px\" \/><\/a><\/p>\n<p><a href=\"http:\/\/museumek.eu\/?attachment_id=46997\" rel=\"attachment wp-att-46997\"><img loading=\"lazy\" src=\"http:\/\/museumek.eu\/wp-content\/uploads\/2020\/05\/Hyppolite-Bourlanger-7-300x290.jpg\" alt=\"\" title=\"Hyppolite &amp; Bourlanger 7\" width=\"300\" height=\"290\" class=\"alignnone size-medium wp-image-46997\" srcset=\"http:\/\/museumek.eu\/wp-content\/uploads\/2020\/05\/Hyppolite-Bourlanger-7-300x290.jpg 300w, http:\/\/museumek.eu\/wp-content\/uploads\/2020\/05\/Hyppolite-Bourlanger-7-150x145.jpg 150w, http:\/\/museumek.eu\/wp-content\/uploads\/2020\/05\/Hyppolite-Bourlanger-7-309x300.jpg 309w, http:\/\/museumek.eu\/wp-content\/uploads\/2020\/05\/Hyppolite-Bourlanger-7.jpg 632w\" sizes=\"(max-width: 300px) 100vw, 300px\" \/><\/a><\/p>\n","protected":false},"excerpt":{"rendered":"<p>Abteilung Frankreich, Keramik 1860 \u2013 1960, Inventarnummer F\/LII\/1 Fa\u00efencerie des fr\u00e8res Paillart und Nachf. Fa\u00efencerie Boulenger &#8211; Hautin &#038; Cie. und Nachf. Hautin Boulenger &#038; Cie. und Nachf. Soci\u00e9te anonyme Hippolyte Boulenger et Cie., Frankreich, Choisy-le-Roy, um 1880, Teller, K\u00fcnstler &hellip; <a href=\"http:\/\/museumek.eu\/?page_id=46987\">Weiterlesen <span class=\"meta-nav\">&rarr;<\/span><\/a><\/p>\n","protected":false},"author":1,"featured_media":0,"parent":46982,"menu_order":0,"comment_status":"closed","ping_status":"open","template":"","meta":[],"_links":{"self":[{"href":"http:\/\/museumek.eu\/index.php?rest_route=\/wp\/v2\/pages\/46987"}],"collection":[{"href":"http:\/\/museumek.eu\/index.php?rest_route=\/wp\/v2\/pages"}],"about":[{"href":"http:\/\/museumek.eu\/index.php?rest_route=\/wp\/v2\/types\/page"}],"author":[{"embeddable":true,"href":"http:\/\/museumek.eu\/index.php?rest_route=\/wp\/v2\/users\/1"}],"replies":[{"embeddable":true,"href":"http:\/\/museumek.eu\/index.php?rest_route=%2Fwp%2Fv2%2Fcomments&post=46987"}],"version-history":[{"count":15,"href":"http:\/\/museumek.eu\/index.php?rest_route=\/wp\/v2\/pages\/46987\/revisions"}],"predecessor-version":[{"id":52084,"href":"http:\/\/museumek.eu\/index.php?rest_route=\/wp\/v2\/pages\/46987\/revisions\/52084"}],"up":[{"embeddable":true,"href":"http:\/\/museumek.eu\/index.php?rest_route=\/wp\/v2\/pages\/46982"}],"wp:attachment":[{"href":"http:\/\/museumek.eu\/index.php?rest_route=%2Fwp%2Fv2%2Fmedia&parent=46987"}],"curies":[{"name":"wp","href":"https:\/\/api.w.org\/{rel}","templated":true}]}}