{"id":47008,"date":"2020-05-23T23:33:07","date_gmt":"2020-05-23T21:33:07","guid":{"rendered":"http:\/\/museumek.eu\/?page_id=47008"},"modified":"2020-05-23T23:33:07","modified_gmt":"2020-05-23T21:33:07","slug":"faiencerie-des-freres-paillart-und-nachf-faiencerie-boulenger-hautin-cie-und-nachf-hautin-boulenger-cie-und-nachf-societe-anonyme-hippolyte-boulenger-et-cie","status":"publish","type":"page","link":"http:\/\/museumek.eu\/?page_id=47008","title":{"rendered":"Fa\u00efencerie des fr\u00e8res Paillart und Nachf. Fa\u00efencerie Boulenger &#8211; Hautin &#038; Cie. und Nachf. Hautin Boulenger &#038; Cie. und Nachf. Soci\u00e9te anonyme Hippolyte Boulenger et Cie."},"content":{"rendered":"","protected":false},"excerpt":{"rendered":"","protected":false},"author":1,"featured_media":0,"parent":2157,"menu_order":52,"comment_status":"closed","ping_status":"open","template":"","meta":[],"_links":{"self":[{"href":"http:\/\/museumek.eu\/index.php?rest_route=\/wp\/v2\/pages\/47008"}],"collection":[{"href":"http:\/\/museumek.eu\/index.php?rest_route=\/wp\/v2\/pages"}],"about":[{"href":"http:\/\/museumek.eu\/index.php?rest_route=\/wp\/v2\/types\/page"}],"author":[{"embeddable":true,"href":"http:\/\/museumek.eu\/index.php?rest_route=\/wp\/v2\/users\/1"}],"replies":[{"embeddable":true,"href":"http:\/\/museumek.eu\/index.php?rest_route=%2Fwp%2Fv2%2Fcomments&post=47008"}],"version-history":[{"count":1,"href":"http:\/\/museumek.eu\/index.php?rest_route=\/wp\/v2\/pages\/47008\/revisions"}],"predecessor-version":[{"id":47009,"href":"http:\/\/museumek.eu\/index.php?rest_route=\/wp\/v2\/pages\/47008\/revisions\/47009"}],"up":[{"embeddable":true,"href":"http:\/\/museumek.eu\/index.php?rest_route=\/wp\/v2\/pages\/2157"}],"wp:attachment":[{"href":"http:\/\/museumek.eu\/index.php?rest_route=%2Fwp%2Fv2%2Fmedia&parent=47008"}],"curies":[{"name":"wp","href":"https:\/\/api.w.org\/{rel}","templated":true}]}}