{"id":47029,"date":"2020-05-24T17:28:54","date_gmt":"2020-05-24T15:28:54","guid":{"rendered":"http:\/\/museumek.eu\/?page_id=47029"},"modified":"2021-02-04T10:53:35","modified_gmt":"2021-02-04T09:53:35","slug":"fotos-und-beschreibung","status":"publish","type":"page","link":"http:\/\/museumek.eu\/?page_id=47029","title":{"rendered":"Fotos und Beschreibung"},"content":{"rendered":"<p><strong>Abteilung Deutschland, Keramik 1860 \u2013 1960, Inventarnummer D\/CLVII\/1<\/strong><\/p>\n<p>Ulmer Keramik Heinz Saur, Deutschland, Ulm, vor 1950, gro\u00dfer Wandteller, K\u00fcnstler unbekannt, Werks.-Nr. ohne, Exemplar Nr. ohne, gemarkt Firmenmarke in einem Rahmen das Wort Original darunter Ulmer M\u00fcnster darunter ULMER KERAMIK darunter ges. gesch. blauer Stempel unter Glasur, nicht signiert, Literatur: J. G. Th. Graesse und E. Jaennicke, F\u00fchrer f\u00fcr Sammler von Porzellan und Fayence, S. 174 dort unter Ulm, Marke Nr. 1 identisch, am 07.06.1946 gr\u00fcndete Heinz Sauer (geb. 1916 in Essen, gest. 09.11.1962 in Neu-Ulm) in Ulm seine keramische Werkstatt, 1947 startete die Produktion, \u00fcberwiegend handbemalte Majolika, siehe MEK Exemplar, 1948 hatte der Betrieb bereits 25 Besch\u00e4ftige, Leiterin der Malerei war Baronin Sybille von Rotkirch, die in Berlin Kunst und Malerei studiert hatte, 1952 \u00fcbernahm die Firma den Maschinenpark der W\u00fcrttembergischen Metallwarenfabrik (WMF), 1954 wurden ungef\u00e4hr 200 Mitarbeiter besch\u00e4ftigt, die Firma exportierte auch innerhalb Europas, in die USA und Kanada, 1956 produzierten 260 Mitarbeiter t\u00e4glich 6.000 bis 10.000 Artikel, die Firma war zu dieser Zeit die gr\u00f6\u00dfte Majolikafabrik in Deutschland, gro\u00dfe Firmen bestellten bis zu 50.000 Werbeartikel, 1959 musste die Firma ihre Kapazit\u00e4t erweitern, das war am Ulmer Standort nicht m\u00f6glich, deshalb wurde in Neu-Ulm eine neue Fabrik gebaut, sp\u00e4ter wurde die Fabrik in eine KG umgewandelt und 1990 wurde der Betrieb still gelegt, die zeitliche Einordnung erfolgte auf Grund des Markenstempels, der Hinweis gesetzlich gesch\u00fctzt, wurde eigentlich nach 1945 nicht mehr verwendet, in seltenen F\u00e4llen noch, bis sich die gesetzlichen Grundlagen mit Gr\u00fcndung der BRD 1949 \u00e4nderten, Durchmesser 39 cm <\/p>\n<p><a href=\"http:\/\/museumek.eu\/?attachment_id=47030\" rel=\"attachment wp-att-47030\"><img loading=\"lazy\" src=\"http:\/\/museumek.eu\/wp-content\/uploads\/2020\/05\/Ulmer-Keramik-1-300x286.jpg\" alt=\"\" title=\"Ulmer Keramik 1\" width=\"300\" height=\"286\" class=\"alignnone size-medium wp-image-47030\" srcset=\"http:\/\/museumek.eu\/wp-content\/uploads\/2020\/05\/Ulmer-Keramik-1-300x286.jpg 300w, http:\/\/museumek.eu\/wp-content\/uploads\/2020\/05\/Ulmer-Keramik-1-150x143.jpg 150w, http:\/\/museumek.eu\/wp-content\/uploads\/2020\/05\/Ulmer-Keramik-1-314x300.jpg 314w, http:\/\/museumek.eu\/wp-content\/uploads\/2020\/05\/Ulmer-Keramik-1.jpg 503w\" sizes=\"(max-width: 300px) 100vw, 300px\" \/><\/a><\/p>\n<p><a href=\"http:\/\/museumek.eu\/?attachment_id=47031\" rel=\"attachment wp-att-47031\"><img loading=\"lazy\" src=\"http:\/\/museumek.eu\/wp-content\/uploads\/2020\/05\/Ulmer-Keramik-2-300x289.jpg\" alt=\"\" title=\"Ulmer Keramik 2\" width=\"300\" height=\"289\" class=\"alignnone size-medium wp-image-47031\" srcset=\"http:\/\/museumek.eu\/wp-content\/uploads\/2020\/05\/Ulmer-Keramik-2-300x289.jpg 300w, http:\/\/museumek.eu\/wp-content\/uploads\/2020\/05\/Ulmer-Keramik-2-150x144.jpg 150w, http:\/\/museumek.eu\/wp-content\/uploads\/2020\/05\/Ulmer-Keramik-2-310x300.jpg 310w, http:\/\/museumek.eu\/wp-content\/uploads\/2020\/05\/Ulmer-Keramik-2.jpg 497w\" sizes=\"(max-width: 300px) 100vw, 300px\" \/><\/a><\/p>\n<p><a href=\"http:\/\/museumek.eu\/?attachment_id=47032\" rel=\"attachment wp-att-47032\"><img loading=\"lazy\" src=\"http:\/\/museumek.eu\/wp-content\/uploads\/2020\/05\/Ulmer-Keramik-3-300x260.jpg\" alt=\"\" title=\"Ulmer Keramik 3\" width=\"300\" height=\"260\" class=\"alignnone size-medium wp-image-47032\" srcset=\"http:\/\/museumek.eu\/wp-content\/uploads\/2020\/05\/Ulmer-Keramik-3-300x260.jpg 300w, http:\/\/museumek.eu\/wp-content\/uploads\/2020\/05\/Ulmer-Keramik-3-150x130.jpg 150w, http:\/\/museumek.eu\/wp-content\/uploads\/2020\/05\/Ulmer-Keramik-3-345x300.jpg 345w, http:\/\/museumek.eu\/wp-content\/uploads\/2020\/05\/Ulmer-Keramik-3.jpg 457w\" sizes=\"(max-width: 300px) 100vw, 300px\" \/><\/a><\/p>\n","protected":false},"excerpt":{"rendered":"<p>Abteilung Deutschland, Keramik 1860 \u2013 1960, Inventarnummer D\/CLVII\/1 Ulmer Keramik Heinz Saur, Deutschland, Ulm, vor 1950, gro\u00dfer Wandteller, K\u00fcnstler unbekannt, Werks.-Nr. ohne, Exemplar Nr. ohne, gemarkt Firmenmarke in einem Rahmen das Wort Original darunter Ulmer M\u00fcnster darunter ULMER KERAMIK darunter &hellip; <a href=\"http:\/\/museumek.eu\/?page_id=47029\">Weiterlesen <span class=\"meta-nav\">&rarr;<\/span><\/a><\/p>\n","protected":false},"author":1,"featured_media":0,"parent":47026,"menu_order":0,"comment_status":"closed","ping_status":"open","template":"","meta":[],"_links":{"self":[{"href":"http:\/\/museumek.eu\/index.php?rest_route=\/wp\/v2\/pages\/47029"}],"collection":[{"href":"http:\/\/museumek.eu\/index.php?rest_route=\/wp\/v2\/pages"}],"about":[{"href":"http:\/\/museumek.eu\/index.php?rest_route=\/wp\/v2\/types\/page"}],"author":[{"embeddable":true,"href":"http:\/\/museumek.eu\/index.php?rest_route=\/wp\/v2\/users\/1"}],"replies":[{"embeddable":true,"href":"http:\/\/museumek.eu\/index.php?rest_route=%2Fwp%2Fv2%2Fcomments&post=47029"}],"version-history":[{"count":9,"href":"http:\/\/museumek.eu\/index.php?rest_route=\/wp\/v2\/pages\/47029\/revisions"}],"predecessor-version":[{"id":53049,"href":"http:\/\/museumek.eu\/index.php?rest_route=\/wp\/v2\/pages\/47029\/revisions\/53049"}],"up":[{"embeddable":true,"href":"http:\/\/museumek.eu\/index.php?rest_route=\/wp\/v2\/pages\/47026"}],"wp:attachment":[{"href":"http:\/\/museumek.eu\/index.php?rest_route=%2Fwp%2Fv2%2Fmedia&parent=47029"}],"curies":[{"name":"wp","href":"https:\/\/api.w.org\/{rel}","templated":true}]}}