{"id":47106,"date":"2020-05-27T22:59:13","date_gmt":"2020-05-27T20:59:13","guid":{"rendered":"http:\/\/museumek.eu\/?page_id=47106"},"modified":"2020-05-27T22:59:13","modified_gmt":"2020-05-27T20:59:13","slug":"fliii1","status":"publish","type":"page","link":"http:\/\/museumek.eu\/?page_id=47106","title":{"rendered":"F\/LIII\/1"},"content":{"rendered":"<p><strong>Abteilung Frankreich, Keramik 1860 \u2013 1960, Inventarnummer F\/LIII\/1<\/strong><\/p>\n<p>Poterie Savoyarde F. Hertz, Frankreich, Annecy, um 1930, Vase, K\u00fcnstler unbekannt, Werks.-Nr. 53 GG, Exemplar Nr. ohne, gemarkt Pressstempel im Oval F. HERTZ (f\u00fcr Fran\u00e7ois Hertz), um das Oval POTERIE SAVOYARDE ANNECY, 53 sowie GG gepresst, auf der Vase handgemalt Annecy, nicht signiert, die Poterie Hertz kann auf mehrere T\u00f6pfer Generationen zur\u00fcckblicken, der erste T\u00f6pfer war der aus Baden stammende Laurent Hertz, ihm folgte sein Sohn, Ignaz (Joseph) Hertz, der 1810 nach Colmar ging, wo er zehn Jahre lang das Handwerk seines Vaters aus\u00fcbte, bevor er sich in Lavours, Ain niederlie\u00df, die erste Hertz-Keramik wurde gegr\u00fcndet, Ignatz hatte 8 Kinder, von diesen Kinder folgte ihm seine Sohn gleichen Vornamens Joseph nach, Ignaz Hertz starb 1844 und seine Witwe lie\u00df sich in Begleitung ihrer Kinder, darunter Joseph, in Annecy nieder, 1847 heiratete Joseph und arbeitete dann in der N\u00e4he von Annecy, dort erwarb er zwischen 1862 und 1869 mehrere Geb\u00e4ude und Grundst\u00fccke in der N\u00e4he des Thiou, darunter eine stillgelegte Kirche des Heiligen Grabes, aus der die Hertz-Fabrik wurde, von Josephs f\u00fcnf Kindern werden zwei irdene T\u00f6pfer sein, darunter Jean Marie Hertz, der nach seinem Tod am 21. Januar 1886 f\u00fcnfzehn Jahre lang die Nachfolge von Joseph antrat, bevor er die T\u00f6pferei seinen Sohn Fran\u00e7ois weitergab, Fran\u00e7ois Marie Joseph Hertz, Sohn von Jean Marie Hertz, wurde am 2. Oktober 1876 geboren, mit 12 Jahren begann er, den Beruf des T\u00f6pfers zu erlernen, Fran\u00e7ois Hertz gilt als der wichtigste der Familie mit einundf\u00fcnfzigj\u00e4hriger andauernder T\u00f6pferarbeit und verantwortlich f\u00fcr die Ver\u00e4nderungen des 20. Jahrhunderts, zwischen dem 19. Jahrhundert und dem Beginn des 20. Jahrhunderts war die Hertz-Produktion traditionell und zweckm\u00e4\u00dfig, sie stellten Milchkr\u00fcge, Schalen oder Terrinen her, die oft in mit Stroh gef\u00fcllten Kisten nach S\u00fcdamerika gingen, im 20. Jahrhundert ersetzte Metallgeschirr oftmals die Keramik, was Fran\u00e7ois Hertz dazu veranlasste, seine Strategie zu \u00fcberpr\u00fcfen, mit dem Aufkommen des Tourismus und der Urlauber in der N\u00e4he der Stadt Annecy umgab sich die Werkstatt mit K\u00fcnstlern und Malern, um die Entw\u00fcrfe farbenfroh, blumig, mythologisch oder dekorativ zu gestalten und um sie in Souvenirobjekte zu verwandeln, wie es die meisten Savoyer-T\u00f6pfer in der Region zu dieser Zeit taten. Fran\u00e7ois Marie Joseph Hertz starb 1955 und war der letzte T\u00f6pfer der Hertz-Linie, die Hertz-Werkstatt wurde 1966 zerst\u00f6rt, um Platz f\u00fcr eine Turnhalle zu machen, H\u00f6he 11 cm, Breite 18 cm <\/p>\n<p><a href=\"http:\/\/museumek.eu\/?attachment_id=47081\" rel=\"attachment wp-att-47081\"><img loading=\"lazy\" src=\"http:\/\/museumek.eu\/wp-content\/uploads\/2020\/05\/Hertz-Vase-1-300x283.jpg\" alt=\"\" title=\"Hertz Vase 1\" width=\"300\" height=\"283\" class=\"alignnone size-medium wp-image-47081\" srcset=\"http:\/\/museumek.eu\/wp-content\/uploads\/2020\/05\/Hertz-Vase-1-300x283.jpg 300w, http:\/\/museumek.eu\/wp-content\/uploads\/2020\/05\/Hertz-Vase-1-150x141.jpg 150w, http:\/\/museumek.eu\/wp-content\/uploads\/2020\/05\/Hertz-Vase-1-317x300.jpg 317w, http:\/\/museumek.eu\/wp-content\/uploads\/2020\/05\/Hertz-Vase-1.jpg 721w\" sizes=\"(max-width: 300px) 100vw, 300px\" \/><\/a><\/p>\n<p><a href=\"http:\/\/museumek.eu\/?attachment_id=47082\" rel=\"attachment wp-att-47082\"><img loading=\"lazy\" src=\"http:\/\/museumek.eu\/wp-content\/uploads\/2020\/05\/Hertz-Vase-2-300x246.jpg\" alt=\"\" title=\"Hertz Vase 2\" width=\"300\" height=\"246\" class=\"alignnone size-medium wp-image-47082\" srcset=\"http:\/\/museumek.eu\/wp-content\/uploads\/2020\/05\/Hertz-Vase-2-300x246.jpg 300w, http:\/\/museumek.eu\/wp-content\/uploads\/2020\/05\/Hertz-Vase-2-150x123.jpg 150w, http:\/\/museumek.eu\/wp-content\/uploads\/2020\/05\/Hertz-Vase-2-365x300.jpg 365w, http:\/\/museumek.eu\/wp-content\/uploads\/2020\/05\/Hertz-Vase-2.jpg 823w\" sizes=\"(max-width: 300px) 100vw, 300px\" \/><\/a><\/p>\n<p><a href=\"http:\/\/museumek.eu\/?attachment_id=47083\" rel=\"attachment wp-att-47083\"><img loading=\"lazy\" src=\"http:\/\/museumek.eu\/wp-content\/uploads\/2020\/05\/Hertz-Vase-3-300x254.jpg\" alt=\"\" title=\"Hertz Vase 3\" width=\"300\" height=\"254\" class=\"alignnone size-medium wp-image-47083\" srcset=\"http:\/\/museumek.eu\/wp-content\/uploads\/2020\/05\/Hertz-Vase-3-300x254.jpg 300w, http:\/\/museumek.eu\/wp-content\/uploads\/2020\/05\/Hertz-Vase-3-150x127.jpg 150w, http:\/\/museumek.eu\/wp-content\/uploads\/2020\/05\/Hertz-Vase-3-353x300.jpg 353w, http:\/\/museumek.eu\/wp-content\/uploads\/2020\/05\/Hertz-Vase-3.jpg 804w\" sizes=\"(max-width: 300px) 100vw, 300px\" \/><\/a><\/p>\n<p><a href=\"http:\/\/museumek.eu\/?attachment_id=47084\" rel=\"attachment wp-att-47084\"><img loading=\"lazy\" src=\"http:\/\/museumek.eu\/wp-content\/uploads\/2020\/05\/Hertz-Vase-4-300x285.jpg\" alt=\"\" title=\"Hertz Vase 4\" width=\"300\" height=\"285\" class=\"alignnone size-medium wp-image-47084\" srcset=\"http:\/\/museumek.eu\/wp-content\/uploads\/2020\/05\/Hertz-Vase-4-300x285.jpg 300w, http:\/\/museumek.eu\/wp-content\/uploads\/2020\/05\/Hertz-Vase-4-150x142.jpg 150w, http:\/\/museumek.eu\/wp-content\/uploads\/2020\/05\/Hertz-Vase-4-315x300.jpg 315w, http:\/\/museumek.eu\/wp-content\/uploads\/2020\/05\/Hertz-Vase-4.jpg 713w\" sizes=\"(max-width: 300px) 100vw, 300px\" \/><\/a><\/p>\n<p><a href=\"http:\/\/museumek.eu\/?attachment_id=47090\" rel=\"attachment wp-att-47090\"><img loading=\"lazy\" src=\"http:\/\/museumek.eu\/wp-content\/uploads\/2020\/05\/Hertz-Vase-51-291x300.jpg\" alt=\"\" title=\"Hertz Vase 5\" width=\"291\" height=\"300\" class=\"alignnone size-medium wp-image-47090\" srcset=\"http:\/\/museumek.eu\/wp-content\/uploads\/2020\/05\/Hertz-Vase-51-291x300.jpg 291w, http:\/\/museumek.eu\/wp-content\/uploads\/2020\/05\/Hertz-Vase-51-145x150.jpg 145w, http:\/\/museumek.eu\/wp-content\/uploads\/2020\/05\/Hertz-Vase-51.jpg 650w\" sizes=\"(max-width: 291px) 100vw, 291px\" \/><\/a><\/p>\n<p><a href=\"http:\/\/museumek.eu\/?attachment_id=47092\" rel=\"attachment wp-att-47092\"><img loading=\"lazy\" src=\"http:\/\/museumek.eu\/wp-content\/uploads\/2020\/05\/Hertz-Vase-6-300x245.jpg\" alt=\"\" title=\"Hertz Vase 6\" width=\"300\" height=\"245\" class=\"alignnone size-medium wp-image-47092\" srcset=\"http:\/\/museumek.eu\/wp-content\/uploads\/2020\/05\/Hertz-Vase-6-300x245.jpg 300w, http:\/\/museumek.eu\/wp-content\/uploads\/2020\/05\/Hertz-Vase-6-150x122.jpg 150w, http:\/\/museumek.eu\/wp-content\/uploads\/2020\/05\/Hertz-Vase-6-367x300.jpg 367w, http:\/\/museumek.eu\/wp-content\/uploads\/2020\/05\/Hertz-Vase-6.jpg 799w\" sizes=\"(max-width: 300px) 100vw, 300px\" \/><\/a><\/p>\n<p><a href=\"http:\/\/museumek.eu\/?attachment_id=47093\" rel=\"attachment wp-att-47093\"><img loading=\"lazy\" src=\"http:\/\/museumek.eu\/wp-content\/uploads\/2020\/05\/Hertz-Vase-7-300x183.jpg\" alt=\"\" title=\"Hertz Vase 7\" width=\"300\" height=\"183\" class=\"alignnone size-medium wp-image-47093\" srcset=\"http:\/\/museumek.eu\/wp-content\/uploads\/2020\/05\/Hertz-Vase-7-300x183.jpg 300w, http:\/\/museumek.eu\/wp-content\/uploads\/2020\/05\/Hertz-Vase-7-150x91.jpg 150w, http:\/\/museumek.eu\/wp-content\/uploads\/2020\/05\/Hertz-Vase-7-1024x624.jpg 1024w, http:\/\/museumek.eu\/wp-content\/uploads\/2020\/05\/Hertz-Vase-7-491x300.jpg 491w, http:\/\/museumek.eu\/wp-content\/uploads\/2020\/05\/Hertz-Vase-7.jpg 1072w\" sizes=\"(max-width: 300px) 100vw, 300px\" \/><\/a><\/p>\n","protected":false},"excerpt":{"rendered":"<p>Abteilung Frankreich, Keramik 1860 \u2013 1960, Inventarnummer F\/LIII\/1 Poterie Savoyarde F. Hertz, Frankreich, Annecy, um 1930, Vase, K\u00fcnstler unbekannt, Werks.-Nr. 53 GG, Exemplar Nr. ohne, gemarkt Pressstempel im Oval F. HERTZ (f\u00fcr Fran\u00e7ois Hertz), um das Oval POTERIE SAVOYARDE ANNECY, &hellip; <a href=\"http:\/\/museumek.eu\/?page_id=47106\">Weiterlesen <span class=\"meta-nav\">&rarr;<\/span><\/a><\/p>\n","protected":false},"author":1,"featured_media":0,"parent":47104,"menu_order":0,"comment_status":"closed","ping_status":"open","template":"","meta":[],"_links":{"self":[{"href":"http:\/\/museumek.eu\/index.php?rest_route=\/wp\/v2\/pages\/47106"}],"collection":[{"href":"http:\/\/museumek.eu\/index.php?rest_route=\/wp\/v2\/pages"}],"about":[{"href":"http:\/\/museumek.eu\/index.php?rest_route=\/wp\/v2\/types\/page"}],"author":[{"embeddable":true,"href":"http:\/\/museumek.eu\/index.php?rest_route=\/wp\/v2\/users\/1"}],"replies":[{"embeddable":true,"href":"http:\/\/museumek.eu\/index.php?rest_route=%2Fwp%2Fv2%2Fcomments&post=47106"}],"version-history":[{"count":2,"href":"http:\/\/museumek.eu\/index.php?rest_route=\/wp\/v2\/pages\/47106\/revisions"}],"predecessor-version":[{"id":47108,"href":"http:\/\/museumek.eu\/index.php?rest_route=\/wp\/v2\/pages\/47106\/revisions\/47108"}],"up":[{"embeddable":true,"href":"http:\/\/museumek.eu\/index.php?rest_route=\/wp\/v2\/pages\/47104"}],"wp:attachment":[{"href":"http:\/\/museumek.eu\/index.php?rest_route=%2Fwp%2Fv2%2Fmedia&parent=47106"}],"curies":[{"name":"wp","href":"https:\/\/api.w.org\/{rel}","templated":true}]}}