{"id":47190,"date":"2020-06-03T23:58:56","date_gmt":"2020-06-03T21:58:56","guid":{"rendered":"http:\/\/museumek.eu\/?page_id=47190"},"modified":"2021-02-27T13:27:08","modified_gmt":"2021-02-27T12:27:08","slug":"alv1","status":"publish","type":"page","link":"http:\/\/museumek.eu\/?page_id=47190","title":{"rendered":"A\/LV\/1"},"content":{"rendered":"<p><strong>Abteilung Austria, Keramik 1860 \u2013 1960, Inventarnummer A\/LV\/1<\/strong><\/p>\n<p>Porzellanfabrik Oscar &#038; Edgar Gutherz, vormals Porzellanmalerei und Porzellanwarenhandel Marx &#038; Gutherz, Austria, Alt Rohlau, um 1900, Teller, K\u00fcnstler unbekannt, Werks.-Nr. ohne, Exemplar Nr. ohne, gemarkt im Halbkreis O &#038; E. G. (f\u00fcr Oscar und Edgar Gutherz) darunter im Lorbeerkranz ROYAL darunter AUSTRIA gr\u00fcner Stempel unter Glasur sowie J (?) L braun unter Glasur gemalt, nicht signiert, Literatur: Dieter Z\u00fchlsdorff, Markenlexikon Band 1, Porzellan und Keramik Report 1885 &#8211; 1935, Seite 330, Werkteil-Nummer 1., Gruppen-Nummer 12. fortlaufende Nummer innerhalb der Gruppe 142 identische Marke (g\u00fcltig f\u00fcr die 1899 &#8211; 1918) sowie Seite 465, Werk-Teil 3., laufende Nummer des Werkteils 34, dort kurze Beschreibung der Fabrik, weitere Literatur: Ludwig Danckert, Handbuch des Europ\u00e4ischen Porzellans, 7. Auflage, Seite 32, dort kurze Beschreibung der Fabrik sowie Abb. der identischen Marke, die Porzellanfabrik wurde wohl 1876 als Porzellanmalerei und Porzellanwarenhandel Marx und Gutherz gegr\u00fcndet, wahrscheinlich waren beide Br\u00fcder Gutherz Oscar und Edgar von Beginn an Mitinhaber, Firmierung Porzellanmalerei und Porzellanwarenhandel Marx &#038; Gutherz, 1898\/1899 schied Marx aus, alleinige Inhaber nun die Gebr\u00fcder Gutherz, die wohl zu diesem Zeitpunkt die Porzellanmalerei zu einer Porzellanfabrik ausbauten, Firmierung ab da Porzellanfabrik Oscar &#038; Edgar Gutherz, die Fabrik bestand bis 1918 und gliederte sich dann in die \u00d6PIAG (\u00d6sterreichische Porzellan-Industrie AG) ein, die 1920 in EPIAG (Erste B\u00f6hmische Porzellan-Industrie AG) umbenannt wurde, Durchmesser 22 cm<\/p>\n<p><a href=\"http:\/\/museumek.eu\/?attachment_id=47172\" rel=\"attachment wp-att-47172\"><img loading=\"lazy\" src=\"http:\/\/museumek.eu\/wp-content\/uploads\/2020\/06\/Marx-und-Gutherz-1-300x278.jpg\" alt=\"\" title=\"Marx und Gutherz 1\" width=\"300\" height=\"278\" class=\"alignnone size-medium wp-image-47172\" srcset=\"http:\/\/museumek.eu\/wp-content\/uploads\/2020\/06\/Marx-und-Gutherz-1-300x278.jpg 300w, http:\/\/museumek.eu\/wp-content\/uploads\/2020\/06\/Marx-und-Gutherz-1-150x139.jpg 150w, http:\/\/museumek.eu\/wp-content\/uploads\/2020\/06\/Marx-und-Gutherz-1-323x300.jpg 323w, http:\/\/museumek.eu\/wp-content\/uploads\/2020\/06\/Marx-und-Gutherz-1.jpg 517w\" sizes=\"(max-width: 300px) 100vw, 300px\" \/><\/a><\/p>\n<p><a href=\"http:\/\/museumek.eu\/?attachment_id=47173\" rel=\"attachment wp-att-47173\"><img loading=\"lazy\" src=\"http:\/\/museumek.eu\/wp-content\/uploads\/2020\/06\/Marx-und-Gutherz-2-242x300.jpg\" alt=\"\" title=\"Marx und Gutherz 2\" width=\"242\" height=\"300\" class=\"alignnone size-medium wp-image-47173\" srcset=\"http:\/\/museumek.eu\/wp-content\/uploads\/2020\/06\/Marx-und-Gutherz-2-242x300.jpg 242w, http:\/\/museumek.eu\/wp-content\/uploads\/2020\/06\/Marx-und-Gutherz-2-121x150.jpg 121w, http:\/\/museumek.eu\/wp-content\/uploads\/2020\/06\/Marx-und-Gutherz-2.jpg 480w\" sizes=\"(max-width: 242px) 100vw, 242px\" \/><\/a><\/p>\n<p><a href=\"http:\/\/museumek.eu\/?attachment_id=47174\" rel=\"attachment wp-att-47174\"><img loading=\"lazy\" src=\"http:\/\/museumek.eu\/wp-content\/uploads\/2020\/06\/Marx-und-Gutherz-3-300x295.jpg\" alt=\"\" title=\"Marx und Gutherz 3\" width=\"300\" height=\"295\" class=\"alignnone size-medium wp-image-47174\" srcset=\"http:\/\/museumek.eu\/wp-content\/uploads\/2020\/06\/Marx-und-Gutherz-3-300x295.jpg 300w, http:\/\/museumek.eu\/wp-content\/uploads\/2020\/06\/Marx-und-Gutherz-3-150x147.jpg 150w, http:\/\/museumek.eu\/wp-content\/uploads\/2020\/06\/Marx-und-Gutherz-3-304x300.jpg 304w, http:\/\/museumek.eu\/wp-content\/uploads\/2020\/06\/Marx-und-Gutherz-3.jpg 487w\" sizes=\"(max-width: 300px) 100vw, 300px\" \/><\/a><\/p>\n<p><a href=\"http:\/\/museumek.eu\/?attachment_id=47176\" rel=\"attachment wp-att-47176\"><img loading=\"lazy\" src=\"http:\/\/museumek.eu\/wp-content\/uploads\/2020\/06\/Marx-und-Gutherz-41-300x189.jpg\" alt=\"\" title=\"Marx und Gutherz 4\" width=\"300\" height=\"189\" class=\"alignnone size-medium wp-image-47176\" srcset=\"http:\/\/museumek.eu\/wp-content\/uploads\/2020\/06\/Marx-und-Gutherz-41-300x189.jpg 300w, http:\/\/museumek.eu\/wp-content\/uploads\/2020\/06\/Marx-und-Gutherz-41-150x94.jpg 150w, http:\/\/museumek.eu\/wp-content\/uploads\/2020\/06\/Marx-und-Gutherz-41-474x300.jpg 474w, http:\/\/museumek.eu\/wp-content\/uploads\/2020\/06\/Marx-und-Gutherz-41.jpg 640w\" sizes=\"(max-width: 300px) 100vw, 300px\" \/><\/a><\/p>\n<p><a href=\"http:\/\/museumek.eu\/?attachment_id=47177\" rel=\"attachment wp-att-47177\"><img loading=\"lazy\" src=\"http:\/\/museumek.eu\/wp-content\/uploads\/2020\/06\/Marx-und-Gutherz-5-300x285.jpg\" alt=\"\" title=\"Marx und Gutherz 5\" width=\"300\" height=\"285\" class=\"alignnone size-medium wp-image-47177\" srcset=\"http:\/\/museumek.eu\/wp-content\/uploads\/2020\/06\/Marx-und-Gutherz-5-300x285.jpg 300w, http:\/\/museumek.eu\/wp-content\/uploads\/2020\/06\/Marx-und-Gutherz-5-150x142.jpg 150w, http:\/\/museumek.eu\/wp-content\/uploads\/2020\/06\/Marx-und-Gutherz-5-315x300.jpg 315w, http:\/\/museumek.eu\/wp-content\/uploads\/2020\/06\/Marx-und-Gutherz-5.jpg 504w\" sizes=\"(max-width: 300px) 100vw, 300px\" \/><\/a><\/p>\n<p><a href=\"http:\/\/museumek.eu\/?attachment_id=47178\" rel=\"attachment wp-att-47178\"><img loading=\"lazy\" src=\"http:\/\/museumek.eu\/wp-content\/uploads\/2020\/06\/Marx-und-Gutherz-6-300x270.jpg\" alt=\"\" title=\"Marx und Gutherz 6\" width=\"300\" height=\"270\" class=\"alignnone size-medium wp-image-47178\" srcset=\"http:\/\/museumek.eu\/wp-content\/uploads\/2020\/06\/Marx-und-Gutherz-6-300x270.jpg 300w, http:\/\/museumek.eu\/wp-content\/uploads\/2020\/06\/Marx-und-Gutherz-6-150x135.jpg 150w, http:\/\/museumek.eu\/wp-content\/uploads\/2020\/06\/Marx-und-Gutherz-6-332x300.jpg 332w, http:\/\/museumek.eu\/wp-content\/uploads\/2020\/06\/Marx-und-Gutherz-6.jpg 532w\" sizes=\"(max-width: 300px) 100vw, 300px\" \/><\/a><\/p>\n","protected":false},"excerpt":{"rendered":"<p>Abteilung Austria, Keramik 1860 \u2013 1960, Inventarnummer A\/LV\/1 Porzellanfabrik Oscar &#038; Edgar Gutherz, vormals Porzellanmalerei und Porzellanwarenhandel Marx &#038; Gutherz, Austria, Alt Rohlau, um 1900, Teller, K\u00fcnstler unbekannt, Werks.-Nr. ohne, Exemplar Nr. ohne, gemarkt im Halbkreis O &#038; E. G. &hellip; <a href=\"http:\/\/museumek.eu\/?page_id=47190\">Weiterlesen <span class=\"meta-nav\">&rarr;<\/span><\/a><\/p>\n","protected":false},"author":1,"featured_media":0,"parent":47188,"menu_order":0,"comment_status":"closed","ping_status":"open","template":"","meta":[],"_links":{"self":[{"href":"http:\/\/museumek.eu\/index.php?rest_route=\/wp\/v2\/pages\/47190"}],"collection":[{"href":"http:\/\/museumek.eu\/index.php?rest_route=\/wp\/v2\/pages"}],"about":[{"href":"http:\/\/museumek.eu\/index.php?rest_route=\/wp\/v2\/types\/page"}],"author":[{"embeddable":true,"href":"http:\/\/museumek.eu\/index.php?rest_route=\/wp\/v2\/users\/1"}],"replies":[{"embeddable":true,"href":"http:\/\/museumek.eu\/index.php?rest_route=%2Fwp%2Fv2%2Fcomments&post=47190"}],"version-history":[{"count":9,"href":"http:\/\/museumek.eu\/index.php?rest_route=\/wp\/v2\/pages\/47190\/revisions"}],"predecessor-version":[{"id":53643,"href":"http:\/\/museumek.eu\/index.php?rest_route=\/wp\/v2\/pages\/47190\/revisions\/53643"}],"up":[{"embeddable":true,"href":"http:\/\/museumek.eu\/index.php?rest_route=\/wp\/v2\/pages\/47188"}],"wp:attachment":[{"href":"http:\/\/museumek.eu\/index.php?rest_route=%2Fwp%2Fv2%2Fmedia&parent=47190"}],"curies":[{"name":"wp","href":"https:\/\/api.w.org\/{rel}","templated":true}]}}