{"id":47284,"date":"2020-06-06T23:08:41","date_gmt":"2020-06-06T21:08:41","guid":{"rendered":"http:\/\/museumek.eu\/?page_id=47284"},"modified":"2021-01-15T10:00:07","modified_gmt":"2021-01-15T09:00:07","slug":"kurzbiografie-und-inventar-zum-kunstler","status":"publish","type":"page","link":"http:\/\/museumek.eu\/?page_id=47284","title":{"rendered":"Kurzbiografie und Inventar zum K\u00fcnstler"},"content":{"rendered":"<p>Paul Mignon wurde am 24. Mai 1930 in Herserange geboren. Er starb am 18. M\u00e4rz 2012 in Metz.<br \/>\n1945 trat er im Wettbewerb als Dekorationslehrling auf Anweisung des damaligen k\u00fcnstlerischen Leiters Maurice Paul Chevallier in die Fa\u00efencerie de Longwy ein. Als besonders begabter Lehrling erhielt er den ersten Platz beim Nationalen Wettbewerb f\u00fcr Lehrlingsdekorateure. Ermutigt durch seine ersten Erfolge vertraute ihm das Management der T\u00f6pferei wichtigere Arbeiten an und ab 1947 signierte er seine ersten Kreationen in limitierter Auflage, w\u00e4hrend er weiterhin Tischservice und nicht signierte Werbeartikel kreierte. 1952, am Ende seines Milit\u00e4rdienstes, nahm er sein Amt wieder auf und Herr Baron d&#8217;Huart, Inhaber der Manufaktur, ernannte ihn zum Kurator des Mus\u00e9e Priv\u00e9 des Fa\u00efenceries. Um 1955 befestigte Paul Mignon an seiner Unterschrift ein feuriges Stechpalmenblatt und manchmal sogar ein Schwert, das jedoch immer von einer klassischen gedruckten Marke der Keramik begleitet wurde. 1965 wurde er mit Meilleur Ouvrier de France ausgezeichnet. Er hatte die Ehre, einzigartige St\u00fccke f\u00fcr Eisenhower, Pompidou und Mitterrand zu fertigen oder St\u00fccke f\u00fcr prestigetr\u00e4chtige Gedenkfeiern. Im Juni 1988 wurde er zum National Order of Merit bef\u00f6rdert. Im Juni 1991 ging er in den Ruhestand.<\/p>\n<p><strong>Abteilung Frankreich, Keramik 1860 \u2013 1960, Inventarnummer F\/LIV\/3<\/strong><\/p>\n<p>Fa\u00efencerie de Longwy und Nachf. Soci\u00e9t\u00e9 anonyme des Fa\u00efenceries de Longwy, Frankreich, Longwy, um 1955, Zierteller SAARLOUIS, K\u00fcnstler Paul Mignon, Werks.-Nr. ohne, Exemplar Nr. ohne, gemarkt Firmenmarke In einem Kreis oben halbkreisf\u00f6rmig DECORE \u00e1la MAIN (franz. f\u00fcr mit der Hand gemalt), links und rechts eine \u00c4hrengarbe, mittig links und rechts Lothringer Kreuze dazwischen Krone, unter der Krone Wappen \u00e4hnlicher Rahmen mit Pflanze, darunter EMAUX DE LONGWY (Emaux franz. f\u00fcr Emaille) darunter FRANCE, unter dem Kreis Made in France gr\u00fcner Stempel unter Glasur sowie Creation Paul Mignon und dahinter eine Stechpalme schwarz auf Glasur gemalt sowie F3301 schwarz auf Glasur gemalt, signiert Paul Mignon, Literatur: Dieter Z\u00fchlsdorff, Markenlexikon Band 1, Porzellan und Keramik Report 1885 &#8211; 1935, Seite 213, Marke Werkteil-Nummer 1, Gruppen-Nummer 2, fortlaufende Nummer innerhalb der Gruppe 2286, dort identische Marke (f\u00fcr die Zeit ab 1920) sowie Seite 484, Werkteil-Nummer 3, fortlaufende Nummer innerhalb des Werkteils 766, dort mangelhafte und unvollst\u00e4ndige Beschreibung der Fabrik, 1798 gr\u00fcndete Charles R\u00e9gnier in Longwy-Bas eine Fa\u00efencerie. Firmierung, Fa\u00efencerie de Longwy. Er installierte die Fabrik in einem ehemaligen karmelitischen Kloster im unteren Teil der Stadt. Zwischen 1814 und 1815 wurde die Produktion aufgrund wirtschaftlicher Schwierigkeiten eingestellt, haupts\u00e4chlich aufgrund der Napoleonischen Kriege und der Belagerung der Stadt durch die Preu\u00dfen.  Vor einer teilweisen Wiederaufnahme der T\u00e4tigkeit beschlie\u00dft Charles R\u00e9gnier, sein Gesch\u00e4ft 1816 zu verkaufen, das von Jean-Antoine de Nothomb, ehemaliger Oberst eines K\u00fcrassier-Regiments, erworben wird, verheiratet mit Marie-Catherine Boch, der Tochter von Pierre-. Joseph Boch, Besitzer der Keramik von Audun-le-Tiche und Septfontaines . 1835 \u00fcbernahm Henri-Joseph d&#8217;Huart, der Fanny de Nothomb (Tochter von Jean-Antoine de Nothomb) heiratete, die Leitung der Fa\u00efencerie de Longwy und der von Audun-le-Tiche. Er modernisierte das Unternehmen und brachte es in das Industriezeitalter. 1866 \u00fcbertrug er das Gesch\u00e4ft auf seine beiden S\u00f6hne Fernand und Hippolyte. Aber um 1872 begann die Herstellung von Emaille-St\u00fccken. Aber diese handwerkliche Methode ist in Bezug auf Arbeitskr\u00e4fte kostspielig und wird unter dem Impuls der Br\u00fcder Huart sehr schnell industrialisiert, indem die Drucktechnik verwendet wird, um die Konturen auszulegen und die Produktivit\u00e4t in der Geschwindigkeit zu erh\u00f6hen. 1873 z\u00e4hlte die Dekorationswerkstatt vierzig Maler, 1878 mehr als 200 Maler. Der Erfolg ist \u00fcberw\u00e4ltigend und die Fa\u00efencerie erzielt auf den Weltausstellungen von 1878 und 1889 zahlreiche Preise, was den H\u00f6hepunkt der Fa\u00efencerie darstellt. Japan und China sind haupts\u00e4chlich die Inspiration f\u00fcr Dekorationen und Formen. Um 1900 wurde die Produktion aufgrund eines r\u00fcckl\u00e4ufigen Gesch\u00e4ftsumfelds schwieriger, und das Unternehmen entschied sich mehr f\u00fcr Rentabilit\u00e4t als f\u00fcr Prestige oder einzigartige Werke. Die Entwicklung bekannter Dekorationen (D188 &#038; D792) sollte vereinfacht werden. Die meisten Email Dekorationen wurden nun mit einem blauen Hintergrund hergestellt (Bleu Longwy). 1901 \u00e4nderte das Unternehmen seinen sozialen Status und wurde 1914 zur Soci\u00e9t\u00e9 anonyme des Fa\u00efenceries de Longwy mit bis zu vierhundertf\u00fcnfzig Mitarbeitern. W\u00e4hrend des WK I wurde die Fabrik durch Bomben teilweise zerst\u00f6rt und die Produktion wurde eingestellt. Ab 1918 er\u00f6ffnete der Art-Deco-Stil dem Steingut neue k\u00fcnstlerische Perspektiven. Die Fa\u00efencerie produzierte auch f\u00fcr das renommierte Kunsthandelshaus &#8222;Primavera&#8220;. In dieser Zeit arbeiteten viele K\u00fcnstler wie Claude L\u00e9vy, Jean Luce (1895-1964), Jean Olin oder Raymond Chevallier (1900-1959) mit der Fa\u00efencerie zusammen und schufen moderne und geometrischere Formen. Der H\u00f6hepunkt dieser Zeit war die Teilnahme an der Internationalen Ausstellung f\u00fcr moderne dekorative und industrielle Kunst im Jahr 1925. Die Weltwirtschaftskrise, die 1929 in den Vereinigten Staaten begann, erreichte Frankreich in den Jahren 1930-1931. Die Aktivit\u00e4t und das Personal  wurden reduziert. 1939 wurde die Produktion eingestellt. 1941 wurde die Produktion mit 20 Mitarbeitern wieder aufgenommen. Diese stellten vorwiegend Emaill St\u00fccke her. 1943 \u00fcbernahm Maurice-Paul Chevallier die Leitung der k\u00fcnstlerischen Dekorationswerkst\u00e4tten (ein Posten, den er bereits vor dem Krieg inne hatte) unterst\u00fctzt von Paul Mignon (1930-2012), dem besten jungen Dekorationslehrling, Durchmesser 25,5 cm <\/p>\n<p><a href=\"http:\/\/museumek.eu\/?attachment_id=47248\" rel=\"attachment wp-att-47248\"><img loading=\"lazy\" src=\"http:\/\/museumek.eu\/wp-content\/uploads\/2020\/06\/Longwy-Saarlouis-Teller-1-300x293.jpg\" alt=\"\" title=\"Longwy Saarlouis Teller 1\" width=\"300\" height=\"293\" class=\"alignnone size-medium wp-image-47248\" srcset=\"http:\/\/museumek.eu\/wp-content\/uploads\/2020\/06\/Longwy-Saarlouis-Teller-1-300x293.jpg 300w, http:\/\/museumek.eu\/wp-content\/uploads\/2020\/06\/Longwy-Saarlouis-Teller-1-150x146.jpg 150w, http:\/\/museumek.eu\/wp-content\/uploads\/2020\/06\/Longwy-Saarlouis-Teller-1-306x300.jpg 306w, http:\/\/museumek.eu\/wp-content\/uploads\/2020\/06\/Longwy-Saarlouis-Teller-1.jpg 698w\" sizes=\"(max-width: 300px) 100vw, 300px\" \/><\/a><\/p>\n<p><a href=\"http:\/\/museumek.eu\/?attachment_id=47249\" rel=\"attachment wp-att-47249\"><img loading=\"lazy\" src=\"http:\/\/museumek.eu\/wp-content\/uploads\/2020\/06\/Longwy-Saarlouis-Teller-2-223x300.jpg\" alt=\"\" title=\"Longwy Saarlouis Teller 2\" width=\"223\" height=\"300\" class=\"alignnone size-medium wp-image-47249\" srcset=\"http:\/\/museumek.eu\/wp-content\/uploads\/2020\/06\/Longwy-Saarlouis-Teller-2-223x300.jpg 223w, http:\/\/museumek.eu\/wp-content\/uploads\/2020\/06\/Longwy-Saarlouis-Teller-2-111x150.jpg 111w, http:\/\/museumek.eu\/wp-content\/uploads\/2020\/06\/Longwy-Saarlouis-Teller-2.jpg 511w\" sizes=\"(max-width: 223px) 100vw, 223px\" \/><\/a><\/p>\n<p><a href=\"http:\/\/museumek.eu\/?attachment_id=47250\" rel=\"attachment wp-att-47250\"><img loading=\"lazy\" src=\"http:\/\/museumek.eu\/wp-content\/uploads\/2020\/06\/Longwy-Saarlouis-Teller-3-296x300.jpg\" alt=\"\" title=\"Longwy Saarlouis Teller 3\" width=\"296\" height=\"300\" class=\"alignnone size-medium wp-image-47250\" srcset=\"http:\/\/museumek.eu\/wp-content\/uploads\/2020\/06\/Longwy-Saarlouis-Teller-3-296x300.jpg 296w, http:\/\/museumek.eu\/wp-content\/uploads\/2020\/06\/Longwy-Saarlouis-Teller-3-148x150.jpg 148w, http:\/\/museumek.eu\/wp-content\/uploads\/2020\/06\/Longwy-Saarlouis-Teller-3.jpg 672w\" sizes=\"(max-width: 296px) 100vw, 296px\" \/><\/a><\/p>\n<p><a href=\"http:\/\/museumek.eu\/?attachment_id=47251\" rel=\"attachment wp-att-47251\"><img loading=\"lazy\" src=\"http:\/\/museumek.eu\/wp-content\/uploads\/2020\/06\/Longwy-Saarlouis-Teller-4-300x300.jpg\" alt=\"\" title=\"Longwy Saarlouis Teller 4\" width=\"300\" height=\"300\" class=\"alignnone size-medium wp-image-47251\" srcset=\"http:\/\/museumek.eu\/wp-content\/uploads\/2020\/06\/Longwy-Saarlouis-Teller-4-300x300.jpg 300w, http:\/\/museumek.eu\/wp-content\/uploads\/2020\/06\/Longwy-Saarlouis-Teller-4-150x150.jpg 150w, http:\/\/museumek.eu\/wp-content\/uploads\/2020\/06\/Longwy-Saarlouis-Teller-4.jpg 684w\" sizes=\"(max-width: 300px) 100vw, 300px\" \/><\/a><\/p>\n<p><a href=\"http:\/\/museumek.eu\/?attachment_id=47252\" rel=\"attachment wp-att-47252\"><img loading=\"lazy\" src=\"http:\/\/museumek.eu\/wp-content\/uploads\/2020\/06\/Longwy-Saarlouis-Teller-5-300x150.jpg\" alt=\"\" title=\"Longwy Saarlouis Teller 5\" width=\"300\" height=\"150\" class=\"alignnone size-medium wp-image-47252\" srcset=\"http:\/\/museumek.eu\/wp-content\/uploads\/2020\/06\/Longwy-Saarlouis-Teller-5-300x150.jpg 300w, http:\/\/museumek.eu\/wp-content\/uploads\/2020\/06\/Longwy-Saarlouis-Teller-5-150x75.jpg 150w, http:\/\/museumek.eu\/wp-content\/uploads\/2020\/06\/Longwy-Saarlouis-Teller-5-500x250.jpg 500w, http:\/\/museumek.eu\/wp-content\/uploads\/2020\/06\/Longwy-Saarlouis-Teller-5.jpg 919w\" sizes=\"(max-width: 300px) 100vw, 300px\" \/><\/a><\/p>\n","protected":false},"excerpt":{"rendered":"<p>Paul Mignon wurde am 24. Mai 1930 in Herserange geboren. Er starb am 18. M\u00e4rz 2012 in Metz. 1945 trat er im Wettbewerb als Dekorationslehrling auf Anweisung des damaligen k\u00fcnstlerischen Leiters Maurice Paul Chevallier in die Fa\u00efencerie de Longwy ein. &hellip; <a href=\"http:\/\/museumek.eu\/?page_id=47284\">Weiterlesen <span class=\"meta-nav\">&rarr;<\/span><\/a><\/p>\n","protected":false},"author":1,"featured_media":0,"parent":47282,"menu_order":0,"comment_status":"closed","ping_status":"open","template":"","meta":[],"_links":{"self":[{"href":"http:\/\/museumek.eu\/index.php?rest_route=\/wp\/v2\/pages\/47284"}],"collection":[{"href":"http:\/\/museumek.eu\/index.php?rest_route=\/wp\/v2\/pages"}],"about":[{"href":"http:\/\/museumek.eu\/index.php?rest_route=\/wp\/v2\/types\/page"}],"author":[{"embeddable":true,"href":"http:\/\/museumek.eu\/index.php?rest_route=\/wp\/v2\/users\/1"}],"replies":[{"embeddable":true,"href":"http:\/\/museumek.eu\/index.php?rest_route=%2Fwp%2Fv2%2Fcomments&post=47284"}],"version-history":[{"count":7,"href":"http:\/\/museumek.eu\/index.php?rest_route=\/wp\/v2\/pages\/47284\/revisions"}],"predecessor-version":[{"id":52249,"href":"http:\/\/museumek.eu\/index.php?rest_route=\/wp\/v2\/pages\/47284\/revisions\/52249"}],"up":[{"embeddable":true,"href":"http:\/\/museumek.eu\/index.php?rest_route=\/wp\/v2\/pages\/47282"}],"wp:attachment":[{"href":"http:\/\/museumek.eu\/index.php?rest_route=%2Fwp%2Fv2%2Fmedia&parent=47284"}],"curies":[{"name":"wp","href":"https:\/\/api.w.org\/{rel}","templated":true}]}}