{"id":47526,"date":"2020-06-14T12:30:04","date_gmt":"2020-06-14T10:30:04","guid":{"rendered":"http:\/\/museumek.eu\/?page_id=47526"},"modified":"2021-07-13T21:59:47","modified_gmt":"2021-07-13T19:59:47","slug":"alvi1","status":"publish","type":"page","link":"http:\/\/museumek.eu\/?page_id=47526","title":{"rendered":"A\/LVI\/1"},"content":{"rendered":"<p><strong>Abteilung Austria, Keramik 1860 \u2013 1960, Inventarnummer A\/LVI\/1<\/strong><\/p>\n<p>K.k. priv. Carlsbader Porzellan- und Keramische Specialit\u00e4ten-Fabrik Carl Knoll, Austria, Fischern (Ryb\u00e1\u0159e) bei Carlsbad (Karlovy Vary), um 1881 (Wei\u00dfware evtl. aus der eigenen Produktion Zeit 1850 &#8211; 1860), Zierteller, K\u00fcnstler unbekannt, Werks.-Nr. ohne, Exemplar Nr. ohne, gemarkt Firmenmarke mit Carl Knoll darunter CARLSBAD gepresst, 3. sowie III gepresst, nicht signiert, Literatur: Dieter Z\u00fchlsdorff, Markenlexikon Band 1, Porzellan und Keramik Report 1885 &#8211; 1935, Seite 163, Marke Werk-Teil 1., Gruppennummer des Werkteils 2., laufende Nummer innerhalb der Gruppe 1032 \u00e4hnliche Marke (dort g\u00fcltig f\u00fcr die Zeit 1848 bis nach 1910), sowie Seite 500, Werk-Teil 3., laufende Nummer des Werkteils 357, dort kurze Beschreibung der Fabrik, weitere Literatur: Ludwig Danckert, Handbuch des Europ\u00e4ischen Porzellans, 7. Auflage, Seiten 174\/175, kurze Beschreibung der Fabrik sowie Seite 175, Marke Nr. 1 identisch (dort beschrieben als Blindstempel auf unbemaltem Porzellan 1850 &#8211; 1860), 1842 gr\u00fcndete der Carlsbader Gesch\u00e4ftsmann Carl Knoll ein Kaolinschlemmwerk in Carlsbad, um damit Carlsbader Porzellanfabriken zu beliefern, die Fabrik entwickelte sich gut und so beschloss Knoll 1846 auch noch eine kleine Porzellanfabrik mit 2 Brenn\u00f6fen auf seinem Fabrikgel\u00e4nde zu bauen, am 17.08.1948 erhielt er das Privileg zur Porzellanproduktion, die Porzellanfabrik entwickelte sich auch gut und Knoll baute weitere 4 Rund\u00f6fen, 1868 verstarb Carl Knoll und seine S\u00f6hne Adolf Knoll, Carl Knoll jun. und Ludwig Knoll f\u00fchrten die Fabrik fort, die Hauptniederlage war in Wien, in Marienbach befand sich eine Sommersaison Niederlage, ab 1903 f\u00fchrte Carl Knoll jun. die Fabrik allein, wahrscheinlich waren seine Br\u00fcder gestorben, Carl Knoll jun. suchte sich drei weitere Partner, Anton Weber und die Br\u00fcder Wilhelm und Alfred Lorenz, um 1925 waren Ernst Mayer und Heinrich Enders Eigent\u00fcmer der Fabrik, am 01.01.1946 wurde die Fabrik verstaatlicht und 1949 wurde der Betrieb der Fabrik eingestellt, Durchmesser 22,5 cm<\/p>\n<p><a href=\"http:\/\/museumek.eu\/?attachment_id=47510\" rel=\"attachment wp-att-47510\"><img loading=\"lazy\" src=\"http:\/\/museumek.eu\/wp-content\/uploads\/2020\/06\/Carl-Knoll-Zierteller-1-292x300.jpg\" alt=\"\" title=\"Carl Knoll Zierteller 1\" width=\"292\" height=\"300\" class=\"alignnone size-medium wp-image-47510\" srcset=\"http:\/\/museumek.eu\/wp-content\/uploads\/2020\/06\/Carl-Knoll-Zierteller-1-292x300.jpg 292w, http:\/\/museumek.eu\/wp-content\/uploads\/2020\/06\/Carl-Knoll-Zierteller-1-146x150.jpg 146w, http:\/\/museumek.eu\/wp-content\/uploads\/2020\/06\/Carl-Knoll-Zierteller-1.jpg 480w\" sizes=\"(max-width: 292px) 100vw, 292px\" \/><\/a><\/p>\n<p><a href=\"http:\/\/museumek.eu\/?attachment_id=47511\" rel=\"attachment wp-att-47511\"><img loading=\"lazy\" src=\"http:\/\/museumek.eu\/wp-content\/uploads\/2020\/06\/Carl-Knoll-Zierteller-2-300x102.jpg\" alt=\"\" title=\"Carl Knoll Zierteller 2\" width=\"300\" height=\"102\" class=\"alignnone size-medium wp-image-47511\" srcset=\"http:\/\/museumek.eu\/wp-content\/uploads\/2020\/06\/Carl-Knoll-Zierteller-2-300x102.jpg 300w, http:\/\/museumek.eu\/wp-content\/uploads\/2020\/06\/Carl-Knoll-Zierteller-2-150x51.jpg 150w, http:\/\/museumek.eu\/wp-content\/uploads\/2020\/06\/Carl-Knoll-Zierteller-2-500x171.jpg 500w, http:\/\/museumek.eu\/wp-content\/uploads\/2020\/06\/Carl-Knoll-Zierteller-2.jpg 640w\" sizes=\"(max-width: 300px) 100vw, 300px\" \/><\/a><\/p>\n<p><a href=\"http:\/\/museumek.eu\/?attachment_id=47512\" rel=\"attachment wp-att-47512\"><img loading=\"lazy\" src=\"http:\/\/museumek.eu\/wp-content\/uploads\/2020\/06\/Carl-Knoll-Zierteller-3-225x300.jpg\" alt=\"\" title=\"Carl Knoll Zierteller 3\" width=\"225\" height=\"300\" class=\"alignnone size-medium wp-image-47512\" srcset=\"http:\/\/museumek.eu\/wp-content\/uploads\/2020\/06\/Carl-Knoll-Zierteller-3-225x300.jpg 225w, http:\/\/museumek.eu\/wp-content\/uploads\/2020\/06\/Carl-Knoll-Zierteller-3-112x150.jpg 112w, http:\/\/museumek.eu\/wp-content\/uploads\/2020\/06\/Carl-Knoll-Zierteller-3.jpg 480w\" sizes=\"(max-width: 225px) 100vw, 225px\" \/><\/a><\/p>\n<p><a href=\"http:\/\/museumek.eu\/?attachment_id=47513\" rel=\"attachment wp-att-47513\"><img loading=\"lazy\" src=\"http:\/\/museumek.eu\/wp-content\/uploads\/2020\/06\/Carl-Knoll-Zierteller-4-300x284.jpg\" alt=\"\" title=\"Carl Knoll Zierteller 4\" width=\"300\" height=\"284\" class=\"alignnone size-medium wp-image-47513\" srcset=\"http:\/\/museumek.eu\/wp-content\/uploads\/2020\/06\/Carl-Knoll-Zierteller-4-300x284.jpg 300w, http:\/\/museumek.eu\/wp-content\/uploads\/2020\/06\/Carl-Knoll-Zierteller-4-150x142.jpg 150w, http:\/\/museumek.eu\/wp-content\/uploads\/2020\/06\/Carl-Knoll-Zierteller-4-316x300.jpg 316w, http:\/\/museumek.eu\/wp-content\/uploads\/2020\/06\/Carl-Knoll-Zierteller-4.jpg 506w\" sizes=\"(max-width: 300px) 100vw, 300px\" \/><\/a><\/p>\n<p><a href=\"http:\/\/museumek.eu\/?attachment_id=47514\" rel=\"attachment wp-att-47514\"><img loading=\"lazy\" src=\"http:\/\/museumek.eu\/wp-content\/uploads\/2020\/06\/Carl-Knoll-Zierteller-5-254x300.jpg\" alt=\"\" title=\"Carl Knoll Zierteller 5\" width=\"254\" height=\"300\" class=\"alignnone size-medium wp-image-47514\" srcset=\"http:\/\/museumek.eu\/wp-content\/uploads\/2020\/06\/Carl-Knoll-Zierteller-5-254x300.jpg 254w, http:\/\/museumek.eu\/wp-content\/uploads\/2020\/06\/Carl-Knoll-Zierteller-5-127x150.jpg 127w, http:\/\/museumek.eu\/wp-content\/uploads\/2020\/06\/Carl-Knoll-Zierteller-5.jpg 480w\" sizes=\"(max-width: 254px) 100vw, 254px\" \/><\/a><\/p>\n<p><a href=\"http:\/\/museumek.eu\/?attachment_id=47515\" rel=\"attachment wp-att-47515\"><img loading=\"lazy\" src=\"http:\/\/museumek.eu\/wp-content\/uploads\/2020\/06\/Carl-Knoll-Zierteller-6-300x298.jpg\" alt=\"\" title=\"Carl Knoll Zierteller 6\" width=\"300\" height=\"298\" class=\"alignnone size-medium wp-image-47515\" srcset=\"http:\/\/museumek.eu\/wp-content\/uploads\/2020\/06\/Carl-Knoll-Zierteller-6-300x298.jpg 300w, http:\/\/museumek.eu\/wp-content\/uploads\/2020\/06\/Carl-Knoll-Zierteller-6-150x150.jpg 150w, http:\/\/museumek.eu\/wp-content\/uploads\/2020\/06\/Carl-Knoll-Zierteller-6-301x300.jpg 301w, http:\/\/museumek.eu\/wp-content\/uploads\/2020\/06\/Carl-Knoll-Zierteller-6.jpg 483w\" sizes=\"(max-width: 300px) 100vw, 300px\" \/><\/a><\/p>\n<p><a href=\"http:\/\/museumek.eu\/?attachment_id=47516\" rel=\"attachment wp-att-47516\"><img loading=\"lazy\" src=\"http:\/\/museumek.eu\/wp-content\/uploads\/2020\/06\/Carl-Knoll-Zierteller-7-300x127.jpg\" alt=\"\" title=\"Carl Knoll Zierteller 7\" width=\"300\" height=\"127\" class=\"alignnone size-medium wp-image-47516\" srcset=\"http:\/\/museumek.eu\/wp-content\/uploads\/2020\/06\/Carl-Knoll-Zierteller-7-300x127.jpg 300w, http:\/\/museumek.eu\/wp-content\/uploads\/2020\/06\/Carl-Knoll-Zierteller-7-150x63.jpg 150w, http:\/\/museumek.eu\/wp-content\/uploads\/2020\/06\/Carl-Knoll-Zierteller-7-500x213.jpg 500w, http:\/\/museumek.eu\/wp-content\/uploads\/2020\/06\/Carl-Knoll-Zierteller-7.jpg 640w\" sizes=\"(max-width: 300px) 100vw, 300px\" \/><\/a><\/p>\n","protected":false},"excerpt":{"rendered":"<p>Abteilung Austria, Keramik 1860 \u2013 1960, Inventarnummer A\/LVI\/1 K.k. priv. Carlsbader Porzellan- und Keramische Specialit\u00e4ten-Fabrik Carl Knoll, Austria, Fischern (Ryb\u00e1\u0159e) bei Carlsbad (Karlovy Vary), um 1881 (Wei\u00dfware evtl. aus der eigenen Produktion Zeit 1850 &#8211; 1860), Zierteller, K\u00fcnstler unbekannt, Werks.-Nr. &hellip; <a href=\"http:\/\/museumek.eu\/?page_id=47526\">Weiterlesen <span class=\"meta-nav\">&rarr;<\/span><\/a><\/p>\n","protected":false},"author":1,"featured_media":0,"parent":47524,"menu_order":0,"comment_status":"closed","ping_status":"open","template":"","meta":[],"_links":{"self":[{"href":"http:\/\/museumek.eu\/index.php?rest_route=\/wp\/v2\/pages\/47526"}],"collection":[{"href":"http:\/\/museumek.eu\/index.php?rest_route=\/wp\/v2\/pages"}],"about":[{"href":"http:\/\/museumek.eu\/index.php?rest_route=\/wp\/v2\/types\/page"}],"author":[{"embeddable":true,"href":"http:\/\/museumek.eu\/index.php?rest_route=\/wp\/v2\/users\/1"}],"replies":[{"embeddable":true,"href":"http:\/\/museumek.eu\/index.php?rest_route=%2Fwp%2Fv2%2Fcomments&post=47526"}],"version-history":[{"count":8,"href":"http:\/\/museumek.eu\/index.php?rest_route=\/wp\/v2\/pages\/47526\/revisions"}],"predecessor-version":[{"id":58364,"href":"http:\/\/museumek.eu\/index.php?rest_route=\/wp\/v2\/pages\/47526\/revisions\/58364"}],"up":[{"embeddable":true,"href":"http:\/\/museumek.eu\/index.php?rest_route=\/wp\/v2\/pages\/47524"}],"wp:attachment":[{"href":"http:\/\/museumek.eu\/index.php?rest_route=%2Fwp%2Fv2%2Fmedia&parent=47526"}],"curies":[{"name":"wp","href":"https:\/\/api.w.org\/{rel}","templated":true}]}}