{"id":47575,"date":"2020-06-21T19:30:14","date_gmt":"2020-06-21T17:30:14","guid":{"rendered":"http:\/\/museumek.eu\/?page_id=47575"},"modified":"2021-01-13T10:28:30","modified_gmt":"2021-01-13T09:28:30","slug":"fotos-und-beschreibung","status":"publish","type":"page","link":"http:\/\/museumek.eu\/?page_id=47575","title":{"rendered":"Fotos und Beschreibung"},"content":{"rendered":"<p><strong>Abteilung Deutschland, Keramik 1860 \u2013 1960, Inventarnummer D\/CLVIII\/1<\/strong><\/p>\n<p>Sitzendorfer Porzellan-Manufaktur vorm. Alfred Voigt, Akt.-Ges.; vorm. Porzellan-Manufaktur Sitzendorf, vorm. Sitzendorfer Porzellan-Manufaktur Alfred Voigt, Akt.-Ges., vorm. Sitzendorfer Porzellanmanufaktur Gebr. Voigt, vorm. Sitzendorfer Porzellanmanufaktur Wilhelm Liebmann, Deutschland, Sitzendorf, um 1950, Krug, K\u00fcnstler unbekannt, Werks.-Nr. ohne, Exemplar Nr. ohne, gemarkt kleines Kreuz \u00fcber Krone darunter S (f\u00fcr Sitzendorf), quer durch das S waagerechter Pfeil \u00e4hnlicher Strich, dieser mit zwei kleinen Schr\u00e4gstrichen blauer Stempel unter Glasur sowie 6 blauer Stempel unter Glasur, nicht signiert, Literatur: Dieter Z\u00fchlsdorff, Markenlexikon Band 1, Porzellan und Keramik Report 1885 &#8211; 1935, Seite 254, Marke Werkteil-Nummer 1, Gruppen-Nummer 4 fortlaufende Nummer innerhalb der Gruppe 214 identische Marke (g\u00fcltig ab 1930) sowie Seite 614, kurze Beschreibung der Fabrik, weitere Literatur: Gustav Wei\u00df, Ullstein Porzellanbuch, Seite 305, Marke Nr. 5 identisch, weitere Literatur: Robert E. R\u00f6ntgen, Deutsche Porzellanmarken von 1710 bis heute, Seite 322, Marke Nr. 2528 identisch (dort g\u00fcltig ab 1918 bis zur Betriebsschlie\u00dfung, als Warenzeichen 1954 angemeldet, blau unter Glasur), weitere Literatur: Dr. J. G. Th. Graesse, F\u00fchrer f\u00fcr Sammler von Porzellan und Fayence, S. 516, Marke Nr. 3 identisch, Wilhelm Liebmann, bem\u00fcht sich jahrelang eine Konzession f\u00fcr die Betreibung einer Porzellanfabrik zu erhalten und produzierte nebenher in seiner &#8222;Lavafabrik&#8220;  in Lichte verbotenerweise bereits flei\u00dfig Porzellan, Wilhelm Liebmanns Ehefrau war die Tochter von Ferdinand Hutschenreuther aus Lichte, der sich f\u00fcr die Fabrik in Lichte in H\u00f6he des Erbteils seiner Tochter verb\u00fcrgt hatte, das erste Gesuch von Wilhelm Liebmann zur Erbauung einer Porzellanfabrik in Sitzendorf datiert auf den 20.06.1841, ein Gesuch vom 05.02.1844 und ein Gesuch von 1847 wurden ebenfalls abgelehnt, erst seine Eingabe an den Landtag im Jahre 1849 hatte Erfolg, bis zum 09.03.1849 war Wilhelm Liebmann noch in Lichte, im November 1849 kaufte er dann den Unbehaun&#8217;schen Gasthof in Sitzendorf und begann mit der Errichtung seiner Porzellanfabrik, am 18.11.1850 erhielt Wilhelm Liebmann die f\u00fcrstliche Konzession zur Anlegung einer Porzellanfabrik in Sitzendorf mit sechs Drehscheiben und damit begann die mehr als hundert Jahre w\u00e4hrende Tradition der Porzellanherstellung in Sitzendorf, Firmierung, Sitzendorfer Porzellanmanufaktur Wilhelm Liebmann, zun\u00e4chst wurden dort Pfeiffenk\u00f6pfe, Puppenk\u00f6pfe, Salbengef\u00e4\u00dfe und einfache Figuren gefertigt, erst etwas sp\u00e4ter kamen Haushaltsgeschirr, Teller und Tassen hinzu, 1858 brannten die Fabrikgeb\u00e4ude vollst\u00e4ndig ab, konnten jedoch umgehend wieder aufgebaut werden, sogar eine zweite Massem\u00fchle nahm den Betrieb auf, nach 1860 wurde das Sortiment um Figuren und Figurengruppen im Mei\u00dfner Genre erweitert, Prunkporzellan, wie Spiegel, Leuchter, Tafelaufs\u00e4tze, Vasen, Schalen, K\u00f6rbe und Dosen kamen hinzu, das Liebmannsche Unternehmen z\u00e4hlte im Jahre 1863 etwa 60 Mitarbeiter und konnte schon zu dieser Zeit wirtschaftliche Erfolge verbuchen, so dass der Ruf des Sitzendorfer Porzellans auch \u00fcber die Grenzen des F\u00fcrstentum und Th\u00fcringens hinaus in die Welt drang, ab etwa 1884 wurden in Sitzendorf die ersten Spitzenfiguren sowie Figuren und Figurengruppen religi\u00f6sen Inhalts gefertigt, seinen ersten k\u00fcnstlerischen Erfolg konnte das Sitzendorfer Porzellan mit einer Goldmedaille auf der Internationalen Kunstausstellung in Erfurt im Jahre 1884 verbuchen, 1885 \u00fcbernimmt die Fabrik die Porzellanfabrik Voigt &#038; H\u00f6land in Unterwei\u00dfbach, die als Zweigwerk gef\u00fchrt wird, im Jahre 1886 wurde die Fabrik von Alfred Voigt und seinem Bruder Carl Wilhelm Voigt \u00fcbernommen, Firmierung Sitzendorfer Porzellanmanufaktur Gebr. Voigt, 1896 Umwandlung in eine Aktiengesellschaft, Firmierung Sitzendorfer Porzellan-Manufaktur Alfred Voigt, Akt.-Ges., der I. Weltkrieg und folgende Wirtschaftskrisen f\u00fchrten dazu, dass man sich mittels billiger Massenartikel \u00fcber Wasser halten musste, f\u00fcr den 10.04.1922 ist eine \u00c4nderung der Firmierung bekannt, neue Firmierung Porzellan-Manufaktur Sitzendorf, weitere \u00c4nderung der Firmierung am 15.07.1922 in Sitzendorfer Porzellan-Manufaktur vorm. Alfred Voigt, Akt.-Ges., welche Eigent\u00fcmer die Fabrik durch die \u00c4nderungen hatte und ob die Fabrik weiterhin AG war, ist nicht bekannt, bekannt ist, dass um 1932 Max Krause und Reinhold Rebhahn Eigent\u00fcmer der Fabrik waren, die Fabrik wurde nach WK II verstaatlicht, H\u00f6he 22,2 cm (nur die Keramik), Breite 15,5 cm<\/p>\n<p><a href=\"http:\/\/museumek.eu\/?attachment_id=47578\" rel=\"attachment wp-att-47578\"><img loading=\"lazy\" src=\"http:\/\/museumek.eu\/wp-content\/uploads\/2020\/06\/Sitzendorf-Krug-1-213x300.jpg\" alt=\"\" title=\"Sitzendorf Krug 1\" width=\"213\" height=\"300\" class=\"alignnone size-medium wp-image-47578\" srcset=\"http:\/\/museumek.eu\/wp-content\/uploads\/2020\/06\/Sitzendorf-Krug-1-213x300.jpg 213w, http:\/\/museumek.eu\/wp-content\/uploads\/2020\/06\/Sitzendorf-Krug-1-106x150.jpg 106w, http:\/\/museumek.eu\/wp-content\/uploads\/2020\/06\/Sitzendorf-Krug-1.jpg 456w\" sizes=\"(max-width: 213px) 100vw, 213px\" \/><\/a><\/p>\n<p><a href=\"http:\/\/museumek.eu\/?attachment_id=47579\" rel=\"attachment wp-att-47579\"><img loading=\"lazy\" src=\"http:\/\/museumek.eu\/wp-content\/uploads\/2020\/06\/Sitzendorf-Krug-2-187x300.jpg\" alt=\"\" title=\"Sitzendorf Krug 2\" width=\"187\" height=\"300\" class=\"alignnone size-medium wp-image-47579\" srcset=\"http:\/\/museumek.eu\/wp-content\/uploads\/2020\/06\/Sitzendorf-Krug-2-187x300.jpg 187w, http:\/\/museumek.eu\/wp-content\/uploads\/2020\/06\/Sitzendorf-Krug-2-93x150.jpg 93w, http:\/\/museumek.eu\/wp-content\/uploads\/2020\/06\/Sitzendorf-Krug-2.jpg 400w\" sizes=\"(max-width: 187px) 100vw, 187px\" \/><\/a><\/p>\n<p><a href=\"http:\/\/museumek.eu\/?attachment_id=47580\" rel=\"attachment wp-att-47580\"><img loading=\"lazy\" src=\"http:\/\/museumek.eu\/wp-content\/uploads\/2020\/06\/Sitzendorf-Krug-3-174x300.jpg\" alt=\"\" title=\"Sitzendorf Krug 3\" width=\"174\" height=\"300\" class=\"alignnone size-medium wp-image-47580\" srcset=\"http:\/\/museumek.eu\/wp-content\/uploads\/2020\/06\/Sitzendorf-Krug-3-174x300.jpg 174w, http:\/\/museumek.eu\/wp-content\/uploads\/2020\/06\/Sitzendorf-Krug-3-87x150.jpg 87w, http:\/\/museumek.eu\/wp-content\/uploads\/2020\/06\/Sitzendorf-Krug-3.jpg 373w\" sizes=\"(max-width: 174px) 100vw, 174px\" \/><\/a><\/p>\n<p><a href=\"http:\/\/museumek.eu\/?attachment_id=47581\" rel=\"attachment wp-att-47581\"><img loading=\"lazy\" src=\"http:\/\/museumek.eu\/wp-content\/uploads\/2020\/06\/Sitzendorf-Krug-4-143x300.jpg\" alt=\"\" title=\"Sitzendorf Krug 4\" width=\"143\" height=\"300\" class=\"alignnone size-medium wp-image-47581\" srcset=\"http:\/\/museumek.eu\/wp-content\/uploads\/2020\/06\/Sitzendorf-Krug-4-143x300.jpg 143w, http:\/\/museumek.eu\/wp-content\/uploads\/2020\/06\/Sitzendorf-Krug-4-71x150.jpg 71w\" sizes=\"(max-width: 143px) 100vw, 143px\" \/><\/a><\/p>\n<p><a href=\"http:\/\/museumek.eu\/?attachment_id=47582\" rel=\"attachment wp-att-47582\"><img loading=\"lazy\" src=\"http:\/\/museumek.eu\/wp-content\/uploads\/2020\/06\/Sitzendorf-Krug-5-114x300.jpg\" alt=\"\" title=\"Sitzendorf Krug 5\" width=\"114\" height=\"300\" class=\"alignnone size-medium wp-image-47582\" srcset=\"http:\/\/museumek.eu\/wp-content\/uploads\/2020\/06\/Sitzendorf-Krug-5-114x300.jpg 114w, http:\/\/museumek.eu\/wp-content\/uploads\/2020\/06\/Sitzendorf-Krug-5-57x150.jpg 57w\" sizes=\"(max-width: 114px) 100vw, 114px\" \/><\/a><\/p>\n<p><a href=\"http:\/\/museumek.eu\/?attachment_id=47583\" rel=\"attachment wp-att-47583\"><img loading=\"lazy\" src=\"http:\/\/museumek.eu\/wp-content\/uploads\/2020\/06\/Sitzendorf-Krug-6-217x300.jpg\" alt=\"\" title=\"Sitzendorf Krug 6\" width=\"217\" height=\"300\" class=\"alignnone size-medium wp-image-47583\" srcset=\"http:\/\/museumek.eu\/wp-content\/uploads\/2020\/06\/Sitzendorf-Krug-6-217x300.jpg 217w, http:\/\/museumek.eu\/wp-content\/uploads\/2020\/06\/Sitzendorf-Krug-6-108x150.jpg 108w, http:\/\/museumek.eu\/wp-content\/uploads\/2020\/06\/Sitzendorf-Krug-6.jpg 464w\" sizes=\"(max-width: 217px) 100vw, 217px\" \/><\/a><\/p>\n<p><a href=\"http:\/\/museumek.eu\/?attachment_id=47587\" rel=\"attachment wp-att-47587\"><img loading=\"lazy\" src=\"http:\/\/museumek.eu\/wp-content\/uploads\/2020\/06\/Sitzendorf-Krug-71-300x253.jpg\" alt=\"\" title=\"Sitzendorf Krug 7\" width=\"300\" height=\"253\" class=\"alignnone size-medium wp-image-47587\" srcset=\"http:\/\/museumek.eu\/wp-content\/uploads\/2020\/06\/Sitzendorf-Krug-71-300x253.jpg 300w, http:\/\/museumek.eu\/wp-content\/uploads\/2020\/06\/Sitzendorf-Krug-71-150x126.jpg 150w, http:\/\/museumek.eu\/wp-content\/uploads\/2020\/06\/Sitzendorf-Krug-71-355x300.jpg 355w, http:\/\/museumek.eu\/wp-content\/uploads\/2020\/06\/Sitzendorf-Krug-71.jpg 568w\" sizes=\"(max-width: 300px) 100vw, 300px\" \/><\/a><\/p>\n<p><a href=\"http:\/\/museumek.eu\/?attachment_id=47588\" rel=\"attachment wp-att-47588\"><img loading=\"lazy\" src=\"http:\/\/museumek.eu\/wp-content\/uploads\/2020\/06\/Sitzendorf-Krug-8-300x203.jpg\" alt=\"\" title=\"Sitzendorf Krug 8\" width=\"300\" height=\"203\" class=\"alignnone size-medium wp-image-47588\" srcset=\"http:\/\/museumek.eu\/wp-content\/uploads\/2020\/06\/Sitzendorf-Krug-8-300x203.jpg 300w, http:\/\/museumek.eu\/wp-content\/uploads\/2020\/06\/Sitzendorf-Krug-8-150x101.jpg 150w, http:\/\/museumek.eu\/wp-content\/uploads\/2020\/06\/Sitzendorf-Krug-8-442x300.jpg 442w, http:\/\/museumek.eu\/wp-content\/uploads\/2020\/06\/Sitzendorf-Krug-8.jpg 640w\" sizes=\"(max-width: 300px) 100vw, 300px\" \/><\/a><\/p>\n","protected":false},"excerpt":{"rendered":"<p>Abteilung Deutschland, Keramik 1860 \u2013 1960, Inventarnummer D\/CLVIII\/1 Sitzendorfer Porzellan-Manufaktur vorm. Alfred Voigt, Akt.-Ges.; vorm. Porzellan-Manufaktur Sitzendorf, vorm. Sitzendorfer Porzellan-Manufaktur Alfred Voigt, Akt.-Ges., vorm. Sitzendorfer Porzellanmanufaktur Gebr. Voigt, vorm. Sitzendorfer Porzellanmanufaktur Wilhelm Liebmann, Deutschland, Sitzendorf, um 1950, Krug, K\u00fcnstler unbekannt, &hellip; <a href=\"http:\/\/museumek.eu\/?page_id=47575\">Weiterlesen <span class=\"meta-nav\">&rarr;<\/span><\/a><\/p>\n","protected":false},"author":1,"featured_media":0,"parent":47533,"menu_order":0,"comment_status":"closed","ping_status":"open","template":"","meta":[],"_links":{"self":[{"href":"http:\/\/museumek.eu\/index.php?rest_route=\/wp\/v2\/pages\/47575"}],"collection":[{"href":"http:\/\/museumek.eu\/index.php?rest_route=\/wp\/v2\/pages"}],"about":[{"href":"http:\/\/museumek.eu\/index.php?rest_route=\/wp\/v2\/types\/page"}],"author":[{"embeddable":true,"href":"http:\/\/museumek.eu\/index.php?rest_route=\/wp\/v2\/users\/1"}],"replies":[{"embeddable":true,"href":"http:\/\/museumek.eu\/index.php?rest_route=%2Fwp%2Fv2%2Fcomments&post=47575"}],"version-history":[{"count":20,"href":"http:\/\/museumek.eu\/index.php?rest_route=\/wp\/v2\/pages\/47575\/revisions"}],"predecessor-version":[{"id":52032,"href":"http:\/\/museumek.eu\/index.php?rest_route=\/wp\/v2\/pages\/47575\/revisions\/52032"}],"up":[{"embeddable":true,"href":"http:\/\/museumek.eu\/index.php?rest_route=\/wp\/v2\/pages\/47533"}],"wp:attachment":[{"href":"http:\/\/museumek.eu\/index.php?rest_route=%2Fwp%2Fv2%2Fmedia&parent=47575"}],"curies":[{"name":"wp","href":"https:\/\/api.w.org\/{rel}","templated":true}]}}