{"id":47638,"date":"2020-06-26T20:57:20","date_gmt":"2020-06-26T18:57:20","guid":{"rendered":"http:\/\/museumek.eu\/?page_id=47638"},"modified":"2021-01-14T18:08:00","modified_gmt":"2021-01-14T17:08:00","slug":"dxv3","status":"publish","type":"page","link":"http:\/\/museumek.eu\/?page_id=47638","title":{"rendered":"D\/XV\/3"},"content":{"rendered":"<p><strong>Abteilung Deutschland, Keramik 1860 \u2013 1960, Inventarnummer D\/XV\/3<\/strong><\/p>\n<p>Porzellanfabrik Karl Ens, Deutschland, Volkstedt, um 1935, Krug, K\u00fcnstler unbekannt, Werks.-Nr. ohne, Exemplar Nr. ohne, gemarkt blauer M\u00fchlenstempel sowie 2 gepresst, nicht signiert, Literatur: Emanuel Poche, Porzellanmarken aus aller Welt, Marke Nr. 1295 identisch, weitere Literatur: J. G. Th. Graesse und E. Jaennicke, F\u00fchrer f\u00fcr Sammler von Porzellan und Fayence, Steinzeug, Steingut usw., Seite 521, Marke Nr. 3 identisch, weitere Literatur: Robert E. R\u00f6ntgen, Deutsche Porzellanmarken von 1710 bis heute, Seite 357, Marke 2835 (g\u00fcltig ab 1919) identisch, weitere Literatur: Gustav Wei\u00df, Ullstein Porzellanbuch, Seite 313, Marke Nr. 4 identisch, weitere Literatur: Dieter Z\u00fchlsdorff, Markenlexikon, Porzellan und Keramik Report 1885 &#8211; 1935, Werkteil Nummer 1., Gruppennummer 18., fortlaufende Nummer der Gruppe 82, Marke identisch (Zeit ab 1919) sowie Werkteil Nr. 3, Nr. 1330, etwas fehlerhafte Beschreibung der Fabrik, 1899 gr\u00fcndete Karl Ens, Sohn von Friedrich Karl Ens (Mitinhaber der Porzellanmalerei Ens &#038; Greiner in Lauscha und seit 1860 Mitinhaber der \u00c4lteste Volkstedter Porzellanfabrik), in Volkstedt eine Porzellanfabrik, Firmierung Porzellanfabrik Karl Ens, Ens war vorher Mitinhaber der Porzellanfabrik Triebner, Ens &#038; Eckert in Rudolstadt, seine S\u00f6hne Paul, Eduard und Hermann arbeiteten in der Fabrik mit, anscheinend und nicht gesichert ist, dass die Porzellan Malerei Ens &#038; Greiner in Lauscha zur Gr\u00fcndung 1899 eingegliedert wurde, besonders zu vermerken ist, dass ab 1931 der Porzellanmaler Franz Rauch Mitarbeiter wurde, dieser pr\u00e4gte ab da das k\u00fcnstlerische Niveau, Rauch modellierte vor allem Vogelfiguren und Vogelgruppen, nach WK II wurde die Fabrik verstaatlicht, H\u00f6he 18,2 cm, Breite 13,5 cm<\/p>\n<p><a href=\"http:\/\/museumek.eu\/?attachment_id=47617\" rel=\"attachment wp-att-47617\"><img loading=\"lazy\" src=\"http:\/\/museumek.eu\/wp-content\/uploads\/2011\/09\/Ens-Krug-1-195x300.jpg\" alt=\"\" title=\"Ens Krug 1\" width=\"195\" height=\"300\" class=\"alignnone size-medium wp-image-47617\" srcset=\"http:\/\/museumek.eu\/wp-content\/uploads\/2011\/09\/Ens-Krug-1-195x300.jpg 195w, http:\/\/museumek.eu\/wp-content\/uploads\/2011\/09\/Ens-Krug-1-97x150.jpg 97w, http:\/\/museumek.eu\/wp-content\/uploads\/2011\/09\/Ens-Krug-1.jpg 418w\" sizes=\"(max-width: 195px) 100vw, 195px\" \/><\/a><\/p>\n<p><a href=\"http:\/\/museumek.eu\/?attachment_id=47618\" rel=\"attachment wp-att-47618\"><img loading=\"lazy\" src=\"http:\/\/museumek.eu\/wp-content\/uploads\/2011\/09\/Ens-Krug-2-207x300.jpg\" alt=\"\" title=\"Ens Krug 2\" width=\"207\" height=\"300\" class=\"alignnone size-medium wp-image-47618\" srcset=\"http:\/\/museumek.eu\/wp-content\/uploads\/2011\/09\/Ens-Krug-2-207x300.jpg 207w, http:\/\/museumek.eu\/wp-content\/uploads\/2011\/09\/Ens-Krug-2-103x150.jpg 103w, http:\/\/museumek.eu\/wp-content\/uploads\/2011\/09\/Ens-Krug-2.jpg 442w\" sizes=\"(max-width: 207px) 100vw, 207px\" \/><\/a><\/p>\n<p><a href=\"http:\/\/museumek.eu\/?attachment_id=47619\" rel=\"attachment wp-att-47619\"><img loading=\"lazy\" src=\"http:\/\/museumek.eu\/wp-content\/uploads\/2011\/09\/Ens-Krug-3-219x300.jpg\" alt=\"\" title=\"Ens Krug 3\" width=\"219\" height=\"300\" class=\"alignnone size-medium wp-image-47619\" srcset=\"http:\/\/museumek.eu\/wp-content\/uploads\/2011\/09\/Ens-Krug-3-219x300.jpg 219w, http:\/\/museumek.eu\/wp-content\/uploads\/2011\/09\/Ens-Krug-3-109x150.jpg 109w, http:\/\/museumek.eu\/wp-content\/uploads\/2011\/09\/Ens-Krug-3.jpg 468w\" sizes=\"(max-width: 219px) 100vw, 219px\" \/><\/a><\/p>\n<p><a href=\"http:\/\/museumek.eu\/?attachment_id=47620\" rel=\"attachment wp-att-47620\"><img loading=\"lazy\" src=\"http:\/\/museumek.eu\/wp-content\/uploads\/2011\/09\/Ens-Krug-4-167x300.jpg\" alt=\"\" title=\"Ens Krug 4\" width=\"167\" height=\"300\" class=\"alignnone size-medium wp-image-47620\" srcset=\"http:\/\/museumek.eu\/wp-content\/uploads\/2011\/09\/Ens-Krug-4-167x300.jpg 167w, http:\/\/museumek.eu\/wp-content\/uploads\/2011\/09\/Ens-Krug-4-83x150.jpg 83w, http:\/\/museumek.eu\/wp-content\/uploads\/2011\/09\/Ens-Krug-4.jpg 357w\" sizes=\"(max-width: 167px) 100vw, 167px\" \/><\/a><\/p>\n<p><a href=\"http:\/\/museumek.eu\/?attachment_id=47621\" rel=\"attachment wp-att-47621\"><img loading=\"lazy\" src=\"http:\/\/museumek.eu\/wp-content\/uploads\/2011\/09\/Ens-Krug-5-187x300.jpg\" alt=\"\" title=\"Ens Krug 5\" width=\"187\" height=\"300\" class=\"alignnone size-medium wp-image-47621\" srcset=\"http:\/\/museumek.eu\/wp-content\/uploads\/2011\/09\/Ens-Krug-5-187x300.jpg 187w, http:\/\/museumek.eu\/wp-content\/uploads\/2011\/09\/Ens-Krug-5-93x150.jpg 93w, http:\/\/museumek.eu\/wp-content\/uploads\/2011\/09\/Ens-Krug-5.jpg 379w\" sizes=\"(max-width: 187px) 100vw, 187px\" \/><\/a><\/p>\n<p><a href=\"http:\/\/museumek.eu\/?attachment_id=47622\" rel=\"attachment wp-att-47622\"><img loading=\"lazy\" src=\"http:\/\/museumek.eu\/wp-content\/uploads\/2011\/09\/Ens-Krug-6-232x300.jpg\" alt=\"\" title=\"Ens Krug 6\" width=\"232\" height=\"300\" class=\"alignnone size-medium wp-image-47622\" srcset=\"http:\/\/museumek.eu\/wp-content\/uploads\/2011\/09\/Ens-Krug-6-232x300.jpg 232w, http:\/\/museumek.eu\/wp-content\/uploads\/2011\/09\/Ens-Krug-6-116x150.jpg 116w, http:\/\/museumek.eu\/wp-content\/uploads\/2011\/09\/Ens-Krug-6.jpg 480w\" sizes=\"(max-width: 232px) 100vw, 232px\" \/><\/a><\/p>\n<p><a href=\"http:\/\/museumek.eu\/?attachment_id=47623\" rel=\"attachment wp-att-47623\"><img loading=\"lazy\" src=\"http:\/\/museumek.eu\/wp-content\/uploads\/2011\/09\/Ens-Krug-7-300x289.jpg\" alt=\"\" title=\"Ens Krug 7\" width=\"300\" height=\"289\" class=\"alignnone size-medium wp-image-47623\" srcset=\"http:\/\/museumek.eu\/wp-content\/uploads\/2011\/09\/Ens-Krug-7-300x289.jpg 300w, http:\/\/museumek.eu\/wp-content\/uploads\/2011\/09\/Ens-Krug-7-150x144.jpg 150w, http:\/\/museumek.eu\/wp-content\/uploads\/2011\/09\/Ens-Krug-7-311x300.jpg 311w, http:\/\/museumek.eu\/wp-content\/uploads\/2011\/09\/Ens-Krug-7.jpg 498w\" sizes=\"(max-width: 300px) 100vw, 300px\" \/><\/a><\/p>\n<p><a href=\"http:\/\/museumek.eu\/?attachment_id=47624\" rel=\"attachment wp-att-47624\"><img loading=\"lazy\" src=\"http:\/\/museumek.eu\/wp-content\/uploads\/2011\/09\/Ens-Krug-8-180x300.jpg\" alt=\"\" title=\"Ens Krug 8\" width=\"180\" height=\"300\" class=\"alignnone size-medium wp-image-47624\" srcset=\"http:\/\/museumek.eu\/wp-content\/uploads\/2011\/09\/Ens-Krug-8-180x300.jpg 180w, http:\/\/museumek.eu\/wp-content\/uploads\/2011\/09\/Ens-Krug-8-90x150.jpg 90w\" sizes=\"(max-width: 180px) 100vw, 180px\" \/><\/a><\/p>\n<p><a href=\"http:\/\/museumek.eu\/?attachment_id=47625\" rel=\"attachment wp-att-47625\"><img loading=\"lazy\" src=\"http:\/\/museumek.eu\/wp-content\/uploads\/2011\/09\/Ens-Krug-9-300x300.jpg\" alt=\"\" title=\"Ens Krug 9\" width=\"300\" height=\"300\" class=\"alignnone size-medium wp-image-47625\" srcset=\"http:\/\/museumek.eu\/wp-content\/uploads\/2011\/09\/Ens-Krug-9-300x300.jpg 300w, http:\/\/museumek.eu\/wp-content\/uploads\/2011\/09\/Ens-Krug-9-150x150.jpg 150w, http:\/\/museumek.eu\/wp-content\/uploads\/2011\/09\/Ens-Krug-9.jpg 480w\" sizes=\"(max-width: 300px) 100vw, 300px\" \/><\/a><\/p>\n","protected":false},"excerpt":{"rendered":"<p>Abteilung Deutschland, Keramik 1860 \u2013 1960, Inventarnummer D\/XV\/3 Porzellanfabrik Karl Ens, Deutschland, Volkstedt, um 1935, Krug, K\u00fcnstler unbekannt, Werks.-Nr. ohne, Exemplar Nr. ohne, gemarkt blauer M\u00fchlenstempel sowie 2 gepresst, nicht signiert, Literatur: Emanuel Poche, Porzellanmarken aus aller Welt, Marke Nr. &hellip; <a href=\"http:\/\/museumek.eu\/?page_id=47638\">Weiterlesen <span class=\"meta-nav\">&rarr;<\/span><\/a><\/p>\n","protected":false},"author":1,"featured_media":0,"parent":2080,"menu_order":3,"comment_status":"closed","ping_status":"open","template":"","meta":[],"_links":{"self":[{"href":"http:\/\/museumek.eu\/index.php?rest_route=\/wp\/v2\/pages\/47638"}],"collection":[{"href":"http:\/\/museumek.eu\/index.php?rest_route=\/wp\/v2\/pages"}],"about":[{"href":"http:\/\/museumek.eu\/index.php?rest_route=\/wp\/v2\/types\/page"}],"author":[{"embeddable":true,"href":"http:\/\/museumek.eu\/index.php?rest_route=\/wp\/v2\/users\/1"}],"replies":[{"embeddable":true,"href":"http:\/\/museumek.eu\/index.php?rest_route=%2Fwp%2Fv2%2Fcomments&post=47638"}],"version-history":[{"count":6,"href":"http:\/\/museumek.eu\/index.php?rest_route=\/wp\/v2\/pages\/47638\/revisions"}],"predecessor-version":[{"id":52186,"href":"http:\/\/museumek.eu\/index.php?rest_route=\/wp\/v2\/pages\/47638\/revisions\/52186"}],"up":[{"embeddable":true,"href":"http:\/\/museumek.eu\/index.php?rest_route=\/wp\/v2\/pages\/2080"}],"wp:attachment":[{"href":"http:\/\/museumek.eu\/index.php?rest_route=%2Fwp%2Fv2%2Fmedia&parent=47638"}],"curies":[{"name":"wp","href":"https:\/\/api.w.org\/{rel}","templated":true}]}}