{"id":47661,"date":"2020-06-27T20:33:58","date_gmt":"2020-06-27T18:33:58","guid":{"rendered":"http:\/\/museumek.eu\/?page_id=47661"},"modified":"2020-06-27T20:36:51","modified_gmt":"2020-06-27T18:36:51","slug":"dxcviii4","status":"publish","type":"page","link":"http:\/\/museumek.eu\/?page_id=47661","title":{"rendered":"D\/XCVIII\/4"},"content":{"rendered":"<p><strong>Abteilung Deutschland, Keramik 1860 \u2013 1960, Inventarnummer D\/XCVIII\/4<\/strong><\/p>\n<p>Vereinigung Volkseigener Betriebe, vormals Annaburger Steingutfabrik AG, vormals Steingutfabrik Adolf Heckmann, Deutschland, Annaburg, ab 1948, Souciere, K\u00fcnstler unbekannt, Werks.-Nr. ohne, Exemplar Nr. ohne, gemarkt Firmenmarke VVB (f\u00fcr Vereinigung Volkseigener Betriebe), darunter Wappen, darunter halbkreisf\u00f6rmig MAGDEBURG dunkelgr\u00fcner Stempel unter Glasur sowie B.N.51\/311\/1100 dunkelgr\u00fcner Stempel unter Glasur, nicht signiert, die Fabrik wurde 1874 als Hafnerwerkstatt von einem Hafner namens B\u00f6ttcher in Annaburg gegr\u00fcndet, 1883 kaufte Adolf Heckmann die Werkstatt und erweiterte sie zu einer Steingutfabrik, als Heckmann 1895 starb verkauften seine 3 S\u00f6hne die Fabrik, am 01.07.1895 gr\u00fcndete sich die Annaburger Steingutfabrik AG mit den Hauptaktion\u00e4ren Carl Untucht &#038; Co. (Berlin) und den beiden Annaburgern Gustav M\u00fcller und Hans Untucht, es gab in Magdeburg noch ein Zweigwerk, welches als Annaburger Steingutfabrik AG, Abteilung Untucht firmierte, 1945 wurde die Fabrik verstaatlicht, H\u00f6he 9 cm, Breite 21 cm<\/p>\n<p><a href=\"http:\/\/museumek.eu\/?attachment_id=47650\" rel=\"attachment wp-att-47650\"><img loading=\"lazy\" src=\"http:\/\/museumek.eu\/wp-content\/uploads\/2013\/07\/Annaburg-Souciere-VVB-1-300x180.jpg\" alt=\"\" title=\"Annaburg Souciere VVB 1\" width=\"300\" height=\"180\" class=\"alignnone size-medium wp-image-47650\" srcset=\"http:\/\/museumek.eu\/wp-content\/uploads\/2013\/07\/Annaburg-Souciere-VVB-1-300x180.jpg 300w, http:\/\/museumek.eu\/wp-content\/uploads\/2013\/07\/Annaburg-Souciere-VVB-1-150x90.jpg 150w, http:\/\/museumek.eu\/wp-content\/uploads\/2013\/07\/Annaburg-Souciere-VVB-1-497x300.jpg 497w, http:\/\/museumek.eu\/wp-content\/uploads\/2013\/07\/Annaburg-Souciere-VVB-1.jpg 640w\" sizes=\"(max-width: 300px) 100vw, 300px\" \/><\/a><\/p>\n<p><a href=\"http:\/\/museumek.eu\/?attachment_id=47651\" rel=\"attachment wp-att-47651\"><img loading=\"lazy\" src=\"http:\/\/museumek.eu\/wp-content\/uploads\/2013\/07\/Annaburg-Souciere-VVB-2-268x300.jpg\" alt=\"\" title=\"Annaburg Souciere VVB 2\" width=\"268\" height=\"300\" class=\"alignnone size-medium wp-image-47651\" srcset=\"http:\/\/museumek.eu\/wp-content\/uploads\/2013\/07\/Annaburg-Souciere-VVB-2-268x300.jpg 268w, http:\/\/museumek.eu\/wp-content\/uploads\/2013\/07\/Annaburg-Souciere-VVB-2-134x150.jpg 134w, http:\/\/museumek.eu\/wp-content\/uploads\/2013\/07\/Annaburg-Souciere-VVB-2.jpg 480w\" sizes=\"(max-width: 268px) 100vw, 268px\" \/><\/a><\/p>\n<p><a href=\"http:\/\/museumek.eu\/?attachment_id=47652\" rel=\"attachment wp-att-47652\"><img loading=\"lazy\" src=\"http:\/\/museumek.eu\/wp-content\/uploads\/2013\/07\/Annaburg-Souciere-VVB-3-173x300.jpg\" alt=\"\" title=\"Annaburg Souciere VVB 3\" width=\"173\" height=\"300\" class=\"alignnone size-medium wp-image-47652\" srcset=\"http:\/\/museumek.eu\/wp-content\/uploads\/2013\/07\/Annaburg-Souciere-VVB-3-173x300.jpg 173w, http:\/\/museumek.eu\/wp-content\/uploads\/2013\/07\/Annaburg-Souciere-VVB-3-86x150.jpg 86w, http:\/\/museumek.eu\/wp-content\/uploads\/2013\/07\/Annaburg-Souciere-VVB-3.jpg 370w\" sizes=\"(max-width: 173px) 100vw, 173px\" \/><\/a><\/p>\n<p><a href=\"http:\/\/museumek.eu\/?attachment_id=47653\" rel=\"attachment wp-att-47653\"><img loading=\"lazy\" src=\"http:\/\/museumek.eu\/wp-content\/uploads\/2013\/07\/Annaburg-Souciere-VVB-4-300x215.jpg\" alt=\"\" title=\"Annaburg Souciere VVB 4\" width=\"300\" height=\"215\" class=\"alignnone size-medium wp-image-47653\" srcset=\"http:\/\/museumek.eu\/wp-content\/uploads\/2013\/07\/Annaburg-Souciere-VVB-4-300x215.jpg 300w, http:\/\/museumek.eu\/wp-content\/uploads\/2013\/07\/Annaburg-Souciere-VVB-4-150x107.jpg 150w, http:\/\/museumek.eu\/wp-content\/uploads\/2013\/07\/Annaburg-Souciere-VVB-4-417x300.jpg 417w, http:\/\/museumek.eu\/wp-content\/uploads\/2013\/07\/Annaburg-Souciere-VVB-4.jpg 640w\" sizes=\"(max-width: 300px) 100vw, 300px\" \/><\/a><\/p>\n<p><a href=\"http:\/\/museumek.eu\/?attachment_id=47654\" rel=\"attachment wp-att-47654\"><img loading=\"lazy\" src=\"http:\/\/museumek.eu\/wp-content\/uploads\/2013\/07\/Annaburg-Souciere-VVB-5-226x300.jpg\" alt=\"\" title=\"Annaburg Souciere VVB 5\" width=\"226\" height=\"300\" class=\"alignnone size-medium wp-image-47654\" srcset=\"http:\/\/museumek.eu\/wp-content\/uploads\/2013\/07\/Annaburg-Souciere-VVB-5-226x300.jpg 226w, http:\/\/museumek.eu\/wp-content\/uploads\/2013\/07\/Annaburg-Souciere-VVB-5-113x150.jpg 113w, http:\/\/museumek.eu\/wp-content\/uploads\/2013\/07\/Annaburg-Souciere-VVB-5.jpg 480w\" sizes=\"(max-width: 226px) 100vw, 226px\" \/><\/a><\/p>\n<p><a href=\"http:\/\/museumek.eu\/?attachment_id=47655\" rel=\"attachment wp-att-47655\"><img loading=\"lazy\" src=\"http:\/\/museumek.eu\/wp-content\/uploads\/2013\/07\/Annaburg-Souciere-VVB-6-232x300.jpg\" alt=\"\" title=\"Annaburg Souciere VVB 6\" width=\"232\" height=\"300\" class=\"alignnone size-medium wp-image-47655\" srcset=\"http:\/\/museumek.eu\/wp-content\/uploads\/2013\/07\/Annaburg-Souciere-VVB-6-232x300.jpg 232w, http:\/\/museumek.eu\/wp-content\/uploads\/2013\/07\/Annaburg-Souciere-VVB-6-116x150.jpg 116w, http:\/\/museumek.eu\/wp-content\/uploads\/2013\/07\/Annaburg-Souciere-VVB-6.jpg 480w\" sizes=\"(max-width: 232px) 100vw, 232px\" \/><\/a><\/p>\n","protected":false},"excerpt":{"rendered":"<p>Abteilung Deutschland, Keramik 1860 \u2013 1960, Inventarnummer D\/XCVIII\/4 Vereinigung Volkseigener Betriebe, vormals Annaburger Steingutfabrik AG, vormals Steingutfabrik Adolf Heckmann, Deutschland, Annaburg, ab 1948, Souciere, K\u00fcnstler unbekannt, Werks.-Nr. ohne, Exemplar Nr. ohne, gemarkt Firmenmarke VVB (f\u00fcr Vereinigung Volkseigener Betriebe), darunter Wappen, &hellip; <a href=\"http:\/\/museumek.eu\/?page_id=47661\">Weiterlesen <span class=\"meta-nav\">&rarr;<\/span><\/a><\/p>\n","protected":false},"author":1,"featured_media":0,"parent":24998,"menu_order":4,"comment_status":"closed","ping_status":"open","template":"","meta":[],"_links":{"self":[{"href":"http:\/\/museumek.eu\/index.php?rest_route=\/wp\/v2\/pages\/47661"}],"collection":[{"href":"http:\/\/museumek.eu\/index.php?rest_route=\/wp\/v2\/pages"}],"about":[{"href":"http:\/\/museumek.eu\/index.php?rest_route=\/wp\/v2\/types\/page"}],"author":[{"embeddable":true,"href":"http:\/\/museumek.eu\/index.php?rest_route=\/wp\/v2\/users\/1"}],"replies":[{"embeddable":true,"href":"http:\/\/museumek.eu\/index.php?rest_route=%2Fwp%2Fv2%2Fcomments&post=47661"}],"version-history":[{"count":4,"href":"http:\/\/museumek.eu\/index.php?rest_route=\/wp\/v2\/pages\/47661\/revisions"}],"predecessor-version":[{"id":47665,"href":"http:\/\/museumek.eu\/index.php?rest_route=\/wp\/v2\/pages\/47661\/revisions\/47665"}],"up":[{"embeddable":true,"href":"http:\/\/museumek.eu\/index.php?rest_route=\/wp\/v2\/pages\/24998"}],"wp:attachment":[{"href":"http:\/\/museumek.eu\/index.php?rest_route=%2Fwp%2Fv2%2Fmedia&parent=47661"}],"curies":[{"name":"wp","href":"https:\/\/api.w.org\/{rel}","templated":true}]}}