{"id":47795,"date":"2020-07-10T22:18:15","date_gmt":"2020-07-10T20:18:15","guid":{"rendered":"http:\/\/museumek.eu\/?page_id=47795"},"modified":"2020-07-10T22:18:12","modified_gmt":"2020-07-10T20:18:12","slug":"dlxxxii35","status":"publish","type":"page","link":"http:\/\/museumek.eu\/?page_id=47795","title":{"rendered":"D\/LXXXII\/35"},"content":{"rendered":"<p><strong>Abteilung Deutschland, Keramik 1860 \u2013 1960, Inventarnummer D\/LXXXII\/35<\/strong><\/p>\n<p>Westerw\u00e4lder Steinzeug ohne Fabrikzuordnung, Deutschland, Westerwald, um 1900, Kanne, K\u00fcnstler unbekannt, Werks.-Nr. 264, Exemplar Nr. ohne, gemarkt keine Fabrikmarke aber GERMANY und 264 gepresst sowie 2 L. \u00fcber Eichstrich gepresst, nicht signiert, H\u00f6he 30 cm, Breite 16 cm<\/p>\n<p><a href=\"http:\/\/museumek.eu\/?attachment_id=47768\" rel=\"attachment wp-att-47768\"><img loading=\"lazy\" src=\"http:\/\/museumek.eu\/wp-content\/uploads\/2013\/05\/Westerwald-Kanne-ohne-Zuordnung-1-168x300.jpg\" alt=\"\" title=\"Westerwald Kanne ohne Zuordnung 1\" width=\"168\" height=\"300\" class=\"alignnone size-medium wp-image-47768\" srcset=\"http:\/\/museumek.eu\/wp-content\/uploads\/2013\/05\/Westerwald-Kanne-ohne-Zuordnung-1-168x300.jpg 168w, http:\/\/museumek.eu\/wp-content\/uploads\/2013\/05\/Westerwald-Kanne-ohne-Zuordnung-1-84x150.jpg 84w, http:\/\/museumek.eu\/wp-content\/uploads\/2013\/05\/Westerwald-Kanne-ohne-Zuordnung-1.jpg 359w\" sizes=\"(max-width: 168px) 100vw, 168px\" \/><\/a><\/p>\n<p><a href=\"http:\/\/museumek.eu\/?attachment_id=47769\" rel=\"attachment wp-att-47769\"><img loading=\"lazy\" src=\"http:\/\/museumek.eu\/wp-content\/uploads\/2013\/05\/Westerwald-Kanne-ohne-Zuordnung-2-180x300.jpg\" alt=\"\" title=\"Westerwald Kanne ohne Zuordnung 2\" width=\"180\" height=\"300\" class=\"alignnone size-medium wp-image-47769\" srcset=\"http:\/\/museumek.eu\/wp-content\/uploads\/2013\/05\/Westerwald-Kanne-ohne-Zuordnung-2-180x300.jpg 180w, http:\/\/museumek.eu\/wp-content\/uploads\/2013\/05\/Westerwald-Kanne-ohne-Zuordnung-2-90x150.jpg 90w, http:\/\/museumek.eu\/wp-content\/uploads\/2013\/05\/Westerwald-Kanne-ohne-Zuordnung-2.jpg 385w\" sizes=\"(max-width: 180px) 100vw, 180px\" \/><\/a><\/p>\n<p><a href=\"http:\/\/museumek.eu\/?attachment_id=47771\" rel=\"attachment wp-att-47771\"><img loading=\"lazy\" src=\"http:\/\/museumek.eu\/wp-content\/uploads\/2013\/05\/Westerwald-Kanne-ohne-Zuordnung-31-172x300.jpg\" alt=\"\" title=\"Westerwald Kanne ohne Zuordnung 3\" width=\"172\" height=\"300\" class=\"alignnone size-medium wp-image-47771\" srcset=\"http:\/\/museumek.eu\/wp-content\/uploads\/2013\/05\/Westerwald-Kanne-ohne-Zuordnung-31-172x300.jpg 172w, http:\/\/museumek.eu\/wp-content\/uploads\/2013\/05\/Westerwald-Kanne-ohne-Zuordnung-31-86x150.jpg 86w, http:\/\/museumek.eu\/wp-content\/uploads\/2013\/05\/Westerwald-Kanne-ohne-Zuordnung-31.jpg 368w\" sizes=\"(max-width: 172px) 100vw, 172px\" \/><\/a><\/p>\n<p><a href=\"http:\/\/museumek.eu\/?attachment_id=47774\" rel=\"attachment wp-att-47774\"><img loading=\"lazy\" src=\"http:\/\/museumek.eu\/wp-content\/uploads\/2013\/05\/Westerwald-Kanne-ohne-Zuordnung-4-157x300.jpg\" alt=\"\" title=\"Westerwald Kanne ohne Zuordnung 4\" width=\"157\" height=\"300\" class=\"alignnone size-medium wp-image-47774\" srcset=\"http:\/\/museumek.eu\/wp-content\/uploads\/2013\/05\/Westerwald-Kanne-ohne-Zuordnung-4-157x300.jpg 157w, http:\/\/museumek.eu\/wp-content\/uploads\/2013\/05\/Westerwald-Kanne-ohne-Zuordnung-4-78x150.jpg 78w\" sizes=\"(max-width: 157px) 100vw, 157px\" \/><\/a><\/p>\n<p><a href=\"http:\/\/museumek.eu\/?attachment_id=47775\" rel=\"attachment wp-att-47775\"><img loading=\"lazy\" src=\"http:\/\/museumek.eu\/wp-content\/uploads\/2013\/05\/Westerwald-Kanne-ohne-Zuordnung-5-179x300.jpg\" alt=\"\" title=\"Westerwald Kanne ohne Zuordnung 5\" width=\"179\" height=\"300\" class=\"alignnone size-medium wp-image-47775\" srcset=\"http:\/\/museumek.eu\/wp-content\/uploads\/2013\/05\/Westerwald-Kanne-ohne-Zuordnung-5-179x300.jpg 179w, http:\/\/museumek.eu\/wp-content\/uploads\/2013\/05\/Westerwald-Kanne-ohne-Zuordnung-5-89x150.jpg 89w, http:\/\/museumek.eu\/wp-content\/uploads\/2013\/05\/Westerwald-Kanne-ohne-Zuordnung-5.jpg 383w\" sizes=\"(max-width: 179px) 100vw, 179px\" \/><\/a><\/p>\n<p><a href=\"http:\/\/museumek.eu\/?attachment_id=47776\" rel=\"attachment wp-att-47776\"><img loading=\"lazy\" src=\"http:\/\/museumek.eu\/wp-content\/uploads\/2013\/05\/Westerwald-Kanne-ohne-Zuordnung-6-175x300.jpg\" alt=\"\" title=\"Westerwald Kanne ohne Zuordnung 6\" width=\"175\" height=\"300\" class=\"alignnone size-medium wp-image-47776\" srcset=\"http:\/\/museumek.eu\/wp-content\/uploads\/2013\/05\/Westerwald-Kanne-ohne-Zuordnung-6-175x300.jpg 175w, http:\/\/museumek.eu\/wp-content\/uploads\/2013\/05\/Westerwald-Kanne-ohne-Zuordnung-6-87x150.jpg 87w, http:\/\/museumek.eu\/wp-content\/uploads\/2013\/05\/Westerwald-Kanne-ohne-Zuordnung-6.jpg 374w\" sizes=\"(max-width: 175px) 100vw, 175px\" \/><\/a><\/p>\n<p><a href=\"http:\/\/museumek.eu\/?attachment_id=47779\" rel=\"attachment wp-att-47779\"><img loading=\"lazy\" src=\"http:\/\/museumek.eu\/wp-content\/uploads\/2013\/05\/Westerwald-Kanne-ohne-Zuordnung-7-165x300.jpg\" alt=\"\" title=\"Westerwald Kanne ohne Zuordnung 7\" width=\"165\" height=\"300\" class=\"alignnone size-medium wp-image-47779\" srcset=\"http:\/\/museumek.eu\/wp-content\/uploads\/2013\/05\/Westerwald-Kanne-ohne-Zuordnung-7-165x300.jpg 165w, http:\/\/museumek.eu\/wp-content\/uploads\/2013\/05\/Westerwald-Kanne-ohne-Zuordnung-7-82x150.jpg 82w\" sizes=\"(max-width: 165px) 100vw, 165px\" \/><\/a><\/p>\n<p><a href=\"http:\/\/museumek.eu\/?attachment_id=47780\" rel=\"attachment wp-att-47780\"><img loading=\"lazy\" src=\"http:\/\/museumek.eu\/wp-content\/uploads\/2013\/05\/Westerwald-Kanne-ohne-Zuordnung-8-210x300.jpg\" alt=\"\" title=\"Westerwald Kanne ohne Zuordnung 8\" width=\"210\" height=\"300\" class=\"alignnone size-medium wp-image-47780\" srcset=\"http:\/\/museumek.eu\/wp-content\/uploads\/2013\/05\/Westerwald-Kanne-ohne-Zuordnung-8-210x300.jpg 210w, http:\/\/museumek.eu\/wp-content\/uploads\/2013\/05\/Westerwald-Kanne-ohne-Zuordnung-8-105x150.jpg 105w, http:\/\/museumek.eu\/wp-content\/uploads\/2013\/05\/Westerwald-Kanne-ohne-Zuordnung-8.jpg 448w\" sizes=\"(max-width: 210px) 100vw, 210px\" \/><\/a><\/p>\n<p><a href=\"http:\/\/museumek.eu\/?attachment_id=47781\" rel=\"attachment wp-att-47781\"><img loading=\"lazy\" src=\"http:\/\/museumek.eu\/wp-content\/uploads\/2013\/05\/Westerwald-Kanne-ohne-Zuordnung-9-204x300.jpg\" alt=\"\" title=\"Westerwald Kanne ohne Zuordnung 9\" width=\"204\" height=\"300\" class=\"alignnone size-medium wp-image-47781\" srcset=\"http:\/\/museumek.eu\/wp-content\/uploads\/2013\/05\/Westerwald-Kanne-ohne-Zuordnung-9-204x300.jpg 204w, http:\/\/museumek.eu\/wp-content\/uploads\/2013\/05\/Westerwald-Kanne-ohne-Zuordnung-9-102x150.jpg 102w, http:\/\/museumek.eu\/wp-content\/uploads\/2013\/05\/Westerwald-Kanne-ohne-Zuordnung-9.jpg 436w\" sizes=\"(max-width: 204px) 100vw, 204px\" \/><\/a><\/p>\n<p><a href=\"http:\/\/museumek.eu\/?attachment_id=47784\" rel=\"attachment wp-att-47784\"><img loading=\"lazy\" src=\"http:\/\/museumek.eu\/wp-content\/uploads\/2013\/05\/Westerwald-Kanne-ohne-Zuordnung-10-253x300.jpg\" alt=\"\" title=\"Westerwald Kanne ohne Zuordnung 10\" width=\"253\" height=\"300\" class=\"alignnone size-medium wp-image-47784\" srcset=\"http:\/\/museumek.eu\/wp-content\/uploads\/2013\/05\/Westerwald-Kanne-ohne-Zuordnung-10-253x300.jpg 253w, http:\/\/museumek.eu\/wp-content\/uploads\/2013\/05\/Westerwald-Kanne-ohne-Zuordnung-10-126x150.jpg 126w, http:\/\/museumek.eu\/wp-content\/uploads\/2013\/05\/Westerwald-Kanne-ohne-Zuordnung-10.jpg 480w\" sizes=\"(max-width: 253px) 100vw, 253px\" \/><\/a><\/p>\n<p><a href=\"http:\/\/museumek.eu\/?attachment_id=47785\" rel=\"attachment wp-att-47785\"><img loading=\"lazy\" src=\"http:\/\/museumek.eu\/wp-content\/uploads\/2013\/05\/Westerwald-Kanne-ohne-Zuordnung-11-300x261.jpg\" alt=\"\" title=\"Westerwald Kanne ohne Zuordnung 11\" width=\"300\" height=\"261\" class=\"alignnone size-medium wp-image-47785\" srcset=\"http:\/\/museumek.eu\/wp-content\/uploads\/2013\/05\/Westerwald-Kanne-ohne-Zuordnung-11-300x261.jpg 300w, http:\/\/museumek.eu\/wp-content\/uploads\/2013\/05\/Westerwald-Kanne-ohne-Zuordnung-11-150x130.jpg 150w, http:\/\/museumek.eu\/wp-content\/uploads\/2013\/05\/Westerwald-Kanne-ohne-Zuordnung-11-344x300.jpg 344w, http:\/\/museumek.eu\/wp-content\/uploads\/2013\/05\/Westerwald-Kanne-ohne-Zuordnung-11.jpg 551w\" sizes=\"(max-width: 300px) 100vw, 300px\" \/><\/a><\/p>\n<p><a href=\"http:\/\/museumek.eu\/?attachment_id=47786\" rel=\"attachment wp-att-47786\"><img loading=\"lazy\" src=\"http:\/\/museumek.eu\/wp-content\/uploads\/2013\/05\/Westerwald-Kanne-ohne-Zuordnung-12-293x300.jpg\" alt=\"\" title=\"Westerwald Kanne ohne Zuordnung 12\" width=\"293\" height=\"300\" class=\"alignnone size-medium wp-image-47786\" srcset=\"http:\/\/museumek.eu\/wp-content\/uploads\/2013\/05\/Westerwald-Kanne-ohne-Zuordnung-12-293x300.jpg 293w, http:\/\/museumek.eu\/wp-content\/uploads\/2013\/05\/Westerwald-Kanne-ohne-Zuordnung-12-146x150.jpg 146w, http:\/\/museumek.eu\/wp-content\/uploads\/2013\/05\/Westerwald-Kanne-ohne-Zuordnung-12.jpg 480w\" sizes=\"(max-width: 293px) 100vw, 293px\" \/><\/a><\/p>\n<p><a href=\"http:\/\/museumek.eu\/?attachment_id=47789\" rel=\"attachment wp-att-47789\"><img loading=\"lazy\" src=\"http:\/\/museumek.eu\/wp-content\/uploads\/2013\/05\/Westerwald-Kanne-ohne-Zuordnung-13-300x148.jpg\" alt=\"\" title=\"Westerwald Kanne ohne Zuordnung 13\" width=\"300\" height=\"148\" class=\"alignnone size-medium wp-image-47789\" srcset=\"http:\/\/museumek.eu\/wp-content\/uploads\/2013\/05\/Westerwald-Kanne-ohne-Zuordnung-13-300x148.jpg 300w, http:\/\/museumek.eu\/wp-content\/uploads\/2013\/05\/Westerwald-Kanne-ohne-Zuordnung-13-150x74.jpg 150w, http:\/\/museumek.eu\/wp-content\/uploads\/2013\/05\/Westerwald-Kanne-ohne-Zuordnung-13-500x247.jpg 500w, http:\/\/museumek.eu\/wp-content\/uploads\/2013\/05\/Westerwald-Kanne-ohne-Zuordnung-13.jpg 640w\" sizes=\"(max-width: 300px) 100vw, 300px\" \/><\/a><\/p>\n<p><a href=\"http:\/\/museumek.eu\/?attachment_id=47790\" rel=\"attachment wp-att-47790\"><img loading=\"lazy\" src=\"http:\/\/museumek.eu\/wp-content\/uploads\/2013\/05\/Westerwald-Kanne-ohne-Zuordnung-14-300x180.jpg\" alt=\"\" title=\"Westerwald Kanne ohne Zuordnung 14\" width=\"300\" height=\"180\" class=\"alignnone size-medium wp-image-47790\" srcset=\"http:\/\/museumek.eu\/wp-content\/uploads\/2013\/05\/Westerwald-Kanne-ohne-Zuordnung-14-300x180.jpg 300w, http:\/\/museumek.eu\/wp-content\/uploads\/2013\/05\/Westerwald-Kanne-ohne-Zuordnung-14-150x90.jpg 150w, http:\/\/museumek.eu\/wp-content\/uploads\/2013\/05\/Westerwald-Kanne-ohne-Zuordnung-14-500x300.jpg 500w, http:\/\/museumek.eu\/wp-content\/uploads\/2013\/05\/Westerwald-Kanne-ohne-Zuordnung-14.jpg 640w\" sizes=\"(max-width: 300px) 100vw, 300px\" \/><\/a><\/p>\n","protected":false},"excerpt":{"rendered":"<p>Abteilung Deutschland, Keramik 1860 \u2013 1960, Inventarnummer D\/LXXXII\/35 Westerw\u00e4lder Steinzeug ohne Fabrikzuordnung, Deutschland, Westerwald, um 1900, Kanne, K\u00fcnstler unbekannt, Werks.-Nr. 264, Exemplar Nr. ohne, gemarkt keine Fabrikmarke aber GERMANY und 264 gepresst sowie 2 L. \u00fcber Eichstrich gepresst, nicht signiert, &hellip; <a href=\"http:\/\/museumek.eu\/?page_id=47795\">Weiterlesen <span class=\"meta-nav\">&rarr;<\/span><\/a><\/p>\n","protected":false},"author":1,"featured_media":0,"parent":40323,"menu_order":35,"comment_status":"closed","ping_status":"open","template":"","meta":[],"_links":{"self":[{"href":"http:\/\/museumek.eu\/index.php?rest_route=\/wp\/v2\/pages\/47795"}],"collection":[{"href":"http:\/\/museumek.eu\/index.php?rest_route=\/wp\/v2\/pages"}],"about":[{"href":"http:\/\/museumek.eu\/index.php?rest_route=\/wp\/v2\/types\/page"}],"author":[{"embeddable":true,"href":"http:\/\/museumek.eu\/index.php?rest_route=\/wp\/v2\/users\/1"}],"replies":[{"embeddable":true,"href":"http:\/\/museumek.eu\/index.php?rest_route=%2Fwp%2Fv2%2Fcomments&post=47795"}],"version-history":[{"count":2,"href":"http:\/\/museumek.eu\/index.php?rest_route=\/wp\/v2\/pages\/47795\/revisions"}],"predecessor-version":[{"id":47797,"href":"http:\/\/museumek.eu\/index.php?rest_route=\/wp\/v2\/pages\/47795\/revisions\/47797"}],"up":[{"embeddable":true,"href":"http:\/\/museumek.eu\/index.php?rest_route=\/wp\/v2\/pages\/40323"}],"wp:attachment":[{"href":"http:\/\/museumek.eu\/index.php?rest_route=%2Fwp%2Fv2%2Fmedia&parent=47795"}],"curies":[{"name":"wp","href":"https:\/\/api.w.org\/{rel}","templated":true}]}}