{"id":47821,"date":"2020-07-11T18:17:58","date_gmt":"2020-07-11T16:17:58","guid":{"rendered":"http:\/\/museumek.eu\/?page_id=47821"},"modified":"2020-07-11T22:30:06","modified_gmt":"2020-07-11T20:30:06","slug":"dlxxxii36","status":"publish","type":"page","link":"http:\/\/museumek.eu\/?page_id=47821","title":{"rendered":"D\/LXXXII\/36"},"content":{"rendered":"<p><strong>Abteilung Deutschland, Keramik 1860 \u2013 1960, Inventarnummer D\/LXXXII\/36<\/strong><\/p>\n<p>Westerw\u00e4lder Steinzeug ohne Fabrikzuordnung, Deutschland, Westerwald, um 1900, Krug, K\u00fcnstler unbekannt, Werks.-Nr. ohne, Exemplar Nr. ohne, gemarkt keine Fabrikmarke aber GERMANY und 7 gepresst sowie 2 L. \u00fcber Eichstrich gepresst, nicht signiert, H\u00f6he 34 cm, Breite 18 cm<\/p>\n<p><a href=\"http:\/\/museumek.eu\/?attachment_id=47799\" rel=\"attachment wp-att-47799\"><img loading=\"lazy\" src=\"http:\/\/museumek.eu\/wp-content\/uploads\/2013\/05\/Westerwald-unbekannt-Krug-2-Liter-1-136x300.jpg\" alt=\"\" title=\"Westerwald unbekannt Krug 2 Liter 1\" width=\"136\" height=\"300\" class=\"alignnone size-medium wp-image-47799\" srcset=\"http:\/\/museumek.eu\/wp-content\/uploads\/2013\/05\/Westerwald-unbekannt-Krug-2-Liter-1-136x300.jpg 136w, http:\/\/museumek.eu\/wp-content\/uploads\/2013\/05\/Westerwald-unbekannt-Krug-2-Liter-1-68x150.jpg 68w\" sizes=\"(max-width: 136px) 100vw, 136px\" \/><\/a><\/p>\n<p><a href=\"http:\/\/museumek.eu\/?attachment_id=47800\" rel=\"attachment wp-att-47800\"><img loading=\"lazy\" src=\"http:\/\/museumek.eu\/wp-content\/uploads\/2013\/05\/Westerwald-unbekannt-Krug-2-Liter-2-157x300.jpg\" alt=\"\" title=\"Westerwald unbekannt Krug 2 Liter 2\" width=\"157\" height=\"300\" class=\"alignnone size-medium wp-image-47800\" srcset=\"http:\/\/museumek.eu\/wp-content\/uploads\/2013\/05\/Westerwald-unbekannt-Krug-2-Liter-2-157x300.jpg 157w, http:\/\/museumek.eu\/wp-content\/uploads\/2013\/05\/Westerwald-unbekannt-Krug-2-Liter-2-78x150.jpg 78w, http:\/\/museumek.eu\/wp-content\/uploads\/2013\/05\/Westerwald-unbekannt-Krug-2-Liter-2.jpg 335w\" sizes=\"(max-width: 157px) 100vw, 157px\" \/><\/a><\/p>\n<p><a href=\"http:\/\/museumek.eu\/?attachment_id=47801\" rel=\"attachment wp-att-47801\"><img loading=\"lazy\" src=\"http:\/\/museumek.eu\/wp-content\/uploads\/2013\/05\/Westerwald-unbekannt-Krug-2-Liter-3-144x300.jpg\" alt=\"\" title=\"Westerwald unbekannt Krug 2 Liter 3\" width=\"144\" height=\"300\" class=\"alignnone size-medium wp-image-47801\" srcset=\"http:\/\/museumek.eu\/wp-content\/uploads\/2013\/05\/Westerwald-unbekannt-Krug-2-Liter-3-144x300.jpg 144w, http:\/\/museumek.eu\/wp-content\/uploads\/2013\/05\/Westerwald-unbekannt-Krug-2-Liter-3-72x150.jpg 72w\" sizes=\"(max-width: 144px) 100vw, 144px\" \/><\/a><\/p>\n<p><a href=\"http:\/\/museumek.eu\/?attachment_id=47804\" rel=\"attachment wp-att-47804\"><img loading=\"lazy\" src=\"http:\/\/museumek.eu\/wp-content\/uploads\/2013\/05\/Westerwald-unbekannt-Krug-2-Liter-4-127x300.jpg\" alt=\"\" title=\"Westerwald unbekannt Krug 2 Liter 4\" width=\"127\" height=\"300\" class=\"alignnone size-medium wp-image-47804\" srcset=\"http:\/\/museumek.eu\/wp-content\/uploads\/2013\/05\/Westerwald-unbekannt-Krug-2-Liter-4-127x300.jpg 127w, http:\/\/museumek.eu\/wp-content\/uploads\/2013\/05\/Westerwald-unbekannt-Krug-2-Liter-4-63x150.jpg 63w, http:\/\/museumek.eu\/wp-content\/uploads\/2013\/05\/Westerwald-unbekannt-Krug-2-Liter-4.jpg 272w\" sizes=\"(max-width: 127px) 100vw, 127px\" \/><\/a><\/p>\n<p><a href=\"http:\/\/museumek.eu\/?attachment_id=47805\" rel=\"attachment wp-att-47805\"><img loading=\"lazy\" src=\"http:\/\/museumek.eu\/wp-content\/uploads\/2013\/05\/Westerwald-unbekannt-Krug-2-Liter-5-182x300.jpg\" alt=\"\" title=\"Westerwald unbekannt Krug 2 Liter 5\" width=\"182\" height=\"300\" class=\"alignnone size-medium wp-image-47805\" srcset=\"http:\/\/museumek.eu\/wp-content\/uploads\/2013\/05\/Westerwald-unbekannt-Krug-2-Liter-5-182x300.jpg 182w, http:\/\/museumek.eu\/wp-content\/uploads\/2013\/05\/Westerwald-unbekannt-Krug-2-Liter-5-91x150.jpg 91w, http:\/\/museumek.eu\/wp-content\/uploads\/2013\/05\/Westerwald-unbekannt-Krug-2-Liter-5.jpg 389w\" sizes=\"(max-width: 182px) 100vw, 182px\" \/><\/a><\/p>\n<p><a href=\"http:\/\/museumek.eu\/?attachment_id=47806\" rel=\"attachment wp-att-47806\"><img loading=\"lazy\" src=\"http:\/\/museumek.eu\/wp-content\/uploads\/2013\/05\/Westerwald-unbekannt-Krug-2-Liter-6-219x300.jpg\" alt=\"\" title=\"Westerwald unbekannt Krug 2 Liter 6\" width=\"219\" height=\"300\" class=\"alignnone size-medium wp-image-47806\" srcset=\"http:\/\/museumek.eu\/wp-content\/uploads\/2013\/05\/Westerwald-unbekannt-Krug-2-Liter-6-219x300.jpg 219w, http:\/\/museumek.eu\/wp-content\/uploads\/2013\/05\/Westerwald-unbekannt-Krug-2-Liter-6-109x150.jpg 109w, http:\/\/museumek.eu\/wp-content\/uploads\/2013\/05\/Westerwald-unbekannt-Krug-2-Liter-6.jpg 469w\" sizes=\"(max-width: 219px) 100vw, 219px\" \/><\/a><\/p>\n<p><a href=\"http:\/\/museumek.eu\/?attachment_id=47809\" rel=\"attachment wp-att-47809\"><img loading=\"lazy\" src=\"http:\/\/museumek.eu\/wp-content\/uploads\/2013\/05\/Westerwald-unbekannt-Krug-2-Liter-7-300x240.jpg\" alt=\"\" title=\"Westerwald unbekannt Krug 2 Liter 7\" width=\"300\" height=\"240\" class=\"alignnone size-medium wp-image-47809\" srcset=\"http:\/\/museumek.eu\/wp-content\/uploads\/2013\/05\/Westerwald-unbekannt-Krug-2-Liter-7-300x240.jpg 300w, http:\/\/museumek.eu\/wp-content\/uploads\/2013\/05\/Westerwald-unbekannt-Krug-2-Liter-7-150x120.jpg 150w, http:\/\/museumek.eu\/wp-content\/uploads\/2013\/05\/Westerwald-unbekannt-Krug-2-Liter-7-374x300.jpg 374w, http:\/\/museumek.eu\/wp-content\/uploads\/2013\/05\/Westerwald-unbekannt-Krug-2-Liter-7.jpg 599w\" sizes=\"(max-width: 300px) 100vw, 300px\" \/><\/a><\/p>\n<p><a href=\"http:\/\/museumek.eu\/?attachment_id=47810\" rel=\"attachment wp-att-47810\"><img loading=\"lazy\" src=\"http:\/\/museumek.eu\/wp-content\/uploads\/2013\/05\/Westerwald-unbekannt-Krug-2-Liter-8-300x285.jpg\" alt=\"\" title=\"Westerwald unbekannt Krug 2 Liter 8\" width=\"300\" height=\"285\" class=\"alignnone size-medium wp-image-47810\" srcset=\"http:\/\/museumek.eu\/wp-content\/uploads\/2013\/05\/Westerwald-unbekannt-Krug-2-Liter-8-300x285.jpg 300w, http:\/\/museumek.eu\/wp-content\/uploads\/2013\/05\/Westerwald-unbekannt-Krug-2-Liter-8-150x142.jpg 150w, http:\/\/museumek.eu\/wp-content\/uploads\/2013\/05\/Westerwald-unbekannt-Krug-2-Liter-8-315x300.jpg 315w, http:\/\/museumek.eu\/wp-content\/uploads\/2013\/05\/Westerwald-unbekannt-Krug-2-Liter-8.jpg 504w\" sizes=\"(max-width: 300px) 100vw, 300px\" \/><\/a><\/p>\n<p><a href=\"http:\/\/museumek.eu\/?attachment_id=47813\" rel=\"attachment wp-att-47813\"><img loading=\"lazy\" src=\"http:\/\/museumek.eu\/wp-content\/uploads\/2013\/05\/Westerwald-unbekannt-Krug-2-Liter-9-300x153.jpg\" alt=\"\" title=\"Westerwald unbekannt Krug 2 Liter 9\" width=\"300\" height=\"153\" class=\"alignnone size-medium wp-image-47813\" srcset=\"http:\/\/museumek.eu\/wp-content\/uploads\/2013\/05\/Westerwald-unbekannt-Krug-2-Liter-9-300x153.jpg 300w, http:\/\/museumek.eu\/wp-content\/uploads\/2013\/05\/Westerwald-unbekannt-Krug-2-Liter-9-150x76.jpg 150w, http:\/\/museumek.eu\/wp-content\/uploads\/2013\/05\/Westerwald-unbekannt-Krug-2-Liter-9-500x255.jpg 500w, http:\/\/museumek.eu\/wp-content\/uploads\/2013\/05\/Westerwald-unbekannt-Krug-2-Liter-9.jpg 640w\" sizes=\"(max-width: 300px) 100vw, 300px\" \/><\/a><\/p>\n<p><a href=\"http:\/\/museumek.eu\/?attachment_id=47814\" rel=\"attachment wp-att-47814\"><img loading=\"lazy\" src=\"http:\/\/museumek.eu\/wp-content\/uploads\/2013\/05\/Westerwald-unbekannt-Krug-2-Liter-10-300x264.jpg\" alt=\"\" title=\"Westerwald unbekannt Krug 2 Liter 10\" width=\"300\" height=\"264\" class=\"alignnone size-medium wp-image-47814\" srcset=\"http:\/\/museumek.eu\/wp-content\/uploads\/2013\/05\/Westerwald-unbekannt-Krug-2-Liter-10-300x264.jpg 300w, http:\/\/museumek.eu\/wp-content\/uploads\/2013\/05\/Westerwald-unbekannt-Krug-2-Liter-10-150x132.jpg 150w, http:\/\/museumek.eu\/wp-content\/uploads\/2013\/05\/Westerwald-unbekannt-Krug-2-Liter-10-340x300.jpg 340w, http:\/\/museumek.eu\/wp-content\/uploads\/2013\/05\/Westerwald-unbekannt-Krug-2-Liter-10.jpg 544w\" sizes=\"(max-width: 300px) 100vw, 300px\" \/><\/a><\/p>\n","protected":false},"excerpt":{"rendered":"<p>Abteilung Deutschland, Keramik 1860 \u2013 1960, Inventarnummer D\/LXXXII\/36 Westerw\u00e4lder Steinzeug ohne Fabrikzuordnung, Deutschland, Westerwald, um 1900, Krug, K\u00fcnstler unbekannt, Werks.-Nr. ohne, Exemplar Nr. ohne, gemarkt keine Fabrikmarke aber GERMANY und 7 gepresst sowie 2 L. \u00fcber Eichstrich gepresst, nicht signiert, &hellip; <a href=\"http:\/\/museumek.eu\/?page_id=47821\">Weiterlesen <span class=\"meta-nav\">&rarr;<\/span><\/a><\/p>\n","protected":false},"author":1,"featured_media":0,"parent":40323,"menu_order":36,"comment_status":"closed","ping_status":"open","template":"","meta":[],"_links":{"self":[{"href":"http:\/\/museumek.eu\/index.php?rest_route=\/wp\/v2\/pages\/47821"}],"collection":[{"href":"http:\/\/museumek.eu\/index.php?rest_route=\/wp\/v2\/pages"}],"about":[{"href":"http:\/\/museumek.eu\/index.php?rest_route=\/wp\/v2\/types\/page"}],"author":[{"embeddable":true,"href":"http:\/\/museumek.eu\/index.php?rest_route=\/wp\/v2\/users\/1"}],"replies":[{"embeddable":true,"href":"http:\/\/museumek.eu\/index.php?rest_route=%2Fwp%2Fv2%2Fcomments&post=47821"}],"version-history":[{"count":4,"href":"http:\/\/museumek.eu\/index.php?rest_route=\/wp\/v2\/pages\/47821\/revisions"}],"predecessor-version":[{"id":47852,"href":"http:\/\/museumek.eu\/index.php?rest_route=\/wp\/v2\/pages\/47821\/revisions\/47852"}],"up":[{"embeddable":true,"href":"http:\/\/museumek.eu\/index.php?rest_route=\/wp\/v2\/pages\/40323"}],"wp:attachment":[{"href":"http:\/\/museumek.eu\/index.php?rest_route=%2Fwp%2Fv2%2Fmedia&parent=47821"}],"curies":[{"name":"wp","href":"https:\/\/api.w.org\/{rel}","templated":true}]}}