{"id":47913,"date":"2020-07-12T16:10:14","date_gmt":"2020-07-12T14:10:14","guid":{"rendered":"http:\/\/museumek.eu\/?page_id=47913"},"modified":"2020-07-12T16:10:14","modified_gmt":"2020-07-12T14:10:14","slug":"dlxxxii39","status":"publish","type":"page","link":"http:\/\/museumek.eu\/?page_id=47913","title":{"rendered":"D\/LXXXII\/39"},"content":{"rendered":"<p><strong>Abteilung Deutschland, Keramik 1860 \u2013 1960, Inventarnummer D\/LXXXII\/39<\/strong><\/p>\n<p>Westerw\u00e4lder Steinzeug ohne Fabrikzuordnung, Deutschland, Westerwald, 1913, Krug, K\u00fcnstler Franz Ringer, Werks.-Nr. ohne, Exemplar Nr. ohne, gemarkt keine Fabrikmarke aber 1 L. \u00fcber Eichstrich gepresst (k\u00fcnstlerisch gestalteter Stempel wohl von Franz Ringer), FR (f\u00fcr Franz Ringer) ligiert schwarz gemalt, signiert FR (f\u00fcr Franz Ringer), offizieller Festkrug des XII. Deutschen Turnfestes in Leipzig 1913, 4 Mal Buchstabe F f\u00fcr Frisch, Fromm, Fr\u00f6hlich, Frei, gleichfalls auf dem wohl von Ringer k\u00fcnstlerisch gestaltetem Zinndeckel, dort au\u00dferdem noch GUT HEIL, Email Malerei, H\u00f6he 19 cm, Breite 15,5 cm (nur die Keramik)<\/p>\n<p><a href=\"http:\/\/museumek.eu\/?attachment_id=47882\" rel=\"attachment wp-att-47882\"><img loading=\"lazy\" src=\"http:\/\/museumek.eu\/wp-content\/uploads\/2013\/05\/Westerwald-unbekannt-Franz-Ringer-Krug-1-177x300.jpg\" alt=\"\" title=\"Westerwald unbekannt Franz Ringer Krug 1\" width=\"177\" height=\"300\" class=\"alignnone size-medium wp-image-47882\" srcset=\"http:\/\/museumek.eu\/wp-content\/uploads\/2013\/05\/Westerwald-unbekannt-Franz-Ringer-Krug-1-177x300.jpg 177w, http:\/\/museumek.eu\/wp-content\/uploads\/2013\/05\/Westerwald-unbekannt-Franz-Ringer-Krug-1-88x150.jpg 88w, http:\/\/museumek.eu\/wp-content\/uploads\/2013\/05\/Westerwald-unbekannt-Franz-Ringer-Krug-1.jpg 379w\" sizes=\"(max-width: 177px) 100vw, 177px\" \/><\/a><\/p>\n<p><a href=\"http:\/\/museumek.eu\/?attachment_id=47883\" rel=\"attachment wp-att-47883\"><img loading=\"lazy\" src=\"http:\/\/museumek.eu\/wp-content\/uploads\/2013\/05\/Westerwald-unbekannt-Franz-Ringer-Krug-2-195x300.jpg\" alt=\"\" title=\"Westerwald unbekannt Franz Ringer Krug 2\" width=\"195\" height=\"300\" class=\"alignnone size-medium wp-image-47883\" srcset=\"http:\/\/museumek.eu\/wp-content\/uploads\/2013\/05\/Westerwald-unbekannt-Franz-Ringer-Krug-2-195x300.jpg 195w, http:\/\/museumek.eu\/wp-content\/uploads\/2013\/05\/Westerwald-unbekannt-Franz-Ringer-Krug-2-97x150.jpg 97w, http:\/\/museumek.eu\/wp-content\/uploads\/2013\/05\/Westerwald-unbekannt-Franz-Ringer-Krug-2.jpg 417w\" sizes=\"(max-width: 195px) 100vw, 195px\" \/><\/a><\/p>\n<p><a href=\"http:\/\/museumek.eu\/?attachment_id=47886\" rel=\"attachment wp-att-47886\"><img loading=\"lazy\" src=\"http:\/\/museumek.eu\/wp-content\/uploads\/2013\/05\/Westerwald-unbekannt-Franz-Ringer-Krug-3-188x300.jpg\" alt=\"\" title=\"Westerwald unbekannt Franz Ringer Krug 3\" width=\"188\" height=\"300\" class=\"alignnone size-medium wp-image-47886\" srcset=\"http:\/\/museumek.eu\/wp-content\/uploads\/2013\/05\/Westerwald-unbekannt-Franz-Ringer-Krug-3-188x300.jpg 188w, http:\/\/museumek.eu\/wp-content\/uploads\/2013\/05\/Westerwald-unbekannt-Franz-Ringer-Krug-3-94x150.jpg 94w, http:\/\/museumek.eu\/wp-content\/uploads\/2013\/05\/Westerwald-unbekannt-Franz-Ringer-Krug-3.jpg 403w\" sizes=\"(max-width: 188px) 100vw, 188px\" \/><\/a><\/p>\n<p><a href=\"http:\/\/museumek.eu\/?attachment_id=47887\" rel=\"attachment wp-att-47887\"><img loading=\"lazy\" src=\"http:\/\/museumek.eu\/wp-content\/uploads\/2013\/05\/Westerwald-unbekannt-Franz-Ringer-Krug-4-153x300.jpg\" alt=\"\" title=\"Westerwald unbekannt Franz Ringer Krug 4\" width=\"153\" height=\"300\" class=\"alignnone size-medium wp-image-47887\" srcset=\"http:\/\/museumek.eu\/wp-content\/uploads\/2013\/05\/Westerwald-unbekannt-Franz-Ringer-Krug-4-153x300.jpg 153w, http:\/\/museumek.eu\/wp-content\/uploads\/2013\/05\/Westerwald-unbekannt-Franz-Ringer-Krug-4-76x150.jpg 76w, http:\/\/museumek.eu\/wp-content\/uploads\/2013\/05\/Westerwald-unbekannt-Franz-Ringer-Krug-4.jpg 328w\" sizes=\"(max-width: 153px) 100vw, 153px\" \/><\/a><\/p>\n<p><a href=\"http:\/\/museumek.eu\/?attachment_id=47888\" rel=\"attachment wp-att-47888\"><img loading=\"lazy\" src=\"http:\/\/museumek.eu\/wp-content\/uploads\/2013\/05\/Westerwald-unbekannt-Franz-Ringer-Krug-5-173x300.jpg\" alt=\"\" title=\"Westerwald unbekannt Franz Ringer Krug 5\" width=\"173\" height=\"300\" class=\"alignnone size-medium wp-image-47888\" srcset=\"http:\/\/museumek.eu\/wp-content\/uploads\/2013\/05\/Westerwald-unbekannt-Franz-Ringer-Krug-5-173x300.jpg 173w, http:\/\/museumek.eu\/wp-content\/uploads\/2013\/05\/Westerwald-unbekannt-Franz-Ringer-Krug-5-86x150.jpg 86w, http:\/\/museumek.eu\/wp-content\/uploads\/2013\/05\/Westerwald-unbekannt-Franz-Ringer-Krug-5.jpg 370w\" sizes=\"(max-width: 173px) 100vw, 173px\" \/><\/a><\/p>\n<p><a href=\"http:\/\/museumek.eu\/?attachment_id=47891\" rel=\"attachment wp-att-47891\"><img loading=\"lazy\" src=\"http:\/\/museumek.eu\/wp-content\/uploads\/2013\/05\/Westerwald-unbekannt-Franz-Ringer-Krug-6-202x300.jpg\" alt=\"\" title=\"Westerwald unbekannt Franz Ringer Krug 6\" width=\"202\" height=\"300\" class=\"alignnone size-medium wp-image-47891\" srcset=\"http:\/\/museumek.eu\/wp-content\/uploads\/2013\/05\/Westerwald-unbekannt-Franz-Ringer-Krug-6-202x300.jpg 202w, http:\/\/museumek.eu\/wp-content\/uploads\/2013\/05\/Westerwald-unbekannt-Franz-Ringer-Krug-6-101x150.jpg 101w, http:\/\/museumek.eu\/wp-content\/uploads\/2013\/05\/Westerwald-unbekannt-Franz-Ringer-Krug-6.jpg 431w\" sizes=\"(max-width: 202px) 100vw, 202px\" \/><\/a><\/p>\n<p><a href=\"http:\/\/museumek.eu\/?attachment_id=47895\" rel=\"attachment wp-att-47895\"><img loading=\"lazy\" src=\"http:\/\/museumek.eu\/wp-content\/uploads\/2013\/05\/Westerwald-unbekannt-Franz-Ringer-Krug-71-300x206.jpg\" alt=\"\" title=\"Westerwald unbekannt Franz Ringer Krug 7\" width=\"300\" height=\"206\" class=\"alignnone size-medium wp-image-47895\" srcset=\"http:\/\/museumek.eu\/wp-content\/uploads\/2013\/05\/Westerwald-unbekannt-Franz-Ringer-Krug-71-300x206.jpg 300w, http:\/\/museumek.eu\/wp-content\/uploads\/2013\/05\/Westerwald-unbekannt-Franz-Ringer-Krug-71-150x103.jpg 150w, http:\/\/museumek.eu\/wp-content\/uploads\/2013\/05\/Westerwald-unbekannt-Franz-Ringer-Krug-71-435x300.jpg 435w, http:\/\/museumek.eu\/wp-content\/uploads\/2013\/05\/Westerwald-unbekannt-Franz-Ringer-Krug-71.jpg 640w\" sizes=\"(max-width: 300px) 100vw, 300px\" \/><\/a><\/p>\n<p><a href=\"http:\/\/museumek.eu\/?attachment_id=47896\" rel=\"attachment wp-att-47896\"><img loading=\"lazy\" src=\"http:\/\/museumek.eu\/wp-content\/uploads\/2013\/05\/Westerwald-unbekannt-Franz-Ringer-Krug-8-176x300.jpg\" alt=\"\" title=\"Westerwald unbekannt Franz Ringer Krug 8\" width=\"176\" height=\"300\" class=\"alignnone size-medium wp-image-47896\" srcset=\"http:\/\/museumek.eu\/wp-content\/uploads\/2013\/05\/Westerwald-unbekannt-Franz-Ringer-Krug-8-176x300.jpg 176w, http:\/\/museumek.eu\/wp-content\/uploads\/2013\/05\/Westerwald-unbekannt-Franz-Ringer-Krug-8-88x150.jpg 88w, http:\/\/museumek.eu\/wp-content\/uploads\/2013\/05\/Westerwald-unbekannt-Franz-Ringer-Krug-8.jpg 377w\" sizes=\"(max-width: 176px) 100vw, 176px\" \/><\/a><\/p>\n<p><a href=\"http:\/\/museumek.eu\/?attachment_id=47897\" rel=\"attachment wp-att-47897\"><img loading=\"lazy\" src=\"http:\/\/museumek.eu\/wp-content\/uploads\/2013\/05\/Westerwald-unbekannt-Franz-Ringer-Krug-9-133x300.jpg\" alt=\"\" title=\"Westerwald unbekannt Franz Ringer Krug 9\" width=\"133\" height=\"300\" class=\"alignnone size-medium wp-image-47897\" srcset=\"http:\/\/museumek.eu\/wp-content\/uploads\/2013\/05\/Westerwald-unbekannt-Franz-Ringer-Krug-9-133x300.jpg 133w, http:\/\/museumek.eu\/wp-content\/uploads\/2013\/05\/Westerwald-unbekannt-Franz-Ringer-Krug-9-66x150.jpg 66w, http:\/\/museumek.eu\/wp-content\/uploads\/2013\/05\/Westerwald-unbekannt-Franz-Ringer-Krug-9.jpg 285w\" sizes=\"(max-width: 133px) 100vw, 133px\" \/><\/a><\/p>\n<p><a href=\"http:\/\/museumek.eu\/?attachment_id=47900\" rel=\"attachment wp-att-47900\"><img loading=\"lazy\" src=\"http:\/\/museumek.eu\/wp-content\/uploads\/2013\/05\/Westerwald-unbekannt-Franz-Ringer-Krug-10-210x300.jpg\" alt=\"\" title=\"Westerwald unbekannt Franz Ringer Krug 10\" width=\"210\" height=\"300\" class=\"alignnone size-medium wp-image-47900\" srcset=\"http:\/\/museumek.eu\/wp-content\/uploads\/2013\/05\/Westerwald-unbekannt-Franz-Ringer-Krug-10-210x300.jpg 210w, http:\/\/museumek.eu\/wp-content\/uploads\/2013\/05\/Westerwald-unbekannt-Franz-Ringer-Krug-10-105x150.jpg 105w, http:\/\/museumek.eu\/wp-content\/uploads\/2013\/05\/Westerwald-unbekannt-Franz-Ringer-Krug-10.jpg 450w\" sizes=\"(max-width: 210px) 100vw, 210px\" \/><\/a><\/p>\n<p><a href=\"http:\/\/museumek.eu\/?attachment_id=47901\" rel=\"attachment wp-att-47901\"><img loading=\"lazy\" src=\"http:\/\/museumek.eu\/wp-content\/uploads\/2013\/05\/Westerwald-unbekannt-Franz-Ringer-Krug-11-265x300.jpg\" alt=\"\" title=\"Westerwald unbekannt Franz Ringer Krug 11\" width=\"265\" height=\"300\" class=\"alignnone size-medium wp-image-47901\" srcset=\"http:\/\/museumek.eu\/wp-content\/uploads\/2013\/05\/Westerwald-unbekannt-Franz-Ringer-Krug-11-265x300.jpg 265w, http:\/\/museumek.eu\/wp-content\/uploads\/2013\/05\/Westerwald-unbekannt-Franz-Ringer-Krug-11-132x150.jpg 132w, http:\/\/museumek.eu\/wp-content\/uploads\/2013\/05\/Westerwald-unbekannt-Franz-Ringer-Krug-11.jpg 336w\" sizes=\"(max-width: 265px) 100vw, 265px\" \/><\/a><\/p>\n<p><a href=\"http:\/\/museumek.eu\/?attachment_id=47904\" rel=\"attachment wp-att-47904\"><img loading=\"lazy\" src=\"http:\/\/museumek.eu\/wp-content\/uploads\/2013\/05\/Westerwald-unbekannt-Franz-Ringer-Krug-12-300x248.jpg\" alt=\"\" title=\"Westerwald unbekannt Franz Ringer Krug 12\" width=\"300\" height=\"248\" class=\"alignnone size-medium wp-image-47904\" srcset=\"http:\/\/museumek.eu\/wp-content\/uploads\/2013\/05\/Westerwald-unbekannt-Franz-Ringer-Krug-12-300x248.jpg 300w, http:\/\/museumek.eu\/wp-content\/uploads\/2013\/05\/Westerwald-unbekannt-Franz-Ringer-Krug-12-150x124.jpg 150w, http:\/\/museumek.eu\/wp-content\/uploads\/2013\/05\/Westerwald-unbekannt-Franz-Ringer-Krug-12-362x300.jpg 362w, http:\/\/museumek.eu\/wp-content\/uploads\/2013\/05\/Westerwald-unbekannt-Franz-Ringer-Krug-12.jpg 580w\" sizes=\"(max-width: 300px) 100vw, 300px\" \/><\/a><\/p>\n<p><a href=\"http:\/\/museumek.eu\/?attachment_id=47905\" rel=\"attachment wp-att-47905\"><img loading=\"lazy\" src=\"http:\/\/museumek.eu\/wp-content\/uploads\/2013\/05\/Westerwald-unbekannt-Franz-Ringer-Krug-13-300x300.jpg\" alt=\"\" title=\"Westerwald unbekannt Franz Ringer Krug 13\" width=\"300\" height=\"300\" class=\"alignnone size-medium wp-image-47905\" srcset=\"http:\/\/museumek.eu\/wp-content\/uploads\/2013\/05\/Westerwald-unbekannt-Franz-Ringer-Krug-13-300x300.jpg 300w, http:\/\/museumek.eu\/wp-content\/uploads\/2013\/05\/Westerwald-unbekannt-Franz-Ringer-Krug-13-150x150.jpg 150w, http:\/\/museumek.eu\/wp-content\/uploads\/2013\/05\/Westerwald-unbekannt-Franz-Ringer-Krug-13.jpg 480w\" sizes=\"(max-width: 300px) 100vw, 300px\" \/><\/a><\/p>\n<p><a href=\"http:\/\/museumek.eu\/?attachment_id=47906\" rel=\"attachment wp-att-47906\"><img loading=\"lazy\" src=\"http:\/\/museumek.eu\/wp-content\/uploads\/2013\/05\/Westerwald-unbekannt-Franz-Ringer-Krug-14-300x300.jpg\" alt=\"\" title=\"Westerwald unbekannt Franz Ringer Krug 14\" width=\"300\" height=\"300\" class=\"alignnone size-medium wp-image-47906\" srcset=\"http:\/\/museumek.eu\/wp-content\/uploads\/2013\/05\/Westerwald-unbekannt-Franz-Ringer-Krug-14-300x300.jpg 300w, http:\/\/museumek.eu\/wp-content\/uploads\/2013\/05\/Westerwald-unbekannt-Franz-Ringer-Krug-14-150x150.jpg 150w, http:\/\/museumek.eu\/wp-content\/uploads\/2013\/05\/Westerwald-unbekannt-Franz-Ringer-Krug-14-299x300.jpg 299w, http:\/\/museumek.eu\/wp-content\/uploads\/2013\/05\/Westerwald-unbekannt-Franz-Ringer-Krug-14.jpg 480w\" sizes=\"(max-width: 300px) 100vw, 300px\" \/><\/a><\/p>\n","protected":false},"excerpt":{"rendered":"<p>Abteilung Deutschland, Keramik 1860 \u2013 1960, Inventarnummer D\/LXXXII\/39 Westerw\u00e4lder Steinzeug ohne Fabrikzuordnung, Deutschland, Westerwald, 1913, Krug, K\u00fcnstler Franz Ringer, Werks.-Nr. ohne, Exemplar Nr. ohne, gemarkt keine Fabrikmarke aber 1 L. \u00fcber Eichstrich gepresst (k\u00fcnstlerisch gestalteter Stempel wohl von Franz Ringer), &hellip; <a href=\"http:\/\/museumek.eu\/?page_id=47913\">Weiterlesen <span class=\"meta-nav\">&rarr;<\/span><\/a><\/p>\n","protected":false},"author":1,"featured_media":0,"parent":40323,"menu_order":39,"comment_status":"closed","ping_status":"open","template":"","meta":[],"_links":{"self":[{"href":"http:\/\/museumek.eu\/index.php?rest_route=\/wp\/v2\/pages\/47913"}],"collection":[{"href":"http:\/\/museumek.eu\/index.php?rest_route=\/wp\/v2\/pages"}],"about":[{"href":"http:\/\/museumek.eu\/index.php?rest_route=\/wp\/v2\/types\/page"}],"author":[{"embeddable":true,"href":"http:\/\/museumek.eu\/index.php?rest_route=\/wp\/v2\/users\/1"}],"replies":[{"embeddable":true,"href":"http:\/\/museumek.eu\/index.php?rest_route=%2Fwp%2Fv2%2Fcomments&post=47913"}],"version-history":[{"count":2,"href":"http:\/\/museumek.eu\/index.php?rest_route=\/wp\/v2\/pages\/47913\/revisions"}],"predecessor-version":[{"id":47915,"href":"http:\/\/museumek.eu\/index.php?rest_route=\/wp\/v2\/pages\/47913\/revisions\/47915"}],"up":[{"embeddable":true,"href":"http:\/\/museumek.eu\/index.php?rest_route=\/wp\/v2\/pages\/40323"}],"wp:attachment":[{"href":"http:\/\/museumek.eu\/index.php?rest_route=%2Fwp%2Fv2%2Fmedia&parent=47913"}],"curies":[{"name":"wp","href":"https:\/\/api.w.org\/{rel}","templated":true}]}}