{"id":48025,"date":"2020-07-22T23:09:49","date_gmt":"2020-07-22T21:09:49","guid":{"rendered":"http:\/\/museumek.eu\/?page_id=48025"},"modified":"2020-07-22T23:09:49","modified_gmt":"2020-07-22T21:09:49","slug":"dlxxxii43","status":"publish","type":"page","link":"http:\/\/museumek.eu\/?page_id=48025","title":{"rendered":"D\/LXXXII\/43"},"content":{"rendered":"<p><strong>Abteilung Deutschland, Keramik 1860 \u2013 1960, Inventarnummer D\/LXXXII\/43<\/strong><\/p>\n<p>Westerw\u00e4lder Steinzeug ohne Fabrikzuordnung, Deutschland, Westerwald, um 1900, Krug, K\u00fcnstler unbekannt, Werks.-Nr. 967, Exemplar Nr. ohne, gemarkt keine Fabrikmarke aber 0,5 L. \u00fcber Eichstrich sowie 967 gepresst, nicht signiert, H\u00f6he 13 cm, Breite 13,4 cm <\/p>\n<p><a href=\"http:\/\/museumek.eu\/?attachment_id=48001\" rel=\"attachment wp-att-48001\"><img loading=\"lazy\" src=\"http:\/\/museumek.eu\/wp-content\/uploads\/2013\/05\/Westerwald-Krug-Mann-mit-Bierfass-1-222x300.jpg\" alt=\"\" title=\"Westerwald Krug Mann mit Bierfass 1\" width=\"222\" height=\"300\" class=\"alignnone size-medium wp-image-48001\" srcset=\"http:\/\/museumek.eu\/wp-content\/uploads\/2013\/05\/Westerwald-Krug-Mann-mit-Bierfass-1-222x300.jpg 222w, http:\/\/museumek.eu\/wp-content\/uploads\/2013\/05\/Westerwald-Krug-Mann-mit-Bierfass-1-111x150.jpg 111w, http:\/\/museumek.eu\/wp-content\/uploads\/2013\/05\/Westerwald-Krug-Mann-mit-Bierfass-1.jpg 475w\" sizes=\"(max-width: 222px) 100vw, 222px\" \/><\/a><\/p>\n<p><a href=\"http:\/\/museumek.eu\/?attachment_id=48002\" rel=\"attachment wp-att-48002\"><img loading=\"lazy\" src=\"http:\/\/museumek.eu\/wp-content\/uploads\/2013\/05\/Westerwald-Krug-Mann-mit-Bierfass-2-270x300.jpg\" alt=\"\" title=\"Westerwald Krug Mann mit Bierfass 2\" width=\"270\" height=\"300\" class=\"alignnone size-medium wp-image-48002\" srcset=\"http:\/\/museumek.eu\/wp-content\/uploads\/2013\/05\/Westerwald-Krug-Mann-mit-Bierfass-2-270x300.jpg 270w, http:\/\/museumek.eu\/wp-content\/uploads\/2013\/05\/Westerwald-Krug-Mann-mit-Bierfass-2-135x150.jpg 135w, http:\/\/museumek.eu\/wp-content\/uploads\/2013\/05\/Westerwald-Krug-Mann-mit-Bierfass-2.jpg 480w\" sizes=\"(max-width: 270px) 100vw, 270px\" \/><\/a><\/p>\n<p><a href=\"http:\/\/museumek.eu\/?attachment_id=48016\" rel=\"attachment wp-att-48016\"><img loading=\"lazy\" src=\"http:\/\/museumek.eu\/wp-content\/uploads\/2013\/05\/Westerwald-Krug-Mann-mit-Bierfass-31-282x300.jpg\" alt=\"\" title=\"Westerwald Krug Mann mit Bierfass 3\" width=\"282\" height=\"300\" class=\"alignnone size-medium wp-image-48016\" srcset=\"http:\/\/museumek.eu\/wp-content\/uploads\/2013\/05\/Westerwald-Krug-Mann-mit-Bierfass-31-282x300.jpg 282w, http:\/\/museumek.eu\/wp-content\/uploads\/2013\/05\/Westerwald-Krug-Mann-mit-Bierfass-31-141x150.jpg 141w, http:\/\/museumek.eu\/wp-content\/uploads\/2013\/05\/Westerwald-Krug-Mann-mit-Bierfass-31.jpg 480w\" sizes=\"(max-width: 282px) 100vw, 282px\" \/><\/a><\/p>\n<p><a href=\"http:\/\/museumek.eu\/?attachment_id=48017\" rel=\"attachment wp-att-48017\"><img loading=\"lazy\" src=\"http:\/\/museumek.eu\/wp-content\/uploads\/2013\/05\/Westerwald-Krug-Mann-mit-Bierfass-41-225x300.jpg\" alt=\"\" title=\"Westerwald Krug Mann mit Bierfass 4\" width=\"225\" height=\"300\" class=\"alignnone size-medium wp-image-48017\" srcset=\"http:\/\/museumek.eu\/wp-content\/uploads\/2013\/05\/Westerwald-Krug-Mann-mit-Bierfass-41-225x300.jpg 225w, http:\/\/museumek.eu\/wp-content\/uploads\/2013\/05\/Westerwald-Krug-Mann-mit-Bierfass-41-112x150.jpg 112w, http:\/\/museumek.eu\/wp-content\/uploads\/2013\/05\/Westerwald-Krug-Mann-mit-Bierfass-41.jpg 480w\" sizes=\"(max-width: 225px) 100vw, 225px\" \/><\/a><\/p>\n<p><a href=\"http:\/\/museumek.eu\/?attachment_id=48018\" rel=\"attachment wp-att-48018\"><img loading=\"lazy\" src=\"http:\/\/museumek.eu\/wp-content\/uploads\/2013\/05\/Westerwald-Krug-Mann-mit-Bierfass-51-247x300.jpg\" alt=\"\" title=\"Westerwald Krug Mann mit Bierfass 5\" width=\"247\" height=\"300\" class=\"alignnone size-medium wp-image-48018\" srcset=\"http:\/\/museumek.eu\/wp-content\/uploads\/2013\/05\/Westerwald-Krug-Mann-mit-Bierfass-51-247x300.jpg 247w, http:\/\/museumek.eu\/wp-content\/uploads\/2013\/05\/Westerwald-Krug-Mann-mit-Bierfass-51-123x150.jpg 123w, http:\/\/museumek.eu\/wp-content\/uploads\/2013\/05\/Westerwald-Krug-Mann-mit-Bierfass-51.jpg 480w\" sizes=\"(max-width: 247px) 100vw, 247px\" \/><\/a><\/p>\n<p><a href=\"http:\/\/museumek.eu\/?attachment_id=48021\" rel=\"attachment wp-att-48021\"><img loading=\"lazy\" src=\"http:\/\/museumek.eu\/wp-content\/uploads\/2013\/05\/Westerwald-Krug-Mann-mit-Bierfass-61-300x168.jpg\" alt=\"\" title=\"Westerwald Krug Mann mit Bierfass 6\" width=\"300\" height=\"168\" class=\"alignnone size-medium wp-image-48021\" srcset=\"http:\/\/museumek.eu\/wp-content\/uploads\/2013\/05\/Westerwald-Krug-Mann-mit-Bierfass-61-300x168.jpg 300w, http:\/\/museumek.eu\/wp-content\/uploads\/2013\/05\/Westerwald-Krug-Mann-mit-Bierfass-61-150x84.jpg 150w, http:\/\/museumek.eu\/wp-content\/uploads\/2013\/05\/Westerwald-Krug-Mann-mit-Bierfass-61-500x281.jpg 500w, http:\/\/museumek.eu\/wp-content\/uploads\/2013\/05\/Westerwald-Krug-Mann-mit-Bierfass-61.jpg 640w\" sizes=\"(max-width: 300px) 100vw, 300px\" \/><\/a><\/p>\n<p><a href=\"http:\/\/museumek.eu\/?attachment_id=48022\" rel=\"attachment wp-att-48022\"><img loading=\"lazy\" src=\"http:\/\/museumek.eu\/wp-content\/uploads\/2013\/05\/Westerwald-Krug-Mann-mit-Bierfass-71-300x169.jpg\" alt=\"\" title=\"Westerwald Krug Mann mit Bierfass 7\" width=\"300\" height=\"169\" class=\"alignnone size-medium wp-image-48022\" srcset=\"http:\/\/museumek.eu\/wp-content\/uploads\/2013\/05\/Westerwald-Krug-Mann-mit-Bierfass-71-300x169.jpg 300w, http:\/\/museumek.eu\/wp-content\/uploads\/2013\/05\/Westerwald-Krug-Mann-mit-Bierfass-71-150x84.jpg 150w, http:\/\/museumek.eu\/wp-content\/uploads\/2013\/05\/Westerwald-Krug-Mann-mit-Bierfass-71-500x282.jpg 500w, http:\/\/museumek.eu\/wp-content\/uploads\/2013\/05\/Westerwald-Krug-Mann-mit-Bierfass-71.jpg 640w\" sizes=\"(max-width: 300px) 100vw, 300px\" \/><\/a><\/p>\n","protected":false},"excerpt":{"rendered":"<p>Abteilung Deutschland, Keramik 1860 \u2013 1960, Inventarnummer D\/LXXXII\/43 Westerw\u00e4lder Steinzeug ohne Fabrikzuordnung, Deutschland, Westerwald, um 1900, Krug, K\u00fcnstler unbekannt, Werks.-Nr. 967, Exemplar Nr. ohne, gemarkt keine Fabrikmarke aber 0,5 L. \u00fcber Eichstrich sowie 967 gepresst, nicht signiert, H\u00f6he 13 cm, &hellip; <a href=\"http:\/\/museumek.eu\/?page_id=48025\">Weiterlesen <span class=\"meta-nav\">&rarr;<\/span><\/a><\/p>\n","protected":false},"author":1,"featured_media":0,"parent":47951,"menu_order":43,"comment_status":"closed","ping_status":"open","template":"","meta":[],"_links":{"self":[{"href":"http:\/\/museumek.eu\/index.php?rest_route=\/wp\/v2\/pages\/48025"}],"collection":[{"href":"http:\/\/museumek.eu\/index.php?rest_route=\/wp\/v2\/pages"}],"about":[{"href":"http:\/\/museumek.eu\/index.php?rest_route=\/wp\/v2\/types\/page"}],"author":[{"embeddable":true,"href":"http:\/\/museumek.eu\/index.php?rest_route=\/wp\/v2\/users\/1"}],"replies":[{"embeddable":true,"href":"http:\/\/museumek.eu\/index.php?rest_route=%2Fwp%2Fv2%2Fcomments&post=48025"}],"version-history":[{"count":2,"href":"http:\/\/museumek.eu\/index.php?rest_route=\/wp\/v2\/pages\/48025\/revisions"}],"predecessor-version":[{"id":48027,"href":"http:\/\/museumek.eu\/index.php?rest_route=\/wp\/v2\/pages\/48025\/revisions\/48027"}],"up":[{"embeddable":true,"href":"http:\/\/museumek.eu\/index.php?rest_route=\/wp\/v2\/pages\/47951"}],"wp:attachment":[{"href":"http:\/\/museumek.eu\/index.php?rest_route=%2Fwp%2Fv2%2Fmedia&parent=48025"}],"curies":[{"name":"wp","href":"https:\/\/api.w.org\/{rel}","templated":true}]}}